{"id":1504,"date":"2024-02-05T11:12:53","date_gmt":"2024-02-05T11:12:53","guid":{"rendered":"https:\/\/pianinai-com-174019.hostingersite.com\/?post_type=product&#038;p=1504"},"modified":"2026-03-13T09:49:08","modified_gmt":"2026-03-13T09:49:08","slug":"pianinas-grotrian-steinweg-2","status":"publish","type":"product","link":"https:\/\/pianinai.com\/et\/pianinai\/pianinas-grotrian-steinweg-2\/","title":{"rendered":"Klaveril &quot;Grotrian Steinweg&quot;"},"content":{"rendered":"<hr \/>\n<p><img fetchpriority=\"high\" decoding=\"async\" class=\"wp-image-3678 aligncenter\" src=\"https:\/\/pianinai.com\/wp-content\/uploads\/2024\/11\/892D11F0-6C56-4BDA-BECE-8336E21B5724-300x169.jpeg\" alt=\"\" width=\"500\" height=\"281\" srcset=\"https:\/\/pianinai.com\/wp-content\/uploads\/2024\/11\/892D11F0-6C56-4BDA-BECE-8336E21B5724-300x169.jpeg 300w, https:\/\/pianinai.com\/wp-content\/uploads\/2024\/11\/892D11F0-6C56-4BDA-BECE-8336E21B5724-scaled-1000x563.jpeg 1000w, https:\/\/pianinai.com\/wp-content\/uploads\/2024\/11\/892D11F0-6C56-4BDA-BECE-8336E21B5724-1024x576.jpeg 1024w, https:\/\/pianinai.com\/wp-content\/uploads\/2024\/11\/892D11F0-6C56-4BDA-BECE-8336E21B5724-768x432.jpeg 768w, https:\/\/pianinai.com\/wp-content\/uploads\/2024\/11\/892D11F0-6C56-4BDA-BECE-8336E21B5724-1536x864.jpeg 1536w, https:\/\/pianinai.com\/wp-content\/uploads\/2024\/11\/892D11F0-6C56-4BDA-BECE-8336E21B5724-2048x1152.jpeg 2048w, https:\/\/pianinai.com\/wp-content\/uploads\/2024\/11\/892D11F0-6C56-4BDA-BECE-8336E21B5724-18x10.jpeg 18w\" sizes=\"(max-width: 500px) 100vw, 500px\" \/><\/p>\n<div><\/div>\n<h6>Grotrian Steinweg klaver on Saksa k\u00e4sit\u00f6\u00f6 meistriteos, mis on tuntud oma erakordse helikvaliteedi, t\u00e4ppistehnoloogia ja ajatu elegantsi poolest. K\u00e4sitsi valmistatud klavereid on Saksamaal valmistatud alates 1830. aastast ning neid hinnatakse kogu maailmas oma rikkaliku k\u00f5lapildi ja laitmatu konstruktsiooni poolest, muutes need n\u00f5udlike muusikute ja professionaalide esimeseks valikuks.<\/h6>\n<p>&nbsp;<\/p>\n<h6 style=\"text-align: left;\"><\/h6>\n<h6 style=\"text-align: left;\"><\/h6>\n<h6><\/h6>\n<h6>Peamised omadused:<\/h6>\n<p>&nbsp;<\/p>\n<ul>\n<li>\n<h6>V\u00f5rratu helikvaliteet: Grotrian Steinweg klavereid iseloomustab &quot;laulev toon&quot;, mis \u00fchendab endas kauakestvad k\u00f5rged noodid, v\u00f5imsa bassi ja rikkaliku kesksageduse. Toonitasakaal tagab v\u00e4ljendusrikka ja d\u00fcnaamilise m\u00e4ngukogemuse.<\/h6>\n<\/li>\n<\/ul>\n<p>&nbsp;<\/p>\n<ul>\n<li>\n<h6>Kvaliteetsed materjalid: Klaverid on valmistatud hoolikalt valitud materjalidest, nagu alpi kuuse k\u00f5lalauad, lamineeritud p\u00f6\u00f6gist k\u00f6itelauad, Abeli haamrid ja R\u00f6slau keeled. Iga detail on loodud nii vastupidavuse kui ka akustilise j\u00f5udluse parandamiseks.<\/h6>\n<\/li>\n<\/ul>\n<p>&nbsp;<\/p>\n<ul>\n<li>\n<h6>Elegantne disain: Grotrian Steinweg klaverid on saadaval l\u00e4ikiva musta lakiga, mati v\u00f5i eritellimusel valmistatud viimistlusega ning neil on elegantsed korpused ja kvaliteetsed viimistlused, mis lisavad luksust igale interj\u00f6\u00f6rile.<\/h6>\n<\/li>\n<\/ul>\n<p>&nbsp;<\/p>\n<ul>\n<li>\n<h6>Erakordne mehhanism: Klaveritel on Renneri mehhanism, mis tagab t\u00e4pse puudutuse ja veatu nootide taasesituse. Klahvid pakuvad loomulikku tunnetust, mis v\u00f5imaldab teil h\u00f5lpsalt m\u00e4ngida isegi k\u00f5ige keerukamaid palasid.<\/h6>\n<\/li>\n<\/ul>\n<p>&nbsp;<\/p>\n<ul>\n<li>\n<h6>Vastupidavus ja t\u00f6\u00f6kindlus: Need klaverid on loodud kestma p\u00f5lvkondade v\u00e4ltel ning on t\u00f5eline investeering muusikalisse tipptasemesse. Tugev konstruktsioon tagab j\u00e4rjepideva j\u00f5udluse paljude aastate jooksul.<\/h6>\n<\/li>\n<\/ul>\n<p>&nbsp;<\/p>\n<h6>Miks valida Grotrian Steinweg?<\/h6>\n<p>&nbsp;<\/p>\n<h6>Grotrian Steinwegi klaver on enamat kui lihtsalt pill; see on kunstiteos. Selle v\u00f5rratu k\u00f5la, t\u00e4pne meisterlikkus ja luksuslik disain teevad sellest ideaalse valiku pianistidele, kes otsivad nii k\u00f5rgeimat esitusastet kui ka visuaalset ilu. Olenemata sellest, kas olete professionaalne muusik v\u00f5i edasij\u00f5udnud \u00f5pilane, on Grotrian Steinwegi klaver tunnistus teie kirest muusika vastu.<\/h6>\n<h6>Avastage Grotriani Steinwegi v\u00f5lu \u2013 kus traditsioon kohtub innovatsiooniga igas noodis.<\/h6>\n<div><img fetchpriority=\"high\" decoding=\"async\" class=\"wp-image-3678 aligncenter\" src=\"https:\/\/pianinai.com\/wp-content\/uploads\/2024\/11\/892D11F0-6C56-4BDA-BECE-8336E21B5724-300x169.jpeg\" alt=\"\" width=\"500\" height=\"281\" srcset=\"https:\/\/pianinai.com\/wp-content\/uploads\/2024\/11\/892D11F0-6C56-4BDA-BECE-8336E21B5724-300x169.jpeg 300w, https:\/\/pianinai.com\/wp-content\/uploads\/2024\/11\/892D11F0-6C56-4BDA-BECE-8336E21B5724-scaled-1000x563.jpeg 1000w, https:\/\/pianinai.com\/wp-content\/uploads\/2024\/11\/892D11F0-6C56-4BDA-BECE-8336E21B5724-1024x576.jpeg 1024w, https:\/\/pianinai.com\/wp-content\/uploads\/2024\/11\/892D11F0-6C56-4BDA-BECE-8336E21B5724-768x432.jpeg 768w, https:\/\/pianinai.com\/wp-content\/uploads\/2024\/11\/892D11F0-6C56-4BDA-BECE-8336E21B5724-1536x864.jpeg 1536w, https:\/\/pianinai.com\/wp-content\/uploads\/2024\/11\/892D11F0-6C56-4BDA-BECE-8336E21B5724-2048x1152.jpeg 2048w, https:\/\/pianinai.com\/wp-content\/uploads\/2024\/11\/892D11F0-6C56-4BDA-BECE-8336E21B5724-18x10.jpeg 18w\" sizes=\"(max-width: 500px) 100vw, 500px\" \/><\/div>","protected":false},"excerpt":{"rendered":"<p>Seerianumber \u2013 65941<\/p>\n<p>Saksamaal valmistatud klaver<\/p>\n<p>V\u00e4rv \u2013 must, l\u00e4ikiv<\/p>\n<p>Mehaanikud \u2013 Renner, sakslane<\/p>\n<p>Seisukord \u2013 Kasutatud<\/p>","protected":false},"featured_media":1481,"template":"","meta":{"site-sidebar-layout":"default","site-content-layout":"","ast-site-content-layout":"default","site-content-style":"default","site-sidebar-style":"default","ast-global-header-display":"","ast-banner-title-visibility":"","ast-main-header-display":"","ast-hfb-above-header-display":"","ast-hfb-below-header-display":"","ast-hfb-mobile-header-display":"","site-post-title":"","ast-breadcrumbs-content":"","ast-featured-img":"","footer-sml-layout":"","theme-transparent-header-meta":"default","adv-header-id-meta":"","stick-header-meta":"default","header-above-stick-meta":"","header-main-stick-meta":"","header-below-stick-meta":"","astra-migrate-meta-layouts":"set","ast-page-background-enabled":"default","ast-page-background-meta":{"desktop":{"background-color":"var(--ast-global-color-5)","background-image":"","background-repeat":"repeat","background-position":"center center","background-size":"auto","background-attachment":"scroll","background-type":"","background-media":"","overlay-type":"","overlay-color":"","overlay-opacity":"","overlay-gradient":""},"tablet":{"background-color":"","background-image":"","background-repeat":"repeat","background-position":"center center","background-size":"auto","background-attachment":"scroll","background-type":"","background-media":"","overlay-type":"","overlay-color":"","overlay-opacity":"","overlay-gradient":""},"mobile":{"background-color":"","background-image":"","background-repeat":"repeat","background-position":"center center","background-size":"auto","background-attachment":"scroll","background-type":"","background-media":"","overlay-type":"","overlay-color":"","overlay-opacity":"","overlay-gradient":""}},"ast-content-background-meta":{"desktop":{"background-color":"var(--ast-global-color-4)","background-image":"","background-repeat":"repeat","background-position":"center center","background-size":"auto","background-attachment":"scroll","background-type":"","background-media":"","overlay-type":"","overlay-color":"","overlay-opacity":"","overlay-gradient":""},"tablet":{"background-color":"var(--ast-global-color-4)","background-image":"","background-repeat":"repeat","background-position":"center center","background-size":"auto","background-attachment":"scroll","background-type":"","background-media":"","overlay-type":"","overlay-color":"","overlay-opacity":"","overlay-gradient":""},"mobile":{"background-color":"var(--ast-global-color-4)","background-image":"","background-repeat":"repeat","background-position":"center center","background-size":"auto","background-attachment":"scroll","background-type":"","background-media":"","overlay-type":"","overlay-color":"","overlay-opacity":"","overlay-gradient":""}}},"product_brand":[],"product_cat":[35],"product_tag":[],"class_list":{"0":"post-1504","1":"product","2":"type-product","3":"status-publish","4":"has-post-thumbnail","6":"product_cat-juodi-pianinai","7":"desktop-align-center","8":"tablet-align-left","9":"mobile-align-left","10":"ast-product-gallery-layout-first-image-large","11":"ast-product-tabs-layout-horizontal","13":"first","14":"outofstock","15":"shipping-taxable","16":"purchasable","17":"product-type-simple"},"_links":{"self":[{"href":"https:\/\/pianinai.com\/et\/wp-json\/wp\/v2\/product\/1504","targetHints":{"allow":["GET"]}}],"collection":[{"href":"https:\/\/pianinai.com\/et\/wp-json\/wp\/v2\/product"}],"about":[{"href":"https:\/\/pianinai.com\/et\/wp-json\/wp\/v2\/types\/product"}],"version-history":[{"count":2,"href":"https:\/\/pianinai.com\/et\/wp-json\/wp\/v2\/product\/1504\/revisions"}],"predecessor-version":[{"id":4568,"href":"https:\/\/pianinai.com\/et\/wp-json\/wp\/v2\/product\/1504\/revisions\/4568"}],"wp:featuredmedia":[{"embeddable":true,"href":"https:\/\/pianinai.com\/et\/wp-json\/wp\/v2\/media\/1481"}],"wp:attachment":[{"href":"https:\/\/pianinai.com\/et\/wp-json\/wp\/v2\/media?parent=1504"}],"wp:term":[{"taxonomy":"product_brand","embeddable":true,"href":"https:\/\/pianinai.com\/et\/wp-json\/wp\/v2\/product_brand?post=1504"},{"taxonomy":"product_cat","embeddable":true,"href":"https:\/\/pianinai.com\/et\/wp-json\/wp\/v2\/product_cat?post=1504"},{"taxonomy":"product_tag","embeddable":true,"href":"https:\/\/pianinai.com\/et\/wp-json\/wp\/v2\/product_tag?post=1504"}],"curies":[{"name":"wp","href":"https:\/\/api.w.org\/{rel}","templated":true}]}}