{"id":1578,"date":"2024-06-03T12:10:31","date_gmt":"2024-06-03T12:10:31","guid":{"rendered":"https:\/\/pianinai-com-174019.hostingersite.com\/?post_type=product&#038;p=1578"},"modified":"2025-06-09T08:34:46","modified_gmt":"2025-06-09T08:34:46","slug":"pianinas-august-forster-5","status":"publish","type":"product","link":"https:\/\/pianinai.com\/et\/pianinai\/pianinas-august-forster-5\/","title":{"rendered":"Klaver &quot;August Forster&quot;"},"content":{"rendered":"<div>\n<p><img fetchpriority=\"high\" decoding=\"async\" class=\"wp-image-3039 aligncenter\" src=\"https:\/\/pianinai.com\/wp-content\/uploads\/2025\/02\/7B1BCF5D-0B35-48A1-9701-D728CBB74F07-300x169.jpeg\" alt=\"Petrof\" width=\"367\" height=\"207\" srcset=\"https:\/\/pianinai.com\/wp-content\/uploads\/2025\/02\/7B1BCF5D-0B35-48A1-9701-D728CBB74F07-300x169.jpeg 300w, https:\/\/pianinai.com\/wp-content\/uploads\/2025\/02\/7B1BCF5D-0B35-48A1-9701-D728CBB74F07-scaled-1000x563.jpeg 1000w, https:\/\/pianinai.com\/wp-content\/uploads\/2025\/02\/7B1BCF5D-0B35-48A1-9701-D728CBB74F07-1024x576.jpeg 1024w, https:\/\/pianinai.com\/wp-content\/uploads\/2025\/02\/7B1BCF5D-0B35-48A1-9701-D728CBB74F07-768x432.jpeg 768w, https:\/\/pianinai.com\/wp-content\/uploads\/2025\/02\/7B1BCF5D-0B35-48A1-9701-D728CBB74F07-1536x864.jpeg 1536w, https:\/\/pianinai.com\/wp-content\/uploads\/2025\/02\/7B1BCF5D-0B35-48A1-9701-D728CBB74F07-2048x1152.jpeg 2048w, https:\/\/pianinai.com\/wp-content\/uploads\/2025\/02\/7B1BCF5D-0B35-48A1-9701-D728CBB74F07-18x10.jpeg 18w\" sizes=\"(max-width: 367px) 100vw, 367px\" \/><\/p>\n<p>Petrof on \u00fcks kuulsamaid Euroopa klaveritootjaid, mis on tuntud oma erakordse meisterlikkuse, rikkaliku ajaloo ja ainulaadse k\u00f5la poolest. Anton\u00edn Petrofi poolt 1864. aastal T\u0161ehhi Vabariigis Hradec Kr\u00e1lov\u00e9&#039;s asutatud ettev\u00f5ttest on saanud Euroopa klaveritootmise tipptaseme s\u00fcmbol. Allpool on toodud br\u00e4ndi \u00fcksikasjalik ajalugu ja saavutused.<\/p>\n<\/div>\n<div>Asutamine ja varajane areng<\/div>\n<div>\u2022 Anton\u00edn Petrof asutas ettev\u00f5tte p\u00e4rast \u00f5pinguid kuulsate Viini klaverimeistrite, n\u00e4iteks Friedrich Ehrbari ja Schweighoferi k\u00e4e all. 1864. aastal naasis ta B\u00f6\u00f6mimaale ja ehitas oma esimese klaveri isa t\u00f6\u00f6kojas.<\/div>\n<div>\u2022 1883. aastal hakkas Petrof tootma klavereid (p\u00fcstiklavereid), laiendades seel\u00e4bi oma tootevalikut.<\/div>\n<div>\u2022 1880. aastal registreeriti ettev\u00f5te ametlikult ja see saavutas kiiresti tunnustuse oma kvaliteetsete instrumentide poolest.<\/div>\n<div>Areng globaalsel turul<\/div>\n<div>\u2022 20. sajandi alguses hakkas Petrof klavereid eksportima Euroopasse, Jaapanisse, Hiinasse, Austraaliasse ja L\u00f5una-Ameerikasse. Br\u00e4nd sai kuulsaks oma sooja, romantilise k\u00f5la ja laitmatu kvaliteedi poolest.<\/div>\n<div>\u20221924. aastal sai Petrof Austria-Ungari keiserliku \u00f5ukonna ametliku tarnija staatuse, mis kinnitas kaubam\u00e4rgi prestii\u017ei.<\/div>\n<div>\u20221934. aasta Br\u00fcsseli maailman\u00e4itusel autasustati Petrofi klavereid erakordse kvaliteedi eest kuldmedaliga.<\/div>\n<div>20. sajandi v\u00e4ljakutsed<\/div>\n<div>\u2022 P\u00e4rast kommunistlikku riigip\u00f6\u00f6ret T\u0161ehhoslovakkias 1948. aastal natsionaliseeriti Petrof. Sellest hoolimata j\u00e4tkas ettev\u00f5te kvaliteetsete klaverite tootmist ka riigiv\u00f5imu ajal.<\/div>\n<div>\u2022 1991. aastal, p\u00e4rast kommunismi langemist, tagastati ettev\u00f5te Petrofi perekonnale. T\u00e4nap\u00e4eval juhib seda Petrofi perekonna viies p\u00f5lvkond.<\/div>\n<div>Moodne periood ja uuendused<\/div>\n<div>\u2022 Petrof on endiselt Euroopa suurim akustiliste klaverite ja p\u00fcstklaverite tootja, ekspordides oma tooteid enam kui 65 riiki.<\/div>\n<div>\u2022Alates asutamisest on ettev\u00f5te tootnud ligikaudu 635 000 instrumenti.<\/div>\n<div>\u2022Ettev\u00f5te on tuntud selliste uuenduste poolest nagu magnetilised s\u00fcsteemid mehaanika ja r\u00f5hupunktide reguleerimiseks.<\/div>\n<div>\u2022 Suurem osa (umbes 80 %) igast pillist on k\u00e4sitsi valmistatud traditsioonilisi meetodeid kasutades.<\/div>\n<div>Silmapaistvad omadused<\/div>\n<div>1. Heli: Petrofi klaverid on tuntud oma pehme, \u00f5rna ja \u00fcmara tooni poolest, mida sageli kirjeldatakse romantilisena. See sobib eriti h\u00e4sti klassikalise muusika ja emotsionaalsete esituste jaoks.<\/div>\n<div>2. Materjalid: Klaverid on valmistatud kvaliteetsetest Euroopa materjalidest, nagu kuusk ja vaher. Need materjalid on hoolikalt valitud ja t\u00f6\u00f6deldud, et tagada parim helikvaliteet.<\/div>\n<div>3. Meisterlikkus: Iga kontsertklaveri valmistamine v\u00f5tab aega 9\u201312 kuud. K\u00f5ik pilli kallal t\u00f6\u00f6tavad k\u00e4sit\u00f6\u00f6lised j\u00e4tavad oma nimed kvaliteedim\u00e4rgiks.<\/div>\n<div>4. Disain: Petrof pakub nii kontsertklaveritele kui ka klaveritele mitmesuguseid viimistlusv\u00f5imalusi \u2013 klassikalisest kuni moodsa stiilini.<\/div>\n<div>Auhinnad ja tunnustus<\/div>\n<div>\u2022 Oma ajaloo jooksul on Petrof v\u00f5itnud arvukalt auhindu, sealhulgas medaleid rahvusvahelistel n\u00e4itustel Pariisis, Barcelonas, Br\u00fcsselis ja Londonis.<\/div>\n<div>\u2022 2007. aastal omistati ettev\u00f5ttele Euroopa tipptaseme sertifikaat tootmismaterjalide ja meisterlikkuse k\u00f5rge standardi eest.<\/div>\n<div>\u2022 2019. aastal v\u00f5itis Petrof oma laitmatu maine eest Superbrandsi auhinna.<\/div>\n<div>P\u00e4rand<\/div>\n<div>Petrofi p\u00e4rand p\u00f5hineb enam kui 160-aastasel p\u00fchendumisel klaverimeisterlikkusele. Neid pille hindavad muusikud \u00fcle maailma nende ainulaadse k\u00f5la ja laitmatu kvaliteedi eest. Kuuenda p\u00f5lvkonna pereettev\u00f5ttena j\u00e4tkab Petrof traditsioonide hindamist ja uuenduste tegemist, et inspireerida tulevasi pianiste.<\/div>\n<div><\/div>\n<div><img fetchpriority=\"high\" decoding=\"async\" class=\"wp-image-3039 aligncenter\" src=\"https:\/\/pianinai.com\/wp-content\/uploads\/2025\/02\/7B1BCF5D-0B35-48A1-9701-D728CBB74F07-300x169.jpeg\" alt=\"Petrof\" width=\"367\" height=\"207\" srcset=\"https:\/\/pianinai.com\/wp-content\/uploads\/2025\/02\/7B1BCF5D-0B35-48A1-9701-D728CBB74F07-300x169.jpeg 300w, https:\/\/pianinai.com\/wp-content\/uploads\/2025\/02\/7B1BCF5D-0B35-48A1-9701-D728CBB74F07-scaled-1000x563.jpeg 1000w, https:\/\/pianinai.com\/wp-content\/uploads\/2025\/02\/7B1BCF5D-0B35-48A1-9701-D728CBB74F07-1024x576.jpeg 1024w, https:\/\/pianinai.com\/wp-content\/uploads\/2025\/02\/7B1BCF5D-0B35-48A1-9701-D728CBB74F07-768x432.jpeg 768w, https:\/\/pianinai.com\/wp-content\/uploads\/2025\/02\/7B1BCF5D-0B35-48A1-9701-D728CBB74F07-1536x864.jpeg 1536w, https:\/\/pianinai.com\/wp-content\/uploads\/2025\/02\/7B1BCF5D-0B35-48A1-9701-D728CBB74F07-2048x1152.jpeg 2048w, https:\/\/pianinai.com\/wp-content\/uploads\/2025\/02\/7B1BCF5D-0B35-48A1-9701-D728CBB74F07-18x10.jpeg 18w\" sizes=\"(max-width: 367px) 100vw, 367px\" \/><\/div>\n<div><\/div>\n<div><\/div>\n<div><\/div>\n<div><\/div>","protected":false},"excerpt":{"rendered":"<p>Seerianumber \u2013 221395<\/p>\n<p>Valmistatud T\u0161ehhi Vabariigis<\/p>\n<p>V\u00e4rvus \u2013 valge, l\u00e4ikiv<\/p>\n<p>Mehaanikud \u2013 \u201cPETROF\u201d, T\u0161ehhi<\/p>\n<p>Seisukord \u2013 Kasutatud<\/p>","protected":false},"featured_media":1550,"template":"","meta":{"site-sidebar-layout":"default","site-content-layout":"","ast-site-content-layout":"default","site-content-style":"default","site-sidebar-style":"default","ast-global-header-display":"","ast-banner-title-visibility":"","ast-main-header-display":"","ast-hfb-above-header-display":"","ast-hfb-below-header-display":"","ast-hfb-mobile-header-display":"","site-post-title":"","ast-breadcrumbs-content":"","ast-featured-img":"","footer-sml-layout":"","theme-transparent-header-meta":"default","adv-header-id-meta":"","stick-header-meta":"default","header-above-stick-meta":"","header-main-stick-meta":"","header-below-stick-meta":"","astra-migrate-meta-layouts":"set","ast-page-background-enabled":"default","ast-page-background-meta":{"desktop":{"background-color":"var(--ast-global-color-5)","background-image":"","background-repeat":"repeat","background-position":"center center","background-size":"auto","background-attachment":"scroll","background-type":"","background-media":"","overlay-type":"","overlay-color":"","overlay-opacity":"","overlay-gradient":""},"tablet":{"background-color":"","background-image":"","background-repeat":"repeat","background-position":"center center","background-size":"auto","background-attachment":"scroll","background-type":"","background-media":"","overlay-type":"","overlay-color":"","overlay-opacity":"","overlay-gradient":""},"mobile":{"background-color":"","background-image":"","background-repeat":"repeat","background-position":"center center","background-size":"auto","background-attachment":"scroll","background-type":"","background-media":"","overlay-type":"","overlay-color":"","overlay-opacity":"","overlay-gradient":""}},"ast-content-background-meta":{"desktop":{"background-color":"var(--ast-global-color-4)","background-image":"","background-repeat":"repeat","background-position":"center center","background-size":"auto","background-attachment":"scroll","background-type":"","background-media":"","overlay-type":"","overlay-color":"","overlay-opacity":"","overlay-gradient":""},"tablet":{"background-color":"var(--ast-global-color-4)","background-image":"","background-repeat":"repeat","background-position":"center center","background-size":"auto","background-attachment":"scroll","background-type":"","background-media":"","overlay-type":"","overlay-color":"","overlay-opacity":"","overlay-gradient":""},"mobile":{"background-color":"var(--ast-global-color-4)","background-image":"","background-repeat":"repeat","background-position":"center center","background-size":"auto","background-attachment":"scroll","background-type":"","background-media":"","overlay-type":"","overlay-color":"","overlay-opacity":"","overlay-gradient":""}}},"product_brand":[],"product_cat":[34],"product_tag":[32,42],"class_list":{"0":"post-1578","1":"product","2":"type-product","3":"status-publish","4":"has-post-thumbnail","6":"product_cat-balti-pianinai","7":"product_tag-pianinai","8":"product_tag-pianinas","9":"desktop-align-center","10":"tablet-align-left","11":"mobile-align-left","12":"ast-product-gallery-layout-first-image-large","13":"ast-product-tabs-layout-horizontal","15":"first","16":"outofstock","17":"shipping-taxable","18":"purchasable","19":"product-type-simple"},"_links":{"self":[{"href":"https:\/\/pianinai.com\/et\/wp-json\/wp\/v2\/product\/1578","targetHints":{"allow":["GET"]}}],"collection":[{"href":"https:\/\/pianinai.com\/et\/wp-json\/wp\/v2\/product"}],"about":[{"href":"https:\/\/pianinai.com\/et\/wp-json\/wp\/v2\/types\/product"}],"version-history":[{"count":1,"href":"https:\/\/pianinai.com\/et\/wp-json\/wp\/v2\/product\/1578\/revisions"}],"predecessor-version":[{"id":4919,"href":"https:\/\/pianinai.com\/et\/wp-json\/wp\/v2\/product\/1578\/revisions\/4919"}],"wp:featuredmedia":[{"embeddable":true,"href":"https:\/\/pianinai.com\/et\/wp-json\/wp\/v2\/media\/1550"}],"wp:attachment":[{"href":"https:\/\/pianinai.com\/et\/wp-json\/wp\/v2\/media?parent=1578"}],"wp:term":[{"taxonomy":"product_brand","embeddable":true,"href":"https:\/\/pianinai.com\/et\/wp-json\/wp\/v2\/product_brand?post=1578"},{"taxonomy":"product_cat","embeddable":true,"href":"https:\/\/pianinai.com\/et\/wp-json\/wp\/v2\/product_cat?post=1578"},{"taxonomy":"product_tag","embeddable":true,"href":"https:\/\/pianinai.com\/et\/wp-json\/wp\/v2\/product_tag?post=1578"}],"curies":[{"name":"wp","href":"https:\/\/api.w.org\/{rel}","templated":true}]}}