{"id":2040,"date":"2026-02-24T11:25:35","date_gmt":"2026-02-24T11:25:35","guid":{"rendered":"https:\/\/pianinai.com\/?post_type=product&#038;p=2040"},"modified":"2026-04-17T08:02:10","modified_gmt":"2026-04-17T08:02:10","slug":"pianinas-ed-seiler","status":"publish","type":"product","link":"https:\/\/pianinai.com\/et\/pianinai\/pianinas-ed-seiler\/","title":{"rendered":"Klaver &quot;Ed. Seiler&quot;"},"content":{"rendered":"<p><img fetchpriority=\"high\" decoding=\"async\" class=\"size-medium wp-image-3081 aligncenter\" src=\"https:\/\/pianinai.com\/wp-content\/uploads\/2025\/02\/E3B20ED0-1D6B-4749-AB25-1D8C9AD3D0FF-300x169.jpeg\" alt=\"Seiler\" width=\"300\" height=\"169\" srcset=\"https:\/\/pianinai.com\/wp-content\/uploads\/2025\/02\/E3B20ED0-1D6B-4749-AB25-1D8C9AD3D0FF-300x169.jpeg 300w, https:\/\/pianinai.com\/wp-content\/uploads\/2025\/02\/E3B20ED0-1D6B-4749-AB25-1D8C9AD3D0FF-scaled-1000x563.jpeg 1000w, https:\/\/pianinai.com\/wp-content\/uploads\/2025\/02\/E3B20ED0-1D6B-4749-AB25-1D8C9AD3D0FF-1024x576.jpeg 1024w, https:\/\/pianinai.com\/wp-content\/uploads\/2025\/02\/E3B20ED0-1D6B-4749-AB25-1D8C9AD3D0FF-768x432.jpeg 768w, https:\/\/pianinai.com\/wp-content\/uploads\/2025\/02\/E3B20ED0-1D6B-4749-AB25-1D8C9AD3D0FF-1536x864.jpeg 1536w, https:\/\/pianinai.com\/wp-content\/uploads\/2025\/02\/E3B20ED0-1D6B-4749-AB25-1D8C9AD3D0FF-2048x1152.jpeg 2048w, https:\/\/pianinai.com\/wp-content\/uploads\/2025\/02\/E3B20ED0-1D6B-4749-AB25-1D8C9AD3D0FF-18x10.jpeg 18w\" sizes=\"(max-width: 300px) 100vw, 300px\" \/><\/p>\n<p>&nbsp;<\/p>\n<p class=\"whitespace-normal break-words\"><strong>Ed. Seiler Klaver \u2013 Saksa kvaliteet ja muusikaline t\u00e4iuslikkus<\/strong><\/p>\n<p>&nbsp;<\/p>\n<p class=\"whitespace-normal break-words\">Ed. Seiler on prestii\u017ene Saksa klaveritootja, millel on \u00fcle 160 aasta traditsioone ja mille pille hindavad nii professionaalsed muusikud kui ka amat\u00f6\u00f6rid \u00fcle maailma.<\/p>\n<p>&nbsp;<\/p>\n<p class=\"whitespace-normal break-words\"><strong>Br\u00e4ndi ajalugu:<\/strong> Ed. Seiler asutati 1849. aastal Liegnitzis ning sellest on saanud \u00fcks Euroopa juhtivaid klaveritootjaid. Pereettev\u00f5te annab oma k\u00e4sit\u00f6\u00f6liste oskusteavet edasi p\u00f5lvest p\u00f5lve, j\u00e4rgides k\u00f5rgeimaid kvaliteedistandardeid.<\/p>\n<p>&nbsp;<\/p>\n<p class=\"whitespace-normal break-words\"><strong>Toote omadused:<\/strong><\/p>\n<p>&nbsp;<\/p>\n<ul class=\"[&amp;:not(:last-child)_ul]:pb-1 [&amp;:not(:last-child)_ol]:pb-1 list-disc space-y-1.5 pl-7\">\n<li class=\"whitespace-normal break-words\"><strong>Erakordne heli<\/strong>Seileri klaveritel on soe, s\u00fcgav ja harmooniline k\u00f5la.<\/li>\n<\/ul>\n<p>&nbsp;<\/p>\n<ul class=\"[&amp;:not(:last-child)_ul]:pb-1 [&amp;:not(:last-child)_ol]:pb-1 list-disc space-y-1.5 pl-7\">\n<li class=\"whitespace-normal break-words\"><strong>Saksa kvaliteet<\/strong>Iga instrument on valmistatud vastavalt traditsioonilistele Saksa k\u00e4sit\u00f6\u00f6p\u00f5him\u00f5tetele<\/li>\n<\/ul>\n<p>&nbsp;<\/p>\n<ul class=\"[&amp;:not(:last-child)_ul]:pb-1 [&amp;:not(:last-child)_ol]:pb-1 list-disc space-y-1.5 pl-7\">\n<li class=\"whitespace-normal break-words\"><strong>Vastupidavus<\/strong>Kvaliteetsed materjalid ja t\u00e4pne kokkupanek tagavad vastupidavuse<\/li>\n<\/ul>\n<p>&nbsp;<\/p>\n<ul class=\"[&amp;:not(:last-child)_ul]:pb-1 [&amp;:not(:last-child)_ol]:pb-1 list-disc space-y-1.5 pl-7\">\n<li class=\"whitespace-normal break-words\"><strong>Disain<\/strong>Elegantne ja klassikaline v\u00e4limus, mis sobib ideaalselt igasse interj\u00f6\u00f6ri<\/li>\n<\/ul>\n<p>&nbsp;<\/p>\n<p class=\"whitespace-normal break-words\"><strong>Miks valida Ed. Seiler:<\/strong><\/p>\n<p>&nbsp;<\/p>\n<ul class=\"[&amp;:not(:last-child)_ul]:pb-1 [&amp;:not(:last-child)_ol]:pb-1 list-disc space-y-1.5 pl-7\">\n<li class=\"whitespace-normal break-words\">Muusikapedagoogide ja professionaalide poolt tunnustatud<\/li>\n<\/ul>\n<p>&nbsp;<\/p>\n<ul class=\"[&amp;:not(:last-child)_ul]:pb-1 [&amp;:not(:last-child)_ol]:pb-1 list-disc space-y-1.5 pl-7\">\n<li>Aasta jooksul s\u00e4ilitatud v\u00e4\u00e4rtus<\/li>\n<\/ul>\n<p>&nbsp;<\/p>\n<ul class=\"[&amp;:not(:last-child)_ul]:pb-1 [&amp;:not(:last-child)_ol]:pb-1 list-disc space-y-1.5 pl-7\">\n<li class=\"whitespace-normal break-words\">Suurep\u00e4rane klahvitundlikkus ja d\u00fcnaamiline ulatus<\/li>\n<\/ul>\n<p>&nbsp;<\/p>\n<p class=\"whitespace-normal break-words\"><strong>Sobib:<\/strong><\/p>\n<p>&nbsp;<\/p>\n<ul class=\"[&amp;:not(:last-child)_ul]:pb-1 [&amp;:not(:last-child)_ol]:pb-1 list-disc space-y-1.5 pl-7\">\n<li class=\"whitespace-normal break-words\">Algajatele muusikutele, kes otsivad kvaliteeti<\/li>\n<\/ul>\n<p>&nbsp;<\/p>\n<ul class=\"[&amp;:not(:last-child)_ul]:pb-1 [&amp;:not(:last-child)_ol]:pb-1 list-disc space-y-1.5 pl-7\">\n<li class=\"whitespace-normal break-words\">Edasij\u00f5udnutele pianistidele ja muusika\u00f5petajatele<\/li>\n<\/ul>\n<p>&nbsp;<\/p>\n<ul class=\"[&amp;:not(:last-child)_ul]:pb-1 [&amp;:not(:last-child)_ol]:pb-1 list-disc space-y-1.5 pl-7\">\n<li class=\"whitespace-normal break-words\">Muusikakoolidele ja talveaedadele<\/li>\n<\/ul>\n<p>&nbsp;<\/p>\n<ul class=\"[&amp;:not(:last-child)_ul]:pb-1 [&amp;:not(:last-child)_ol]:pb-1 list-disc space-y-1.5 pl-7\">\n<li class=\"whitespace-normal break-words\">Funktsionaalseks kodu sisekujunduseks<\/li>\n<\/ul>\n<p>&nbsp;<\/p>\n<p class=\"whitespace-normal break-words\"><strong>Ed. Seileri klaver on investeering muusikar\u00f5\u00f5mu, mis kestab p\u00f5lvkondade v\u00e4ltel ja inspireerib imeliseks muusikaliseks teekonnaks.<\/strong><\/p>\n<p>&nbsp;<\/p>\n<p class=\"whitespace-normal break-words\"><img fetchpriority=\"high\" decoding=\"async\" class=\"size-medium wp-image-3081 aligncenter\" src=\"https:\/\/pianinai.com\/wp-content\/uploads\/2025\/02\/E3B20ED0-1D6B-4749-AB25-1D8C9AD3D0FF-300x169.jpeg\" alt=\"Seiler\" width=\"300\" height=\"169\" srcset=\"https:\/\/pianinai.com\/wp-content\/uploads\/2025\/02\/E3B20ED0-1D6B-4749-AB25-1D8C9AD3D0FF-300x169.jpeg 300w, https:\/\/pianinai.com\/wp-content\/uploads\/2025\/02\/E3B20ED0-1D6B-4749-AB25-1D8C9AD3D0FF-scaled-1000x563.jpeg 1000w, https:\/\/pianinai.com\/wp-content\/uploads\/2025\/02\/E3B20ED0-1D6B-4749-AB25-1D8C9AD3D0FF-1024x576.jpeg 1024w, https:\/\/pianinai.com\/wp-content\/uploads\/2025\/02\/E3B20ED0-1D6B-4749-AB25-1D8C9AD3D0FF-768x432.jpeg 768w, https:\/\/pianinai.com\/wp-content\/uploads\/2025\/02\/E3B20ED0-1D6B-4749-AB25-1D8C9AD3D0FF-1536x864.jpeg 1536w, https:\/\/pianinai.com\/wp-content\/uploads\/2025\/02\/E3B20ED0-1D6B-4749-AB25-1D8C9AD3D0FF-2048x1152.jpeg 2048w, https:\/\/pianinai.com\/wp-content\/uploads\/2025\/02\/E3B20ED0-1D6B-4749-AB25-1D8C9AD3D0FF-18x10.jpeg 18w\" sizes=\"(max-width: 300px) 100vw, 300px\" \/><\/p>\n<p>&nbsp;<\/p>","protected":false},"excerpt":{"rendered":"<p>Saksamaal valmistatud klaver<\/p>\n<p>V\u00e4rvus \u2013 valge, matt<\/p>\n<p>Mehaanikud \u2013 \u201eRENNER\u201d, saksa keel<\/p>\n<p>Seisukord \u2013 Kasutatud<\/p>","protected":false},"featured_media":2030,"template":"","meta":{"site-sidebar-layout":"default","site-content-layout":"","ast-site-content-layout":"default","site-content-style":"default","site-sidebar-style":"default","ast-global-header-display":"","ast-banner-title-visibility":"","ast-main-header-display":"","ast-hfb-above-header-display":"","ast-hfb-below-header-display":"","ast-hfb-mobile-header-display":"","site-post-title":"","ast-breadcrumbs-content":"","ast-featured-img":"","footer-sml-layout":"","theme-transparent-header-meta":"default","adv-header-id-meta":"","stick-header-meta":"","header-above-stick-meta":"","header-main-stick-meta":"","header-below-stick-meta":"","astra-migrate-meta-layouts":"set","ast-page-background-enabled":"default","ast-page-background-meta":{"desktop":{"background-color":"var(--ast-global-color-5)","background-image":"","background-repeat":"repeat","background-position":"center center","background-size":"auto","background-attachment":"scroll","background-type":"","background-media":"","overlay-type":"","overlay-color":"","overlay-opacity":"","overlay-gradient":""},"tablet":{"background-color":"","background-image":"","background-repeat":"repeat","background-position":"center center","background-size":"auto","background-attachment":"scroll","background-type":"","background-media":"","overlay-type":"","overlay-color":"","overlay-opacity":"","overlay-gradient":""},"mobile":{"background-color":"","background-image":"","background-repeat":"repeat","background-position":"center center","background-size":"auto","background-attachment":"scroll","background-type":"","background-media":"","overlay-type":"","overlay-color":"","overlay-opacity":"","overlay-gradient":""}},"ast-content-background-meta":{"desktop":{"background-color":"var(--ast-global-color-4)","background-image":"","background-repeat":"repeat","background-position":"center center","background-size":"auto","background-attachment":"scroll","background-type":"","background-media":"","overlay-type":"","overlay-color":"","overlay-opacity":"","overlay-gradient":""},"tablet":{"background-color":"var(--ast-global-color-4)","background-image":"","background-repeat":"repeat","background-position":"center center","background-size":"auto","background-attachment":"scroll","background-type":"","background-media":"","overlay-type":"","overlay-color":"","overlay-opacity":"","overlay-gradient":""},"mobile":{"background-color":"var(--ast-global-color-4)","background-image":"","background-repeat":"repeat","background-position":"center center","background-size":"auto","background-attachment":"scroll","background-type":"","background-media":"","overlay-type":"","overlay-color":"","overlay-opacity":"","overlay-gradient":""}}},"product_brand":[],"product_cat":[34],"product_tag":[],"class_list":{"0":"post-2040","1":"product","2":"type-product","3":"status-publish","4":"has-post-thumbnail","6":"product_cat-balti-pianinai","7":"desktop-align-center","8":"tablet-align-left","9":"mobile-align-left","10":"ast-product-gallery-layout-first-image-large","11":"ast-product-tabs-layout-horizontal","13":"first","14":"instock","15":"shipping-taxable","16":"purchasable","17":"product-type-simple"},"_links":{"self":[{"href":"https:\/\/pianinai.com\/et\/wp-json\/wp\/v2\/product\/2040","targetHints":{"allow":["GET"]}}],"collection":[{"href":"https:\/\/pianinai.com\/et\/wp-json\/wp\/v2\/product"}],"about":[{"href":"https:\/\/pianinai.com\/et\/wp-json\/wp\/v2\/types\/product"}],"version-history":[{"count":4,"href":"https:\/\/pianinai.com\/et\/wp-json\/wp\/v2\/product\/2040\/revisions"}],"predecessor-version":[{"id":4956,"href":"https:\/\/pianinai.com\/et\/wp-json\/wp\/v2\/product\/2040\/revisions\/4956"}],"wp:featuredmedia":[{"embeddable":true,"href":"https:\/\/pianinai.com\/et\/wp-json\/wp\/v2\/media\/2030"}],"wp:attachment":[{"href":"https:\/\/pianinai.com\/et\/wp-json\/wp\/v2\/media?parent=2040"}],"wp:term":[{"taxonomy":"product_brand","embeddable":true,"href":"https:\/\/pianinai.com\/et\/wp-json\/wp\/v2\/product_brand?post=2040"},{"taxonomy":"product_cat","embeddable":true,"href":"https:\/\/pianinai.com\/et\/wp-json\/wp\/v2\/product_cat?post=2040"},{"taxonomy":"product_tag","embeddable":true,"href":"https:\/\/pianinai.com\/et\/wp-json\/wp\/v2\/product_tag?post=2040"}],"curies":[{"name":"wp","href":"https:\/\/api.w.org\/{rel}","templated":true}]}}