{"id":347,"date":"2026-01-14T12:35:02","date_gmt":"2026-01-14T12:35:02","guid":{"rendered":"https:\/\/pianinai-com-174019.hostingersite.com\/?post_type=product&#038;p=347"},"modified":"2026-04-17T08:03:58","modified_gmt":"2026-04-17T08:03:58","slug":"c-bechstein","status":"publish","type":"product","link":"https:\/\/pianinai.com\/et\/pianinai\/c-bechstein\/","title":{"rendered":"Klaver &quot;C. Bechstein&quot;"},"content":{"rendered":"<div>\n<p><img fetchpriority=\"high\" decoding=\"async\" class=\"size-medium wp-image-3034\" src=\"https:\/\/pianinai.com\/wp-content\/uploads\/2025\/02\/3432F31B-7605-4001-9B84-D83F397F217C-300x169.jpeg\" alt=\"Bechstein\" width=\"300\" height=\"169\" srcset=\"https:\/\/pianinai.com\/wp-content\/uploads\/2025\/02\/3432F31B-7605-4001-9B84-D83F397F217C-300x169.jpeg 300w, https:\/\/pianinai.com\/wp-content\/uploads\/2025\/02\/3432F31B-7605-4001-9B84-D83F397F217C-scaled-1000x563.jpeg 1000w, https:\/\/pianinai.com\/wp-content\/uploads\/2025\/02\/3432F31B-7605-4001-9B84-D83F397F217C-1024x576.jpeg 1024w, https:\/\/pianinai.com\/wp-content\/uploads\/2025\/02\/3432F31B-7605-4001-9B84-D83F397F217C-768x432.jpeg 768w, https:\/\/pianinai.com\/wp-content\/uploads\/2025\/02\/3432F31B-7605-4001-9B84-D83F397F217C-1536x864.jpeg 1536w, https:\/\/pianinai.com\/wp-content\/uploads\/2025\/02\/3432F31B-7605-4001-9B84-D83F397F217C-2048x1152.jpeg 2048w, https:\/\/pianinai.com\/wp-content\/uploads\/2025\/02\/3432F31B-7605-4001-9B84-D83F397F217C-18x10.jpeg 18w\" sizes=\"(max-width: 300px) 100vw, 300px\" \/><\/p>\n<p>C. Bechstein on \u00fcks maailma prestii\u017esemaid klaveritootjaid, mis on tuntud oma erakordse ajaloo, meisterlikkuse ja v\u00f5rratu heli poolest. 1853. aastal Berliinis Saksamaal asutatud ettev\u00f5te on saanud k\u00f5rgeima kvaliteediga klaverite s\u00fcnon\u00fc\u00fcmiks. Allpool on toodud selle kaubam\u00e4rgi \u00fcksikasjalik ajalugu ja peamised eelised.<\/p>\n<\/div>\n<div>Ajalugu<\/div>\n<div>\u2022Asutamine: Carl Bechstein asutas C. Bechsteini 1853. aastal eesm\u00e4rgiga luua klavereid, mis vastaksid tolleaegsete virtuooside, n\u00e4iteks Franz Liszti, n\u00f5udmistele. Esimene avalik esinemine Bechsteini klaveriga toimus 1857. aastal, kui Hans von B\u00fclow esitas Liszti &quot;Sonaadi h-moll&quot;.<\/div>\n<div>\u2022Kasv: 1870. aastaks olid Bechsteini klaverid muutunud tavaliseks kontserdisaalides ja eramajades. Nende kvaliteeti tunnustati ja neid soovitasid sellised meistrid nagu Liszt ja von B\u00fclow.<\/div>\n<div>\u2022 Kuninglik patronaa\u017e: 1881. aastal hakkas Bechstein kuninganna Victoria \u00f5ukonda klavereid tarnima. Nende pillid muutusid hiljem populaarseks Euroopa kuningliku perekonna, sealhulgas Vene tsaaride ja Hispaania monarhide seas.<\/div>\n<div>\u202220. sajandi v\u00e4ljakutsed: Esimene ja Teine maailmas\u00f5da m\u00f5jutasid ettev\u00f5tet r\u00e4ngalt, kuid see suutis taastuda ja oma maine s\u00e4ilitada.<\/div>\n<div>\u2022Moderniseerimine: P\u00e4rast Teist maailmas\u00f5da ettev\u00f5te reorganiseeriti ja 1986. aastal omandas selle Karl Schulze, kes moderniseeris tootmist ja tugevdas kaubam\u00e4rki.<\/div>\n<div>Eelised<\/div>\n<div>1. V\u00f5rratu heli:<\/div>\n<div>\u2022 Bechsteini klaverid on tuntud oma sooja, rikkaliku ja harmooniliselt tasakaalustatud heli poolest.<\/div>\n<div>\u2022 Heli kirjeldatakse kui &quot;romantilist&quot;, mis teeb need eriti sobivaks klassikalise muusika jaoks.<\/div>\n<div>\u2022Kasutatakse k\u00f5rgeima kvaliteediga materjale, n\u00e4iteks Val di Fiemme orust p\u00e4rit punast kuuske (sama puit, mida kasutatakse Stradivari viiulite valmistamiseks).<\/div>\n<div>2. Meisterlikkus ja innovatsioon:<\/div>\n<div>\u2022Klaverid valmistatakse k\u00e4sitsi, j\u00e4rgides traditsioonilisi meetodeid, aga integreerides ka kaasaegseid tehnoloogiaid.<\/div>\n<div>\u2022Ettev\u00f5te toodab ise haamriotsi, tagades laitmatu kvaliteedi.<\/div>\n<div>\u2022Iga pill on ainulaadne, sest selle viimistlevad kogenud k\u00e4sit\u00f6\u00f6lised.<\/div>\n<div>3. Lai d\u00fcnaamiline ulatus:<\/div>\n<div>\u2022 Bechsteini klaverid v\u00f5imaldavad esitajatel heli \u00f5rnalt kontrollida \u2013 alates k\u00f5ige pehmematest n\u00fcanssidest kuni v\u00f5imsate akordideni.<\/div>\n<div>\u2022 Klaviatuur pakub suurep\u00e4rast tasakaalu tundlikkuse ja juhitavuse vahel.<\/div>\n<div>4. Disain ja esteetika:<\/div>\n<div>\u2022 Klaverid on elegantse disainiga, mis sobib nii klassikalisse interj\u00f6\u00f6ri kui ka moodsasse kodusse.<\/div>\n<div>\u2022 Mudelid on saadaval erinevates suurustes \u2013 kompaktklaveritest kuni kontsertklaveriteni.<\/div>\n<div>5. Usaldusv\u00e4\u00e4rsus ja vastupidavus:<\/div>\n<div>\u2022 K\u00f5rgeima kvaliteediga materjalid ja t\u00e4ppist\u00f6\u00f6tlus tagavad instrumendi pikaajalise kasutusea.<\/div>\n<div>\u2022Konstruktsioon sisaldab tugevdatud liigendeid ja spetsiaalseid raame vibratsiooni v\u00e4hendamiseks.<\/div>\n<div>6. Legendaarsete pianistide valik:<\/div>\n<div>\u2022Meistrid nagu Claude Debussy, Franz Liszt, Artur Schnabel ja Vladimir Ashkenazy valisid Bechsteini nende v\u00f5rratu k\u00f5la ja tundlikkuse t\u00f5ttu.<\/div>\n<div>P\u00e4rand<\/div>\n<div>C. Bechsteini klaverid ei ole lihtsalt pillid \u2013 need on kunstiteosed, mis \u00fchendavad traditsiooni ja modernsuse. Need klaverid ei vasta mitte ainult professionaalsete pianistide vajadustele, vaid on ka suurep\u00e4rane valik muusikas\u00f5pradele ja institutsioonidele \u00fcle maailma. Nende erakordne kvaliteet tagab neile koha maailma parimate klaveritootjate seas.<\/div>\n<div><\/div>\n<div><\/div>\n<div>\n<p><img decoding=\"async\" class=\"size-medium wp-image-3034 alignright\" src=\"https:\/\/pianinai.com\/wp-content\/uploads\/2025\/02\/3432F31B-7605-4001-9B84-D83F397F217C-300x169.jpeg\" alt=\"Bechstein\" width=\"300\" height=\"169\" srcset=\"https:\/\/pianinai.com\/wp-content\/uploads\/2025\/02\/3432F31B-7605-4001-9B84-D83F397F217C-300x169.jpeg 300w, https:\/\/pianinai.com\/wp-content\/uploads\/2025\/02\/3432F31B-7605-4001-9B84-D83F397F217C-scaled-1000x563.jpeg 1000w, https:\/\/pianinai.com\/wp-content\/uploads\/2025\/02\/3432F31B-7605-4001-9B84-D83F397F217C-1024x576.jpeg 1024w, https:\/\/pianinai.com\/wp-content\/uploads\/2025\/02\/3432F31B-7605-4001-9B84-D83F397F217C-768x432.jpeg 768w, https:\/\/pianinai.com\/wp-content\/uploads\/2025\/02\/3432F31B-7605-4001-9B84-D83F397F217C-1536x864.jpeg 1536w, https:\/\/pianinai.com\/wp-content\/uploads\/2025\/02\/3432F31B-7605-4001-9B84-D83F397F217C-2048x1152.jpeg 2048w, https:\/\/pianinai.com\/wp-content\/uploads\/2025\/02\/3432F31B-7605-4001-9B84-D83F397F217C-18x10.jpeg 18w\" sizes=\"(max-width: 300px) 100vw, 300px\" \/><\/p>\n<\/div>","protected":false},"excerpt":{"rendered":"<p>Seerianumber \u2013 38150<\/p>\n<p>Valmistatud Saksamaal<\/p>\n<p>V\u00e4rv \u2013 mahagon<\/p>\n<p>Mehhanism \u2013 \u201cC.Bechstein\u201d saksa keel<\/p>\n<p>Seisukord \u2013 Kasutatud<\/p>","protected":false},"featured_media":834,"template":"","meta":{"site-sidebar-layout":"default","site-content-layout":"","ast-site-content-layout":"default","site-content-style":"default","site-sidebar-style":"default","ast-global-header-display":"","ast-banner-title-visibility":"","ast-main-header-display":"","ast-hfb-above-header-display":"","ast-hfb-below-header-display":"","ast-hfb-mobile-header-display":"","site-post-title":"","ast-breadcrumbs-content":"","ast-featured-img":"","footer-sml-layout":"","theme-transparent-header-meta":"default","adv-header-id-meta":"","stick-header-meta":"default","header-above-stick-meta":"","header-main-stick-meta":"","header-below-stick-meta":"","astra-migrate-meta-layouts":"set","ast-page-background-enabled":"default","ast-page-background-meta":{"desktop":{"background-color":"var(--ast-global-color-5)","background-image":"","background-repeat":"repeat","background-position":"center center","background-size":"auto","background-attachment":"scroll","background-type":"","background-media":"","overlay-type":"","overlay-color":"","overlay-opacity":"","overlay-gradient":""},"tablet":{"background-color":"","background-image":"","background-repeat":"repeat","background-position":"center center","background-size":"auto","background-attachment":"scroll","background-type":"","background-media":"","overlay-type":"","overlay-color":"","overlay-opacity":"","overlay-gradient":""},"mobile":{"background-color":"","background-image":"","background-repeat":"repeat","background-position":"center center","background-size":"auto","background-attachment":"scroll","background-type":"","background-media":"","overlay-type":"","overlay-color":"","overlay-opacity":"","overlay-gradient":""}},"ast-content-background-meta":{"desktop":{"background-color":"var(--ast-global-color-4)","background-image":"","background-repeat":"repeat","background-position":"center center","background-size":"auto","background-attachment":"scroll","background-type":"","background-media":"","overlay-type":"","overlay-color":"","overlay-opacity":"","overlay-gradient":""},"tablet":{"background-color":"var(--ast-global-color-4)","background-image":"","background-repeat":"repeat","background-position":"center center","background-size":"auto","background-attachment":"scroll","background-type":"","background-media":"","overlay-type":"","overlay-color":"","overlay-opacity":"","overlay-gradient":""},"mobile":{"background-color":"var(--ast-global-color-4)","background-image":"","background-repeat":"repeat","background-position":"center center","background-size":"auto","background-attachment":"scroll","background-type":"","background-media":"","overlay-type":"","overlay-color":"","overlay-opacity":"","overlay-gradient":""}}},"product_brand":[],"product_cat":[31],"product_tag":[],"class_list":{"0":"post-347","1":"product","2":"type-product","3":"status-publish","4":"has-post-thumbnail","6":"product_cat-rudi-pianinai","7":"desktop-align-center","8":"tablet-align-left","9":"mobile-align-left","10":"ast-product-gallery-layout-first-image-large","11":"ast-product-tabs-layout-horizontal","13":"first","14":"instock","15":"shipping-taxable","16":"purchasable","17":"product-type-simple"},"_links":{"self":[{"href":"https:\/\/pianinai.com\/et\/wp-json\/wp\/v2\/product\/347","targetHints":{"allow":["GET"]}}],"collection":[{"href":"https:\/\/pianinai.com\/et\/wp-json\/wp\/v2\/product"}],"about":[{"href":"https:\/\/pianinai.com\/et\/wp-json\/wp\/v2\/types\/product"}],"version-history":[{"count":1,"href":"https:\/\/pianinai.com\/et\/wp-json\/wp\/v2\/product\/347\/revisions"}],"predecessor-version":[{"id":5304,"href":"https:\/\/pianinai.com\/et\/wp-json\/wp\/v2\/product\/347\/revisions\/5304"}],"wp:featuredmedia":[{"embeddable":true,"href":"https:\/\/pianinai.com\/et\/wp-json\/wp\/v2\/media\/834"}],"wp:attachment":[{"href":"https:\/\/pianinai.com\/et\/wp-json\/wp\/v2\/media?parent=347"}],"wp:term":[{"taxonomy":"product_brand","embeddable":true,"href":"https:\/\/pianinai.com\/et\/wp-json\/wp\/v2\/product_brand?post=347"},{"taxonomy":"product_cat","embeddable":true,"href":"https:\/\/pianinai.com\/et\/wp-json\/wp\/v2\/product_cat?post=347"},{"taxonomy":"product_tag","embeddable":true,"href":"https:\/\/pianinai.com\/et\/wp-json\/wp\/v2\/product_tag?post=347"}],"curies":[{"name":"wp","href":"https:\/\/api.w.org\/{rel}","templated":true}]}}