{"id":368,"date":"2021-10-14T13:08:12","date_gmt":"2021-10-14T13:08:12","guid":{"rendered":"https:\/\/pianinai-com-174019.hostingersite.com\/?post_type=product&#038;p=368"},"modified":"2025-06-05T10:45:56","modified_gmt":"2025-06-05T10:45:56","slug":"yamaha-u300s","status":"publish","type":"product","link":"https:\/\/pianinai.com\/et\/pianinai\/yamaha-u300s\/","title":{"rendered":"Klaver &quot;Yamaha U300S&quot;"},"content":{"rendered":"<p><img fetchpriority=\"high\" decoding=\"async\" class=\"wp-image-3040 aligncenter\" src=\"https:\/\/pianinai.com\/wp-content\/uploads\/2025\/02\/3FC4177C-992A-49FF-ADDD-45E66DA7FA35-300x169.jpeg\" alt=\"Yamaha\" width=\"367\" height=\"207\" srcset=\"https:\/\/pianinai.com\/wp-content\/uploads\/2025\/02\/3FC4177C-992A-49FF-ADDD-45E66DA7FA35-300x169.jpeg 300w, https:\/\/pianinai.com\/wp-content\/uploads\/2025\/02\/3FC4177C-992A-49FF-ADDD-45E66DA7FA35-scaled-1000x563.jpeg 1000w, https:\/\/pianinai.com\/wp-content\/uploads\/2025\/02\/3FC4177C-992A-49FF-ADDD-45E66DA7FA35-1024x576.jpeg 1024w, https:\/\/pianinai.com\/wp-content\/uploads\/2025\/02\/3FC4177C-992A-49FF-ADDD-45E66DA7FA35-768x432.jpeg 768w, https:\/\/pianinai.com\/wp-content\/uploads\/2025\/02\/3FC4177C-992A-49FF-ADDD-45E66DA7FA35-1536x864.jpeg 1536w, https:\/\/pianinai.com\/wp-content\/uploads\/2025\/02\/3FC4177C-992A-49FF-ADDD-45E66DA7FA35-2048x1152.jpeg 2048w, https:\/\/pianinai.com\/wp-content\/uploads\/2025\/02\/3FC4177C-992A-49FF-ADDD-45E66DA7FA35-18x10.jpeg 18w\" sizes=\"(max-width: 367px) 100vw, 367px\" \/><\/p>\n<p>&nbsp;<\/p>\n<h5>Yamaha U300S Silent on tipptasemel akustiline klaver, mis \u00fchendab rikkaliku akustilise heli t\u00e4iustatud Silent-tehnoloogiaga. See mudel v\u00f5imaldab teil nautida traditsioonilist klaveriheli ja vajadusel m\u00e4ngida vaikselt k\u00f5rvaklappide abil, ilma teisi h\u00e4irimata. Suurep\u00e4rane valik ambitsioonikatele pianistidele, kes otsivad kvaliteeti ja mitmek\u00fclgsust.<\/h5>\n<h5><\/h5>\n<p>&nbsp;<\/p>\n<h5><\/h5>\n<h5>Peamised omadused:<\/h5>\n<p>&nbsp;<\/p>\n<p>&nbsp;<\/p>\n<p>&nbsp;<\/p>\n<ul>\n<li>\n<h6>Rikkalik akustiline heli: 131 cm k\u00f5rgune korpus pikemate basskeeltega annab s\u00fcgava ja resonantse heli, mis on v\u00f5rreldav v\u00e4ikeste klaveritega.<\/h6>\n<\/li>\n<\/ul>\n<h6><\/h6>\n<h6><\/h6>\n<ul>\n<li>\n<h6>Vaikne tehnoloogia: Vaikses re\u017eiimis j\u00e4\u00e4dvustavad klahvide liigutusi optilised andurid ja heli taasesitatakse k\u00f5rvaklappide kaudu, kasutades Yamaha CFX kontsertklaveri kvaliteetseid digitaalseid s\u00e4mpleid. See v\u00f5imaldab teil m\u00e4ngida igal ajal teisi h\u00e4irimata.<\/h6>\n<\/li>\n<\/ul>\n<h6><\/h6>\n<h6><\/h6>\n<ul>\n<li>\n<h6>Binauralheli: Vaikse re\u017eiimi binauralheli tehnoloogia pakub loomulikku ja ruumilist heli, mis tundub tulevat otse klaverist.<\/h6>\n<\/li>\n<\/ul>\n<h6><\/h6>\n<h6><\/h6>\n<ul>\n<li>\n<h6>Kindel konstruktsioon: Klaver on valmistatud k\u00f5rgeima kvaliteediga materjalidest, sealhulgas kuuse k\u00f5lalaudadest, vahtrast sillaosadest ja V-Pro malmist raamist, mis tagab vastupidavuse ja stabiilse heli.<\/h6>\n<\/li>\n<\/ul>\n<h6><\/h6>\n<h6><\/h6>\n<ul>\n<li>\n<h6>Mugav mehaanika: Yamaha patenteeritud alumiiniumisulamist mehaanika tagab stabiilse klahvivastuse olenemata ilmastikutingimustest.<\/h6>\n<\/li>\n<\/ul>\n<p>&nbsp;<\/p>\n<h5>Milleks Yamaha U300S Silent on m\u00f5eldud?<\/h5>\n<p>&nbsp;<\/p>\n<h6>See mudel sobib ideaalselt nii professionaalsetele esinejatele kui ka edasij\u00f5udnud pianistidele (tase 8 ja k\u00f5rgem). Vaikne funktsioon v\u00f5imaldab teil harjutada igal ajal ilma m\u00fcrata, mist\u00f5ttu on see ideaalne valik neile, kes elavad kortermajades v\u00f5i kellel on p\u00e4eval m\u00e4ngimiseks v\u00e4he aega.<\/h6>\n<p>&nbsp;<\/p>\n<h5>Miks valida Yamaha U300S Silent?<\/h5>\n<p>&nbsp;<\/p>\n<h6>Yamaha U300S Silent on kompromissitu pill. See \u00fchendab rikkaliku akustilise heli moodsa tehnoloogiaga, mis v\u00f5imaldab teil vaikselt m\u00e4ngida, kaotamata loomulikku heli. See klaver on investeering kvaliteeti ja mitmek\u00fclgsusesse, mis kestab aastaid.<\/h6>\n<p>&nbsp;<\/p>\n<h6>Avasta Yamaha U300S Silent - klaver, mis kohandub sinu elustiiliga!<\/h6>\n<p>&nbsp;<\/p>\n<p><img fetchpriority=\"high\" decoding=\"async\" class=\"wp-image-3040 aligncenter\" src=\"https:\/\/pianinai.com\/wp-content\/uploads\/2025\/02\/3FC4177C-992A-49FF-ADDD-45E66DA7FA35-300x169.jpeg\" alt=\"Yamaha\" width=\"367\" height=\"207\" srcset=\"https:\/\/pianinai.com\/wp-content\/uploads\/2025\/02\/3FC4177C-992A-49FF-ADDD-45E66DA7FA35-300x169.jpeg 300w, https:\/\/pianinai.com\/wp-content\/uploads\/2025\/02\/3FC4177C-992A-49FF-ADDD-45E66DA7FA35-scaled-1000x563.jpeg 1000w, https:\/\/pianinai.com\/wp-content\/uploads\/2025\/02\/3FC4177C-992A-49FF-ADDD-45E66DA7FA35-1024x576.jpeg 1024w, https:\/\/pianinai.com\/wp-content\/uploads\/2025\/02\/3FC4177C-992A-49FF-ADDD-45E66DA7FA35-768x432.jpeg 768w, https:\/\/pianinai.com\/wp-content\/uploads\/2025\/02\/3FC4177C-992A-49FF-ADDD-45E66DA7FA35-1536x864.jpeg 1536w, https:\/\/pianinai.com\/wp-content\/uploads\/2025\/02\/3FC4177C-992A-49FF-ADDD-45E66DA7FA35-2048x1152.jpeg 2048w, https:\/\/pianinai.com\/wp-content\/uploads\/2025\/02\/3FC4177C-992A-49FF-ADDD-45E66DA7FA35-18x10.jpeg 18w\" sizes=\"(max-width: 367px) 100vw, 367px\" \/><\/p>","protected":false},"excerpt":{"rendered":"<p>Seerianumber \u2013 5362514<\/p>\n<p>Valmistatud Jaapanis<\/p>\n<p>V\u00e4rv \u2013 must, l\u00e4ikiv<\/p>\n<p>Mehaanikud \u2013 Jaapani \u201eYamaha\u201d<\/p>\n<p>Seisukord \u2013 Kasutatud<\/p>","protected":false},"featured_media":875,"template":"","meta":{"site-sidebar-layout":"default","site-content-layout":"","ast-site-content-layout":"default","site-content-style":"default","site-sidebar-style":"default","ast-global-header-display":"","ast-banner-title-visibility":"","ast-main-header-display":"","ast-hfb-above-header-display":"","ast-hfb-below-header-display":"","ast-hfb-mobile-header-display":"","site-post-title":"","ast-breadcrumbs-content":"","ast-featured-img":"","footer-sml-layout":"","theme-transparent-header-meta":"default","adv-header-id-meta":"","stick-header-meta":"","header-above-stick-meta":"","header-main-stick-meta":"","header-below-stick-meta":"","astra-migrate-meta-layouts":"set","ast-page-background-enabled":"default","ast-page-background-meta":{"desktop":{"background-color":"var(--ast-global-color-5)","background-image":"","background-repeat":"repeat","background-position":"center center","background-size":"auto","background-attachment":"scroll","background-type":"","background-media":"","overlay-type":"","overlay-color":"","overlay-opacity":"","overlay-gradient":""},"tablet":{"background-color":"","background-image":"","background-repeat":"repeat","background-position":"center center","background-size":"auto","background-attachment":"scroll","background-type":"","background-media":"","overlay-type":"","overlay-color":"","overlay-opacity":"","overlay-gradient":""},"mobile":{"background-color":"","background-image":"","background-repeat":"repeat","background-position":"center center","background-size":"auto","background-attachment":"scroll","background-type":"","background-media":"","overlay-type":"","overlay-color":"","overlay-opacity":"","overlay-gradient":""}},"ast-content-background-meta":{"desktop":{"background-color":"var(--ast-global-color-4)","background-image":"","background-repeat":"repeat","background-position":"center center","background-size":"auto","background-attachment":"scroll","background-type":"","background-media":"","overlay-type":"","overlay-color":"","overlay-opacity":"","overlay-gradient":""},"tablet":{"background-color":"var(--ast-global-color-4)","background-image":"","background-repeat":"repeat","background-position":"center center","background-size":"auto","background-attachment":"scroll","background-type":"","background-media":"","overlay-type":"","overlay-color":"","overlay-opacity":"","overlay-gradient":""},"mobile":{"background-color":"var(--ast-global-color-4)","background-image":"","background-repeat":"repeat","background-position":"center center","background-size":"auto","background-attachment":"scroll","background-type":"","background-media":"","overlay-type":"","overlay-color":"","overlay-opacity":"","overlay-gradient":""}}},"product_brand":[],"product_cat":[35],"product_tag":[],"class_list":{"0":"post-368","1":"product","2":"type-product","3":"status-publish","4":"has-post-thumbnail","6":"product_cat-juodi-pianinai","7":"desktop-align-center","8":"tablet-align-left","9":"mobile-align-left","10":"ast-product-gallery-layout-first-image-large","11":"ast-product-tabs-layout-horizontal","13":"first","14":"instock","15":"shipping-taxable","16":"purchasable","17":"product-type-simple"},"_links":{"self":[{"href":"https:\/\/pianinai.com\/et\/wp-json\/wp\/v2\/product\/368","targetHints":{"allow":["GET"]}}],"collection":[{"href":"https:\/\/pianinai.com\/et\/wp-json\/wp\/v2\/product"}],"about":[{"href":"https:\/\/pianinai.com\/et\/wp-json\/wp\/v2\/types\/product"}],"version-history":[{"count":5,"href":"https:\/\/pianinai.com\/et\/wp-json\/wp\/v2\/product\/368\/revisions"}],"predecessor-version":[{"id":4595,"href":"https:\/\/pianinai.com\/et\/wp-json\/wp\/v2\/product\/368\/revisions\/4595"}],"wp:featuredmedia":[{"embeddable":true,"href":"https:\/\/pianinai.com\/et\/wp-json\/wp\/v2\/media\/875"}],"wp:attachment":[{"href":"https:\/\/pianinai.com\/et\/wp-json\/wp\/v2\/media?parent=368"}],"wp:term":[{"taxonomy":"product_brand","embeddable":true,"href":"https:\/\/pianinai.com\/et\/wp-json\/wp\/v2\/product_brand?post=368"},{"taxonomy":"product_cat","embeddable":true,"href":"https:\/\/pianinai.com\/et\/wp-json\/wp\/v2\/product_cat?post=368"},{"taxonomy":"product_tag","embeddable":true,"href":"https:\/\/pianinai.com\/et\/wp-json\/wp\/v2\/product_tag?post=368"}],"curies":[{"name":"wp","href":"https:\/\/api.w.org\/{rel}","templated":true}]}}