{"id":4942,"date":"2025-06-05T11:44:32","date_gmt":"2025-06-05T11:44:32","guid":{"rendered":"https:\/\/pianinai.com\/?post_type=product&#038;p=4942"},"modified":"2025-10-31T08:43:19","modified_gmt":"2025-10-31T08:43:19","slug":"pianinas-sauter","status":"publish","type":"product","link":"https:\/\/pianinai.com\/et\/pianinai\/pianinas-sauter\/","title":{"rendered":"Klaver &quot;Sauter&quot;"},"content":{"rendered":"<p><img fetchpriority=\"high\" decoding=\"async\" class=\"size-medium wp-image-4943 aligncenter\" src=\"https:\/\/pianinai.com\/wp-content\/uploads\/2025\/06\/D5D58357-72E0-4669-8619-A5BC7E2E343D-300x169.png\" alt=\"Sauter \" width=\"300\" height=\"169\" srcset=\"https:\/\/pianinai.com\/wp-content\/uploads\/2025\/06\/D5D58357-72E0-4669-8619-A5BC7E2E343D-300x169.png 300w, https:\/\/pianinai.com\/wp-content\/uploads\/2025\/06\/D5D58357-72E0-4669-8619-A5BC7E2E343D-1024x576.png 1024w, https:\/\/pianinai.com\/wp-content\/uploads\/2025\/06\/D5D58357-72E0-4669-8619-A5BC7E2E343D-768x432.png 768w, https:\/\/pianinai.com\/wp-content\/uploads\/2025\/06\/D5D58357-72E0-4669-8619-A5BC7E2E343D-1536x864.png 1536w, https:\/\/pianinai.com\/wp-content\/uploads\/2025\/06\/D5D58357-72E0-4669-8619-A5BC7E2E343D-2048x1152.png 2048w, https:\/\/pianinai.com\/wp-content\/uploads\/2025\/06\/D5D58357-72E0-4669-8619-A5BC7E2E343D-18x10.png 18w, https:\/\/pianinai.com\/wp-content\/uploads\/2025\/06\/D5D58357-72E0-4669-8619-A5BC7E2E343D-1000x562.png 1000w\" sizes=\"(max-width: 300px) 100vw, 300px\" \/><\/p>\n<p>&nbsp;<\/p>\n<h5 data-sourcepos=\"2:1-2:70\">Sauteri klaverid: luksus, innovatsioon ja erakordne kompaktsus<\/h5>\n<p>&nbsp;<\/p>\n<p data-sourcepos=\"4:1-4:322\"><strong>Sauteri klaverid ei ole lihtsalt muusikariistad, vaid need on Saksa innovatsiooni, luksuse ja laitmatu heli s\u00fcntees. Alates asutamisest 1819. aastal on Sauter p\u00fc\u00fcdnud t\u00e4iuslikkuse poole, luues instrumente, mis vastavad k\u00f5rgeimatele standarditele ja r\u00f5\u00f5mustavad isegi k\u00f5ige n\u00f5udlikumaid pianiste. Siin on see, mis eristab Sauteri klavereid teistest:<\/strong><\/p>\n<p>&nbsp;<\/p>\n<ul data-sourcepos=\"6:1-15:0\">\n<li data-sourcepos=\"6:1-7:0\">\n<p data-sourcepos=\"6:3-6:323\"><strong>Pikaajaline traditsioon ja k\u00e4sit\u00f6\u00f6oskus:<\/strong> Kuigi Sauter pole Saksamaa vanim tootja, on ettev\u00f5ttel peaaegu kahe sajandi pikkune kogemus ja p\u00f5lvest p\u00f5lve edasi antud teadmised. Iga klaver on hoolikalt k\u00e4sitsi valmistatud, kasutades ainult k\u00f5rgeima kvaliteediga materjale, tagades vastupidavuse ja t\u00f6\u00f6kindluse.<\/p>\n<\/li>\n<\/ul>\n<p>&nbsp;<\/p>\n<ul data-sourcepos=\"6:1-15:0\">\n<li data-sourcepos=\"8:1-9:0\">\n<p data-sourcepos=\"8:3-8:338\"><strong>Renneri mehaanika \u2013 t\u00e4psus ja t\u00f6\u00f6kindlus:<\/strong> Sauteri klaverid on varustatud tunnustatud <strong>Renneri mehaanika<\/strong>, mis on klaveritootmise etalon. See mehhanism tagab \u00e4\u00e4rmiselt t\u00e4pse klahvide l\u00f6\u00f6gi, optimaalse tundlikkuse ja reageerimisv\u00f5ime, v\u00f5imaldades pianistidel saavutada laia d\u00fcnaamilist ulatust ja juhtida heli maksimaalse t\u00e4psusega.<\/p>\n<\/li>\n<\/ul>\n<p>&nbsp;<\/p>\n<ul data-sourcepos=\"6:1-15:0\">\n<li data-sourcepos=\"10:1-11:0\">\n<p data-sourcepos=\"10:3-10:482\"><strong>Innovatiivne R2 topeltkordusfunktsioon:<\/strong> \u00dcks Sauteri ainulaadsetest uuendustest on <strong>patenteeritud R2 topeltkorduse funktsioon<\/strong>See mehhanism, mida leidub paljudes Sauteri mudelites, annab pillidele erakordse klahvide tagastuskiiruse ja v\u00f5imaldab noote korrata ilma klahvi t\u00e4ielikult vabastamata, mis on v\u00f5rreldav kontsertklaveri v\u00f5imalustega. See v\u00f5imaldab pianistidel esitada k\u00f5ige keerukamaid partiisid erakordse t\u00e4psuse ja virtuoossusega.<\/p>\n<\/li>\n<\/ul>\n<p>&nbsp;<\/p>\n<ul data-sourcepos=\"6:1-15:0\">\n<li data-sourcepos=\"12:1-13:0\">\n<p data-sourcepos=\"12:3-12:331\"><strong>Kompaktne disain:<\/strong> Sauter m\u00f5istab suurep\u00e4raselt moodsate ruumide vajadusi, seega pakub see elegantset ja <strong>kompaktsed klaverimudelid<\/strong>, mis sobivad ideaalselt v\u00e4iksematesse ruumidesse v\u00f5i moodsasse interj\u00f6\u00f6ri. Vaatamata kompaktsele suurusele s\u00e4ilitavad need klaverid kogu Sauterile omase helikvaliteedi ja mehaanilise t\u00e4psuse.<\/p>\n<\/li>\n<\/ul>\n<p>&nbsp;<\/p>\n<ul data-sourcepos=\"6:1-15:0\">\n<li data-sourcepos=\"14:1-15:0\">\n<p data-sourcepos=\"14:3-14:449\"><strong>Ainulaadne t\u00e4mber \u2013 rikkalik ja selge heli:<\/strong> Sauteri klaveritel on iseloomulik ja kergesti \u00e4ratuntav heli. <strong>t\u00e4mber<\/strong>Nende heli on rikkalik, soe, s\u00fcgav ja n\u00fcansirikas. Bass resoneerib v\u00f5imsalt ning k\u00f5rged noodid kiirgavad l\u00e4bipaistvust ja pikaealisust. T\u00e4nu \u201eSf\u00e4\u00e4rilise n\u00f5gususe\u201c resonantsk\u00f5lale ja k\u00f5rgeima kvaliteediga materjalide valikule paljastab iga noot oma ilu ja harmoonia, pakkudes unustamatu muusikalise elamuse.<\/p>\n<\/li>\n<\/ul>\n<p>&nbsp;<\/p>\n<h5 data-sourcepos=\"16:1-17:3\"><\/h5>\n<h5 data-sourcepos=\"16:1-17:3\">Sauteri klaver ei ole lihtsalt pill, vaid investeering saksa t\u00e4psusesse, innovatsiooni ja muusikalisse teekonda, mis pakub teile r\u00f5\u00f5mu veel aastaid.<\/h5>\n<h5 data-sourcepos=\"16:1-17:3\"><\/h5>\n<h5 data-sourcepos=\"16:1-17:3\"><img fetchpriority=\"high\" decoding=\"async\" class=\"size-medium wp-image-4943 aligncenter\" src=\"https:\/\/pianinai.com\/wp-content\/uploads\/2025\/06\/D5D58357-72E0-4669-8619-A5BC7E2E343D-300x169.png\" alt=\"Sauter \" width=\"300\" height=\"169\" srcset=\"https:\/\/pianinai.com\/wp-content\/uploads\/2025\/06\/D5D58357-72E0-4669-8619-A5BC7E2E343D-300x169.png 300w, https:\/\/pianinai.com\/wp-content\/uploads\/2025\/06\/D5D58357-72E0-4669-8619-A5BC7E2E343D-1024x576.png 1024w, https:\/\/pianinai.com\/wp-content\/uploads\/2025\/06\/D5D58357-72E0-4669-8619-A5BC7E2E343D-768x432.png 768w, https:\/\/pianinai.com\/wp-content\/uploads\/2025\/06\/D5D58357-72E0-4669-8619-A5BC7E2E343D-1536x864.png 1536w, https:\/\/pianinai.com\/wp-content\/uploads\/2025\/06\/D5D58357-72E0-4669-8619-A5BC7E2E343D-2048x1152.png 2048w, https:\/\/pianinai.com\/wp-content\/uploads\/2025\/06\/D5D58357-72E0-4669-8619-A5BC7E2E343D-18x10.png 18w, https:\/\/pianinai.com\/wp-content\/uploads\/2025\/06\/D5D58357-72E0-4669-8619-A5BC7E2E343D-1000x562.png 1000w\" sizes=\"(max-width: 300px) 100vw, 300px\" \/><\/h5>\n<p>&nbsp;<\/p>","protected":false},"excerpt":{"rendered":"<p>Seerianumber \u2013 57174<\/p>\n<p>Valmistatud Saksamaal<\/p>\n<p>V\u00e4rv \u2013 must, matt<\/p>\n<p>Mehaanikud \u2013 \u201eRENNER\u201d saksa keeles<\/p>\n<p>Seisukord \u2013 Kasutatud<\/p>","protected":false},"featured_media":4891,"template":"","meta":{"site-sidebar-layout":"default","site-content-layout":"","ast-site-content-layout":"default","site-content-style":"default","site-sidebar-style":"default","ast-global-header-display":"","ast-banner-title-visibility":"","ast-main-header-display":"","ast-hfb-above-header-display":"","ast-hfb-below-header-display":"","ast-hfb-mobile-header-display":"","site-post-title":"","ast-breadcrumbs-content":"","ast-featured-img":"","footer-sml-layout":"","theme-transparent-header-meta":"default","adv-header-id-meta":"","stick-header-meta":"","header-above-stick-meta":"","header-main-stick-meta":"","header-below-stick-meta":"","astra-migrate-meta-layouts":"set","ast-page-background-enabled":"default","ast-page-background-meta":{"desktop":{"background-color":"var(--ast-global-color-5)","background-image":"","background-repeat":"repeat","background-position":"center center","background-size":"auto","background-attachment":"scroll","background-type":"","background-media":"","overlay-type":"","overlay-color":"","overlay-opacity":"","overlay-gradient":""},"tablet":{"background-color":"","background-image":"","background-repeat":"repeat","background-position":"center center","background-size":"auto","background-attachment":"scroll","background-type":"","background-media":"","overlay-type":"","overlay-color":"","overlay-opacity":"","overlay-gradient":""},"mobile":{"background-color":"","background-image":"","background-repeat":"repeat","background-position":"center center","background-size":"auto","background-attachment":"scroll","background-type":"","background-media":"","overlay-type":"","overlay-color":"","overlay-opacity":"","overlay-gradient":""}},"ast-content-background-meta":{"desktop":{"background-color":"var(--ast-global-color-4)","background-image":"","background-repeat":"repeat","background-position":"center center","background-size":"auto","background-attachment":"scroll","background-type":"","background-media":"","overlay-type":"","overlay-color":"","overlay-opacity":"","overlay-gradient":""},"tablet":{"background-color":"var(--ast-global-color-4)","background-image":"","background-repeat":"repeat","background-position":"center center","background-size":"auto","background-attachment":"scroll","background-type":"","background-media":"","overlay-type":"","overlay-color":"","overlay-opacity":"","overlay-gradient":""},"mobile":{"background-color":"var(--ast-global-color-4)","background-image":"","background-repeat":"repeat","background-position":"center center","background-size":"auto","background-attachment":"scroll","background-type":"","background-media":"","overlay-type":"","overlay-color":"","overlay-opacity":"","overlay-gradient":""}}},"product_brand":[],"product_cat":[35],"product_tag":[],"class_list":{"0":"post-4942","1":"product","2":"type-product","3":"status-publish","4":"has-post-thumbnail","6":"product_cat-juodi-pianinai","7":"desktop-align-center","8":"tablet-align-left","9":"mobile-align-left","10":"ast-product-gallery-layout-first-image-large","11":"ast-product-tabs-layout-horizontal","13":"first","14":"outofstock","15":"shipping-taxable","16":"purchasable","17":"product-type-simple"},"_links":{"self":[{"href":"https:\/\/pianinai.com\/et\/wp-json\/wp\/v2\/product\/4942","targetHints":{"allow":["GET"]}}],"collection":[{"href":"https:\/\/pianinai.com\/et\/wp-json\/wp\/v2\/product"}],"about":[{"href":"https:\/\/pianinai.com\/et\/wp-json\/wp\/v2\/types\/product"}],"version-history":[{"count":8,"href":"https:\/\/pianinai.com\/et\/wp-json\/wp\/v2\/product\/4942\/revisions"}],"predecessor-version":[{"id":5015,"href":"https:\/\/pianinai.com\/et\/wp-json\/wp\/v2\/product\/4942\/revisions\/5015"}],"wp:featuredmedia":[{"embeddable":true,"href":"https:\/\/pianinai.com\/et\/wp-json\/wp\/v2\/media\/4891"}],"wp:attachment":[{"href":"https:\/\/pianinai.com\/et\/wp-json\/wp\/v2\/media?parent=4942"}],"wp:term":[{"taxonomy":"product_brand","embeddable":true,"href":"https:\/\/pianinai.com\/et\/wp-json\/wp\/v2\/product_brand?post=4942"},{"taxonomy":"product_cat","embeddable":true,"href":"https:\/\/pianinai.com\/et\/wp-json\/wp\/v2\/product_cat?post=4942"},{"taxonomy":"product_tag","embeddable":true,"href":"https:\/\/pianinai.com\/et\/wp-json\/wp\/v2\/product_tag?post=4942"}],"curies":[{"name":"wp","href":"https:\/\/api.w.org\/{rel}","templated":true}]}}