{"id":4963,"date":"2025-06-05T12:21:48","date_gmt":"2025-06-05T12:21:48","guid":{"rendered":"https:\/\/pianinai.com\/?post_type=product&#038;p=4963"},"modified":"2025-09-25T12:33:21","modified_gmt":"2025-09-25T12:33:21","slug":"pianinas-ibach-5","status":"publish","type":"product","link":"https:\/\/pianinai.com\/et\/pianinai\/pianinas-ibach-5\/","title":{"rendered":"Klaver &quot;Ibach&quot;"},"content":{"rendered":"<p>&nbsp;<\/p>\n<p><img fetchpriority=\"high\" decoding=\"async\" class=\"size-medium wp-image-4932 aligncenter\" src=\"https:\/\/pianinai.com\/wp-content\/uploads\/2025\/06\/01E23D52-9E74-4C42-A3AC-2C7D273ACD4A-300x169.png\" alt=\"Ibach\" width=\"300\" height=\"169\" srcset=\"https:\/\/pianinai.com\/wp-content\/uploads\/2025\/06\/01E23D52-9E74-4C42-A3AC-2C7D273ACD4A-300x169.png 300w, https:\/\/pianinai.com\/wp-content\/uploads\/2025\/06\/01E23D52-9E74-4C42-A3AC-2C7D273ACD4A-1024x576.png 1024w, https:\/\/pianinai.com\/wp-content\/uploads\/2025\/06\/01E23D52-9E74-4C42-A3AC-2C7D273ACD4A-768x432.png 768w, https:\/\/pianinai.com\/wp-content\/uploads\/2025\/06\/01E23D52-9E74-4C42-A3AC-2C7D273ACD4A-1536x864.png 1536w, https:\/\/pianinai.com\/wp-content\/uploads\/2025\/06\/01E23D52-9E74-4C42-A3AC-2C7D273ACD4A-2048x1152.png 2048w, https:\/\/pianinai.com\/wp-content\/uploads\/2025\/06\/01E23D52-9E74-4C42-A3AC-2C7D273ACD4A-18x10.png 18w, https:\/\/pianinai.com\/wp-content\/uploads\/2025\/06\/01E23D52-9E74-4C42-A3AC-2C7D273ACD4A-1000x562.png 1000w\" sizes=\"(max-width: 300px) 100vw, 300px\" \/><\/p>\n<p>&nbsp;<\/p>\n<h5 data-sourcepos=\"2:1-2:62\"><\/h5>\n<h5 data-sourcepos=\"2:1-2:62\">Ibachi klaverid: ajatu kvaliteet ja laitmatu heli<\/h5>\n<p>&nbsp;<\/p>\n<p data-sourcepos=\"4:1-4:295\">Ibachi klaverid ei ole lihtsalt muusikariistad, vaid ka prestii\u017ese Saksa traditsiooni, hoolika k\u00e4sit\u00f6\u00f6 ja erakordse kvaliteedi s\u00fcmbol. Ibach asutati 1794. aastal. <strong>Saksamaa vanim klaveritootja<\/strong>, mis on oma vastupidavuse ja suurep\u00e4rase heli poolest teeninud \u00fclemaailmse maine.<\/p>\n<h5 data-sourcepos=\"6:1-6:154\">Iga Ibachi klaver on hoolikalt valmistatud, et tagada k\u00f5rgeimad standardid. Seet\u00f5ttu hinnatakse Ibachi klavereid kogu maailmas:<\/h5>\n<p>&nbsp;<\/p>\n<p>&nbsp;<\/p>\n<ul data-sourcepos=\"8:1-12:0\">\n<li data-sourcepos=\"8:1-8:229\"><strong>Pikaajaline traditsioon ja kogemus:<\/strong> Saksamaa vanima tootjana rakendab Ibach iga instrumendi loomisel sajandeid kogemusi, tagades usaldusv\u00e4\u00e4rsuse, vastupidavuse ja meisterlikkuse, mis antakse edasi p\u00f5lvest p\u00f5lve.<\/li>\n<\/ul>\n<p>&nbsp;<\/p>\n<ul data-sourcepos=\"8:1-12:0\">\n<li data-sourcepos=\"9:1-9:312\"><strong>Renneri mehaaniline t\u00e4psus:<\/strong> Ibachi klaveritel on kuulsad <strong>Renneri mehaanika<\/strong>, mida peetakse \u00fcheks maailma parimaks. See mehhanism tagab t\u00e4pse klahvide mehhanismi, erakordse helitundlikkuse ning v\u00f5imaldab pianistidel saavutada laia d\u00fcnaamilise ulatuse ja t\u00e4iusliku helikontrolli.<\/li>\n<\/ul>\n<p>&nbsp;<\/p>\n<ul data-sourcepos=\"8:1-12:0\">\n<li data-sourcepos=\"10:1-10:269\"><strong>V\u00e4\u00e4rtuse s\u00e4ilitamine:<\/strong> Ibachi klaverid on tuntud oma v\u00f5imekuse poolest. <strong>v\u00e4\u00e4rtuse s\u00e4ilitamiseks<\/strong> aja jooksul. See on suurep\u00e4rane investeering mitte ainult muusikalisse kogemusse, vaid ka pikaajalistesse varadesse, kuna need pillid on j\u00e4relturul n\u00f5utud ja hinnatud oma kvaliteedi ja t\u00f6\u00f6kindluse poolest.<\/li>\n<\/ul>\n<p>&nbsp;<\/p>\n<ul data-sourcepos=\"8:1-12:0\">\n<li data-sourcepos=\"11:1-12:0\"><strong>Suurep\u00e4rane heli:<\/strong> T\u00e4nu hoolikale materjalide valikule, detailsele kokkupanekule ja t\u00e4iustatud tootmisprotsessidele eristuvad Ibachi klaverid j\u00e4rgmiste omaduste poolest: <strong>iseloomuliku heliga<\/strong>Nende helipalett on rikkalik, soe ja k\u00f5lav, v\u00f5imaldades teil esitada erinevate \u017eanrite muusikat maksimaalse v\u00e4ljendusrikkusega. Alates k\u00f5ige pehmematest n\u00fcanssidest kuni k\u00f5ige v\u00f5imsamate akordideni \u2013 Ibachi klaver paljastab kogu muusika ilu.<\/li>\n<\/ul>\n<p>&nbsp;<\/p>\n<h5 data-sourcepos=\"13:1-14:3\"><\/h5>\n<h5 data-sourcepos=\"13:1-14:3\">Ibachi klaveri valimisel valid sa mitte ainult pilli, vaid ka Saksa p\u00e4randi \u2013 kvaliteedi, vastupidavuse ja laitmatu heli.<\/h5>\n<p>&nbsp;<\/p>\n<p>&nbsp;<\/p>\n<p><img fetchpriority=\"high\" decoding=\"async\" class=\"size-medium wp-image-4932 aligncenter\" src=\"https:\/\/pianinai.com\/wp-content\/uploads\/2025\/06\/01E23D52-9E74-4C42-A3AC-2C7D273ACD4A-300x169.png\" alt=\"Ibach\" width=\"300\" height=\"169\" srcset=\"https:\/\/pianinai.com\/wp-content\/uploads\/2025\/06\/01E23D52-9E74-4C42-A3AC-2C7D273ACD4A-300x169.png 300w, https:\/\/pianinai.com\/wp-content\/uploads\/2025\/06\/01E23D52-9E74-4C42-A3AC-2C7D273ACD4A-1024x576.png 1024w, https:\/\/pianinai.com\/wp-content\/uploads\/2025\/06\/01E23D52-9E74-4C42-A3AC-2C7D273ACD4A-768x432.png 768w, https:\/\/pianinai.com\/wp-content\/uploads\/2025\/06\/01E23D52-9E74-4C42-A3AC-2C7D273ACD4A-1536x864.png 1536w, https:\/\/pianinai.com\/wp-content\/uploads\/2025\/06\/01E23D52-9E74-4C42-A3AC-2C7D273ACD4A-2048x1152.png 2048w, https:\/\/pianinai.com\/wp-content\/uploads\/2025\/06\/01E23D52-9E74-4C42-A3AC-2C7D273ACD4A-18x10.png 18w, https:\/\/pianinai.com\/wp-content\/uploads\/2025\/06\/01E23D52-9E74-4C42-A3AC-2C7D273ACD4A-1000x562.png 1000w\" sizes=\"(max-width: 300px) 100vw, 300px\" \/><\/p>\n<p>&nbsp;<\/p>","protected":false},"excerpt":{"rendered":"<p>Seerianumber \u2013<\/p>\n<p>Saksamaal valmistatud klaver<\/p>\n<p>V\u00e4rvus \u2013 valge, l\u00e4ikiv<\/p>\n<p>Mehaanikud \u2013 \u201eRENNER\u201d saksa keeles<\/p>\n<p>Seisukord \u2013 Kasutatud<\/p>","protected":false},"featured_media":4003,"template":"","meta":{"site-sidebar-layout":"default","site-content-layout":"","ast-site-content-layout":"default","site-content-style":"default","site-sidebar-style":"default","ast-global-header-display":"","ast-banner-title-visibility":"","ast-main-header-display":"","ast-hfb-above-header-display":"","ast-hfb-below-header-display":"","ast-hfb-mobile-header-display":"","site-post-title":"","ast-breadcrumbs-content":"","ast-featured-img":"","footer-sml-layout":"","theme-transparent-header-meta":"default","adv-header-id-meta":"","stick-header-meta":"","header-above-stick-meta":"","header-main-stick-meta":"","header-below-stick-meta":"","astra-migrate-meta-layouts":"set","ast-page-background-enabled":"default","ast-page-background-meta":{"desktop":{"background-color":"var(--ast-global-color-5)","background-image":"","background-repeat":"repeat","background-position":"center center","background-size":"auto","background-attachment":"scroll","background-type":"","background-media":"","overlay-type":"","overlay-color":"","overlay-opacity":"","overlay-gradient":""},"tablet":{"background-color":"","background-image":"","background-repeat":"repeat","background-position":"center center","background-size":"auto","background-attachment":"scroll","background-type":"","background-media":"","overlay-type":"","overlay-color":"","overlay-opacity":"","overlay-gradient":""},"mobile":{"background-color":"","background-image":"","background-repeat":"repeat","background-position":"center center","background-size":"auto","background-attachment":"scroll","background-type":"","background-media":"","overlay-type":"","overlay-color":"","overlay-opacity":"","overlay-gradient":""}},"ast-content-background-meta":{"desktop":{"background-color":"var(--ast-global-color-4)","background-image":"","background-repeat":"repeat","background-position":"center center","background-size":"auto","background-attachment":"scroll","background-type":"","background-media":"","overlay-type":"","overlay-color":"","overlay-opacity":"","overlay-gradient":""},"tablet":{"background-color":"var(--ast-global-color-4)","background-image":"","background-repeat":"repeat","background-position":"center center","background-size":"auto","background-attachment":"scroll","background-type":"","background-media":"","overlay-type":"","overlay-color":"","overlay-opacity":"","overlay-gradient":""},"mobile":{"background-color":"var(--ast-global-color-4)","background-image":"","background-repeat":"repeat","background-position":"center center","background-size":"auto","background-attachment":"scroll","background-type":"","background-media":"","overlay-type":"","overlay-color":"","overlay-opacity":"","overlay-gradient":""}}},"product_brand":[],"product_cat":[34],"product_tag":[],"class_list":{"0":"post-4963","1":"product","2":"type-product","3":"status-publish","4":"has-post-thumbnail","6":"product_cat-balti-pianinai","7":"desktop-align-center","8":"tablet-align-left","9":"mobile-align-left","10":"ast-product-gallery-layout-first-image-large","11":"ast-product-tabs-layout-horizontal","13":"first","14":"outofstock","15":"shipping-taxable","16":"purchasable","17":"product-type-simple"},"_links":{"self":[{"href":"https:\/\/pianinai.com\/et\/wp-json\/wp\/v2\/product\/4963","targetHints":{"allow":["GET"]}}],"collection":[{"href":"https:\/\/pianinai.com\/et\/wp-json\/wp\/v2\/product"}],"about":[{"href":"https:\/\/pianinai.com\/et\/wp-json\/wp\/v2\/types\/product"}],"version-history":[{"count":5,"href":"https:\/\/pianinai.com\/et\/wp-json\/wp\/v2\/product\/4963\/revisions"}],"predecessor-version":[{"id":4968,"href":"https:\/\/pianinai.com\/et\/wp-json\/wp\/v2\/product\/4963\/revisions\/4968"}],"wp:featuredmedia":[{"embeddable":true,"href":"https:\/\/pianinai.com\/et\/wp-json\/wp\/v2\/media\/4003"}],"wp:attachment":[{"href":"https:\/\/pianinai.com\/et\/wp-json\/wp\/v2\/media?parent=4963"}],"wp:term":[{"taxonomy":"product_brand","embeddable":true,"href":"https:\/\/pianinai.com\/et\/wp-json\/wp\/v2\/product_brand?post=4963"},{"taxonomy":"product_cat","embeddable":true,"href":"https:\/\/pianinai.com\/et\/wp-json\/wp\/v2\/product_cat?post=4963"},{"taxonomy":"product_tag","embeddable":true,"href":"https:\/\/pianinai.com\/et\/wp-json\/wp\/v2\/product_tag?post=4963"}],"curies":[{"name":"wp","href":"https:\/\/api.w.org\/{rel}","templated":true}]}}