{"id":4970,"date":"2025-06-05T12:38:19","date_gmt":"2025-06-05T12:38:19","guid":{"rendered":"https:\/\/pianinai.com\/?post_type=product&#038;p=4970"},"modified":"2025-09-25T06:30:08","modified_gmt":"2025-09-25T06:30:08","slug":"pianinas-gaveau-4","status":"publish","type":"product","link":"https:\/\/pianinai.com\/et\/pianinai\/pianinas-gaveau-4\/","title":{"rendered":"Klaver &quot;Gaveau&quot;"},"content":{"rendered":"<p>&nbsp;<\/p>\n<p><img fetchpriority=\"high\" decoding=\"async\" class=\"wp-image-4971 aligncenter\" src=\"https:\/\/pianinai.com\/wp-content\/uploads\/2025\/06\/FE1405DF-EE43-40E7-BE03-DFCCED8592E9-300x169.png\" alt=\"Gaveau\" width=\"426\" height=\"240\" srcset=\"https:\/\/pianinai.com\/wp-content\/uploads\/2025\/06\/FE1405DF-EE43-40E7-BE03-DFCCED8592E9-300x169.png 300w, https:\/\/pianinai.com\/wp-content\/uploads\/2025\/06\/FE1405DF-EE43-40E7-BE03-DFCCED8592E9-1024x576.png 1024w, https:\/\/pianinai.com\/wp-content\/uploads\/2025\/06\/FE1405DF-EE43-40E7-BE03-DFCCED8592E9-768x432.png 768w, https:\/\/pianinai.com\/wp-content\/uploads\/2025\/06\/FE1405DF-EE43-40E7-BE03-DFCCED8592E9-1536x864.png 1536w, https:\/\/pianinai.com\/wp-content\/uploads\/2025\/06\/FE1405DF-EE43-40E7-BE03-DFCCED8592E9-2048x1152.png 2048w, https:\/\/pianinai.com\/wp-content\/uploads\/2025\/06\/FE1405DF-EE43-40E7-BE03-DFCCED8592E9-18x10.png 18w, https:\/\/pianinai.com\/wp-content\/uploads\/2025\/06\/FE1405DF-EE43-40E7-BE03-DFCCED8592E9-1000x563.png 1000w\" sizes=\"(max-width: 426px) 100vw, 426px\" \/><\/p>\n<p>&nbsp;<\/p>\n<h5 data-sourcepos=\"2:1-2:74\"><\/h5>\n<h5 data-sourcepos=\"2:1-2:74\">Gaveau klaverid \u2013 Schimmel Manufacturing: Prantsuse hing saksa s\u00fcdamega<\/h5>\n<p>&nbsp;<\/p>\n<p data-sourcepos=\"4:1-4:385\">Aastatel 1971\u20131994 kuulus kuulus Prantsuse klaveritootja Gaveau (koos \u00c9rardi ja Pleyeliga) Saksamaal asuvale kuulsale Schimmeli kontsernile, mis tootis klavereid. See periood t\u00e4histab Gaveau ajaloos huvitavat etappi, \u00fchendades Prantsuse disaini elegantsi ja iseloomuliku t\u00e4mbri Saksa insenerit\u00e4psuse ja tootmist\u00f5hususega, mille poolest Schimmel on tuntud.<\/p>\n<h5 data-sourcepos=\"8:1-8:56\"><\/h5>\n<h5 data-sourcepos=\"8:1-8:56\"><\/h5>\n<h5 data-sourcepos=\"8:1-8:56\">Schimmeli valmistatud Gaveau klaverite eristavad omadused:<\/h5>\n<p>&nbsp;<\/p>\n<ul data-sourcepos=\"10:1-19:0\">\n<li data-sourcepos=\"10:1-11:0\">\n<p data-sourcepos=\"10:3-10:426\"><strong>Saksa kvaliteet ja t\u00f6\u00f6kindlus:<\/strong> K\u00f5ige t\u00e4htsam on see, et Schimmeli tehastes valmistatud Gaveau klaverid p\u00e4risid <strong>Schimmelile iseloomulik k\u00f5rge tootmiskvaliteet<\/strong>See t\u00e4hendab, et need instrumendid on vastupidavad, vastupidavad ja ehitatud intensiivseks kasutamiseks. Saksa t\u00e4ppistehnika on taganud suurema mehaanilise stabiilsuse ja \u00fcldise t\u00f6\u00f6kindluse v\u00f5rreldes varasemate Gaveau mudelitega, eriti p\u00e4rast Teist maailmas\u00f5da.<\/p>\n<\/li>\n<\/ul>\n<p>&nbsp;<\/p>\n<ul data-sourcepos=\"10:1-19:0\">\n<li data-sourcepos=\"12:1-13:0\">\n<p data-sourcepos=\"12:3-12:435\"><strong>Renneri mehaanikud:<\/strong> Kuigi Gaveau&#039;l olid oma ainulaadsed mehaanilised lahendused, integreeriti Schimmeli valmistatud Gaveau klaveritesse <strong>maailmakuulsad Renneri mehaanikud<\/strong>See on \u00fcks parimaid klaverimehhanisme, mis garanteerib erakordse klahvitundlikkuse, kiire reageerimisv\u00f5ime ja usaldusv\u00e4\u00e4rse t\u00f6\u00f6. See kombinatsioon on andnud Gaveau klaveritele uue taseme m\u00e4ngukogemuse, v\u00f5imaldades pianistidel saavutada suuremat v\u00e4ljendusrikkust ja t\u00e4psust.<\/p>\n<\/li>\n<\/ul>\n<p>&nbsp;<\/p>\n<ul data-sourcepos=\"10:1-19:0\">\n<li data-sourcepos=\"14:1-15:0\">\n<p data-sourcepos=\"14:3-14:441\"><strong>Algse Gaveau temperatuuri s\u00e4ilitamine (Saksa tootmism\u00f5judega):<\/strong> Kuigi tootmine kolis Saksamaale, p\u00fc\u00fcdis Schimmel s\u00e4ilitada <strong>iseloomulik Gaveau t\u00e4mber<\/strong> \u2013 romantiline, pehme ja meloodiline, sooja bassi ja selgete k\u00f5rgete sagedustega. Saksa materjalide ja tootmisstandardite t\u00f5ttu oleks nende Gaveau klaverite k\u00f5la v\u00f5inud aga omandada veidi rohkem Schimmeli pillidele iseloomulikku selgust ja resonantsi, s\u00e4ilitades samal ajal nende prantsuse hinge.<\/p>\n<\/li>\n<\/ul>\n<p>&nbsp;<\/p>\n<ul data-sourcepos=\"10:1-19:0\">\n<li data-sourcepos=\"16:1-17:0\">\n<p data-sourcepos=\"16:3-16:321\"><strong>Kompaktne disain:<\/strong> Paljud Schimmeli valmistatud Gaveau mudelid on s\u00e4ilinud. <strong>elegantne ja kompaktne disain<\/strong>, mis oli Gaveau f\u00e4nnide seas populaarne. See tegi neist ideaalsed pillid v\u00e4iksematesse tubadesse, korteritesse v\u00f5i neile, kes hindasid minimalistlikku esteetikat, mis ei n\u00f5udnud helikvaliteedi osas j\u00e4releandmisi.<\/p>\n<\/li>\n<\/ul>\n<p>&nbsp;<\/p>\n<ul data-sourcepos=\"10:1-19:0\">\n<li data-sourcepos=\"18:1-19:0\">\n<p data-sourcepos=\"18:3-18:374\"><strong>Kogumisv\u00e4\u00e4rtus:<\/strong> Need Schimmeli valmistatud Gaveau klaverid on huvitav ja v\u00e4\u00e4rtuslik ajalooline t\u00fckk. Need peegeldavad mitte ainult Prantsuse ja Saksa klaverivalmistamise traditsioonide sulandumist, vaid ka tolleaegseid uuendusi. H\u00e4sti s\u00e4ilinud v\u00f5i restaureeritud Schimmeli valmistatud Gaveau klaverid v\u00f5ivad olla <strong>kollektsion\u00e4\u00e4ride poolt tagaotsitav<\/strong> ja neid hinnatakse nende ainulaadse ajaloo ja kvaliteedi eest.<\/p>\n<\/li>\n<\/ul>\n<p>&nbsp;<\/p>\n<p data-sourcepos=\"22:1-22:257\"><strong>Schimmeli Gaveau klaverid on suurep\u00e4rane valik neile, kes otsivad pille, mis \u00fchendavad prantsuse romantismi vaimu saksa t\u00e4psuse ja t\u00f6\u00f6kindlusega. Need on v\u00e4\u00e4rtuslikud ja vastupidavad pillid, millest v\u00f5ib saada osa teie muusikalisest teekonnast.<\/strong><\/p>\n<p>&nbsp;<\/p>\n<p><img fetchpriority=\"high\" decoding=\"async\" class=\"wp-image-4971 aligncenter\" src=\"https:\/\/pianinai.com\/wp-content\/uploads\/2025\/06\/FE1405DF-EE43-40E7-BE03-DFCCED8592E9-300x169.png\" alt=\"Gaveau\" width=\"426\" height=\"240\" srcset=\"https:\/\/pianinai.com\/wp-content\/uploads\/2025\/06\/FE1405DF-EE43-40E7-BE03-DFCCED8592E9-300x169.png 300w, https:\/\/pianinai.com\/wp-content\/uploads\/2025\/06\/FE1405DF-EE43-40E7-BE03-DFCCED8592E9-1024x576.png 1024w, https:\/\/pianinai.com\/wp-content\/uploads\/2025\/06\/FE1405DF-EE43-40E7-BE03-DFCCED8592E9-768x432.png 768w, https:\/\/pianinai.com\/wp-content\/uploads\/2025\/06\/FE1405DF-EE43-40E7-BE03-DFCCED8592E9-1536x864.png 1536w, https:\/\/pianinai.com\/wp-content\/uploads\/2025\/06\/FE1405DF-EE43-40E7-BE03-DFCCED8592E9-2048x1152.png 2048w, https:\/\/pianinai.com\/wp-content\/uploads\/2025\/06\/FE1405DF-EE43-40E7-BE03-DFCCED8592E9-18x10.png 18w, https:\/\/pianinai.com\/wp-content\/uploads\/2025\/06\/FE1405DF-EE43-40E7-BE03-DFCCED8592E9-1000x563.png 1000w\" sizes=\"(max-width: 426px) 100vw, 426px\" \/><\/p>\n<p>&nbsp;<\/p>","protected":false},"excerpt":{"rendered":"<div class=\"elementor-element elementor-element-4285c0e3 elementor-widget elementor-widget-woocommerce-product-short-description\" data-id=\"4285c0e3\" data-element_type=\"widget\" data-widget_type=\"woocommerce-product-short-description.default\">\n<div class=\"woocommerce-product-details__short-description\">\n<p>Seerianumber \u2013 117349<\/p>\n<p>Valmistatud Saksamaal<\/p>\n<p>V\u00e4rvus \u2013 valge, l\u00e4ikiv<\/p>\n<p>Mehaanikud \u2013 \u201eRenner\u201d sakslane<\/p>\n<p>Seisukord \u2013 Kasutatud<\/p>\n<\/div>\n<\/div>\n<div class=\"elementor-element elementor-element-8ba6cd6 elementor-widget elementor-widget-spacer\" data-id=\"8ba6cd6\" data-element_type=\"widget\" data-widget_type=\"spacer.default\">\n<div class=\"elementor-spacer\"><\/div>\n<\/div>","protected":false},"featured_media":4005,"template":"","meta":{"site-sidebar-layout":"default","site-content-layout":"","ast-site-content-layout":"default","site-content-style":"default","site-sidebar-style":"default","ast-global-header-display":"","ast-banner-title-visibility":"","ast-main-header-display":"","ast-hfb-above-header-display":"","ast-hfb-below-header-display":"","ast-hfb-mobile-header-display":"","site-post-title":"","ast-breadcrumbs-content":"","ast-featured-img":"","footer-sml-layout":"","theme-transparent-header-meta":"default","adv-header-id-meta":"","stick-header-meta":"","header-above-stick-meta":"","header-main-stick-meta":"","header-below-stick-meta":"","astra-migrate-meta-layouts":"set","ast-page-background-enabled":"default","ast-page-background-meta":{"desktop":{"background-color":"var(--ast-global-color-5)","background-image":"","background-repeat":"repeat","background-position":"center center","background-size":"auto","background-attachment":"scroll","background-type":"","background-media":"","overlay-type":"","overlay-color":"","overlay-opacity":"","overlay-gradient":""},"tablet":{"background-color":"","background-image":"","background-repeat":"repeat","background-position":"center center","background-size":"auto","background-attachment":"scroll","background-type":"","background-media":"","overlay-type":"","overlay-color":"","overlay-opacity":"","overlay-gradient":""},"mobile":{"background-color":"","background-image":"","background-repeat":"repeat","background-position":"center center","background-size":"auto","background-attachment":"scroll","background-type":"","background-media":"","overlay-type":"","overlay-color":"","overlay-opacity":"","overlay-gradient":""}},"ast-content-background-meta":{"desktop":{"background-color":"var(--ast-global-color-4)","background-image":"","background-repeat":"repeat","background-position":"center center","background-size":"auto","background-attachment":"scroll","background-type":"","background-media":"","overlay-type":"","overlay-color":"","overlay-opacity":"","overlay-gradient":""},"tablet":{"background-color":"var(--ast-global-color-4)","background-image":"","background-repeat":"repeat","background-position":"center center","background-size":"auto","background-attachment":"scroll","background-type":"","background-media":"","overlay-type":"","overlay-color":"","overlay-opacity":"","overlay-gradient":""},"mobile":{"background-color":"var(--ast-global-color-4)","background-image":"","background-repeat":"repeat","background-position":"center center","background-size":"auto","background-attachment":"scroll","background-type":"","background-media":"","overlay-type":"","overlay-color":"","overlay-opacity":"","overlay-gradient":""}}},"product_brand":[],"product_cat":[34],"product_tag":[],"class_list":{"0":"post-4970","1":"product","2":"type-product","3":"status-publish","4":"has-post-thumbnail","6":"product_cat-balti-pianinai","7":"desktop-align-center","8":"tablet-align-left","9":"mobile-align-left","10":"ast-product-gallery-layout-first-image-large","11":"ast-product-tabs-layout-horizontal","13":"first","14":"outofstock","15":"shipping-taxable","16":"purchasable","17":"product-type-simple"},"_links":{"self":[{"href":"https:\/\/pianinai.com\/et\/wp-json\/wp\/v2\/product\/4970","targetHints":{"allow":["GET"]}}],"collection":[{"href":"https:\/\/pianinai.com\/et\/wp-json\/wp\/v2\/product"}],"about":[{"href":"https:\/\/pianinai.com\/et\/wp-json\/wp\/v2\/types\/product"}],"version-history":[{"count":9,"href":"https:\/\/pianinai.com\/et\/wp-json\/wp\/v2\/product\/4970\/revisions"}],"predecessor-version":[{"id":5013,"href":"https:\/\/pianinai.com\/et\/wp-json\/wp\/v2\/product\/4970\/revisions\/5013"}],"wp:featuredmedia":[{"embeddable":true,"href":"https:\/\/pianinai.com\/et\/wp-json\/wp\/v2\/media\/4005"}],"wp:attachment":[{"href":"https:\/\/pianinai.com\/et\/wp-json\/wp\/v2\/media?parent=4970"}],"wp:term":[{"taxonomy":"product_brand","embeddable":true,"href":"https:\/\/pianinai.com\/et\/wp-json\/wp\/v2\/product_brand?post=4970"},{"taxonomy":"product_cat","embeddable":true,"href":"https:\/\/pianinai.com\/et\/wp-json\/wp\/v2\/product_cat?post=4970"},{"taxonomy":"product_tag","embeddable":true,"href":"https:\/\/pianinai.com\/et\/wp-json\/wp\/v2\/product_tag?post=4970"}],"curies":[{"name":"wp","href":"https:\/\/api.w.org\/{rel}","templated":true}]}}