{"id":4980,"date":"2025-06-05T13:01:21","date_gmt":"2025-06-05T13:01:21","guid":{"rendered":"https:\/\/pianinai.com\/?post_type=product&#038;p=4980"},"modified":"2026-03-13T09:45:59","modified_gmt":"2026-03-13T09:45:59","slug":"pianinas-rameau","status":"publish","type":"product","link":"https:\/\/pianinai.com\/et\/pianinai\/pianinas-rameau\/","title":{"rendered":"Klaver &quot;Rameau&quot;"},"content":{"rendered":"<p>&nbsp;<\/p>\n<p><img fetchpriority=\"high\" decoding=\"async\" class=\"size-medium wp-image-4981 aligncenter\" src=\"https:\/\/pianinai.com\/wp-content\/uploads\/2025\/06\/9660AB4D-D3F9-4231-9456-6916F02F282E-300x169.png\" alt=\"Rameau\" width=\"300\" height=\"169\" srcset=\"https:\/\/pianinai.com\/wp-content\/uploads\/2025\/06\/9660AB4D-D3F9-4231-9456-6916F02F282E-300x169.png 300w, https:\/\/pianinai.com\/wp-content\/uploads\/2025\/06\/9660AB4D-D3F9-4231-9456-6916F02F282E-1024x576.png 1024w, https:\/\/pianinai.com\/wp-content\/uploads\/2025\/06\/9660AB4D-D3F9-4231-9456-6916F02F282E-768x432.png 768w, https:\/\/pianinai.com\/wp-content\/uploads\/2025\/06\/9660AB4D-D3F9-4231-9456-6916F02F282E-1536x864.png 1536w, https:\/\/pianinai.com\/wp-content\/uploads\/2025\/06\/9660AB4D-D3F9-4231-9456-6916F02F282E-2048x1152.png 2048w, https:\/\/pianinai.com\/wp-content\/uploads\/2025\/06\/9660AB4D-D3F9-4231-9456-6916F02F282E-18x10.png 18w, https:\/\/pianinai.com\/wp-content\/uploads\/2025\/06\/9660AB4D-D3F9-4231-9456-6916F02F282E-1000x562.png 1000w\" sizes=\"(max-width: 300px) 100vw, 300px\" \/><\/p>\n<h4 data-start=\"185\" data-end=\"245\"><\/h4>\n<h4 data-start=\"185\" data-end=\"245\"><\/h4>\n<h4 data-start=\"185\" data-end=\"245\"><strong data-start=\"189\" data-end=\"245\">Rameau klaver - prantsuse k\u00e4sit\u00f6\u00f6 p\u00e4rand<\/strong><\/h4>\n<p>&nbsp;<\/p>\n<p data-start=\"247\" data-end=\"539\"><strong data-start=\"247\" data-end=\"266\">Rameau klaver<\/strong> \u2013 see pole lihtsalt pill, vaid ka Prantsuse klaverikunsti ajaloo t\u00fckk. 1970. aastatel mainekate meistrite Pleyeli, \u00c9rardi ja Gaveau loodud Rameau klaver eristub oma elegantsi, k\u00f5rgeima kvaliteediga materjalide ja laitmatu k\u00f5la poolest.<\/p>\n<h4 data-start=\"541\" data-end=\"570\"><\/h4>\n<h4 data-start=\"541\" data-end=\"570\"><strong data-start=\"546\" data-end=\"570\">Silmapaistvad omadused:<\/strong><\/h4>\n<p>&nbsp;<\/p>\n<ul data-start=\"571\" data-end=\"1140\">\n<li data-start=\"571\" data-end=\"709\">\n<p data-start=\"573\" data-end=\"709\"><strong data-start=\"573\" data-end=\"616\">Romantiline &quot;\u00e0 la fran\u00e7aise&quot; heli:<\/strong> Soe, selge ja pehme toon, mida hindavad nii professionaalsed muusikud kui ka amat\u00f6\u00f6rid.<\/p>\n<\/li>\n<\/ul>\n<p>&nbsp;<\/p>\n<ul data-start=\"571\" data-end=\"1140\">\n<li data-start=\"710\" data-end=\"842\">\n<p data-start=\"712\" data-end=\"842\"><strong data-start=\"712\" data-end=\"742\">Kvaliteetne mehaanika:<\/strong> Paljudes mudelites kasutatakse saksa keelt <em data-start=\"777\" data-end=\"785\">Renner<\/em> s\u00fcsteem, mis tagab sujuva ja tundliku klahvide t\u00f6\u00f6.<\/p>\n<\/li>\n<\/ul>\n<p>&nbsp;<\/p>\n<ul data-start=\"571\" data-end=\"1140\">\n<li data-start=\"843\" data-end=\"973\">\n<p data-start=\"845\" data-end=\"973\"><strong data-start=\"845\" data-end=\"879\">Autentne Prantsuse toodang:<\/strong> Klaverid valmistatakse L\u00f5una-Prantsusmaal Al\u00e8sis, j\u00e4rgides traditsioonilisi k\u00e4sit\u00f6\u00f6standardeid.<\/p>\n<\/li>\n<\/ul>\n<p>&nbsp;<\/p>\n<ul data-start=\"571\" data-end=\"1140\">\n<li data-start=\"974\" data-end=\"1140\">\n<p data-start=\"976\" data-end=\"1140\"><strong data-start=\"976\" data-end=\"1001\">Eksklusiivne disain:<\/strong> \u00d5rn siluett, hoolikas viimistlus ja rafineeritud esteetiline tundlikkus muudavad selle klaveri nii muusikaliseks kui ka visuaalseks aktsendiks kodus.<\/p>\n<\/li>\n<\/ul>\n<p>&nbsp;<\/p>\n<h4 data-start=\"1142\" data-end=\"1178\"><strong data-start=\"1147\" data-end=\"1178\">Miks valida Rameau?<\/strong><\/h4>\n<p>&nbsp;<\/p>\n<p data-start=\"1179\" data-end=\"1475\">Rameau klaver on ideaalne valik neile, kes otsivad <strong data-start=\"1232\" data-end=\"1283\">autentne, muusikaliselt tasakaalustatud instrument<\/strong> ajalooga. Kuigi neid klavereid enam ei toodeta, hindavad kollektsion\u00e4\u00e4rid ja pianistid \u00fcle maailma nende kvaliteeti ja kestvat v\u00e4\u00e4rtust. Need on \u2013 <strong data-start=\"1427\" data-end=\"1475\">pill iseloomu, hinge ja p\u00e4ritoluga.<\/strong><\/p>\n<p><img fetchpriority=\"high\" decoding=\"async\" class=\"size-medium wp-image-4981 aligncenter\" src=\"https:\/\/pianinai.com\/wp-content\/uploads\/2025\/06\/9660AB4D-D3F9-4231-9456-6916F02F282E-300x169.png\" alt=\"Rameau\" width=\"300\" height=\"169\" srcset=\"https:\/\/pianinai.com\/wp-content\/uploads\/2025\/06\/9660AB4D-D3F9-4231-9456-6916F02F282E-300x169.png 300w, https:\/\/pianinai.com\/wp-content\/uploads\/2025\/06\/9660AB4D-D3F9-4231-9456-6916F02F282E-1024x576.png 1024w, https:\/\/pianinai.com\/wp-content\/uploads\/2025\/06\/9660AB4D-D3F9-4231-9456-6916F02F282E-768x432.png 768w, https:\/\/pianinai.com\/wp-content\/uploads\/2025\/06\/9660AB4D-D3F9-4231-9456-6916F02F282E-1536x864.png 1536w, https:\/\/pianinai.com\/wp-content\/uploads\/2025\/06\/9660AB4D-D3F9-4231-9456-6916F02F282E-2048x1152.png 2048w, https:\/\/pianinai.com\/wp-content\/uploads\/2025\/06\/9660AB4D-D3F9-4231-9456-6916F02F282E-18x10.png 18w, https:\/\/pianinai.com\/wp-content\/uploads\/2025\/06\/9660AB4D-D3F9-4231-9456-6916F02F282E-1000x562.png 1000w\" sizes=\"(max-width: 300px) 100vw, 300px\" \/><\/p>\n<p>&nbsp;<\/p>","protected":false},"excerpt":{"rendered":"<p>Seerianumber \u2013 59044<\/p>\n<p>Prantsusmaal valmistatud klaver<\/p>\n<p>V\u00e4rvus \u2013 valge, l\u00e4ikiv<\/p>\n<p>Mehaanikud \u2013 \u201eRENNER\u201d saksa keeles<\/p>\n<p>Seisukord \u2013 Kasutatud<\/p>","protected":false},"featured_media":3996,"template":"","meta":{"site-sidebar-layout":"default","site-content-layout":"","ast-site-content-layout":"default","site-content-style":"default","site-sidebar-style":"default","ast-global-header-display":"","ast-banner-title-visibility":"","ast-main-header-display":"","ast-hfb-above-header-display":"","ast-hfb-below-header-display":"","ast-hfb-mobile-header-display":"","site-post-title":"","ast-breadcrumbs-content":"","ast-featured-img":"","footer-sml-layout":"","theme-transparent-header-meta":"default","adv-header-id-meta":"","stick-header-meta":"","header-above-stick-meta":"","header-main-stick-meta":"","header-below-stick-meta":"","astra-migrate-meta-layouts":"set","ast-page-background-enabled":"default","ast-page-background-meta":{"desktop":{"background-color":"var(--ast-global-color-5)","background-image":"","background-repeat":"repeat","background-position":"center center","background-size":"auto","background-attachment":"scroll","background-type":"","background-media":"","overlay-type":"","overlay-color":"","overlay-opacity":"","overlay-gradient":""},"tablet":{"background-color":"","background-image":"","background-repeat":"repeat","background-position":"center center","background-size":"auto","background-attachment":"scroll","background-type":"","background-media":"","overlay-type":"","overlay-color":"","overlay-opacity":"","overlay-gradient":""},"mobile":{"background-color":"","background-image":"","background-repeat":"repeat","background-position":"center center","background-size":"auto","background-attachment":"scroll","background-type":"","background-media":"","overlay-type":"","overlay-color":"","overlay-opacity":"","overlay-gradient":""}},"ast-content-background-meta":{"desktop":{"background-color":"var(--ast-global-color-4)","background-image":"","background-repeat":"repeat","background-position":"center center","background-size":"auto","background-attachment":"scroll","background-type":"","background-media":"","overlay-type":"","overlay-color":"","overlay-opacity":"","overlay-gradient":""},"tablet":{"background-color":"var(--ast-global-color-4)","background-image":"","background-repeat":"repeat","background-position":"center center","background-size":"auto","background-attachment":"scroll","background-type":"","background-media":"","overlay-type":"","overlay-color":"","overlay-opacity":"","overlay-gradient":""},"mobile":{"background-color":"var(--ast-global-color-4)","background-image":"","background-repeat":"repeat","background-position":"center center","background-size":"auto","background-attachment":"scroll","background-type":"","background-media":"","overlay-type":"","overlay-color":"","overlay-opacity":"","overlay-gradient":""}}},"product_brand":[],"product_cat":[34],"product_tag":[],"class_list":{"0":"post-4980","1":"product","2":"type-product","3":"status-publish","4":"has-post-thumbnail","6":"product_cat-balti-pianinai","7":"desktop-align-center","8":"tablet-align-left","9":"mobile-align-left","10":"ast-product-gallery-layout-first-image-large","11":"ast-product-tabs-layout-horizontal","13":"first","14":"outofstock","15":"shipping-taxable","16":"purchasable","17":"product-type-simple"},"_links":{"self":[{"href":"https:\/\/pianinai.com\/et\/wp-json\/wp\/v2\/product\/4980","targetHints":{"allow":["GET"]}}],"collection":[{"href":"https:\/\/pianinai.com\/et\/wp-json\/wp\/v2\/product"}],"about":[{"href":"https:\/\/pianinai.com\/et\/wp-json\/wp\/v2\/types\/product"}],"version-history":[{"count":5,"href":"https:\/\/pianinai.com\/et\/wp-json\/wp\/v2\/product\/4980\/revisions"}],"predecessor-version":[{"id":5012,"href":"https:\/\/pianinai.com\/et\/wp-json\/wp\/v2\/product\/4980\/revisions\/5012"}],"wp:featuredmedia":[{"embeddable":true,"href":"https:\/\/pianinai.com\/et\/wp-json\/wp\/v2\/media\/3996"}],"wp:attachment":[{"href":"https:\/\/pianinai.com\/et\/wp-json\/wp\/v2\/media?parent=4980"}],"wp:term":[{"taxonomy":"product_brand","embeddable":true,"href":"https:\/\/pianinai.com\/et\/wp-json\/wp\/v2\/product_brand?post=4980"},{"taxonomy":"product_cat","embeddable":true,"href":"https:\/\/pianinai.com\/et\/wp-json\/wp\/v2\/product_cat?post=4980"},{"taxonomy":"product_tag","embeddable":true,"href":"https:\/\/pianinai.com\/et\/wp-json\/wp\/v2\/product_tag?post=4980"}],"curies":[{"name":"wp","href":"https:\/\/api.w.org\/{rel}","templated":true}]}}