{"id":4996,"date":"2025-06-06T10:33:04","date_gmt":"2025-06-06T10:33:04","guid":{"rendered":"https:\/\/pianinai.com\/?post_type=product&#038;p=4996"},"modified":"2025-09-25T06:28:51","modified_gmt":"2025-09-25T06:28:51","slug":"pianinas-kawai-4","status":"publish","type":"product","link":"https:\/\/pianinai.com\/et\/pianinai\/pianinas-kawai-4\/","title":{"rendered":"Klaver &quot;Kawaii&quot;"},"content":{"rendered":"<p>&nbsp;<\/p>\n<p><img fetchpriority=\"high\" decoding=\"async\" class=\"size-medium wp-image-3038 aligncenter\" src=\"https:\/\/pianinai.com\/wp-content\/uploads\/2025\/02\/8CC29C55-755B-486E-88D1-9237705D91B9-300x169.jpeg\" alt=\"Kawai\" width=\"300\" height=\"169\" srcset=\"https:\/\/pianinai.com\/wp-content\/uploads\/2025\/02\/8CC29C55-755B-486E-88D1-9237705D91B9-300x169.jpeg 300w, https:\/\/pianinai.com\/wp-content\/uploads\/2025\/02\/8CC29C55-755B-486E-88D1-9237705D91B9-scaled-1000x563.jpeg 1000w, https:\/\/pianinai.com\/wp-content\/uploads\/2025\/02\/8CC29C55-755B-486E-88D1-9237705D91B9-1024x576.jpeg 1024w, https:\/\/pianinai.com\/wp-content\/uploads\/2025\/02\/8CC29C55-755B-486E-88D1-9237705D91B9-768x432.jpeg 768w, https:\/\/pianinai.com\/wp-content\/uploads\/2025\/02\/8CC29C55-755B-486E-88D1-9237705D91B9-1536x864.jpeg 1536w, https:\/\/pianinai.com\/wp-content\/uploads\/2025\/02\/8CC29C55-755B-486E-88D1-9237705D91B9-2048x1152.jpeg 2048w, https:\/\/pianinai.com\/wp-content\/uploads\/2025\/02\/8CC29C55-755B-486E-88D1-9237705D91B9-18x10.jpeg 18w\" sizes=\"(max-width: 300px) 100vw, 300px\" \/><\/p>\n<h2 data-sourcepos=\"5:1-5:52\"><\/h2>\n<h5 data-sourcepos=\"5:1-5:52\">Kawai klaverid: k\u00e4sit\u00f6\u00f6 ja innovatsiooni kombinatsioon<\/h5>\n<p>&nbsp;<\/p>\n<p data-sourcepos=\"7:1-7:403\">Kawai on nimi, mida on seostatud erakordse klaverivalmistamise traditsiooni ja pideva innovatsiooniga juba \u00fcle 90 aasta. Iga Kawai klaver on hoolikalt valmistatud pill, mis peegeldab s\u00fcgavaid teadmisi, kirge muusika vastu ja p\u00fchendumust t\u00e4iuslikkusele. Kawai valides valid sa mitte ainult pilli, vaid ka kogemuste, usaldusv\u00e4\u00e4rsuse ja inspireeriva heli p\u00e4randi, mis r\u00f5\u00f5mustab sind veel aastaid.<\/p>\n<h5 data-sourcepos=\"9:1-9:48\">Miks valida Kawai?<\/h5>\n<p>&nbsp;<\/p>\n<p>&nbsp;<\/p>\n<ul data-sourcepos=\"11:1-22:0\">\n<li data-sourcepos=\"11:1-12:0\">\n<p data-sourcepos=\"11:3-11:391\"><strong>Laitmatu heli ja akustika:<\/strong> Kawai klaverid on tuntud oma rikkaliku, sooja ja k\u00f5lava heli poolest. Hoolikalt valitud puidud, t\u00e4ppist\u00f6\u00f6tlusega k\u00f5laplaadid ja ainulaadsed akustilised tehnoloogiad tagavad erakordse t\u00e4mbri ja v\u00e4ljendusrikkuse. Alates k\u00f5ige pehmematest n\u00fcanssidest kuni k\u00f5ige v\u00f5imsamate akordideni \u2013 Kawai klaver v\u00f5imaldab teil v\u00e4ljendada k\u00f5iki muusikalisi emotsioone.<\/p>\n<\/li>\n<\/ul>\n<p>&nbsp;<\/p>\n<ul data-sourcepos=\"11:1-22:0\">\n<li data-sourcepos=\"13:1-14:0\">\n<p data-sourcepos=\"13:3-13:552\"><strong>K\u00f5rgeima kvaliteediga mehhanismid:<\/strong> Kawai on mehhanismide innovatsiooni liider. Paljud Kawai klaverid kasutavad t\u00e4iustatud <strong>Kolmas aastatuhand<\/strong> v\u00f5i <strong>\u00dclimalt reageeriv<\/strong> S\u00fcsinikkiust ja ABS-s\u00fcsinikkomposiitmaterjalidest valmistatud mehhanismid. Need materjalid on \u00e4\u00e4rmiselt kerged, tugevad ja niiskusmuutustele vastupidavad, tagades uskumatu klahvide reageerimise, stabiilsuse ja vastupidavuse. See t\u00e4hendab kiiremat harjutamisaega, suuremat t\u00e4psust ja lihtsamat d\u00fcnaamilist juhtimist, mis on eriti oluline nii algajatele kui ka professionaalidele.<\/p>\n<\/li>\n<\/ul>\n<p>&nbsp;<\/p>\n<ul data-sourcepos=\"11:1-22:0\">\n<li data-sourcepos=\"15:1-16:0\">\n<p data-sourcepos=\"15:3-15:408\"><strong>T\u00e4pne klahvitunnetus:<\/strong> Kawai p\u00f6\u00f6rab erilist t\u00e4helepanu klahvide tundlikkusele ja reageerimisv\u00f5imele, eesm\u00e4rgiga taasesitada akustilise klaveri tunnetust v\u00f5imalikult t\u00e4pselt. Klahvid on hoolikalt kaalutud ja tasakaalustatud, pakkudes autentset puudutust, mis v\u00f5imaldab pianistil tunda t\u00e4ielikku kontrolli heli \u00fcle. See kehtib eriti digitaalsete klaverite kohta, millega Kawai edukalt taasloob akustilise instrumendi kogemuse.<\/p>\n<\/li>\n<\/ul>\n<p>&nbsp;<\/p>\n<ul data-sourcepos=\"11:1-22:0\">\n<li data-sourcepos=\"17:1-18:0\">\n<p data-sourcepos=\"17:3-17:303\"><strong>Usaldusv\u00e4\u00e4rsus ja vastupidavus:<\/strong> Kawai klaverid on ehitatud kestma. K\u00f5rgeima kvaliteediga materjalide kasutamine ja range tootmiskontroll tagavad iga pilli t\u00f6\u00f6kindluse ja ajaproovile vastupidavuse. See on suurep\u00e4rane investeering muusikalisse haridusse ja pikaajalisse naudingusse.<\/p>\n<\/li>\n<\/ul>\n<p>&nbsp;<\/p>\n<ul data-sourcepos=\"11:1-22:0\">\n<li data-sourcepos=\"19:1-20:0\">\n<p data-sourcepos=\"19:3-19:413\"><strong>Innovatsioon ja tehnoloogia:<\/strong> Kawai teeb pidevalt uuendusi, et m\u00e4ngukogemust paremaks muuta. See h\u00f5lmab lisaks mehhanismide t\u00e4iustustele ka digitaalsete klaveritehnoloogiate, n\u00e4iteks t\u00e4iustatud heliproovide v\u00f5tmise s\u00fcsteeme, virtuaalse tehniku funktsioone, mis v\u00f5imaldavad teil heliparameetreid vastavalt oma individuaalsetele vajadustele kohandada, ning Bluetooth-\u00fchenduvust, mis pakub rohkem v\u00f5imalusi \u00f5ppimiseks ja loomiseks.<\/p>\n<\/li>\n<\/ul>\n<p>&nbsp;<\/p>\n<ul data-sourcepos=\"11:1-22:0\">\n<li data-sourcepos=\"21:1-22:0\">\n<p data-sourcepos=\"21:3-21:348\"><strong>Lai valik mudeleid:<\/strong> Alates algtaseme digitaalsetest klaveritest kuni professionaalsete kontsertklaveriteni pakub Kawai laia valikut mudeleid, mis sobivad iga pianisti vajaduste ja eelarvega. Olenemata sellest, kas otsite kompaktset pilli koju v\u00f5i v\u00f5imsat lavaklaverit, Kawail on teile sobiv valik.<\/p>\n<\/li>\n<\/ul>\n<p>&nbsp;<\/p>\n<h5><\/h5>\n<h5>Kawai klaveri ostmine on investeering kvaliteeti, vastupidavusse ja hindamatusse muusikalisse elamusse. Vali Kawai ja lase muusikal m\u00e4ngida!<\/h5>\n<p>&nbsp;<\/p>\n<p><img fetchpriority=\"high\" decoding=\"async\" class=\"size-medium wp-image-3038 aligncenter\" src=\"https:\/\/pianinai.com\/wp-content\/uploads\/2025\/02\/8CC29C55-755B-486E-88D1-9237705D91B9-300x169.jpeg\" alt=\"Kawai\" width=\"300\" height=\"169\" srcset=\"https:\/\/pianinai.com\/wp-content\/uploads\/2025\/02\/8CC29C55-755B-486E-88D1-9237705D91B9-300x169.jpeg 300w, https:\/\/pianinai.com\/wp-content\/uploads\/2025\/02\/8CC29C55-755B-486E-88D1-9237705D91B9-scaled-1000x563.jpeg 1000w, https:\/\/pianinai.com\/wp-content\/uploads\/2025\/02\/8CC29C55-755B-486E-88D1-9237705D91B9-1024x576.jpeg 1024w, https:\/\/pianinai.com\/wp-content\/uploads\/2025\/02\/8CC29C55-755B-486E-88D1-9237705D91B9-768x432.jpeg 768w, https:\/\/pianinai.com\/wp-content\/uploads\/2025\/02\/8CC29C55-755B-486E-88D1-9237705D91B9-1536x864.jpeg 1536w, https:\/\/pianinai.com\/wp-content\/uploads\/2025\/02\/8CC29C55-755B-486E-88D1-9237705D91B9-2048x1152.jpeg 2048w, https:\/\/pianinai.com\/wp-content\/uploads\/2025\/02\/8CC29C55-755B-486E-88D1-9237705D91B9-18x10.jpeg 18w\" sizes=\"(max-width: 300px) 100vw, 300px\" \/><\/p>\n<p>&nbsp;<\/p>","protected":false},"excerpt":{"rendered":"<p>Seerianumber \u2013 M1490967<\/p>\n<p>Mudel \u2013 CX-4<\/p>\n<p>Valmistatud Jaapanis<\/p>\n<p>V\u00e4rv \u2013 must, l\u00e4ikiv<\/p>\n<p>Mehaanikud \u2013 jaapani \u201eKawai\u201d<\/p>\n<p>Seisukord \u2013 Kasutatud<\/p>","protected":false},"featured_media":4000,"template":"","meta":{"site-sidebar-layout":"default","site-content-layout":"","ast-site-content-layout":"default","site-content-style":"default","site-sidebar-style":"default","ast-global-header-display":"","ast-banner-title-visibility":"","ast-main-header-display":"","ast-hfb-above-header-display":"","ast-hfb-below-header-display":"","ast-hfb-mobile-header-display":"","site-post-title":"","ast-breadcrumbs-content":"","ast-featured-img":"","footer-sml-layout":"","theme-transparent-header-meta":"default","adv-header-id-meta":"","stick-header-meta":"","header-above-stick-meta":"","header-main-stick-meta":"","header-below-stick-meta":"","astra-migrate-meta-layouts":"set","ast-page-background-enabled":"default","ast-page-background-meta":{"desktop":{"background-color":"var(--ast-global-color-5)","background-image":"","background-repeat":"repeat","background-position":"center center","background-size":"auto","background-attachment":"scroll","background-type":"","background-media":"","overlay-type":"","overlay-color":"","overlay-opacity":"","overlay-gradient":""},"tablet":{"background-color":"","background-image":"","background-repeat":"repeat","background-position":"center center","background-size":"auto","background-attachment":"scroll","background-type":"","background-media":"","overlay-type":"","overlay-color":"","overlay-opacity":"","overlay-gradient":""},"mobile":{"background-color":"","background-image":"","background-repeat":"repeat","background-position":"center center","background-size":"auto","background-attachment":"scroll","background-type":"","background-media":"","overlay-type":"","overlay-color":"","overlay-opacity":"","overlay-gradient":""}},"ast-content-background-meta":{"desktop":{"background-color":"var(--ast-global-color-4)","background-image":"","background-repeat":"repeat","background-position":"center center","background-size":"auto","background-attachment":"scroll","background-type":"","background-media":"","overlay-type":"","overlay-color":"","overlay-opacity":"","overlay-gradient":""},"tablet":{"background-color":"var(--ast-global-color-4)","background-image":"","background-repeat":"repeat","background-position":"center center","background-size":"auto","background-attachment":"scroll","background-type":"","background-media":"","overlay-type":"","overlay-color":"","overlay-opacity":"","overlay-gradient":""},"mobile":{"background-color":"var(--ast-global-color-4)","background-image":"","background-repeat":"repeat","background-position":"center center","background-size":"auto","background-attachment":"scroll","background-type":"","background-media":"","overlay-type":"","overlay-color":"","overlay-opacity":"","overlay-gradient":""}}},"product_brand":[],"product_cat":[35],"product_tag":[],"class_list":{"0":"post-4996","1":"product","2":"type-product","3":"status-publish","4":"has-post-thumbnail","6":"product_cat-juodi-pianinai","7":"desktop-align-center","8":"tablet-align-left","9":"mobile-align-left","10":"ast-product-gallery-layout-first-image-large","11":"ast-product-tabs-layout-horizontal","13":"first","14":"outofstock","15":"shipping-taxable","16":"purchasable","17":"product-type-simple"},"_links":{"self":[{"href":"https:\/\/pianinai.com\/et\/wp-json\/wp\/v2\/product\/4996","targetHints":{"allow":["GET"]}}],"collection":[{"href":"https:\/\/pianinai.com\/et\/wp-json\/wp\/v2\/product"}],"about":[{"href":"https:\/\/pianinai.com\/et\/wp-json\/wp\/v2\/types\/product"}],"version-history":[{"count":6,"href":"https:\/\/pianinai.com\/et\/wp-json\/wp\/v2\/product\/4996\/revisions"}],"predecessor-version":[{"id":5180,"href":"https:\/\/pianinai.com\/et\/wp-json\/wp\/v2\/product\/4996\/revisions\/5180"}],"wp:featuredmedia":[{"embeddable":true,"href":"https:\/\/pianinai.com\/et\/wp-json\/wp\/v2\/media\/4000"}],"wp:attachment":[{"href":"https:\/\/pianinai.com\/et\/wp-json\/wp\/v2\/media?parent=4996"}],"wp:term":[{"taxonomy":"product_brand","embeddable":true,"href":"https:\/\/pianinai.com\/et\/wp-json\/wp\/v2\/product_brand?post=4996"},{"taxonomy":"product_cat","embeddable":true,"href":"https:\/\/pianinai.com\/et\/wp-json\/wp\/v2\/product_cat?post=4996"},{"taxonomy":"product_tag","embeddable":true,"href":"https:\/\/pianinai.com\/et\/wp-json\/wp\/v2\/product_tag?post=4996"}],"curies":[{"name":"wp","href":"https:\/\/api.w.org\/{rel}","templated":true}]}}