{"id":5262,"date":"2026-03-13T09:56:47","date_gmt":"2026-03-13T09:56:47","guid":{"rendered":"https:\/\/pianinai.com\/?post_type=product&#038;p=5262"},"modified":"2026-04-10T07:44:58","modified_gmt":"2026-04-10T07:44:58","slug":"pianinas-schimmel-4","status":"publish","type":"product","link":"https:\/\/pianinai.com\/et\/pianinai\/pianinas-schimmel-4\/","title":{"rendered":"Klaver &quot;Schimmel&quot;"},"content":{"rendered":"<p>Schimmel 112 klaver. See on elegantne, klassikalise v\u00e4limusega saksa pill, mida hinnatakse meeldiva t\u00e4mbri, tundliku klaviatuuri ja sooja, musikaalse k\u00f5la poolest.<br \/>\nSellel klaveril on Renneri mehhanism, mis on \u00fche tuntuima Saksa klaverimehhanismide tootja toode. Renneri mehhanismi hinnatakse selle t\u00e4psuse, tundliku klahvireaktsiooni, hea d\u00fcnaamilise kontrolli ja t\u00f6\u00f6kindluse poolest, muutes pilli meeldivaks ja mugavaks m\u00e4ngukogemuseks nii algajatele kui ka edasij\u00f5udnutele m\u00e4ngijatele.<br \/>\nKlaver sobib suurep\u00e4raselt nii algajatele kui ka edasij\u00f5udnutele muusikutele, aga ka muusikakooli v\u00f5i koju.<\/p>\n<p>Eelised:<\/p>\n<p>Meeldiv, soe ja rikkalik heli<br \/>\nMugav, sujuv ja reageeriv klaviatuur<br \/>\nSisseehitatud kvaliteetne Renneri mehaanika<br \/>\nT\u00e4pne klahvivastus ja parem d\u00fcnaamiline kontroll<br \/>\nUsaldusv\u00e4\u00e4rne ja vastupidav mehhanism<br \/>\nKlassikaline, elegantne disain<br \/>\nSobib \u00f5ppimiseks ja igap\u00e4evaseks m\u00e4nguks<br \/>\nKvaliteetne Saksa instrument<\/p>\n<p>Tehtud t\u00f6\u00f6:<\/p>\n<p>Kohandatud mehaanika<br \/>\nPuhastatud ja poleeritud klaviatuur<br \/>\nKoordineeritud<br \/>\nKorralik v\u00e4limus<br \/>\nKasutusvalmis<\/p>","protected":false},"excerpt":{"rendered":"<p>Seerianumber \u2013 167478<\/p>\n<p>Valmistatud Saksamaal<\/p>\n<p>V\u00e4rvus \u2013 pruun, matt<\/p>\n<p>Mehaanikud \u2013 Renner, sakslane<\/p>\n<p>Seisukord \u2013 Kasutatud<\/p>","protected":false},"featured_media":5246,"template":"","meta":{"site-sidebar-layout":"default","site-content-layout":"","ast-site-content-layout":"default","site-content-style":"default","site-sidebar-style":"default","ast-global-header-display":"","ast-banner-title-visibility":"","ast-main-header-display":"","ast-hfb-above-header-display":"","ast-hfb-below-header-display":"","ast-hfb-mobile-header-display":"","site-post-title":"","ast-breadcrumbs-content":"","ast-featured-img":"","footer-sml-layout":"","theme-transparent-header-meta":"default","adv-header-id-meta":"","stick-header-meta":"","header-above-stick-meta":"","header-main-stick-meta":"","header-below-stick-meta":"","astra-migrate-meta-layouts":"set","ast-page-background-enabled":"default","ast-page-background-meta":{"desktop":{"background-color":"var(--ast-global-color-5)","background-image":"","background-repeat":"repeat","background-position":"center center","background-size":"auto","background-attachment":"scroll","background-type":"","background-media":"","overlay-type":"","overlay-color":"","overlay-opacity":"","overlay-gradient":""},"tablet":{"background-color":"","background-image":"","background-repeat":"repeat","background-position":"center center","background-size":"auto","background-attachment":"scroll","background-type":"","background-media":"","overlay-type":"","overlay-color":"","overlay-opacity":"","overlay-gradient":""},"mobile":{"background-color":"","background-image":"","background-repeat":"repeat","background-position":"center center","background-size":"auto","background-attachment":"scroll","background-type":"","background-media":"","overlay-type":"","overlay-color":"","overlay-opacity":"","overlay-gradient":""}},"ast-content-background-meta":{"desktop":{"background-color":"var(--ast-global-color-4)","background-image":"","background-repeat":"repeat","background-position":"center center","background-size":"auto","background-attachment":"scroll","background-type":"","background-media":"","overlay-type":"","overlay-color":"","overlay-opacity":"","overlay-gradient":""},"tablet":{"background-color":"var(--ast-global-color-4)","background-image":"","background-repeat":"repeat","background-position":"center center","background-size":"auto","background-attachment":"scroll","background-type":"","background-media":"","overlay-type":"","overlay-color":"","overlay-opacity":"","overlay-gradient":""},"mobile":{"background-color":"var(--ast-global-color-4)","background-image":"","background-repeat":"repeat","background-position":"center center","background-size":"auto","background-attachment":"scroll","background-type":"","background-media":"","overlay-type":"","overlay-color":"","overlay-opacity":"","overlay-gradient":""}}},"product_brand":[],"product_cat":[31],"product_tag":[],"class_list":{"0":"post-5262","1":"product","2":"type-product","3":"status-publish","4":"has-post-thumbnail","6":"product_cat-rudi-pianinai","7":"desktop-align-center","8":"tablet-align-left","9":"mobile-align-left","10":"ast-product-gallery-layout-first-image-large","11":"ast-product-tabs-layout-horizontal","13":"first","14":"instock","15":"shipping-taxable","16":"purchasable","17":"product-type-simple"},"_links":{"self":[{"href":"https:\/\/pianinai.com\/et\/wp-json\/wp\/v2\/product\/5262","targetHints":{"allow":["GET"]}}],"collection":[{"href":"https:\/\/pianinai.com\/et\/wp-json\/wp\/v2\/product"}],"about":[{"href":"https:\/\/pianinai.com\/et\/wp-json\/wp\/v2\/types\/product"}],"version-history":[{"count":3,"href":"https:\/\/pianinai.com\/et\/wp-json\/wp\/v2\/product\/5262\/revisions"}],"predecessor-version":[{"id":5301,"href":"https:\/\/pianinai.com\/et\/wp-json\/wp\/v2\/product\/5262\/revisions\/5301"}],"wp:featuredmedia":[{"embeddable":true,"href":"https:\/\/pianinai.com\/et\/wp-json\/wp\/v2\/media\/5246"}],"wp:attachment":[{"href":"https:\/\/pianinai.com\/et\/wp-json\/wp\/v2\/media?parent=5262"}],"wp:term":[{"taxonomy":"product_brand","embeddable":true,"href":"https:\/\/pianinai.com\/et\/wp-json\/wp\/v2\/product_brand?post=5262"},{"taxonomy":"product_cat","embeddable":true,"href":"https:\/\/pianinai.com\/et\/wp-json\/wp\/v2\/product_cat?post=5262"},{"taxonomy":"product_tag","embeddable":true,"href":"https:\/\/pianinai.com\/et\/wp-json\/wp\/v2\/product_tag?post=5262"}],"curies":[{"name":"wp","href":"https:\/\/api.w.org\/{rel}","templated":true}]}}