{"id":5271,"date":"2026-03-13T10:17:13","date_gmt":"2026-03-13T10:17:13","guid":{"rendered":"https:\/\/pianinai.com\/?post_type=product&#038;p=5271"},"modified":"2026-04-10T07:42:57","modified_gmt":"2026-04-10T07:42:57","slug":"pianinas-yamaha-yus","status":"publish","type":"product","link":"https:\/\/pianinai.com\/et\/pianinai\/pianinas-yamaha-yus\/","title":{"rendered":"Klaver &quot;Yamaha&quot; YUS"},"content":{"rendered":"<p>Yamaha YUS klaver. See on Jaapani tipptasemel pill, mida hinnatakse rikkaliku, selge ja v\u00e4ljendusrikka heli, t\u00e4pse mehaanika ja \u00e4\u00e4rmiselt meeldiva m\u00e4ngutunde poolest.<br \/>\nYamaha YUS-seeriat iseloomustab k\u00f5rgem kvaliteet, tundlikum klahvikarakteristik ja peenem d\u00fcnaamiline kontroll, mist\u00f5ttu hindavad neid klavereid eriti muusikud, kes otsivad mitte ainult usaldusv\u00e4\u00e4rset, vaid ka muusikaliselt k\u00fcpsemat pilli. See on klaver, mis sobib ideaalselt nii t\u00f5siseks \u00f5ppimiseks kui ka igap\u00e4evaseks m\u00e4ngimiseks kodus v\u00f5i muusikakoolis.<\/p>\n<p>Eelised:<\/p>\n<p>Rikkalik, selge ja v\u00e4ljendusrikas Yamaha heli<br \/>\nT\u00e4pne, reageeriv ja mugav klaviatuur<br \/>\nTipptasemel Yamaha YUS-seeria instrument<br \/>\nSuurep\u00e4rane d\u00fcnaamiline kontroll ja mugav m\u00e4ngimine<br \/>\nUsaldusv\u00e4\u00e4rne, stabiilne ja vastupidav mehaanika<br \/>\nElegantne, soliidne klassikaline disain<br \/>\nSobib nii \u00f5ppimiseks kui ka t\u00f5sisemaks muusikaliseks t\u00f6\u00f6ks<br \/>\nKvaliteetne Jaapani pill neile, kes hindavad k\u00f5rgemat klassi<\/p>\n<p>Tehtud t\u00f6\u00f6:<\/p>\n<p>Kohandatud mehaanika<br \/>\nPuhastatud ja poleeritud klaviatuur<br \/>\nKoordineeritud<br \/>\nKorralik v\u00e4limus<br \/>\nKasutusvalmis<\/p>","protected":false},"excerpt":{"rendered":"<p>Seerianumber \u2013 3662827<\/p>\n<p>Valmistatud Jaapanis<\/p>\n<p>V\u00e4rv \u2013 must, l\u00e4ikiv<\/p>\n<p>Mehaanikud \u2013 Jaapani \u201eYamaha\u201d<\/p>\n<p>Seisukord \u2013 Kasutatud<\/p>","protected":false},"featured_media":5251,"template":"","meta":{"site-sidebar-layout":"default","site-content-layout":"","ast-site-content-layout":"default","site-content-style":"default","site-sidebar-style":"default","ast-global-header-display":"","ast-banner-title-visibility":"","ast-main-header-display":"","ast-hfb-above-header-display":"","ast-hfb-below-header-display":"","ast-hfb-mobile-header-display":"","site-post-title":"","ast-breadcrumbs-content":"","ast-featured-img":"","footer-sml-layout":"","theme-transparent-header-meta":"default","adv-header-id-meta":"","stick-header-meta":"","header-above-stick-meta":"","header-main-stick-meta":"","header-below-stick-meta":"","astra-migrate-meta-layouts":"set","ast-page-background-enabled":"default","ast-page-background-meta":{"desktop":{"background-color":"var(--ast-global-color-5)","background-image":"","background-repeat":"repeat","background-position":"center center","background-size":"auto","background-attachment":"scroll","background-type":"","background-media":"","overlay-type":"","overlay-color":"","overlay-opacity":"","overlay-gradient":""},"tablet":{"background-color":"","background-image":"","background-repeat":"repeat","background-position":"center center","background-size":"auto","background-attachment":"scroll","background-type":"","background-media":"","overlay-type":"","overlay-color":"","overlay-opacity":"","overlay-gradient":""},"mobile":{"background-color":"","background-image":"","background-repeat":"repeat","background-position":"center center","background-size":"auto","background-attachment":"scroll","background-type":"","background-media":"","overlay-type":"","overlay-color":"","overlay-opacity":"","overlay-gradient":""}},"ast-content-background-meta":{"desktop":{"background-color":"var(--ast-global-color-4)","background-image":"","background-repeat":"repeat","background-position":"center center","background-size":"auto","background-attachment":"scroll","background-type":"","background-media":"","overlay-type":"","overlay-color":"","overlay-opacity":"","overlay-gradient":""},"tablet":{"background-color":"var(--ast-global-color-4)","background-image":"","background-repeat":"repeat","background-position":"center center","background-size":"auto","background-attachment":"scroll","background-type":"","background-media":"","overlay-type":"","overlay-color":"","overlay-opacity":"","overlay-gradient":""},"mobile":{"background-color":"var(--ast-global-color-4)","background-image":"","background-repeat":"repeat","background-position":"center center","background-size":"auto","background-attachment":"scroll","background-type":"","background-media":"","overlay-type":"","overlay-color":"","overlay-opacity":"","overlay-gradient":""}}},"product_brand":[],"product_cat":[35],"product_tag":[],"class_list":{"0":"post-5271","1":"product","2":"type-product","3":"status-publish","4":"has-post-thumbnail","6":"product_cat-juodi-pianinai","7":"desktop-align-center","8":"tablet-align-left","9":"mobile-align-left","10":"ast-product-gallery-layout-first-image-large","11":"ast-product-tabs-layout-horizontal","13":"first","14":"instock","15":"shipping-taxable","16":"purchasable","17":"product-type-simple"},"_links":{"self":[{"href":"https:\/\/pianinai.com\/et\/wp-json\/wp\/v2\/product\/5271","targetHints":{"allow":["GET"]}}],"collection":[{"href":"https:\/\/pianinai.com\/et\/wp-json\/wp\/v2\/product"}],"about":[{"href":"https:\/\/pianinai.com\/et\/wp-json\/wp\/v2\/types\/product"}],"version-history":[{"count":3,"href":"https:\/\/pianinai.com\/et\/wp-json\/wp\/v2\/product\/5271\/revisions"}],"predecessor-version":[{"id":5299,"href":"https:\/\/pianinai.com\/et\/wp-json\/wp\/v2\/product\/5271\/revisions\/5299"}],"wp:featuredmedia":[{"embeddable":true,"href":"https:\/\/pianinai.com\/et\/wp-json\/wp\/v2\/media\/5251"}],"wp:attachment":[{"href":"https:\/\/pianinai.com\/et\/wp-json\/wp\/v2\/media?parent=5271"}],"wp:term":[{"taxonomy":"product_brand","embeddable":true,"href":"https:\/\/pianinai.com\/et\/wp-json\/wp\/v2\/product_brand?post=5271"},{"taxonomy":"product_cat","embeddable":true,"href":"https:\/\/pianinai.com\/et\/wp-json\/wp\/v2\/product_cat?post=5271"},{"taxonomy":"product_tag","embeddable":true,"href":"https:\/\/pianinai.com\/et\/wp-json\/wp\/v2\/product_tag?post=5271"}],"curies":[{"name":"wp","href":"https:\/\/api.w.org\/{rel}","templated":true}]}}