{"id":5273,"date":"2026-03-13T10:20:51","date_gmt":"2026-03-13T10:20:51","guid":{"rendered":"https:\/\/pianinai.com\/?post_type=product&#038;p=5273"},"modified":"2026-04-10T07:33:59","modified_gmt":"2026-04-10T07:33:59","slug":"pianinas-petrof-p131","status":"publish","type":"product","link":"https:\/\/pianinai.com\/et\/pianinai\/pianinas-petrof-p131\/","title":{"rendered":"Klaver &quot;Petrof&quot; P131"},"content":{"rendered":"<p>M\u00fc\u00fca praktiliselt uus Petrof P131 klaver. Tegemist on k\u00f5rgekvaliteedilise, klassikalise v\u00e4limusega pilliga, mida hinnatakse rikkaliku, sooja ja musikaalse k\u00f5la, tundliku klaviatuuri ja mugava m\u00e4ngutunde poolest.<br \/>\nSellel klaveril on k\u00f5rgelt hinnatud Renneri mehhanism, mis on tuntud oma t\u00e4psuse, tundliku klahvireaktsiooni, hea d\u00fcnaamilise kontrolli ja t\u00f6\u00f6kindluse poolest. See teeb sellest ideaalse pilli nii t\u00f5sisele \u00f5ppijale kui ka edasij\u00f5udnud pianistile, kes otsib kvaliteetset muusikariista igap\u00e4evaseks m\u00e4ngimiseks.<br \/>\nKlaveril on ka Technics SM-ZS30 Silent System, mis v\u00f5imaldab m\u00e4ngida k\u00f5rvaklappidega teisi segamata. See on v\u00e4ga mugav lahendus \u00f5htul, varahommikul v\u00f5i korteris elades m\u00e4ngimiseks, kui soovite s\u00e4ilitada akustilise klaveri tunde, aga ka vaikse m\u00e4ngimise v\u00f5imalust.<br \/>\nKlaver sobib ideaalselt koju, muusikakooli v\u00f5i n\u00f5udlikumale muusikule.<\/p>\n<p>Eelised:<\/p>\n<p>&quot;Petrofi&quot; meeldiv, soe ja rikkalik k\u00f5la<br \/>\nMugav, sujuv ja reageeriv klaviatuur<br \/>\nSisseehitatud kvaliteetne Renneri mehaanika<br \/>\nT\u00e4pne klahvivastus ja hea d\u00fcnaamiline kontroll<br \/>\nTechnics SM-ZS30 vaikne s\u00fcsteem paigaldatud<br \/>\nV\u00f5imalus k\u00f5rvaklappidega m\u00e4ngida teisi h\u00e4irimata<br \/>\nElegantne, soliidne klassikaline disain<\/p>\n<p>Tehtud t\u00f6\u00f6:<\/p>\n<p>Kohandatud mehaanika<br \/>\nPuhastatud ja poleeritud klaviatuur<br \/>\nKoordineeritud<br \/>\nKorralik v\u00e4limus<br \/>\nKontrollitud vaikse s\u00fcsteemi j\u00f5udlus<br \/>\nKasutusvalmis<\/p>","protected":false},"excerpt":{"rendered":"<p>Seerianumber \u2013 594090<\/p>\n<p>Mudel \u2013 Petrof P131<\/p>\n<p>T\u0161ehhi Vabariigis valmistatud klaver<\/p>\n<p>V\u00e4rv \u2013 must, l\u00e4ikiv<\/p>\n<p>Mehaanikud \u2013 \u201eRenerr\u201d, saksa keel<\/p>\n<p>Seisukord \u2013 Kasutatud<\/p>","protected":false},"featured_media":5250,"template":"","meta":{"site-sidebar-layout":"default","site-content-layout":"","ast-site-content-layout":"default","site-content-style":"default","site-sidebar-style":"default","ast-global-header-display":"","ast-banner-title-visibility":"","ast-main-header-display":"","ast-hfb-above-header-display":"","ast-hfb-below-header-display":"","ast-hfb-mobile-header-display":"","site-post-title":"","ast-breadcrumbs-content":"","ast-featured-img":"","footer-sml-layout":"","theme-transparent-header-meta":"default","adv-header-id-meta":"","stick-header-meta":"","header-above-stick-meta":"","header-main-stick-meta":"","header-below-stick-meta":"","astra-migrate-meta-layouts":"set","ast-page-background-enabled":"default","ast-page-background-meta":{"desktop":{"background-color":"var(--ast-global-color-5)","background-image":"","background-repeat":"repeat","background-position":"center center","background-size":"auto","background-attachment":"scroll","background-type":"","background-media":"","overlay-type":"","overlay-color":"","overlay-opacity":"","overlay-gradient":""},"tablet":{"background-color":"","background-image":"","background-repeat":"repeat","background-position":"center center","background-size":"auto","background-attachment":"scroll","background-type":"","background-media":"","overlay-type":"","overlay-color":"","overlay-opacity":"","overlay-gradient":""},"mobile":{"background-color":"","background-image":"","background-repeat":"repeat","background-position":"center center","background-size":"auto","background-attachment":"scroll","background-type":"","background-media":"","overlay-type":"","overlay-color":"","overlay-opacity":"","overlay-gradient":""}},"ast-content-background-meta":{"desktop":{"background-color":"var(--ast-global-color-4)","background-image":"","background-repeat":"repeat","background-position":"center center","background-size":"auto","background-attachment":"scroll","background-type":"","background-media":"","overlay-type":"","overlay-color":"","overlay-opacity":"","overlay-gradient":""},"tablet":{"background-color":"var(--ast-global-color-4)","background-image":"","background-repeat":"repeat","background-position":"center center","background-size":"auto","background-attachment":"scroll","background-type":"","background-media":"","overlay-type":"","overlay-color":"","overlay-opacity":"","overlay-gradient":""},"mobile":{"background-color":"var(--ast-global-color-4)","background-image":"","background-repeat":"repeat","background-position":"center center","background-size":"auto","background-attachment":"scroll","background-type":"","background-media":"","overlay-type":"","overlay-color":"","overlay-opacity":"","overlay-gradient":""}}},"product_brand":[],"product_cat":[35],"product_tag":[],"class_list":{"0":"post-5273","1":"product","2":"type-product","3":"status-publish","4":"has-post-thumbnail","6":"product_cat-juodi-pianinai","7":"desktop-align-center","8":"tablet-align-left","9":"mobile-align-left","10":"ast-product-gallery-layout-first-image-large","11":"ast-product-tabs-layout-horizontal","13":"first","14":"instock","15":"shipping-taxable","16":"purchasable","17":"product-type-simple"},"_links":{"self":[{"href":"https:\/\/pianinai.com\/et\/wp-json\/wp\/v2\/product\/5273","targetHints":{"allow":["GET"]}}],"collection":[{"href":"https:\/\/pianinai.com\/et\/wp-json\/wp\/v2\/product"}],"about":[{"href":"https:\/\/pianinai.com\/et\/wp-json\/wp\/v2\/types\/product"}],"version-history":[{"count":5,"href":"https:\/\/pianinai.com\/et\/wp-json\/wp\/v2\/product\/5273\/revisions"}],"predecessor-version":[{"id":5295,"href":"https:\/\/pianinai.com\/et\/wp-json\/wp\/v2\/product\/5273\/revisions\/5295"}],"wp:featuredmedia":[{"embeddable":true,"href":"https:\/\/pianinai.com\/et\/wp-json\/wp\/v2\/media\/5250"}],"wp:attachment":[{"href":"https:\/\/pianinai.com\/et\/wp-json\/wp\/v2\/media?parent=5273"}],"wp:term":[{"taxonomy":"product_brand","embeddable":true,"href":"https:\/\/pianinai.com\/et\/wp-json\/wp\/v2\/product_brand?post=5273"},{"taxonomy":"product_cat","embeddable":true,"href":"https:\/\/pianinai.com\/et\/wp-json\/wp\/v2\/product_cat?post=5273"},{"taxonomy":"product_tag","embeddable":true,"href":"https:\/\/pianinai.com\/et\/wp-json\/wp\/v2\/product_tag?post=5273"}],"curies":[{"name":"wp","href":"https:\/\/api.w.org\/{rel}","templated":true}]}}