{"id":5278,"date":"2026-03-13T10:24:35","date_gmt":"2026-03-13T10:24:35","guid":{"rendered":"https:\/\/pianinai.com\/?post_type=product&#038;p=5278"},"modified":"2026-04-10T07:40:38","modified_gmt":"2026-04-10T07:40:38","slug":"pianinas-schimmel-128t","status":"publish","type":"product","link":"https:\/\/pianinai.com\/et\/pianinai\/pianinas-schimmel-128t\/","title":{"rendered":"Klaver &quot;Schimmel&quot; 128T"},"content":{"rendered":"<p>M\u00fc\u00fca on l\u00e4ikivmust Saksa akustiline klaver Schimmel 128T. Schimmel on \u00fcks kuulsamaid Saksa klaveritootjaid, mis on tuntud oma kvaliteetse toodangu ja usaldusv\u00e4\u00e4rse heli poolest.<br \/>\nRenneri mehaanikaga klaver - klahvid t\u00f6\u00f6tavad t\u00e4pselt ja tundlikult. K\u00f5lab kaunilt kogu registris, bass on s\u00fcgav ja v\u00f5imas. V\u00e4lispind on laitmatus seisukorras. Pill on koheselt kasutusvalmis - sobib nii algajatele kui ka kogenud pianistidele.<\/p>\n<p>Mudel: Schimmel 128T<br \/>\nK\u00f5rgus: 128 cm<br \/>\nKlahvid: 88<br \/>\nPedaalid: 3<br \/>\nV\u00e4rv: must, l\u00e4ikiv<br \/>\nP\u00e4ritolumaa: Saksamaa<\/p>\n<p>Garantii on antud.<\/p>\n<p>Kohaletoimetamine on v\u00f5imalik kogu Leedus.<\/p>","protected":false},"excerpt":{"rendered":"<p>Seerianumber \u2013 269203<\/p>\n<p>Valmistatud Saksamaal<\/p>\n<p>V\u00e4rv \u2013 must, l\u00e4ikiv<\/p>\n<p>Mehaanikud \u2013 \u201eRENNER\u201d saksa keeles<\/p>\n<p>Seisukord \u2013 Kasutatud<\/p>","protected":false},"featured_media":5254,"template":"","meta":{"site-sidebar-layout":"default","site-content-layout":"","ast-site-content-layout":"default","site-content-style":"default","site-sidebar-style":"default","ast-global-header-display":"","ast-banner-title-visibility":"","ast-main-header-display":"","ast-hfb-above-header-display":"","ast-hfb-below-header-display":"","ast-hfb-mobile-header-display":"","site-post-title":"","ast-breadcrumbs-content":"","ast-featured-img":"","footer-sml-layout":"","theme-transparent-header-meta":"default","adv-header-id-meta":"","stick-header-meta":"","header-above-stick-meta":"","header-main-stick-meta":"","header-below-stick-meta":"","astra-migrate-meta-layouts":"set","ast-page-background-enabled":"default","ast-page-background-meta":{"desktop":{"background-color":"var(--ast-global-color-5)","background-image":"","background-repeat":"repeat","background-position":"center center","background-size":"auto","background-attachment":"scroll","background-type":"","background-media":"","overlay-type":"","overlay-color":"","overlay-opacity":"","overlay-gradient":""},"tablet":{"background-color":"","background-image":"","background-repeat":"repeat","background-position":"center center","background-size":"auto","background-attachment":"scroll","background-type":"","background-media":"","overlay-type":"","overlay-color":"","overlay-opacity":"","overlay-gradient":""},"mobile":{"background-color":"","background-image":"","background-repeat":"repeat","background-position":"center center","background-size":"auto","background-attachment":"scroll","background-type":"","background-media":"","overlay-type":"","overlay-color":"","overlay-opacity":"","overlay-gradient":""}},"ast-content-background-meta":{"desktop":{"background-color":"var(--ast-global-color-4)","background-image":"","background-repeat":"repeat","background-position":"center center","background-size":"auto","background-attachment":"scroll","background-type":"","background-media":"","overlay-type":"","overlay-color":"","overlay-opacity":"","overlay-gradient":""},"tablet":{"background-color":"var(--ast-global-color-4)","background-image":"","background-repeat":"repeat","background-position":"center center","background-size":"auto","background-attachment":"scroll","background-type":"","background-media":"","overlay-type":"","overlay-color":"","overlay-opacity":"","overlay-gradient":""},"mobile":{"background-color":"var(--ast-global-color-4)","background-image":"","background-repeat":"repeat","background-position":"center center","background-size":"auto","background-attachment":"scroll","background-type":"","background-media":"","overlay-type":"","overlay-color":"","overlay-opacity":"","overlay-gradient":""}}},"product_brand":[],"product_cat":[35],"product_tag":[],"class_list":{"0":"post-5278","1":"product","2":"type-product","3":"status-publish","4":"has-post-thumbnail","6":"product_cat-juodi-pianinai","7":"desktop-align-center","8":"tablet-align-left","9":"mobile-align-left","10":"ast-product-gallery-layout-first-image-large","11":"ast-product-tabs-layout-horizontal","13":"first","14":"instock","15":"shipping-taxable","16":"purchasable","17":"product-type-simple"},"_links":{"self":[{"href":"https:\/\/pianinai.com\/et\/wp-json\/wp\/v2\/product\/5278","targetHints":{"allow":["GET"]}}],"collection":[{"href":"https:\/\/pianinai.com\/et\/wp-json\/wp\/v2\/product"}],"about":[{"href":"https:\/\/pianinai.com\/et\/wp-json\/wp\/v2\/types\/product"}],"version-history":[{"count":3,"href":"https:\/\/pianinai.com\/et\/wp-json\/wp\/v2\/product\/5278\/revisions"}],"predecessor-version":[{"id":5297,"href":"https:\/\/pianinai.com\/et\/wp-json\/wp\/v2\/product\/5278\/revisions\/5297"}],"wp:featuredmedia":[{"embeddable":true,"href":"https:\/\/pianinai.com\/et\/wp-json\/wp\/v2\/media\/5254"}],"wp:attachment":[{"href":"https:\/\/pianinai.com\/et\/wp-json\/wp\/v2\/media?parent=5278"}],"wp:term":[{"taxonomy":"product_brand","embeddable":true,"href":"https:\/\/pianinai.com\/et\/wp-json\/wp\/v2\/product_brand?post=5278"},{"taxonomy":"product_cat","embeddable":true,"href":"https:\/\/pianinai.com\/et\/wp-json\/wp\/v2\/product_cat?post=5278"},{"taxonomy":"product_tag","embeddable":true,"href":"https:\/\/pianinai.com\/et\/wp-json\/wp\/v2\/product_tag?post=5278"}],"curies":[{"name":"wp","href":"https:\/\/api.w.org\/{rel}","templated":true}]}}