{"id":5288,"date":"2026-03-26T08:56:02","date_gmt":"2026-03-26T08:56:02","guid":{"rendered":"https:\/\/pianinai.com\/?post_type=product&#038;p=5288"},"modified":"2026-04-10T06:32:36","modified_gmt":"2026-04-10T06:32:36","slug":"pianinas-august-forster-11","status":"publish","type":"product","link":"https:\/\/pianinai.com\/et\/pianinai\/pianinas-august-forster-11\/","title":{"rendered":"Klaver &quot;August Forster&quot;"},"content":{"rendered":"<div>\n<p><img fetchpriority=\"high\" decoding=\"async\" class=\"wp-image-3039 aligncenter\" src=\"https:\/\/pianinai.com\/wp-content\/uploads\/2025\/02\/7B1BCF5D-0B35-48A1-9701-D728CBB74F07-300x169.jpeg\" alt=\"Petrof\" width=\"367\" height=\"207\" srcset=\"https:\/\/pianinai.com\/wp-content\/uploads\/2025\/02\/7B1BCF5D-0B35-48A1-9701-D728CBB74F07-300x169.jpeg 300w, https:\/\/pianinai.com\/wp-content\/uploads\/2025\/02\/7B1BCF5D-0B35-48A1-9701-D728CBB74F07-scaled-1000x563.jpeg 1000w, https:\/\/pianinai.com\/wp-content\/uploads\/2025\/02\/7B1BCF5D-0B35-48A1-9701-D728CBB74F07-1024x576.jpeg 1024w, https:\/\/pianinai.com\/wp-content\/uploads\/2025\/02\/7B1BCF5D-0B35-48A1-9701-D728CBB74F07-768x432.jpeg 768w, https:\/\/pianinai.com\/wp-content\/uploads\/2025\/02\/7B1BCF5D-0B35-48A1-9701-D728CBB74F07-1536x864.jpeg 1536w, https:\/\/pianinai.com\/wp-content\/uploads\/2025\/02\/7B1BCF5D-0B35-48A1-9701-D728CBB74F07-2048x1152.jpeg 2048w, https:\/\/pianinai.com\/wp-content\/uploads\/2025\/02\/7B1BCF5D-0B35-48A1-9701-D728CBB74F07-18x10.jpeg 18w\" sizes=\"(max-width: 367px) 100vw, 367px\" \/><\/p>\n<\/div>\n<div>\n<h6>August Forster (Petrof) on T\u0161ehhi klaveritootjate seas juhtiv ettev\u00f5te, mis on tuntud oma erakordse k\u00f5la, elegantse disaini ja pikaajaliste traditsioonide poolest. Alates 1864. aastast on k\u00e4sitsi valmistatud Petrofi klaverid k\u00f6itnud nii professionaalseid muusikuid kui ka muusikas\u00f5pru \u00fcle maailma. Neid pille eristab soe, romantiline toon ja k\u00f5rgeim kvaliteet.<\/h6>\n<p>&nbsp;<\/p>\n<h6><\/h6>\n<h6><\/h6>\n<h6>Peamised omadused:<\/h6>\n<p>&nbsp;<\/p>\n<h6><\/h6>\n<\/div>\n<h6><\/h6>\n<ul>\n<li>Romantiline heli: Petrofi klaveritel on ainulaadne soe ja rikkalik heli, mis sobib ideaalselt klassikalise muusika ja emotsionaalsete lugude esitamiseks. Bassnoodid on s\u00fcgavad ja k\u00f5lavad, samas kui k\u00f5rged noodid on selged ja \u00f5rnad.<\/li>\n<\/ul>\n<p>&nbsp;<\/p>\n<ul>\n<li>Kvaliteetsed materjalid: Iga klaver on valmistatud hoolikalt valitud puidust, n\u00e4iteks kuusest ja vahtrast, mis tagavad suurep\u00e4rase resonantsi ja vastupidavuse.<\/li>\n<\/ul>\n<p>&nbsp;<\/p>\n<ul>\n<li>K\u00e4sit\u00f6\u00f6: Kuni 80% % tootmisprotsessist toimub k\u00e4sitsi, muutes iga Petrofi klaveri ainulaadseks ja vastavaks k\u00f5rgeimatele kvaliteedistandarditele.<\/li>\n<\/ul>\n<p>&nbsp;<\/p>\n<ul>\n<li>Mugav klaviatuur: Klaveri mehhanismid on loodud sujuva ja tundliku m\u00e4ngukogemuse tagamiseks. Keskmise k\u00f5vadusega klahvid v\u00f5imaldavad teil h\u00f5lpsalt d\u00fcnaamikat juhtida ja v\u00e4ljendada k\u00f5ige peenemaid emotsioone.<\/li>\n<\/ul>\n<p>&nbsp;<\/p>\n<ul>\n<li>Esteetiline disain: Petrof pakub laia valikut viimistlusi, alates klassikalisest l\u00e4ikivast mustast kuni moodsate v\u00e4rvilahendusteni. Korpused pole mitte ainult ilusad, vaid ka vastupidavad.<\/li>\n<\/ul>\n<p>&nbsp;<\/p>\n<h6><\/h6>\n<h5>Miks valida Petrof?<\/h5>\n<p>&nbsp;<\/p>\n<h6><\/h6>\n<p>Petrofi klaverid ei ole lihtsalt pillid, vaid kunstiteosed. Need \u00fchendavad endas pikaajalised traditsioonid moodsa tehnoloogiaga, tagades v\u00f5rratu helikvaliteedi ja esteetika. Need klaverid on suurep\u00e4rane valik nii algajatele pianistidele kui ka professionaalidele, kes otsivad usaldusv\u00e4\u00e4rset ja inspireerivat pilli.<\/p>\n<h6><\/h6>\n<p>&nbsp;<\/p>\n<h6>Sukeldu muusikamaailma Petrofiga \u2013 kus iga noot k\u00f5lab eriliselt!<\/h6>\n<div><img fetchpriority=\"high\" decoding=\"async\" class=\"wp-image-3039 aligncenter\" src=\"https:\/\/pianinai.com\/wp-content\/uploads\/2025\/02\/7B1BCF5D-0B35-48A1-9701-D728CBB74F07-300x169.jpeg\" alt=\"Petrof\" width=\"367\" height=\"207\" srcset=\"https:\/\/pianinai.com\/wp-content\/uploads\/2025\/02\/7B1BCF5D-0B35-48A1-9701-D728CBB74F07-300x169.jpeg 300w, https:\/\/pianinai.com\/wp-content\/uploads\/2025\/02\/7B1BCF5D-0B35-48A1-9701-D728CBB74F07-scaled-1000x563.jpeg 1000w, https:\/\/pianinai.com\/wp-content\/uploads\/2025\/02\/7B1BCF5D-0B35-48A1-9701-D728CBB74F07-1024x576.jpeg 1024w, https:\/\/pianinai.com\/wp-content\/uploads\/2025\/02\/7B1BCF5D-0B35-48A1-9701-D728CBB74F07-768x432.jpeg 768w, https:\/\/pianinai.com\/wp-content\/uploads\/2025\/02\/7B1BCF5D-0B35-48A1-9701-D728CBB74F07-1536x864.jpeg 1536w, https:\/\/pianinai.com\/wp-content\/uploads\/2025\/02\/7B1BCF5D-0B35-48A1-9701-D728CBB74F07-2048x1152.jpeg 2048w, https:\/\/pianinai.com\/wp-content\/uploads\/2025\/02\/7B1BCF5D-0B35-48A1-9701-D728CBB74F07-18x10.jpeg 18w\" sizes=\"(max-width: 367px) 100vw, 367px\" \/><\/div>","protected":false},"excerpt":{"rendered":"<p>Seerianumber \u2013 260526<\/p>\n<p>T\u0161ehhi Vabariigis valmistatud klaver<\/p>\n<p>V\u00e4rv \u2013 must, l\u00e4ikiv<\/p>\n<p>Mehaanikud \u2013 \u201cPETROF\u201d (T\u0161ehhi), haamrid \u201cRenner\u201d (Saksa)<\/p>\n<p>Seisukord \u2013 Kasutatud<\/p>","protected":false},"featured_media":5283,"template":"","meta":{"site-sidebar-layout":"default","site-content-layout":"","ast-site-content-layout":"default","site-content-style":"default","site-sidebar-style":"default","ast-global-header-display":"","ast-banner-title-visibility":"","ast-main-header-display":"","ast-hfb-above-header-display":"","ast-hfb-below-header-display":"","ast-hfb-mobile-header-display":"","site-post-title":"","ast-breadcrumbs-content":"","ast-featured-img":"","footer-sml-layout":"","theme-transparent-header-meta":"default","adv-header-id-meta":"","stick-header-meta":"","header-above-stick-meta":"","header-main-stick-meta":"","header-below-stick-meta":"","astra-migrate-meta-layouts":"set","ast-page-background-enabled":"default","ast-page-background-meta":{"desktop":{"background-color":"var(--ast-global-color-5)","background-image":"","background-repeat":"repeat","background-position":"center center","background-size":"auto","background-attachment":"scroll","background-type":"","background-media":"","overlay-type":"","overlay-color":"","overlay-opacity":"","overlay-gradient":""},"tablet":{"background-color":"","background-image":"","background-repeat":"repeat","background-position":"center center","background-size":"auto","background-attachment":"scroll","background-type":"","background-media":"","overlay-type":"","overlay-color":"","overlay-opacity":"","overlay-gradient":""},"mobile":{"background-color":"","background-image":"","background-repeat":"repeat","background-position":"center center","background-size":"auto","background-attachment":"scroll","background-type":"","background-media":"","overlay-type":"","overlay-color":"","overlay-opacity":"","overlay-gradient":""}},"ast-content-background-meta":{"desktop":{"background-color":"var(--ast-global-color-4)","background-image":"","background-repeat":"repeat","background-position":"center center","background-size":"auto","background-attachment":"scroll","background-type":"","background-media":"","overlay-type":"","overlay-color":"","overlay-opacity":"","overlay-gradient":""},"tablet":{"background-color":"var(--ast-global-color-4)","background-image":"","background-repeat":"repeat","background-position":"center center","background-size":"auto","background-attachment":"scroll","background-type":"","background-media":"","overlay-type":"","overlay-color":"","overlay-opacity":"","overlay-gradient":""},"mobile":{"background-color":"var(--ast-global-color-4)","background-image":"","background-repeat":"repeat","background-position":"center center","background-size":"auto","background-attachment":"scroll","background-type":"","background-media":"","overlay-type":"","overlay-color":"","overlay-opacity":"","overlay-gradient":""}}},"product_brand":[],"product_cat":[35],"product_tag":[],"class_list":{"0":"post-5288","1":"product","2":"type-product","3":"status-publish","4":"has-post-thumbnail","6":"product_cat-juodi-pianinai","7":"desktop-align-center","8":"tablet-align-left","9":"mobile-align-left","10":"ast-product-gallery-layout-first-image-large","11":"ast-product-tabs-layout-horizontal","13":"first","14":"instock","15":"shipping-taxable","16":"purchasable","17":"product-type-simple"},"_links":{"self":[{"href":"https:\/\/pianinai.com\/et\/wp-json\/wp\/v2\/product\/5288","targetHints":{"allow":["GET"]}}],"collection":[{"href":"https:\/\/pianinai.com\/et\/wp-json\/wp\/v2\/product"}],"about":[{"href":"https:\/\/pianinai.com\/et\/wp-json\/wp\/v2\/types\/product"}],"version-history":[{"count":3,"href":"https:\/\/pianinai.com\/et\/wp-json\/wp\/v2\/product\/5288\/revisions"}],"predecessor-version":[{"id":5293,"href":"https:\/\/pianinai.com\/et\/wp-json\/wp\/v2\/product\/5288\/revisions\/5293"}],"wp:featuredmedia":[{"embeddable":true,"href":"https:\/\/pianinai.com\/et\/wp-json\/wp\/v2\/media\/5283"}],"wp:attachment":[{"href":"https:\/\/pianinai.com\/et\/wp-json\/wp\/v2\/media?parent=5288"}],"wp:term":[{"taxonomy":"product_brand","embeddable":true,"href":"https:\/\/pianinai.com\/et\/wp-json\/wp\/v2\/product_brand?post=5288"},{"taxonomy":"product_cat","embeddable":true,"href":"https:\/\/pianinai.com\/et\/wp-json\/wp\/v2\/product_cat?post=5288"},{"taxonomy":"product_tag","embeddable":true,"href":"https:\/\/pianinai.com\/et\/wp-json\/wp\/v2\/product_tag?post=5288"}],"curies":[{"name":"wp","href":"https:\/\/api.w.org\/{rel}","templated":true}]}}