{"id":1488,"date":"2024-02-05T10:17:07","date_gmt":"2024-02-05T10:17:07","guid":{"rendered":"https:\/\/pianinai-com-174019.hostingersite.com\/?post_type=product&#038;p=1488"},"modified":"2026-03-13T09:49:13","modified_gmt":"2026-03-13T09:49:13","slug":"pianinas-w-hoffmann-3","status":"publish","type":"product","link":"https:\/\/pianinai.com\/lv\/pianinai\/pianinas-w-hoffmann-3\/","title":{"rendered":"Klavieres &quot;V. Hofmans&quot;"},"content":{"rendered":"<p>Klavieres &quot;V. Hofmans&quot;<\/p>","protected":false},"excerpt":{"rendered":"<p>S\u0113rijas numurs \u2013 314028<\/p>\n<p>Ra\u017eots V\u0101cij\u0101<\/p>\n<p>Kr\u0101sa \u2013 br\u016bna, mat\u0113ta<\/p>\n<p>Meh\u0101ni\u0137i \u2014 V. Hofmans V\u0101rmans<\/p>\n<p>St\u0101voklis \u2013 Lietots<\/p>","protected":false},"featured_media":1479,"template":"","meta":{"site-sidebar-layout":"default","site-content-layout":"","ast-site-content-layout":"default","site-content-style":"default","site-sidebar-style":"default","ast-global-header-display":"","ast-banner-title-visibility":"","ast-main-header-display":"","ast-hfb-above-header-display":"","ast-hfb-below-header-display":"","ast-hfb-mobile-header-display":"","site-post-title":"","ast-breadcrumbs-content":"","ast-featured-img":"","footer-sml-layout":"","theme-transparent-header-meta":"default","adv-header-id-meta":"","stick-header-meta":"","header-above-stick-meta":"","header-main-stick-meta":"","header-below-stick-meta":"","astra-migrate-meta-layouts":"set","ast-page-background-enabled":"default","ast-page-background-meta":{"desktop":{"background-color":"var(--ast-global-color-5)","background-image":"","background-repeat":"repeat","background-position":"center center","background-size":"auto","background-attachment":"scroll","background-type":"","background-media":"","overlay-type":"","overlay-color":"","overlay-opacity":"","overlay-gradient":""},"tablet":{"background-color":"","background-image":"","background-repeat":"repeat","background-position":"center center","background-size":"auto","background-attachment":"scroll","background-type":"","background-media":"","overlay-type":"","overlay-color":"","overlay-opacity":"","overlay-gradient":""},"mobile":{"background-color":"","background-image":"","background-repeat":"repeat","background-position":"center center","background-size":"auto","background-attachment":"scroll","background-type":"","background-media":"","overlay-type":"","overlay-color":"","overlay-opacity":"","overlay-gradient":""}},"ast-content-background-meta":{"desktop":{"background-color":"var(--ast-global-color-4)","background-image":"","background-repeat":"repeat","background-position":"center center","background-size":"auto","background-attachment":"scroll","background-type":"","background-media":"","overlay-type":"","overlay-color":"","overlay-opacity":"","overlay-gradient":""},"tablet":{"background-color":"var(--ast-global-color-4)","background-image":"","background-repeat":"repeat","background-position":"center center","background-size":"auto","background-attachment":"scroll","background-type":"","background-media":"","overlay-type":"","overlay-color":"","overlay-opacity":"","overlay-gradient":""},"mobile":{"background-color":"var(--ast-global-color-4)","background-image":"","background-repeat":"repeat","background-position":"center center","background-size":"auto","background-attachment":"scroll","background-type":"","background-media":"","overlay-type":"","overlay-color":"","overlay-opacity":"","overlay-gradient":""}}},"product_brand":[],"product_cat":[31],"product_tag":[],"class_list":{"0":"post-1488","1":"product","2":"type-product","3":"status-publish","4":"has-post-thumbnail","6":"product_cat-rudi-pianinai","7":"desktop-align-center","8":"tablet-align-left","9":"mobile-align-left","10":"ast-product-gallery-layout-first-image-large","11":"ast-product-tabs-layout-horizontal","13":"first","14":"outofstock","15":"shipping-taxable","16":"purchasable","17":"product-type-simple"},"_links":{"self":[{"href":"https:\/\/pianinai.com\/lv\/wp-json\/wp\/v2\/product\/1488","targetHints":{"allow":["GET"]}}],"collection":[{"href":"https:\/\/pianinai.com\/lv\/wp-json\/wp\/v2\/product"}],"about":[{"href":"https:\/\/pianinai.com\/lv\/wp-json\/wp\/v2\/types\/product"}],"version-history":[{"count":1,"href":"https:\/\/pianinai.com\/lv\/wp-json\/wp\/v2\/product\/1488\/revisions"}],"predecessor-version":[{"id":5237,"href":"https:\/\/pianinai.com\/lv\/wp-json\/wp\/v2\/product\/1488\/revisions\/5237"}],"wp:featuredmedia":[{"embeddable":true,"href":"https:\/\/pianinai.com\/lv\/wp-json\/wp\/v2\/media\/1479"}],"wp:attachment":[{"href":"https:\/\/pianinai.com\/lv\/wp-json\/wp\/v2\/media?parent=1488"}],"wp:term":[{"taxonomy":"product_brand","embeddable":true,"href":"https:\/\/pianinai.com\/lv\/wp-json\/wp\/v2\/product_brand?post=1488"},{"taxonomy":"product_cat","embeddable":true,"href":"https:\/\/pianinai.com\/lv\/wp-json\/wp\/v2\/product_cat?post=1488"},{"taxonomy":"product_tag","embeddable":true,"href":"https:\/\/pianinai.com\/lv\/wp-json\/wp\/v2\/product_tag?post=1488"}],"curies":[{"name":"wp","href":"https:\/\/api.w.org\/{rel}","templated":true}]}}