{"id":1863,"date":"2024-07-18T12:47:33","date_gmt":"2024-07-18T12:47:33","guid":{"rendered":"https:\/\/pianinai.com\/?post_type=product&#038;p=1863"},"modified":"2025-06-09T08:37:57","modified_gmt":"2025-06-09T08:37:57","slug":"pianinas-august-forster-8","status":"publish","type":"product","link":"https:\/\/pianinai.com\/lv\/pianinai\/pianinas-august-forster-8\/","title":{"rendered":"Klavieres &quot;Augusts Forsters&quot;"},"content":{"rendered":"<div>\n<p><img fetchpriority=\"high\" decoding=\"async\" class=\"wp-image-3039 aligncenter\" src=\"https:\/\/pianinai.com\/wp-content\/uploads\/2025\/02\/7B1BCF5D-0B35-48A1-9701-D728CBB74F07-300x169.jpeg\" alt=\"Petrof\" width=\"367\" height=\"207\" srcset=\"https:\/\/pianinai.com\/wp-content\/uploads\/2025\/02\/7B1BCF5D-0B35-48A1-9701-D728CBB74F07-300x169.jpeg 300w, https:\/\/pianinai.com\/wp-content\/uploads\/2025\/02\/7B1BCF5D-0B35-48A1-9701-D728CBB74F07-scaled-1000x563.jpeg 1000w, https:\/\/pianinai.com\/wp-content\/uploads\/2025\/02\/7B1BCF5D-0B35-48A1-9701-D728CBB74F07-1024x576.jpeg 1024w, https:\/\/pianinai.com\/wp-content\/uploads\/2025\/02\/7B1BCF5D-0B35-48A1-9701-D728CBB74F07-768x432.jpeg 768w, https:\/\/pianinai.com\/wp-content\/uploads\/2025\/02\/7B1BCF5D-0B35-48A1-9701-D728CBB74F07-1536x864.jpeg 1536w, https:\/\/pianinai.com\/wp-content\/uploads\/2025\/02\/7B1BCF5D-0B35-48A1-9701-D728CBB74F07-2048x1152.jpeg 2048w, https:\/\/pianinai.com\/wp-content\/uploads\/2025\/02\/7B1BCF5D-0B35-48A1-9701-D728CBB74F07-18x10.jpeg 18w\" sizes=\"(max-width: 367px) 100vw, 367px\" \/><\/p>\n<p>Petrof ir viens no slaven\u0101kajiem Eiropas klavieru ra\u017eot\u0101jiem, kas paz\u012bstams ar savu izcilo meistar\u012bbu, bag\u0101to v\u0113sturi un unik\u0101lo skan\u0113jumu. Uz\u0146\u0113mums, ko 1864. gad\u0101 Hradeckr\u0101lov\u0113, \u010cehijas Republik\u0101, dibin\u0101ja Anton\u012bns Petrofs, un tas ir k\u013cuvis par Eiropas klavieru ra\u017eo\u0161anas izcil\u012bbas simbolu. Zem\u0101k ir sniegta detaliz\u0113ta z\u012bmola v\u0113sture un sasniegumi.<\/p>\n<\/div>\n<div>Dibin\u0101\u0161ana un agr\u012bn\u0101 att\u012bst\u012bba<\/div>\n<div>\u2022 Anton\u012bns Petrofs nodibin\u0101ja uz\u0146\u0113mumu p\u0113c studij\u0101m pie t\u0101diem slaveniem V\u012bnes klaviermeistariem k\u0101 Fr\u012bdrihs \u0112rb\u0101rs un \u0160veigofers. 1864. gad\u0101 vi\u0146\u0161 atgriez\u0101s Boh\u0113mij\u0101 un t\u0113va darbn\u012bc\u0101 uzb\u016bv\u0113ja savas pirm\u0101s klavieres.<\/div>\n<div>\u20221883. gad\u0101 Petrof s\u0101ka ra\u017eot klavieres (vertik\u0101l\u0101 tipa), t\u0101d\u0113j\u0101di papla\u0161inot savu produktu kl\u0101stu.<\/div>\n<div>\u20221880. gad\u0101 uz\u0146\u0113mums tika ofici\u0101li re\u0123istr\u0113ts un \u0101tri ieguva atzin\u012bbu par saviem augstas kvalit\u0101tes instrumentiem.<\/div>\n<div>Att\u012bst\u012bba glob\u0101laj\u0101 tirg\u016b<\/div>\n<div>\u2022 20.\u00a0gadsimta s\u0101kum\u0101 Petrof s\u0101ka eksport\u0113t klavieres uz Eiropu, Jap\u0101nu, \u0136\u012bnu, Austr\u0101liju un Dienvidameriku. Z\u012bmols k\u013cuva slavens ar savu silto, romantisko skan\u0113jumu un nevainojamo kvalit\u0101ti.<\/div>\n<div>\u20221924. gad\u0101 Petrof sa\u0146\u0113ma ofici\u0101l\u0101 pieg\u0101d\u0101t\u0101ja statusu Austroung\u0101rijas imperatora galm\u0101, kas apstiprin\u0101ja z\u012bmola presti\u017eu.<\/div>\n<div>\u20221934.\u00a0gada Pasaules izst\u0101d\u0113 Brisel\u0113 Petrof klavier\u0113m tika pie\u0161\u0137irta zelta meda\u013ca par to izcilo kvalit\u0101ti.<\/div>\n<div>20. gadsimta izaicin\u0101jumi<\/div>\n<div>\u2022 P\u0113c komunistisk\u0101 apv\u0113rsuma \u010cehoslov\u0101kij\u0101 1948. gad\u0101 Petrof tika nacionaliz\u0113ts. Neskatoties uz to, uz\u0146\u0113mums turpin\u0101ja ra\u017eot augstas kvalit\u0101tes klavieres valsts varas laik\u0101.<\/div>\n<div>\u2022 1991.\u00a0gad\u0101 p\u0113c komunisma kri\u0161anas uz\u0146\u0113mums tika atdots Petrofu \u0123imenei. \u0160odien to vada Petrofu \u0123imenes piekt\u0101 paaudze.<\/div>\n<div>M\u016bsdienu periods un inov\u0101cijas<\/div>\n<div>\u2022 Petrof joproj\u0101m ir liel\u0101kais akustisko klavieru un vertik\u0101lo klavieru ra\u017eot\u0101js Eirop\u0101, eksport\u0113jot savu produkciju uz vair\u0101k nek\u0101 65 valst\u012bm.<\/div>\n<div>\u2022Kop\u0161 dibin\u0101\u0161anas uz\u0146\u0113mums ir sara\u017eojis aptuveni 635\u00a0000 instrumentu.<\/div>\n<div>\u2022Uz\u0146\u0113mums ir paz\u012bstams ar t\u0101diem jaunin\u0101jumiem k\u0101 magn\u0113tisk\u0101s sist\u0113mas meh\u0101nikas un spiediena punktu regul\u0113\u0161anai.<\/div>\n<div>\u2022 Liel\u0101k\u0101 da\u013ca (aptuveni 80 %) no katra instrumenta ir izgatavota ar rok\u0101m, izmantojot tradicion\u0101las metodes.<\/div>\n<div>Izcilas funkcijas<\/div>\n<div>1. Ska\u0146a: Petrof klavieres ir paz\u012bstamas ar savu maigo, saudz\u012bgo un apa\u013co toni, ko bie\u017ei raksturo k\u0101 romantisku. Tas ir \u012bpa\u0161i piem\u0113rots klasiskajai m\u016bzikai un emocion\u0101liem priek\u0161nesumiem.<\/div>\n<div>2. Materi\u0101li: Klavieres ir izgatavotas no augstas kvalit\u0101tes Eiropas materi\u0101liem, piem\u0113ram, egles un k\u013cavas. \u0160ie materi\u0101li tiek r\u016bp\u012bgi atlas\u012bti un apstr\u0101d\u0101ti, lai nodro\u0161in\u0101tu vislab\u0101ko ska\u0146as kvalit\u0101ti.<\/div>\n<div>3. Meistar\u012bba: Katra fl\u012b\u0123e\u013ca izgatavo\u0161ana aiz\u0146em 9 l\u012bdz 12 m\u0113ne\u0161us. Visi amatnieki, kas str\u0101d\u0101 pie instrumenta, atst\u0101j savus v\u0101rdus k\u0101 kvalit\u0101tes z\u012bmi.<\/div>\n<div>4. Dizains: Petrof pied\u0101v\u0101 da\u017e\u0101das apdares iesp\u0113jas gan fl\u012b\u0123e\u013ciem, gan vertik\u0101lajiem klavier\u0113m \u2014 no klasisk\u0101 l\u012bdz modernam stilam.<\/div>\n<div>Apbalvojumi un atzin\u012bba<\/div>\n<div>\u2022 Savas past\u0101v\u0113\u0161anas laik\u0101 Petrof ir ieguvis daudzas balvas, tostarp meda\u013cas starptautisk\u0101s izst\u0101d\u0113s Par\u012bz\u0113, Barselon\u0101, Brisel\u0113 un London\u0101.<\/div>\n<div>\u2022 2007. gad\u0101 uz\u0146\u0113mumam tika pie\u0161\u0137irts Eiropas Izcil\u012bbas sertifik\u0101ts par augsto ra\u017eo\u0161anas materi\u0101lu un meistar\u012bbas standartu.<\/div>\n<div>\u2022 2019.\u00a0gad\u0101 Petrof ieguva Superbrands balvu par nevainojamu reput\u0101ciju.<\/div>\n<div>Mantojums<\/div>\n<div>Petrof mantojuma pamat\u0101 ir vair\u0101k nek\u0101 160 gadu ilga klavieru meistar\u012bbas pilnveido\u0161ana. \u0160os instrumentus m\u016bzi\u0137i vis\u0101 pasaul\u0113 nov\u0113rt\u0113 to unik\u0101l\u0101s ska\u0146as un nevainojam\u0101s kvalit\u0101tes d\u0113\u013c. K\u0101 \u0123imenes uz\u0146\u0113mums jau sestaj\u0101 paaudz\u0113, Petrof turpina lolot trad\u012bcijas un ieviest jaunin\u0101jumus, lai iedvesmotu r\u012btdienas pianistus.<\/div>\n<div><\/div>\n<div><img fetchpriority=\"high\" decoding=\"async\" class=\"wp-image-3039 aligncenter\" src=\"https:\/\/pianinai.com\/wp-content\/uploads\/2025\/02\/7B1BCF5D-0B35-48A1-9701-D728CBB74F07-300x169.jpeg\" alt=\"Petrof\" width=\"367\" height=\"207\" srcset=\"https:\/\/pianinai.com\/wp-content\/uploads\/2025\/02\/7B1BCF5D-0B35-48A1-9701-D728CBB74F07-300x169.jpeg 300w, https:\/\/pianinai.com\/wp-content\/uploads\/2025\/02\/7B1BCF5D-0B35-48A1-9701-D728CBB74F07-scaled-1000x563.jpeg 1000w, https:\/\/pianinai.com\/wp-content\/uploads\/2025\/02\/7B1BCF5D-0B35-48A1-9701-D728CBB74F07-1024x576.jpeg 1024w, https:\/\/pianinai.com\/wp-content\/uploads\/2025\/02\/7B1BCF5D-0B35-48A1-9701-D728CBB74F07-768x432.jpeg 768w, https:\/\/pianinai.com\/wp-content\/uploads\/2025\/02\/7B1BCF5D-0B35-48A1-9701-D728CBB74F07-1536x864.jpeg 1536w, https:\/\/pianinai.com\/wp-content\/uploads\/2025\/02\/7B1BCF5D-0B35-48A1-9701-D728CBB74F07-2048x1152.jpeg 2048w, https:\/\/pianinai.com\/wp-content\/uploads\/2025\/02\/7B1BCF5D-0B35-48A1-9701-D728CBB74F07-18x10.jpeg 18w\" sizes=\"(max-width: 367px) 100vw, 367px\" \/><\/div>\n<div><\/div>\n<div><\/div>\n<div><\/div>\n<div><\/div>","protected":false},"excerpt":{"rendered":"<p>S\u0113rijas numurs \u2013 131101<\/p>\n<p>Ra\u017eots \u010cehijas Republik\u0101<\/p>\n<p>Kr\u0101sa - melna, sp\u012bd\u012bga<\/p>\n<p>Meh\u0101ni\u0137i \u2013 \u201cPETROF\u201d, \u010cehija<\/p>\n<p>St\u0101voklis \u2013 Lietots<\/p>","protected":false},"featured_media":1853,"template":"","meta":{"site-sidebar-layout":"default","site-content-layout":"","ast-site-content-layout":"default","site-content-style":"default","site-sidebar-style":"default","ast-global-header-display":"","ast-banner-title-visibility":"","ast-main-header-display":"","ast-hfb-above-header-display":"","ast-hfb-below-header-display":"","ast-hfb-mobile-header-display":"","site-post-title":"","ast-breadcrumbs-content":"","ast-featured-img":"","footer-sml-layout":"","theme-transparent-header-meta":"default","adv-header-id-meta":"","stick-header-meta":"default","header-above-stick-meta":"","header-main-stick-meta":"","header-below-stick-meta":"","astra-migrate-meta-layouts":"set","ast-page-background-enabled":"default","ast-page-background-meta":{"desktop":{"background-color":"var(--ast-global-color-5)","background-image":"","background-repeat":"repeat","background-position":"center center","background-size":"auto","background-attachment":"scroll","background-type":"","background-media":"","overlay-type":"","overlay-color":"","overlay-opacity":"","overlay-gradient":""},"tablet":{"background-color":"","background-image":"","background-repeat":"repeat","background-position":"center center","background-size":"auto","background-attachment":"scroll","background-type":"","background-media":"","overlay-type":"","overlay-color":"","overlay-opacity":"","overlay-gradient":""},"mobile":{"background-color":"","background-image":"","background-repeat":"repeat","background-position":"center center","background-size":"auto","background-attachment":"scroll","background-type":"","background-media":"","overlay-type":"","overlay-color":"","overlay-opacity":"","overlay-gradient":""}},"ast-content-background-meta":{"desktop":{"background-color":"var(--ast-global-color-4)","background-image":"","background-repeat":"repeat","background-position":"center center","background-size":"auto","background-attachment":"scroll","background-type":"","background-media":"","overlay-type":"","overlay-color":"","overlay-opacity":"","overlay-gradient":""},"tablet":{"background-color":"var(--ast-global-color-4)","background-image":"","background-repeat":"repeat","background-position":"center center","background-size":"auto","background-attachment":"scroll","background-type":"","background-media":"","overlay-type":"","overlay-color":"","overlay-opacity":"","overlay-gradient":""},"mobile":{"background-color":"var(--ast-global-color-4)","background-image":"","background-repeat":"repeat","background-position":"center center","background-size":"auto","background-attachment":"scroll","background-type":"","background-media":"","overlay-type":"","overlay-color":"","overlay-opacity":"","overlay-gradient":""}}},"product_brand":[],"product_cat":[35],"product_tag":[],"class_list":{"0":"post-1863","1":"product","2":"type-product","3":"status-publish","4":"has-post-thumbnail","6":"product_cat-juodi-pianinai","7":"desktop-align-center","8":"tablet-align-left","9":"mobile-align-left","10":"ast-product-gallery-layout-first-image-large","11":"ast-product-tabs-layout-horizontal","13":"first","14":"outofstock","15":"shipping-taxable","16":"purchasable","17":"product-type-simple"},"_links":{"self":[{"href":"https:\/\/pianinai.com\/lv\/wp-json\/wp\/v2\/product\/1863","targetHints":{"allow":["GET"]}}],"collection":[{"href":"https:\/\/pianinai.com\/lv\/wp-json\/wp\/v2\/product"}],"about":[{"href":"https:\/\/pianinai.com\/lv\/wp-json\/wp\/v2\/types\/product"}],"version-history":[{"count":1,"href":"https:\/\/pianinai.com\/lv\/wp-json\/wp\/v2\/product\/1863\/revisions"}],"predecessor-version":[{"id":4902,"href":"https:\/\/pianinai.com\/lv\/wp-json\/wp\/v2\/product\/1863\/revisions\/4902"}],"wp:featuredmedia":[{"embeddable":true,"href":"https:\/\/pianinai.com\/lv\/wp-json\/wp\/v2\/media\/1853"}],"wp:attachment":[{"href":"https:\/\/pianinai.com\/lv\/wp-json\/wp\/v2\/media?parent=1863"}],"wp:term":[{"taxonomy":"product_brand","embeddable":true,"href":"https:\/\/pianinai.com\/lv\/wp-json\/wp\/v2\/product_brand?post=1863"},{"taxonomy":"product_cat","embeddable":true,"href":"https:\/\/pianinai.com\/lv\/wp-json\/wp\/v2\/product_cat?post=1863"},{"taxonomy":"product_tag","embeddable":true,"href":"https:\/\/pianinai.com\/lv\/wp-json\/wp\/v2\/product_tag?post=1863"}],"curies":[{"name":"wp","href":"https:\/\/api.w.org\/{rel}","templated":true}]}}