{"id":2040,"date":"2026-02-24T11:25:35","date_gmt":"2026-02-24T11:25:35","guid":{"rendered":"https:\/\/pianinai.com\/?post_type=product&#038;p=2040"},"modified":"2026-04-17T08:02:10","modified_gmt":"2026-04-17T08:02:10","slug":"pianinas-ed-seiler","status":"publish","type":"product","link":"https:\/\/pianinai.com\/lv\/pianinai\/pianinas-ed-seiler\/","title":{"rendered":"Klavieres &quot;Ed. Seilers&quot;"},"content":{"rendered":"<p><img fetchpriority=\"high\" decoding=\"async\" class=\"size-medium wp-image-3081 aligncenter\" src=\"https:\/\/pianinai.com\/wp-content\/uploads\/2025\/02\/E3B20ED0-1D6B-4749-AB25-1D8C9AD3D0FF-300x169.jpeg\" alt=\"Seiler\" width=\"300\" height=\"169\" srcset=\"https:\/\/pianinai.com\/wp-content\/uploads\/2025\/02\/E3B20ED0-1D6B-4749-AB25-1D8C9AD3D0FF-300x169.jpeg 300w, https:\/\/pianinai.com\/wp-content\/uploads\/2025\/02\/E3B20ED0-1D6B-4749-AB25-1D8C9AD3D0FF-scaled-1000x563.jpeg 1000w, https:\/\/pianinai.com\/wp-content\/uploads\/2025\/02\/E3B20ED0-1D6B-4749-AB25-1D8C9AD3D0FF-1024x576.jpeg 1024w, https:\/\/pianinai.com\/wp-content\/uploads\/2025\/02\/E3B20ED0-1D6B-4749-AB25-1D8C9AD3D0FF-768x432.jpeg 768w, https:\/\/pianinai.com\/wp-content\/uploads\/2025\/02\/E3B20ED0-1D6B-4749-AB25-1D8C9AD3D0FF-1536x864.jpeg 1536w, https:\/\/pianinai.com\/wp-content\/uploads\/2025\/02\/E3B20ED0-1D6B-4749-AB25-1D8C9AD3D0FF-2048x1152.jpeg 2048w, https:\/\/pianinai.com\/wp-content\/uploads\/2025\/02\/E3B20ED0-1D6B-4749-AB25-1D8C9AD3D0FF-18x10.jpeg 18w\" sizes=\"(max-width: 300px) 100vw, 300px\" \/><\/p>\n<p>&nbsp;<\/p>\n<p class=\"whitespace-normal break-words\"><strong>Ed. Seiler klavieres \u2013 v\u0101cu kvalit\u0101te un muzik\u0101la piln\u012bba<\/strong><\/p>\n<p>&nbsp;<\/p>\n<p class=\"whitespace-normal break-words\">Ed. Seiler ir presti\u017es v\u0101cu klavieru ra\u017eot\u0101js ar vair\u0101k nek\u0101 160 gadu trad\u012bcij\u0101m, kura instrumentus nov\u0113rt\u0113 gan profesion\u0101li m\u016bzi\u0137i, gan amatieri vis\u0101 pasaul\u0113.<\/p>\n<p>&nbsp;<\/p>\n<p class=\"whitespace-normal break-words\"><strong>Z\u012bmola v\u0113sture:<\/strong> Dibin\u0101ts 1849. gad\u0101 L\u012bgnic\u0101, Ed. Seiler ir k\u013cuvis par vienu no Eiropas vado\u0161ajiem klavieru ra\u017eot\u0101jiem. \u0122imenes uz\u0146\u0113mums nodod savu amatnieku meistar\u012bbu no paaudzes paaudz\u0113, saglab\u0101jot augst\u0101kos kvalit\u0101tes standartus.<\/p>\n<p>&nbsp;<\/p>\n<p class=\"whitespace-normal break-words\"><strong>Produkta \u012bpa\u0161\u012bbas:<\/strong><\/p>\n<p>&nbsp;<\/p>\n<ul class=\"[&amp;:not(:last-child)_ul]:pb-1 [&amp;:not(:last-child)_ol]:pb-1 list-disc space-y-1.5 pl-7\">\n<li class=\"whitespace-normal break-words\"><strong>Izcila ska\u0146a<\/strong>Seiler klavier\u0113m ir silta, dzi\u013ca un harmoniska ska\u0146a.<\/li>\n<\/ul>\n<p>&nbsp;<\/p>\n<ul class=\"[&amp;:not(:last-child)_ul]:pb-1 [&amp;:not(:last-child)_ol]:pb-1 list-disc space-y-1.5 pl-7\">\n<li class=\"whitespace-normal break-words\"><strong>V\u0101cu kvalit\u0101te<\/strong>Katrs instruments ir izgatavots saska\u0146\u0101 ar tradicion\u0101lajiem v\u0101cu meistar\u012bbas principiem<\/li>\n<\/ul>\n<p>&nbsp;<\/p>\n<ul class=\"[&amp;:not(:last-child)_ul]:pb-1 [&amp;:not(:last-child)_ol]:pb-1 list-disc space-y-1.5 pl-7\">\n<li class=\"whitespace-normal break-words\"><strong>Iztur\u012bba<\/strong>Augstas kvalit\u0101tes materi\u0101li un prec\u012bza mont\u0101\u017ea nodro\u0161ina iztur\u012bbu<\/li>\n<\/ul>\n<p>&nbsp;<\/p>\n<ul class=\"[&amp;:not(:last-child)_ul]:pb-1 [&amp;:not(:last-child)_ol]:pb-1 list-disc space-y-1.5 pl-7\">\n<li class=\"whitespace-normal break-words\"><strong>Dizains<\/strong>Elegants un klasisks izskats, kas lieliski iederas jebkur\u0101 interjer\u0101<\/li>\n<\/ul>\n<p>&nbsp;<\/p>\n<p class=\"whitespace-normal break-words\"><strong>K\u0101p\u0113c izv\u0113l\u0113ties Edu Seileru:<\/strong><\/p>\n<p>&nbsp;<\/p>\n<ul class=\"[&amp;:not(:last-child)_ul]:pb-1 [&amp;:not(:last-child)_ol]:pb-1 list-disc space-y-1.5 pl-7\">\n<li class=\"whitespace-normal break-words\">Atz\u012bti m\u016bzikas pedagogu un profesion\u0101\u013cu vid\u016b<\/li>\n<\/ul>\n<p>&nbsp;<\/p>\n<ul class=\"[&amp;:not(:last-child)_ul]:pb-1 [&amp;:not(:last-child)_ol]:pb-1 list-disc space-y-1.5 pl-7\">\n<li>Saglab\u0101t\u0101 v\u0113rt\u012bba gada laik\u0101<\/li>\n<\/ul>\n<p>&nbsp;<\/p>\n<ul class=\"[&amp;:not(:last-child)_ul]:pb-1 [&amp;:not(:last-child)_ol]:pb-1 list-disc space-y-1.5 pl-7\">\n<li class=\"whitespace-normal break-words\">Lieliska tausti\u0146u jut\u012bba un dinamiskais diapazons<\/li>\n<\/ul>\n<p>&nbsp;<\/p>\n<p class=\"whitespace-normal break-words\"><strong>Piem\u0113rots:<\/strong><\/p>\n<p>&nbsp;<\/p>\n<ul class=\"[&amp;:not(:last-child)_ul]:pb-1 [&amp;:not(:last-child)_ol]:pb-1 list-disc space-y-1.5 pl-7\">\n<li class=\"whitespace-normal break-words\">Ies\u0101c\u0113jiem m\u016bzi\u0137iem, kas mekl\u0113 kvalit\u0101ti<\/li>\n<\/ul>\n<p>&nbsp;<\/p>\n<ul class=\"[&amp;:not(:last-child)_ul]:pb-1 [&amp;:not(:last-child)_ol]:pb-1 list-disc space-y-1.5 pl-7\">\n<li class=\"whitespace-normal break-words\">Pieredz\u0113ju\u0161iem pianistiem un m\u016bzikas skolot\u0101jiem<\/li>\n<\/ul>\n<p>&nbsp;<\/p>\n<ul class=\"[&amp;:not(:last-child)_ul]:pb-1 [&amp;:not(:last-child)_ol]:pb-1 list-disc space-y-1.5 pl-7\">\n<li class=\"whitespace-normal break-words\">M\u016bzikas skol\u0101m un ziemas d\u0101rziem<\/li>\n<\/ul>\n<p>&nbsp;<\/p>\n<ul class=\"[&amp;:not(:last-child)_ul]:pb-1 [&amp;:not(:last-child)_ol]:pb-1 list-disc space-y-1.5 pl-7\">\n<li class=\"whitespace-normal break-words\">M\u0101jas interjera dekor\u0113\u0161anai ar funkcionalit\u0101ti<\/li>\n<\/ul>\n<p>&nbsp;<\/p>\n<p class=\"whitespace-normal break-words\"><strong>Ed. Seiler klavieres ir ieguld\u012bjums m\u016bzikas priek\u0101, kas kalpos paaudz\u0113m ilgi un iedvesmos br\u012bni\u0161\u0137\u012bgam muzik\u0101lam ce\u013cojumam.<\/strong><\/p>\n<p>&nbsp;<\/p>\n<p class=\"whitespace-normal break-words\"><img fetchpriority=\"high\" decoding=\"async\" class=\"size-medium wp-image-3081 aligncenter\" src=\"https:\/\/pianinai.com\/wp-content\/uploads\/2025\/02\/E3B20ED0-1D6B-4749-AB25-1D8C9AD3D0FF-300x169.jpeg\" alt=\"Seiler\" width=\"300\" height=\"169\" srcset=\"https:\/\/pianinai.com\/wp-content\/uploads\/2025\/02\/E3B20ED0-1D6B-4749-AB25-1D8C9AD3D0FF-300x169.jpeg 300w, https:\/\/pianinai.com\/wp-content\/uploads\/2025\/02\/E3B20ED0-1D6B-4749-AB25-1D8C9AD3D0FF-scaled-1000x563.jpeg 1000w, https:\/\/pianinai.com\/wp-content\/uploads\/2025\/02\/E3B20ED0-1D6B-4749-AB25-1D8C9AD3D0FF-1024x576.jpeg 1024w, https:\/\/pianinai.com\/wp-content\/uploads\/2025\/02\/E3B20ED0-1D6B-4749-AB25-1D8C9AD3D0FF-768x432.jpeg 768w, https:\/\/pianinai.com\/wp-content\/uploads\/2025\/02\/E3B20ED0-1D6B-4749-AB25-1D8C9AD3D0FF-1536x864.jpeg 1536w, https:\/\/pianinai.com\/wp-content\/uploads\/2025\/02\/E3B20ED0-1D6B-4749-AB25-1D8C9AD3D0FF-2048x1152.jpeg 2048w, https:\/\/pianinai.com\/wp-content\/uploads\/2025\/02\/E3B20ED0-1D6B-4749-AB25-1D8C9AD3D0FF-18x10.jpeg 18w\" sizes=\"(max-width: 300px) 100vw, 300px\" \/><\/p>\n<p>&nbsp;<\/p>","protected":false},"excerpt":{"rendered":"<p>V\u0101cij\u0101 ra\u017eotas klavieres<\/p>\n<p>Kr\u0101sa \u2013 balta, mat\u0113ta<\/p>\n<p>Meh\u0101ni\u0137i \u2013 \u201cRENNER\u201d, v\u0101cu val.<\/p>\n<p>St\u0101voklis \u2013 Lietots<\/p>","protected":false},"featured_media":2030,"template":"","meta":{"site-sidebar-layout":"default","site-content-layout":"","ast-site-content-layout":"default","site-content-style":"default","site-sidebar-style":"default","ast-global-header-display":"","ast-banner-title-visibility":"","ast-main-header-display":"","ast-hfb-above-header-display":"","ast-hfb-below-header-display":"","ast-hfb-mobile-header-display":"","site-post-title":"","ast-breadcrumbs-content":"","ast-featured-img":"","footer-sml-layout":"","theme-transparent-header-meta":"default","adv-header-id-meta":"","stick-header-meta":"","header-above-stick-meta":"","header-main-stick-meta":"","header-below-stick-meta":"","astra-migrate-meta-layouts":"set","ast-page-background-enabled":"default","ast-page-background-meta":{"desktop":{"background-color":"var(--ast-global-color-5)","background-image":"","background-repeat":"repeat","background-position":"center center","background-size":"auto","background-attachment":"scroll","background-type":"","background-media":"","overlay-type":"","overlay-color":"","overlay-opacity":"","overlay-gradient":""},"tablet":{"background-color":"","background-image":"","background-repeat":"repeat","background-position":"center center","background-size":"auto","background-attachment":"scroll","background-type":"","background-media":"","overlay-type":"","overlay-color":"","overlay-opacity":"","overlay-gradient":""},"mobile":{"background-color":"","background-image":"","background-repeat":"repeat","background-position":"center center","background-size":"auto","background-attachment":"scroll","background-type":"","background-media":"","overlay-type":"","overlay-color":"","overlay-opacity":"","overlay-gradient":""}},"ast-content-background-meta":{"desktop":{"background-color":"var(--ast-global-color-4)","background-image":"","background-repeat":"repeat","background-position":"center center","background-size":"auto","background-attachment":"scroll","background-type":"","background-media":"","overlay-type":"","overlay-color":"","overlay-opacity":"","overlay-gradient":""},"tablet":{"background-color":"var(--ast-global-color-4)","background-image":"","background-repeat":"repeat","background-position":"center center","background-size":"auto","background-attachment":"scroll","background-type":"","background-media":"","overlay-type":"","overlay-color":"","overlay-opacity":"","overlay-gradient":""},"mobile":{"background-color":"var(--ast-global-color-4)","background-image":"","background-repeat":"repeat","background-position":"center center","background-size":"auto","background-attachment":"scroll","background-type":"","background-media":"","overlay-type":"","overlay-color":"","overlay-opacity":"","overlay-gradient":""}}},"product_brand":[],"product_cat":[34],"product_tag":[],"class_list":{"0":"post-2040","1":"product","2":"type-product","3":"status-publish","4":"has-post-thumbnail","6":"product_cat-balti-pianinai","7":"desktop-align-center","8":"tablet-align-left","9":"mobile-align-left","10":"ast-product-gallery-layout-first-image-large","11":"ast-product-tabs-layout-horizontal","13":"first","14":"instock","15":"shipping-taxable","16":"purchasable","17":"product-type-simple"},"_links":{"self":[{"href":"https:\/\/pianinai.com\/lv\/wp-json\/wp\/v2\/product\/2040","targetHints":{"allow":["GET"]}}],"collection":[{"href":"https:\/\/pianinai.com\/lv\/wp-json\/wp\/v2\/product"}],"about":[{"href":"https:\/\/pianinai.com\/lv\/wp-json\/wp\/v2\/types\/product"}],"version-history":[{"count":4,"href":"https:\/\/pianinai.com\/lv\/wp-json\/wp\/v2\/product\/2040\/revisions"}],"predecessor-version":[{"id":4956,"href":"https:\/\/pianinai.com\/lv\/wp-json\/wp\/v2\/product\/2040\/revisions\/4956"}],"wp:featuredmedia":[{"embeddable":true,"href":"https:\/\/pianinai.com\/lv\/wp-json\/wp\/v2\/media\/2030"}],"wp:attachment":[{"href":"https:\/\/pianinai.com\/lv\/wp-json\/wp\/v2\/media?parent=2040"}],"wp:term":[{"taxonomy":"product_brand","embeddable":true,"href":"https:\/\/pianinai.com\/lv\/wp-json\/wp\/v2\/product_brand?post=2040"},{"taxonomy":"product_cat","embeddable":true,"href":"https:\/\/pianinai.com\/lv\/wp-json\/wp\/v2\/product_cat?post=2040"},{"taxonomy":"product_tag","embeddable":true,"href":"https:\/\/pianinai.com\/lv\/wp-json\/wp\/v2\/product_tag?post=2040"}],"curies":[{"name":"wp","href":"https:\/\/api.w.org\/{rel}","templated":true}]}}