{"id":347,"date":"2026-01-14T12:35:02","date_gmt":"2026-01-14T12:35:02","guid":{"rendered":"https:\/\/pianinai-com-174019.hostingersite.com\/?post_type=product&#038;p=347"},"modified":"2026-04-17T08:03:58","modified_gmt":"2026-04-17T08:03:58","slug":"c-bechstein","status":"publish","type":"product","link":"https:\/\/pianinai.com\/lv\/pianinai\/c-bechstein\/","title":{"rendered":"Klavieres &quot;C. Bechstein&quot;"},"content":{"rendered":"<div>\n<p><img fetchpriority=\"high\" decoding=\"async\" class=\"size-medium wp-image-3034\" src=\"https:\/\/pianinai.com\/wp-content\/uploads\/2025\/02\/3432F31B-7605-4001-9B84-D83F397F217C-300x169.jpeg\" alt=\"Bechstein\" width=\"300\" height=\"169\" srcset=\"https:\/\/pianinai.com\/wp-content\/uploads\/2025\/02\/3432F31B-7605-4001-9B84-D83F397F217C-300x169.jpeg 300w, https:\/\/pianinai.com\/wp-content\/uploads\/2025\/02\/3432F31B-7605-4001-9B84-D83F397F217C-scaled-1000x563.jpeg 1000w, https:\/\/pianinai.com\/wp-content\/uploads\/2025\/02\/3432F31B-7605-4001-9B84-D83F397F217C-1024x576.jpeg 1024w, https:\/\/pianinai.com\/wp-content\/uploads\/2025\/02\/3432F31B-7605-4001-9B84-D83F397F217C-768x432.jpeg 768w, https:\/\/pianinai.com\/wp-content\/uploads\/2025\/02\/3432F31B-7605-4001-9B84-D83F397F217C-1536x864.jpeg 1536w, https:\/\/pianinai.com\/wp-content\/uploads\/2025\/02\/3432F31B-7605-4001-9B84-D83F397F217C-2048x1152.jpeg 2048w, https:\/\/pianinai.com\/wp-content\/uploads\/2025\/02\/3432F31B-7605-4001-9B84-D83F397F217C-18x10.jpeg 18w\" sizes=\"(max-width: 300px) 100vw, 300px\" \/><\/p>\n<p>C. Bechstein ir viens no presti\u017e\u0101kajiem klavieru ra\u017eot\u0101jiem pasaul\u0113, kas ir paz\u012bstams ar savu izcilo v\u0113sturi, meistar\u012bbu un nep\u0101rsp\u0113jamo ska\u0146u. Uz\u0146\u0113mums, kas dibin\u0101ts 1853. gad\u0101 Berl\u012bn\u0113, V\u0101cij\u0101, ir k\u013cuvis par augst\u0101k\u0101s kvalit\u0101tes klavieru sinon\u012bmu. Zem\u0101k ir sniegta detaliz\u0113ta \u0161\u012b z\u012bmola v\u0113sture un t\u0101 galven\u0101s priek\u0161roc\u012bbas.<\/p>\n<\/div>\n<div>V\u0113sture<\/div>\n<div>\u2022Dibin\u0101\u0161ana: Karls Beh\u0161teins 1853. gad\u0101 nodibin\u0101ja C. Beh\u0161teinu ar m\u0113r\u0137i rad\u012bt klavieres, kas var\u0113tu apmierin\u0101t t\u0101 laika virtuozu, piem\u0113ram, Franca Lista, pras\u012bbas. Pirmais publiskais uzst\u0101\u0161an\u0101s ar Beh\u0161teina klavier\u0113m notika 1857. gad\u0101, kad Hanss fon B\u012blovs izpild\u012bja Lista &quot;Son\u0101ti si minor\u0101&quot;.<\/div>\n<div>\u2022Izaugsme: L\u012bdz 1870. gadam Beh\u0161teina klavieres bija k\u013cuvu\u0161as par ikdieni\u0161\u0137u lietu koncertz\u0101l\u0113s un priv\u0101tm\u0101j\u0101s. T\u0101s tika atz\u012btas par savu kvalit\u0101ti un sa\u0146\u0113ma ieteikumus no t\u0101diem meistariem k\u0101 Lists un fon B\u012blovs.<\/div>\n<div>\u2022Karalisk\u0101 patron\u0101\u017ea: 1881. gad\u0101 Beh\u0161teins s\u0101ka pieg\u0101d\u0101t klavieres karalienes Viktorijas galmam. Vi\u0146u instrumenti v\u0113l\u0101k k\u013cuva popul\u0101ri Eiropas kara\u013cnamu, tostarp Krievijas caru un Sp\u0101nijas monarhu, vid\u016b.<\/div>\n<div>\u202220. gadsimta izaicin\u0101jumi: Pirmais un Otrais pasaules kar\u0161 smagi ietekm\u0113ja uz\u0146\u0113mumu, ta\u010du tam izdev\u0101s atg\u016bties un saglab\u0101t savu reput\u0101ciju.<\/div>\n<div>\u2022Moderniz\u0101cija: P\u0113c Otr\u0101 pasaules kara uz\u0146\u0113mums tika reorganiz\u0113ts, un 1986. gad\u0101 to ieg\u0101d\u0101j\u0101s Karls \u0160ulce, kur\u0161 moderniz\u0113ja ra\u017eo\u0161anu un nostiprin\u0101ja z\u012bmolu.<\/div>\n<div>Priek\u0161roc\u012bbas<\/div>\n<div>1. Nep\u0101rsp\u0113jama ska\u0146a:<\/div>\n<div>\u2022 Bechstein klavieres ir paz\u012bstamas ar savu silto, bag\u0101t\u012bgo un harmoniski l\u012bdzsvaroto ska\u0146u.<\/div>\n<div>\u2022 Ska\u0146a tiek raksturota k\u0101 \u201cromantiska\u201d, padarot t\u0101s \u012bpa\u0161i piem\u0113rotas klasiskajai m\u016bzikai.<\/div>\n<div>\u2022Tiek izmantoti augst\u0101k\u0101s kvalit\u0101tes materi\u0101li, piem\u0113ram, sarkan\u0101 egle no Val di Fiemme ielejas (t\u0101 pati koksne, ko izmanto Stradivari vijol\u0113m).<\/div>\n<div>2. Meistar\u012bba un inov\u0101cijas:<\/div>\n<div>\u2022Klavieru izgatavo\u0161anai izmanto rokas, iev\u0113rojot tradicion\u0101l\u0101s metodes, bet integr\u0113jot ar\u012b modern\u0101s tehnolo\u0123ijas.<\/div>\n<div>\u2022Uz\u0146\u0113mums ra\u017eo savas \u0101mura galvas, nodro\u0161inot nevainojamu kvalit\u0101ti.<\/div>\n<div>\u2022Katrs instruments ir unik\u0101ls, jo to pilnveido pieredz\u0113ju\u0161i amatnieki.<\/div>\n<div>3. Pla\u0161s dinamiskais diapazons:<\/div>\n<div>\u2022 Bechstein klavieres \u013cauj izpild\u012bt\u0101jiem delik\u0101ti kontrol\u0113t ska\u0146u \u2013 no maig\u0101kaj\u0101m nians\u0113m l\u012bdz sp\u0113c\u012bgiem akordiem.<\/div>\n<div>\u2022 Klaviat\u016bra nodro\u0161ina lielisku l\u012bdzsvaru starp jut\u012bbu un kontroli.<\/div>\n<div>4. Dizains un est\u0113tika:<\/div>\n<div>\u2022 Klavier\u0113m ir elegants dizains, kas iederas gan klasisk\u0101 interjer\u0101, gan modern\u0101s m\u0101j\u0101s.<\/div>\n<div>\u2022 Tiek pied\u0101v\u0101ti da\u017e\u0101di mode\u013ci \u2014 s\u0101kot no kompaktaj\u0101m klavier\u0113m l\u012bdz koncertklavier\u0113m.<\/div>\n<div>5. Uzticam\u012bba un iztur\u012bba:<\/div>\n<div>\u2022Augst\u0101k\u0101s kvalit\u0101tes materi\u0101li un prec\u012bza izgatavo\u0161ana nodro\u0161ina instrumenta ilgsto\u0161u kalpo\u0161anas laiku.<\/div>\n<div>\u2022 Konstrukcij\u0101 ir iek\u013cauti pastiprin\u0101ti savienojumi un \u012bpa\u0161i r\u0101mji vibr\u0101ciju samazin\u0101\u0161anai.<\/div>\n<div>6. Le\u0123end\u0101ru pianistu izlase:<\/div>\n<div>\u2022T\u0101di meistari k\u0101 Klods Debis\u012b, Francis Lists, Art\u016brs \u0160n\u0101bels un Vladimirs A\u0161kenazi izv\u0113l\u0113j\u0101s Beh\u0161teinu t\u0101 nep\u0101rsp\u0113jam\u0101s ska\u0146as un j\u016bt\u012bguma d\u0113\u013c.<\/div>\n<div>Mantojums<\/div>\n<div>C. Bechstein klavieres nav tikai instrumenti \u2013 tie ir m\u0101kslas darbi, kas apvieno trad\u012bcijas ar modernit\u0101ti. \u0160\u012bs klavieres ne tikai atbilst profesion\u0101lu pianistu vajadz\u012bb\u0101m, bet ar\u012b ir lieliska izv\u0113le m\u016bzikas m\u012b\u013cot\u0101jiem un iest\u0101d\u0113m vis\u0101 pasaul\u0113. To izcil\u0101 kvalit\u0101te nodro\u0161ina to vietu starp pasaules lab\u0101kajiem klavieru ra\u017eot\u0101jiem.<\/div>\n<div><\/div>\n<div><\/div>\n<div>\n<p><img decoding=\"async\" class=\"size-medium wp-image-3034 alignright\" src=\"https:\/\/pianinai.com\/wp-content\/uploads\/2025\/02\/3432F31B-7605-4001-9B84-D83F397F217C-300x169.jpeg\" alt=\"Bechstein\" width=\"300\" height=\"169\" srcset=\"https:\/\/pianinai.com\/wp-content\/uploads\/2025\/02\/3432F31B-7605-4001-9B84-D83F397F217C-300x169.jpeg 300w, https:\/\/pianinai.com\/wp-content\/uploads\/2025\/02\/3432F31B-7605-4001-9B84-D83F397F217C-scaled-1000x563.jpeg 1000w, https:\/\/pianinai.com\/wp-content\/uploads\/2025\/02\/3432F31B-7605-4001-9B84-D83F397F217C-1024x576.jpeg 1024w, https:\/\/pianinai.com\/wp-content\/uploads\/2025\/02\/3432F31B-7605-4001-9B84-D83F397F217C-768x432.jpeg 768w, https:\/\/pianinai.com\/wp-content\/uploads\/2025\/02\/3432F31B-7605-4001-9B84-D83F397F217C-1536x864.jpeg 1536w, https:\/\/pianinai.com\/wp-content\/uploads\/2025\/02\/3432F31B-7605-4001-9B84-D83F397F217C-2048x1152.jpeg 2048w, https:\/\/pianinai.com\/wp-content\/uploads\/2025\/02\/3432F31B-7605-4001-9B84-D83F397F217C-18x10.jpeg 18w\" sizes=\"(max-width: 300px) 100vw, 300px\" \/><\/p>\n<\/div>","protected":false},"excerpt":{"rendered":"<p>S\u0113rijas numurs \u2013 38150<\/p>\n<p>Ra\u017eots V\u0101cij\u0101<\/p>\n<p>Kr\u0101sa \u2013 sarkankoks<\/p>\n<p>Meh\u0101nisms \u2013 \u201cC.Bechstein\u201d v\u0101cu<\/p>\n<p>St\u0101voklis \u2013 Lietots<\/p>","protected":false},"featured_media":834,"template":"","meta":{"site-sidebar-layout":"default","site-content-layout":"","ast-site-content-layout":"default","site-content-style":"default","site-sidebar-style":"default","ast-global-header-display":"","ast-banner-title-visibility":"","ast-main-header-display":"","ast-hfb-above-header-display":"","ast-hfb-below-header-display":"","ast-hfb-mobile-header-display":"","site-post-title":"","ast-breadcrumbs-content":"","ast-featured-img":"","footer-sml-layout":"","theme-transparent-header-meta":"default","adv-header-id-meta":"","stick-header-meta":"default","header-above-stick-meta":"","header-main-stick-meta":"","header-below-stick-meta":"","astra-migrate-meta-layouts":"set","ast-page-background-enabled":"default","ast-page-background-meta":{"desktop":{"background-color":"var(--ast-global-color-5)","background-image":"","background-repeat":"repeat","background-position":"center center","background-size":"auto","background-attachment":"scroll","background-type":"","background-media":"","overlay-type":"","overlay-color":"","overlay-opacity":"","overlay-gradient":""},"tablet":{"background-color":"","background-image":"","background-repeat":"repeat","background-position":"center center","background-size":"auto","background-attachment":"scroll","background-type":"","background-media":"","overlay-type":"","overlay-color":"","overlay-opacity":"","overlay-gradient":""},"mobile":{"background-color":"","background-image":"","background-repeat":"repeat","background-position":"center center","background-size":"auto","background-attachment":"scroll","background-type":"","background-media":"","overlay-type":"","overlay-color":"","overlay-opacity":"","overlay-gradient":""}},"ast-content-background-meta":{"desktop":{"background-color":"var(--ast-global-color-4)","background-image":"","background-repeat":"repeat","background-position":"center center","background-size":"auto","background-attachment":"scroll","background-type":"","background-media":"","overlay-type":"","overlay-color":"","overlay-opacity":"","overlay-gradient":""},"tablet":{"background-color":"var(--ast-global-color-4)","background-image":"","background-repeat":"repeat","background-position":"center center","background-size":"auto","background-attachment":"scroll","background-type":"","background-media":"","overlay-type":"","overlay-color":"","overlay-opacity":"","overlay-gradient":""},"mobile":{"background-color":"var(--ast-global-color-4)","background-image":"","background-repeat":"repeat","background-position":"center center","background-size":"auto","background-attachment":"scroll","background-type":"","background-media":"","overlay-type":"","overlay-color":"","overlay-opacity":"","overlay-gradient":""}}},"product_brand":[],"product_cat":[31],"product_tag":[],"class_list":{"0":"post-347","1":"product","2":"type-product","3":"status-publish","4":"has-post-thumbnail","6":"product_cat-rudi-pianinai","7":"desktop-align-center","8":"tablet-align-left","9":"mobile-align-left","10":"ast-product-gallery-layout-first-image-large","11":"ast-product-tabs-layout-horizontal","13":"first","14":"instock","15":"shipping-taxable","16":"purchasable","17":"product-type-simple"},"_links":{"self":[{"href":"https:\/\/pianinai.com\/lv\/wp-json\/wp\/v2\/product\/347","targetHints":{"allow":["GET"]}}],"collection":[{"href":"https:\/\/pianinai.com\/lv\/wp-json\/wp\/v2\/product"}],"about":[{"href":"https:\/\/pianinai.com\/lv\/wp-json\/wp\/v2\/types\/product"}],"version-history":[{"count":1,"href":"https:\/\/pianinai.com\/lv\/wp-json\/wp\/v2\/product\/347\/revisions"}],"predecessor-version":[{"id":5304,"href":"https:\/\/pianinai.com\/lv\/wp-json\/wp\/v2\/product\/347\/revisions\/5304"}],"wp:featuredmedia":[{"embeddable":true,"href":"https:\/\/pianinai.com\/lv\/wp-json\/wp\/v2\/media\/834"}],"wp:attachment":[{"href":"https:\/\/pianinai.com\/lv\/wp-json\/wp\/v2\/media?parent=347"}],"wp:term":[{"taxonomy":"product_brand","embeddable":true,"href":"https:\/\/pianinai.com\/lv\/wp-json\/wp\/v2\/product_brand?post=347"},{"taxonomy":"product_cat","embeddable":true,"href":"https:\/\/pianinai.com\/lv\/wp-json\/wp\/v2\/product_cat?post=347"},{"taxonomy":"product_tag","embeddable":true,"href":"https:\/\/pianinai.com\/lv\/wp-json\/wp\/v2\/product_tag?post=347"}],"curies":[{"name":"wp","href":"https:\/\/api.w.org\/{rel}","templated":true}]}}