{"id":4942,"date":"2025-06-05T11:44:32","date_gmt":"2025-06-05T11:44:32","guid":{"rendered":"https:\/\/pianinai.com\/?post_type=product&#038;p=4942"},"modified":"2025-10-31T08:43:19","modified_gmt":"2025-10-31T08:43:19","slug":"pianinas-sauter","status":"publish","type":"product","link":"https:\/\/pianinai.com\/lv\/pianinai\/pianinas-sauter\/","title":{"rendered":"Klavieres &quot;Sauter&quot;"},"content":{"rendered":"<p><img fetchpriority=\"high\" decoding=\"async\" class=\"size-medium wp-image-4943 aligncenter\" src=\"https:\/\/pianinai.com\/wp-content\/uploads\/2025\/06\/D5D58357-72E0-4669-8619-A5BC7E2E343D-300x169.png\" alt=\"Sauter \" width=\"300\" height=\"169\" srcset=\"https:\/\/pianinai.com\/wp-content\/uploads\/2025\/06\/D5D58357-72E0-4669-8619-A5BC7E2E343D-300x169.png 300w, https:\/\/pianinai.com\/wp-content\/uploads\/2025\/06\/D5D58357-72E0-4669-8619-A5BC7E2E343D-1024x576.png 1024w, https:\/\/pianinai.com\/wp-content\/uploads\/2025\/06\/D5D58357-72E0-4669-8619-A5BC7E2E343D-768x432.png 768w, https:\/\/pianinai.com\/wp-content\/uploads\/2025\/06\/D5D58357-72E0-4669-8619-A5BC7E2E343D-1536x864.png 1536w, https:\/\/pianinai.com\/wp-content\/uploads\/2025\/06\/D5D58357-72E0-4669-8619-A5BC7E2E343D-2048x1152.png 2048w, https:\/\/pianinai.com\/wp-content\/uploads\/2025\/06\/D5D58357-72E0-4669-8619-A5BC7E2E343D-18x10.png 18w, https:\/\/pianinai.com\/wp-content\/uploads\/2025\/06\/D5D58357-72E0-4669-8619-A5BC7E2E343D-1000x562.png 1000w\" sizes=\"(max-width: 300px) 100vw, 300px\" \/><\/p>\n<p>&nbsp;<\/p>\n<h5 data-sourcepos=\"2:1-2:70\">Sauter klavieres: grezn\u012bba, inov\u0101cija un izcils kompaktums<\/h5>\n<p>&nbsp;<\/p>\n<p data-sourcepos=\"4:1-4:322\"><strong>Sauter klavieres nav tikai m\u016bzikas instrumenti, t\u0101s ir v\u0101cu inov\u0101ciju, grezn\u012bbas un nevainojamas ska\u0146as sint\u0113ze. Kop\u0161 dibin\u0101\u0161anas 1819. gad\u0101 Sauter ir tiekusies p\u0113c piln\u012bbas, radot instrumentus, kas atbilst augst\u0101kajiem standartiem un iepriecina pat vispras\u012bg\u0101kos pianistus. L\u016bk, kas at\u0161\u0137ir Sauter klavieres:<\/strong><\/p>\n<p>&nbsp;<\/p>\n<ul data-sourcepos=\"6:1-15:0\">\n<li data-sourcepos=\"6:1-7:0\">\n<p data-sourcepos=\"6:3-6:323\"><strong>Senas trad\u012bcijas un amatniec\u012bba:<\/strong> Lai gan Sauter nav vec\u0101kais ra\u017eot\u0101js V\u0101cij\u0101, tam ir gandr\u012bz divus gadsimtus uzkr\u0101ta pieredze un zin\u0101\u0161anas, kas tiek nodotas no paaudzes paaudz\u0113. Katras klavieres tiek r\u016bp\u012bgi izgatavotas ar rok\u0101m, izmantojot tikai augst\u0101k\u0101s kvalit\u0101tes materi\u0101lus, nodro\u0161inot iztur\u012bbu un uzticam\u012bbu.<\/p>\n<\/li>\n<\/ul>\n<p>&nbsp;<\/p>\n<ul data-sourcepos=\"6:1-15:0\">\n<li data-sourcepos=\"8:1-9:0\">\n<p data-sourcepos=\"8:3-8:338\"><strong>Rennera meh\u0101nika \u2013 precizit\u0101te un uzticam\u012bba:<\/strong> Sauter klavieres ir apr\u012bkotas ar atz\u012btu <strong>Rennera meh\u0101nika<\/strong>, kas ir klavieru ra\u017eo\u0161anas etalons. \u0160is meh\u0101nisms garant\u0113 \u0101rk\u0101rt\u012bgi prec\u012bzu tausti\u0146u darb\u012bbu, optim\u0101lu jut\u012bbu un reakciju, \u013caujot pianistiem sasniegt pla\u0161u dinamisko diapazonu un kontrol\u0113t ska\u0146u ar maksim\u0101lu precizit\u0101ti.<\/p>\n<\/li>\n<\/ul>\n<p>&nbsp;<\/p>\n<ul data-sourcepos=\"6:1-15:0\">\n<li data-sourcepos=\"10:1-11:0\">\n<p data-sourcepos=\"10:3-10:482\"><strong>Inovat\u012bva R2 dubult\u0101s atk\u0101rto\u0161anas darb\u012bba:<\/strong> Viens no Sautera unik\u0101lajiem jaunin\u0101jumiem ir <strong>patent\u0113ta R2 dubult\u0101s atk\u0101rto\u0161anas funkcija<\/strong>\u0160is meh\u0101nisms, kas atrodams daudzos Sauter mode\u013cos, pie\u0161\u0137ir instrumentiem neparastu tausti\u0146u atgrie\u0161anas \u0101trumu un \u013cauj atk\u0101rtot notis, piln\u012bb\u0101 neatlai\u017eot tausti\u0146u, kas ir sal\u012bdzin\u0101ms ar koncertklavieru iesp\u0113j\u0101m. Tas \u013cauj pianistiem izpild\u012bt vissare\u017e\u0123\u012bt\u0101k\u0101s partijas ar neparastu precizit\u0101ti un virtuozit\u0101ti.<\/p>\n<\/li>\n<\/ul>\n<p>&nbsp;<\/p>\n<ul data-sourcepos=\"6:1-15:0\">\n<li data-sourcepos=\"12:1-13:0\">\n<p data-sourcepos=\"12:3-12:331\"><strong>Kompakts dizains:<\/strong> Sauter lieliski izprot moderno telpu vajadz\u012bbas, t\u0101p\u0113c pied\u0101v\u0101 elegantu un <strong>kompakti klavieru mode\u013ci<\/strong>, kas ir ide\u0101li piem\u0113rotas maz\u0101k\u0101m telp\u0101m vai modernam interjeram. Neskatoties uz kompakto izm\u0113ru, \u0161\u012bs klavieres saglab\u0101 visu ska\u0146as kvalit\u0101ti un meh\u0101nisko precizit\u0101ti, ar ko Sauter ir paz\u012bstams.<\/p>\n<\/li>\n<\/ul>\n<p>&nbsp;<\/p>\n<ul data-sourcepos=\"6:1-15:0\">\n<li data-sourcepos=\"14:1-15:0\">\n<p data-sourcepos=\"14:3-14:449\"><strong>Unik\u0101ls tembrs \u2013 bag\u0101t\u012bga un skaidra ska\u0146a:<\/strong> Sauter klavier\u0113m ir at\u0161\u0137ir\u012bga un viegli atpaz\u012bstama ska\u0146a. <strong>tembrs<\/strong>To skan\u0113jums ir bag\u0101t\u012bgs, silts, dzi\u013c\u0161 un nians\u0113m pilns. Bass rezon\u0113 sp\u0113c\u012bgi, un augst\u0101s notis staro ar caursp\u012bd\u012bgumu un ilgm\u016b\u017e\u012bbu. Pateicoties \u201cSf\u0113risk\u0101s ieliekuma\u201d rezonanses ska\u0146as pl\u0101ksnei un augst\u0101k\u0101s kvalit\u0101tes materi\u0101lu izv\u0113lei, katra nots atkl\u0101j savu skaistumu un harmoniju, sniedzot neaizmirstamu muzik\u0101lu pieredzi.<\/p>\n<\/li>\n<\/ul>\n<p>&nbsp;<\/p>\n<h5 data-sourcepos=\"16:1-17:3\"><\/h5>\n<h5 data-sourcepos=\"16:1-17:3\">Sauter klavieres nav tikai instruments, bet gan ieguld\u012bjums v\u0101cu precizit\u0101t\u0113, inov\u0101cij\u0101s un muzik\u0101l\u0101 ce\u013cojum\u0101, kas j\u016bs priec\u0113s daudzus gadus.<\/h5>\n<h5 data-sourcepos=\"16:1-17:3\"><\/h5>\n<h5 data-sourcepos=\"16:1-17:3\"><img fetchpriority=\"high\" decoding=\"async\" class=\"size-medium wp-image-4943 aligncenter\" src=\"https:\/\/pianinai.com\/wp-content\/uploads\/2025\/06\/D5D58357-72E0-4669-8619-A5BC7E2E343D-300x169.png\" alt=\"Sauter \" width=\"300\" height=\"169\" srcset=\"https:\/\/pianinai.com\/wp-content\/uploads\/2025\/06\/D5D58357-72E0-4669-8619-A5BC7E2E343D-300x169.png 300w, https:\/\/pianinai.com\/wp-content\/uploads\/2025\/06\/D5D58357-72E0-4669-8619-A5BC7E2E343D-1024x576.png 1024w, https:\/\/pianinai.com\/wp-content\/uploads\/2025\/06\/D5D58357-72E0-4669-8619-A5BC7E2E343D-768x432.png 768w, https:\/\/pianinai.com\/wp-content\/uploads\/2025\/06\/D5D58357-72E0-4669-8619-A5BC7E2E343D-1536x864.png 1536w, https:\/\/pianinai.com\/wp-content\/uploads\/2025\/06\/D5D58357-72E0-4669-8619-A5BC7E2E343D-2048x1152.png 2048w, https:\/\/pianinai.com\/wp-content\/uploads\/2025\/06\/D5D58357-72E0-4669-8619-A5BC7E2E343D-18x10.png 18w, https:\/\/pianinai.com\/wp-content\/uploads\/2025\/06\/D5D58357-72E0-4669-8619-A5BC7E2E343D-1000x562.png 1000w\" sizes=\"(max-width: 300px) 100vw, 300px\" \/><\/h5>\n<p>&nbsp;<\/p>","protected":false},"excerpt":{"rendered":"<p>S\u0113rijas numurs \u2013 57174<\/p>\n<p>Ra\u017eots V\u0101cij\u0101<\/p>\n<p>Kr\u0101sa \u2013 melna, mat\u0113ta<\/p>\n<p>Meh\u0101ni\u0137i \u2013 \u201cRENNER\u201d v\u0101cietis<\/p>\n<p>St\u0101voklis \u2013 Lietots<\/p>","protected":false},"featured_media":4891,"template":"","meta":{"site-sidebar-layout":"default","site-content-layout":"","ast-site-content-layout":"default","site-content-style":"default","site-sidebar-style":"default","ast-global-header-display":"","ast-banner-title-visibility":"","ast-main-header-display":"","ast-hfb-above-header-display":"","ast-hfb-below-header-display":"","ast-hfb-mobile-header-display":"","site-post-title":"","ast-breadcrumbs-content":"","ast-featured-img":"","footer-sml-layout":"","theme-transparent-header-meta":"default","adv-header-id-meta":"","stick-header-meta":"","header-above-stick-meta":"","header-main-stick-meta":"","header-below-stick-meta":"","astra-migrate-meta-layouts":"set","ast-page-background-enabled":"default","ast-page-background-meta":{"desktop":{"background-color":"var(--ast-global-color-5)","background-image":"","background-repeat":"repeat","background-position":"center center","background-size":"auto","background-attachment":"scroll","background-type":"","background-media":"","overlay-type":"","overlay-color":"","overlay-opacity":"","overlay-gradient":""},"tablet":{"background-color":"","background-image":"","background-repeat":"repeat","background-position":"center center","background-size":"auto","background-attachment":"scroll","background-type":"","background-media":"","overlay-type":"","overlay-color":"","overlay-opacity":"","overlay-gradient":""},"mobile":{"background-color":"","background-image":"","background-repeat":"repeat","background-position":"center center","background-size":"auto","background-attachment":"scroll","background-type":"","background-media":"","overlay-type":"","overlay-color":"","overlay-opacity":"","overlay-gradient":""}},"ast-content-background-meta":{"desktop":{"background-color":"var(--ast-global-color-4)","background-image":"","background-repeat":"repeat","background-position":"center center","background-size":"auto","background-attachment":"scroll","background-type":"","background-media":"","overlay-type":"","overlay-color":"","overlay-opacity":"","overlay-gradient":""},"tablet":{"background-color":"var(--ast-global-color-4)","background-image":"","background-repeat":"repeat","background-position":"center center","background-size":"auto","background-attachment":"scroll","background-type":"","background-media":"","overlay-type":"","overlay-color":"","overlay-opacity":"","overlay-gradient":""},"mobile":{"background-color":"var(--ast-global-color-4)","background-image":"","background-repeat":"repeat","background-position":"center center","background-size":"auto","background-attachment":"scroll","background-type":"","background-media":"","overlay-type":"","overlay-color":"","overlay-opacity":"","overlay-gradient":""}}},"product_brand":[],"product_cat":[35],"product_tag":[],"class_list":{"0":"post-4942","1":"product","2":"type-product","3":"status-publish","4":"has-post-thumbnail","6":"product_cat-juodi-pianinai","7":"desktop-align-center","8":"tablet-align-left","9":"mobile-align-left","10":"ast-product-gallery-layout-first-image-large","11":"ast-product-tabs-layout-horizontal","13":"first","14":"outofstock","15":"shipping-taxable","16":"purchasable","17":"product-type-simple"},"_links":{"self":[{"href":"https:\/\/pianinai.com\/lv\/wp-json\/wp\/v2\/product\/4942","targetHints":{"allow":["GET"]}}],"collection":[{"href":"https:\/\/pianinai.com\/lv\/wp-json\/wp\/v2\/product"}],"about":[{"href":"https:\/\/pianinai.com\/lv\/wp-json\/wp\/v2\/types\/product"}],"version-history":[{"count":8,"href":"https:\/\/pianinai.com\/lv\/wp-json\/wp\/v2\/product\/4942\/revisions"}],"predecessor-version":[{"id":5015,"href":"https:\/\/pianinai.com\/lv\/wp-json\/wp\/v2\/product\/4942\/revisions\/5015"}],"wp:featuredmedia":[{"embeddable":true,"href":"https:\/\/pianinai.com\/lv\/wp-json\/wp\/v2\/media\/4891"}],"wp:attachment":[{"href":"https:\/\/pianinai.com\/lv\/wp-json\/wp\/v2\/media?parent=4942"}],"wp:term":[{"taxonomy":"product_brand","embeddable":true,"href":"https:\/\/pianinai.com\/lv\/wp-json\/wp\/v2\/product_brand?post=4942"},{"taxonomy":"product_cat","embeddable":true,"href":"https:\/\/pianinai.com\/lv\/wp-json\/wp\/v2\/product_cat?post=4942"},{"taxonomy":"product_tag","embeddable":true,"href":"https:\/\/pianinai.com\/lv\/wp-json\/wp\/v2\/product_tag?post=4942"}],"curies":[{"name":"wp","href":"https:\/\/api.w.org\/{rel}","templated":true}]}}