{"id":4963,"date":"2025-06-05T12:21:48","date_gmt":"2025-06-05T12:21:48","guid":{"rendered":"https:\/\/pianinai.com\/?post_type=product&#038;p=4963"},"modified":"2025-09-25T12:33:21","modified_gmt":"2025-09-25T12:33:21","slug":"pianinas-ibach-5","status":"publish","type":"product","link":"https:\/\/pianinai.com\/lv\/pianinai\/pianinas-ibach-5\/","title":{"rendered":"Klavieres &quot;Ibach&quot;"},"content":{"rendered":"<p>&nbsp;<\/p>\n<p><img fetchpriority=\"high\" decoding=\"async\" class=\"size-medium wp-image-4932 aligncenter\" src=\"https:\/\/pianinai.com\/wp-content\/uploads\/2025\/06\/01E23D52-9E74-4C42-A3AC-2C7D273ACD4A-300x169.png\" alt=\"Ibach\" width=\"300\" height=\"169\" srcset=\"https:\/\/pianinai.com\/wp-content\/uploads\/2025\/06\/01E23D52-9E74-4C42-A3AC-2C7D273ACD4A-300x169.png 300w, https:\/\/pianinai.com\/wp-content\/uploads\/2025\/06\/01E23D52-9E74-4C42-A3AC-2C7D273ACD4A-1024x576.png 1024w, https:\/\/pianinai.com\/wp-content\/uploads\/2025\/06\/01E23D52-9E74-4C42-A3AC-2C7D273ACD4A-768x432.png 768w, https:\/\/pianinai.com\/wp-content\/uploads\/2025\/06\/01E23D52-9E74-4C42-A3AC-2C7D273ACD4A-1536x864.png 1536w, https:\/\/pianinai.com\/wp-content\/uploads\/2025\/06\/01E23D52-9E74-4C42-A3AC-2C7D273ACD4A-2048x1152.png 2048w, https:\/\/pianinai.com\/wp-content\/uploads\/2025\/06\/01E23D52-9E74-4C42-A3AC-2C7D273ACD4A-18x10.png 18w, https:\/\/pianinai.com\/wp-content\/uploads\/2025\/06\/01E23D52-9E74-4C42-A3AC-2C7D273ACD4A-1000x562.png 1000w\" sizes=\"(max-width: 300px) 100vw, 300px\" \/><\/p>\n<p>&nbsp;<\/p>\n<h5 data-sourcepos=\"2:1-2:62\"><\/h5>\n<h5 data-sourcepos=\"2:1-2:62\">Ibach klavieres: m\u016b\u017e\u012bga kvalit\u0101te un nevainojama ska\u0146a<\/h5>\n<p>&nbsp;<\/p>\n<p data-sourcepos=\"4:1-4:295\">Ibach klavieres nav tikai m\u016bzikas instrumenti, bet ar\u012b presti\u017eas v\u0101cu trad\u012bcijas, r\u016bp\u012bgas meistar\u012bbas un izcilas kvalit\u0101tes simbols. Dibin\u0101ta 1794. gad\u0101, Ibach ir <strong>V\u0101cijas vec\u0101kais klavieru ra\u017eot\u0101js<\/strong>, kas ir ieguvis pasaules m\u0113roga reput\u0101ciju, pateicoties t\u0101 iztur\u012bbai un lieliskajai ska\u0146ai.<\/p>\n<h5 data-sourcepos=\"6:1-6:154\">Katras Ibach klavieres ir r\u016bp\u012bgi izgatavotas, lai nodro\u0161in\u0101tu augst\u0101kos standartus. T\u0101p\u0113c Ibach klavieres tiek nov\u0113rt\u0113tas vis\u0101 pasaul\u0113:<\/h5>\n<p>&nbsp;<\/p>\n<p>&nbsp;<\/p>\n<ul data-sourcepos=\"8:1-12:0\">\n<li data-sourcepos=\"8:1-8:229\"><strong>Ilggad\u0113jas trad\u012bcijas un pieredze:<\/strong> K\u0101 vec\u0101kais ra\u017eot\u0101js V\u0101cij\u0101, Ibach katra instrumenta ra\u017eo\u0161an\u0101 izmanto gadsimtiem ilgu pieredzi, garant\u0113jot uzticam\u012bbu, iztur\u012bbu un meistar\u012bbu, kas tiek nodota no paaudzes paaudz\u0113.<\/li>\n<\/ul>\n<p>&nbsp;<\/p>\n<ul data-sourcepos=\"8:1-12:0\">\n<li data-sourcepos=\"9:1-9:312\"><strong>Rennera meh\u0101nisk\u0101 precizit\u0101te:<\/strong> Ibaha klavier\u0113s ir iek\u013cauta slaven\u0101 m\u016bzika <strong>Rennera meh\u0101nika<\/strong>, kas ir atz\u012bts par vienu no lab\u0101kajiem pasaul\u0113. \u0160is meh\u0101nisms nodro\u0161ina prec\u012bzu tausti\u0146u darb\u012bbu, izcilu ska\u0146as jut\u012bbu un \u013cauj pianistiem sasniegt pla\u0161u dinamisko diapazonu un perfektu ska\u0146as kontroli.<\/li>\n<\/ul>\n<p>&nbsp;<\/p>\n<ul data-sourcepos=\"8:1-12:0\">\n<li data-sourcepos=\"10:1-10:269\"><strong>V\u0113rt\u012bbas uztur\u0113\u0161ana:<\/strong> Ibaha klavieres ir slavenas ar savu sp\u0113ju <strong>lai saglab\u0101tu v\u0113rt\u012bbu<\/strong> laika gait\u0101. Tas ir lielisks ieguld\u012bjums ne tikai muzik\u0101laj\u0101 pieredz\u0113, bet ar\u012b ilgtermi\u0146a akt\u012bvos, jo \u0161ie instrumenti ir piepras\u012bti un nov\u0113rt\u0113ti otrreiz\u0113j\u0101 tirg\u016b to kvalit\u0101tes un uzticam\u012bbas d\u0113\u013c.<\/li>\n<\/ul>\n<p>&nbsp;<\/p>\n<ul data-sourcepos=\"8:1-12:0\">\n<li data-sourcepos=\"11:1-12:0\"><strong>Lieliska ska\u0146a:<\/strong> Pateicoties r\u016bp\u012bgai materi\u0101lu izv\u0113lei, detaliz\u0113tai mont\u0101\u017eai un progres\u012bviem ra\u017eo\u0161anas procesiem, Ibach klavieres izce\u013cas ar <strong>ar \u012bpatn\u0113ju ska\u0146u<\/strong>To ska\u0146u palete ir bag\u0101t\u012bga, silta un rezon\u0113jo\u0161a, \u013caujot atska\u0146ot da\u017e\u0101du \u017eanru m\u016bziku ar maksim\u0101lu ekspresivit\u0101ti. No maig\u0101kaj\u0101m nians\u0113m l\u012bdz vissp\u0113c\u012bg\u0101kajiem akordiem \u2013 Ibach klavieres atkl\u0101s visu m\u016bzikas skaistumu.<\/li>\n<\/ul>\n<p>&nbsp;<\/p>\n<h5 data-sourcepos=\"13:1-14:3\"><\/h5>\n<h5 data-sourcepos=\"13:1-14:3\">Izv\u0113loties Ibach klavieres, j\u016bs izv\u0113laties ne tikai instrumentu, bet ar\u012b v\u0101cu kvalit\u0101tes, iztur\u012bbas un nevainojamas ska\u0146as mantojumu.<\/h5>\n<p>&nbsp;<\/p>\n<p>&nbsp;<\/p>\n<p><img fetchpriority=\"high\" decoding=\"async\" class=\"size-medium wp-image-4932 aligncenter\" src=\"https:\/\/pianinai.com\/wp-content\/uploads\/2025\/06\/01E23D52-9E74-4C42-A3AC-2C7D273ACD4A-300x169.png\" alt=\"Ibach\" width=\"300\" height=\"169\" srcset=\"https:\/\/pianinai.com\/wp-content\/uploads\/2025\/06\/01E23D52-9E74-4C42-A3AC-2C7D273ACD4A-300x169.png 300w, https:\/\/pianinai.com\/wp-content\/uploads\/2025\/06\/01E23D52-9E74-4C42-A3AC-2C7D273ACD4A-1024x576.png 1024w, https:\/\/pianinai.com\/wp-content\/uploads\/2025\/06\/01E23D52-9E74-4C42-A3AC-2C7D273ACD4A-768x432.png 768w, https:\/\/pianinai.com\/wp-content\/uploads\/2025\/06\/01E23D52-9E74-4C42-A3AC-2C7D273ACD4A-1536x864.png 1536w, https:\/\/pianinai.com\/wp-content\/uploads\/2025\/06\/01E23D52-9E74-4C42-A3AC-2C7D273ACD4A-2048x1152.png 2048w, https:\/\/pianinai.com\/wp-content\/uploads\/2025\/06\/01E23D52-9E74-4C42-A3AC-2C7D273ACD4A-18x10.png 18w, https:\/\/pianinai.com\/wp-content\/uploads\/2025\/06\/01E23D52-9E74-4C42-A3AC-2C7D273ACD4A-1000x562.png 1000w\" sizes=\"(max-width: 300px) 100vw, 300px\" \/><\/p>\n<p>&nbsp;<\/p>","protected":false},"excerpt":{"rendered":"<p>S\u0113rijas numurs \u2013<\/p>\n<p>V\u0101cij\u0101 ra\u017eotas klavieres<\/p>\n<p>Kr\u0101sa \u2013 balta, sp\u012bd\u012bga<\/p>\n<p>Meh\u0101ni\u0137i \u2013 \u201cRENNER\u201d v\u0101cietis<\/p>\n<p>St\u0101voklis \u2013 Lietots<\/p>","protected":false},"featured_media":4003,"template":"","meta":{"site-sidebar-layout":"default","site-content-layout":"","ast-site-content-layout":"default","site-content-style":"default","site-sidebar-style":"default","ast-global-header-display":"","ast-banner-title-visibility":"","ast-main-header-display":"","ast-hfb-above-header-display":"","ast-hfb-below-header-display":"","ast-hfb-mobile-header-display":"","site-post-title":"","ast-breadcrumbs-content":"","ast-featured-img":"","footer-sml-layout":"","theme-transparent-header-meta":"default","adv-header-id-meta":"","stick-header-meta":"","header-above-stick-meta":"","header-main-stick-meta":"","header-below-stick-meta":"","astra-migrate-meta-layouts":"set","ast-page-background-enabled":"default","ast-page-background-meta":{"desktop":{"background-color":"var(--ast-global-color-5)","background-image":"","background-repeat":"repeat","background-position":"center center","background-size":"auto","background-attachment":"scroll","background-type":"","background-media":"","overlay-type":"","overlay-color":"","overlay-opacity":"","overlay-gradient":""},"tablet":{"background-color":"","background-image":"","background-repeat":"repeat","background-position":"center center","background-size":"auto","background-attachment":"scroll","background-type":"","background-media":"","overlay-type":"","overlay-color":"","overlay-opacity":"","overlay-gradient":""},"mobile":{"background-color":"","background-image":"","background-repeat":"repeat","background-position":"center center","background-size":"auto","background-attachment":"scroll","background-type":"","background-media":"","overlay-type":"","overlay-color":"","overlay-opacity":"","overlay-gradient":""}},"ast-content-background-meta":{"desktop":{"background-color":"var(--ast-global-color-4)","background-image":"","background-repeat":"repeat","background-position":"center center","background-size":"auto","background-attachment":"scroll","background-type":"","background-media":"","overlay-type":"","overlay-color":"","overlay-opacity":"","overlay-gradient":""},"tablet":{"background-color":"var(--ast-global-color-4)","background-image":"","background-repeat":"repeat","background-position":"center center","background-size":"auto","background-attachment":"scroll","background-type":"","background-media":"","overlay-type":"","overlay-color":"","overlay-opacity":"","overlay-gradient":""},"mobile":{"background-color":"var(--ast-global-color-4)","background-image":"","background-repeat":"repeat","background-position":"center center","background-size":"auto","background-attachment":"scroll","background-type":"","background-media":"","overlay-type":"","overlay-color":"","overlay-opacity":"","overlay-gradient":""}}},"product_brand":[],"product_cat":[34],"product_tag":[],"class_list":{"0":"post-4963","1":"product","2":"type-product","3":"status-publish","4":"has-post-thumbnail","6":"product_cat-balti-pianinai","7":"desktop-align-center","8":"tablet-align-left","9":"mobile-align-left","10":"ast-product-gallery-layout-first-image-large","11":"ast-product-tabs-layout-horizontal","13":"first","14":"outofstock","15":"shipping-taxable","16":"purchasable","17":"product-type-simple"},"_links":{"self":[{"href":"https:\/\/pianinai.com\/lv\/wp-json\/wp\/v2\/product\/4963","targetHints":{"allow":["GET"]}}],"collection":[{"href":"https:\/\/pianinai.com\/lv\/wp-json\/wp\/v2\/product"}],"about":[{"href":"https:\/\/pianinai.com\/lv\/wp-json\/wp\/v2\/types\/product"}],"version-history":[{"count":5,"href":"https:\/\/pianinai.com\/lv\/wp-json\/wp\/v2\/product\/4963\/revisions"}],"predecessor-version":[{"id":4968,"href":"https:\/\/pianinai.com\/lv\/wp-json\/wp\/v2\/product\/4963\/revisions\/4968"}],"wp:featuredmedia":[{"embeddable":true,"href":"https:\/\/pianinai.com\/lv\/wp-json\/wp\/v2\/media\/4003"}],"wp:attachment":[{"href":"https:\/\/pianinai.com\/lv\/wp-json\/wp\/v2\/media?parent=4963"}],"wp:term":[{"taxonomy":"product_brand","embeddable":true,"href":"https:\/\/pianinai.com\/lv\/wp-json\/wp\/v2\/product_brand?post=4963"},{"taxonomy":"product_cat","embeddable":true,"href":"https:\/\/pianinai.com\/lv\/wp-json\/wp\/v2\/product_cat?post=4963"},{"taxonomy":"product_tag","embeddable":true,"href":"https:\/\/pianinai.com\/lv\/wp-json\/wp\/v2\/product_tag?post=4963"}],"curies":[{"name":"wp","href":"https:\/\/api.w.org\/{rel}","templated":true}]}}