{"id":4970,"date":"2025-06-05T12:38:19","date_gmt":"2025-06-05T12:38:19","guid":{"rendered":"https:\/\/pianinai.com\/?post_type=product&#038;p=4970"},"modified":"2025-09-25T06:30:08","modified_gmt":"2025-09-25T06:30:08","slug":"pianinas-gaveau-4","status":"publish","type":"product","link":"https:\/\/pianinai.com\/lv\/pianinai\/pianinas-gaveau-4\/","title":{"rendered":"Klavieres &quot;Gaveau&quot;"},"content":{"rendered":"<p>&nbsp;<\/p>\n<p><img fetchpriority=\"high\" decoding=\"async\" class=\"wp-image-4971 aligncenter\" src=\"https:\/\/pianinai.com\/wp-content\/uploads\/2025\/06\/FE1405DF-EE43-40E7-BE03-DFCCED8592E9-300x169.png\" alt=\"Gaveau\" width=\"426\" height=\"240\" srcset=\"https:\/\/pianinai.com\/wp-content\/uploads\/2025\/06\/FE1405DF-EE43-40E7-BE03-DFCCED8592E9-300x169.png 300w, https:\/\/pianinai.com\/wp-content\/uploads\/2025\/06\/FE1405DF-EE43-40E7-BE03-DFCCED8592E9-1024x576.png 1024w, https:\/\/pianinai.com\/wp-content\/uploads\/2025\/06\/FE1405DF-EE43-40E7-BE03-DFCCED8592E9-768x432.png 768w, https:\/\/pianinai.com\/wp-content\/uploads\/2025\/06\/FE1405DF-EE43-40E7-BE03-DFCCED8592E9-1536x864.png 1536w, https:\/\/pianinai.com\/wp-content\/uploads\/2025\/06\/FE1405DF-EE43-40E7-BE03-DFCCED8592E9-2048x1152.png 2048w, https:\/\/pianinai.com\/wp-content\/uploads\/2025\/06\/FE1405DF-EE43-40E7-BE03-DFCCED8592E9-18x10.png 18w, https:\/\/pianinai.com\/wp-content\/uploads\/2025\/06\/FE1405DF-EE43-40E7-BE03-DFCCED8592E9-1000x563.png 1000w\" sizes=\"(max-width: 426px) 100vw, 426px\" \/><\/p>\n<p>&nbsp;<\/p>\n<h5 data-sourcepos=\"2:1-2:74\"><\/h5>\n<h5 data-sourcepos=\"2:1-2:74\">Gaveau klavieres \u2013 Schimmel Manufacturing: fran\u010du dv\u0113sele ar v\u0101cu sirdi<\/h5>\n<p>&nbsp;<\/p>\n<p data-sourcepos=\"4:1-4:385\">No 1971. l\u012bdz 1994. gadam slaven\u0101 fran\u010du klavieru ra\u017eot\u0101ja Gaveau z\u012bmols (l\u012bdz\u0101s \u00c9rard un Pleyel) pieder\u0113ja un to ra\u017eoja V\u0101cij\u0101 slavenais Schimmel koncerns. \u0160is periods iez\u012bm\u0113 interesantu posmu Gaveau v\u0113stur\u0113, apvienojot fran\u010du dizaina eleganci un specifisko tembru ar v\u0101cu in\u017eeniertehnisko precizit\u0101ti un ra\u017eo\u0161anas efektivit\u0101ti, ar ko Schimmel ir slavens.<\/p>\n<h5 data-sourcepos=\"8:1-8:56\"><\/h5>\n<h5 data-sourcepos=\"8:1-8:56\"><\/h5>\n<h5 data-sourcepos=\"8:1-8:56\">\u0160imela ra\u017eoto Gaveau klavieru at\u0161\u0137ir\u012bg\u0101s iez\u012bmes:<\/h5>\n<p>&nbsp;<\/p>\n<ul data-sourcepos=\"10:1-19:0\">\n<li data-sourcepos=\"10:1-11:0\">\n<p data-sourcepos=\"10:3-10:426\"><strong>V\u0101cu kvalit\u0101te un uzticam\u012bba:<\/strong> Vissvar\u012bg\u0101kais ir tas, ka Gaveau klavieres, kas ra\u017eotas \u0160immela r\u016bpn\u012bc\u0101s, tika mantotas <strong>Schimmel rakstur\u012bg\u0101 augst\u0101 ra\u017eo\u0161anas kvalit\u0101te<\/strong>Tas noz\u012bm\u0113, ka \u0161ie instrumenti ir iztur\u012bgi, ilgm\u016b\u017e\u012bgi un rad\u012bti, lai iztur\u0113tu intens\u012bvu lieto\u0161anu. V\u0101cu prec\u012bz\u0101 in\u017eenierija ir nodro\u0161in\u0101jusi liel\u0101ku meh\u0101nisko stabilit\u0101ti un kop\u0113jo uzticam\u012bbu sal\u012bdzin\u0101jum\u0101 ar iepriek\u0161\u0113jiem Gaveau mode\u013ciem, \u012bpa\u0161i p\u0113c Otr\u0101 pasaules kara.<\/p>\n<\/li>\n<\/ul>\n<p>&nbsp;<\/p>\n<ul data-sourcepos=\"10:1-19:0\">\n<li data-sourcepos=\"12:1-13:0\">\n<p data-sourcepos=\"12:3-12:435\"><strong>Rennera meh\u0101nika:<\/strong> Lai gan Gaveau bija savi unik\u0101li meh\u0101niskie risin\u0101jumi, \u0160imela ra\u017eotaj\u0101s Gaveau klavier\u0113s bija integr\u0113ti <strong>pasaulslavenie Rennera meh\u0101ni\u0137i<\/strong>T\u0101 ir viena no lab\u0101kaj\u0101m klavieru klaviat\u016br\u0101m, kas garant\u0113 izcilu tausti\u0146u jut\u012bbu, \u0101tru reakciju un uzticamu darb\u012bbu. \u0160\u012b kombin\u0101cija ir devusi Gaveau klavier\u0113m jaunu sp\u0113l\u0113\u0161anas pieredzes l\u012bmeni, \u013caujot pianistiem sasniegt liel\u0101ku izteiksm\u012bbu un precizit\u0101ti.<\/p>\n<\/li>\n<\/ul>\n<p>&nbsp;<\/p>\n<ul data-sourcepos=\"10:1-19:0\">\n<li data-sourcepos=\"14:1-15:0\">\n<p data-sourcepos=\"14:3-14:441\"><strong>Ori\u0123in\u0101l\u0101 Gaveau stila saglab\u0101\u0161ana (ar v\u0101cu ra\u017eo\u0161anas ietekmi):<\/strong> Lai gan ra\u017eo\u0161ana tika p\u0101rcelta uz V\u0101ciju, \u0160immels cent\u0101s to saglab\u0101t <strong>rakstur\u012bgais Gaveau tembrs<\/strong> \u2013 romantiskas, maigas un melodiskas, ar siltu basu un skaidr\u0101m augstaj\u0101m frekvenc\u0113m. Tom\u0113r, pateicoties v\u0101cu materi\u0101liem un ra\u017eo\u0161anas standartiem, \u0161o Gaveau klavieru skan\u0113jums var\u0113ja ieg\u016bt nedaudz liel\u0101ku skaidr\u012bbu un rezonansi, kas rakstur\u012bga \u0160imela instrumentiem, vienlaikus saglab\u0101jot to fran\u010du dv\u0113seli.<\/p>\n<\/li>\n<\/ul>\n<p>&nbsp;<\/p>\n<ul data-sourcepos=\"10:1-19:0\">\n<li data-sourcepos=\"16:1-17:0\">\n<p data-sourcepos=\"16:3-16:321\"><strong>Kompakts dizains:<\/strong> Daudzi \u0160imela ra\u017eotie Gaveau mode\u013ci ir saglab\u0101ju\u0161ies. <strong>elegants un kompakts dizains<\/strong>, kas bija iecien\u012bts Gaveau fanu vid\u016b. Tas padar\u012bja tos par ide\u0101liem instrumentiem maz\u0101k\u0101m telp\u0101m, dz\u012bvok\u013ciem vai tiem, kas nov\u0113rt\u0113ja minim\u0101listisku est\u0113tiku, kas nepras\u012bja kompromisus ska\u0146as kvalit\u0101tes zi\u0146\u0101.<\/p>\n<\/li>\n<\/ul>\n<p>&nbsp;<\/p>\n<ul data-sourcepos=\"10:1-19:0\">\n<li data-sourcepos=\"18:1-19:0\">\n<p data-sourcepos=\"18:3-18:374\"><strong>Kolekcion\u0113jama v\u0113rt\u012bba:<\/strong> \u0160\u012bs \u0160imela darin\u0101t\u0101s Gaveau klavieres ir interesants un v\u0113rt\u012bgs v\u0113stures paraugs. T\u0101s atspogu\u013co ne tikai fran\u010du un v\u0101cu klavieru izgatavo\u0161anas trad\u012bciju sapl\u016b\u0161anu, bet ar\u012b t\u0101 laika inov\u0101cijas. Labi saglab\u0101ju\u0161\u0101s vai restaur\u0113t\u0101s \u0160imela darin\u0101t\u0101s Gaveau klavieres var <strong>kolekcion\u0101ru mekl\u0113ts<\/strong> un tiek v\u0113rt\u0113ti to unik\u0101l\u0101s v\u0113stures un kvalit\u0101tes d\u0113\u013c.<\/p>\n<\/li>\n<\/ul>\n<p>&nbsp;<\/p>\n<p data-sourcepos=\"22:1-22:257\"><strong>Schimmel Gaveau klavieres ir lieliska izv\u0113le tiem, kas mekl\u0113 instrumentus, kas apvieno fran\u010du romantisma garu ar v\u0101cu precizit\u0101ti un uzticam\u012bbu. Tie ir v\u0113rt\u012bgi un iztur\u012bgi instrumenti, kas var k\u013c\u016bt par da\u013cu no j\u016bsu muzik\u0101l\u0101 ce\u013cojuma.<\/strong><\/p>\n<p>&nbsp;<\/p>\n<p><img fetchpriority=\"high\" decoding=\"async\" class=\"wp-image-4971 aligncenter\" src=\"https:\/\/pianinai.com\/wp-content\/uploads\/2025\/06\/FE1405DF-EE43-40E7-BE03-DFCCED8592E9-300x169.png\" alt=\"Gaveau\" width=\"426\" height=\"240\" srcset=\"https:\/\/pianinai.com\/wp-content\/uploads\/2025\/06\/FE1405DF-EE43-40E7-BE03-DFCCED8592E9-300x169.png 300w, https:\/\/pianinai.com\/wp-content\/uploads\/2025\/06\/FE1405DF-EE43-40E7-BE03-DFCCED8592E9-1024x576.png 1024w, https:\/\/pianinai.com\/wp-content\/uploads\/2025\/06\/FE1405DF-EE43-40E7-BE03-DFCCED8592E9-768x432.png 768w, https:\/\/pianinai.com\/wp-content\/uploads\/2025\/06\/FE1405DF-EE43-40E7-BE03-DFCCED8592E9-1536x864.png 1536w, https:\/\/pianinai.com\/wp-content\/uploads\/2025\/06\/FE1405DF-EE43-40E7-BE03-DFCCED8592E9-2048x1152.png 2048w, https:\/\/pianinai.com\/wp-content\/uploads\/2025\/06\/FE1405DF-EE43-40E7-BE03-DFCCED8592E9-18x10.png 18w, https:\/\/pianinai.com\/wp-content\/uploads\/2025\/06\/FE1405DF-EE43-40E7-BE03-DFCCED8592E9-1000x563.png 1000w\" sizes=\"(max-width: 426px) 100vw, 426px\" \/><\/p>\n<p>&nbsp;<\/p>","protected":false},"excerpt":{"rendered":"<div class=\"elementor-element elementor-element-4285c0e3 elementor-widget elementor-widget-woocommerce-product-short-description\" data-id=\"4285c0e3\" data-element_type=\"widget\" data-widget_type=\"woocommerce-product-short-description.default\">\n<div class=\"woocommerce-product-details__short-description\">\n<p>S\u0113rijas numurs \u2013 117349<\/p>\n<p>Ra\u017eots V\u0101cij\u0101<\/p>\n<p>Kr\u0101sa \u2013 balta, sp\u012bd\u012bga<\/p>\n<p>Meh\u0101ni\u0137is \u2013 \u201cRenner\u201d v\u0101cietis<\/p>\n<p>St\u0101voklis \u2013 Lietots<\/p>\n<\/div>\n<\/div>\n<div class=\"elementor-element elementor-element-8ba6cd6 elementor-widget elementor-widget-spacer\" data-id=\"8ba6cd6\" data-element_type=\"widget\" data-widget_type=\"spacer.default\">\n<div class=\"elementor-spacer\"><\/div>\n<\/div>","protected":false},"featured_media":4005,"template":"","meta":{"site-sidebar-layout":"default","site-content-layout":"","ast-site-content-layout":"default","site-content-style":"default","site-sidebar-style":"default","ast-global-header-display":"","ast-banner-title-visibility":"","ast-main-header-display":"","ast-hfb-above-header-display":"","ast-hfb-below-header-display":"","ast-hfb-mobile-header-display":"","site-post-title":"","ast-breadcrumbs-content":"","ast-featured-img":"","footer-sml-layout":"","theme-transparent-header-meta":"default","adv-header-id-meta":"","stick-header-meta":"","header-above-stick-meta":"","header-main-stick-meta":"","header-below-stick-meta":"","astra-migrate-meta-layouts":"set","ast-page-background-enabled":"default","ast-page-background-meta":{"desktop":{"background-color":"var(--ast-global-color-5)","background-image":"","background-repeat":"repeat","background-position":"center center","background-size":"auto","background-attachment":"scroll","background-type":"","background-media":"","overlay-type":"","overlay-color":"","overlay-opacity":"","overlay-gradient":""},"tablet":{"background-color":"","background-image":"","background-repeat":"repeat","background-position":"center center","background-size":"auto","background-attachment":"scroll","background-type":"","background-media":"","overlay-type":"","overlay-color":"","overlay-opacity":"","overlay-gradient":""},"mobile":{"background-color":"","background-image":"","background-repeat":"repeat","background-position":"center center","background-size":"auto","background-attachment":"scroll","background-type":"","background-media":"","overlay-type":"","overlay-color":"","overlay-opacity":"","overlay-gradient":""}},"ast-content-background-meta":{"desktop":{"background-color":"var(--ast-global-color-4)","background-image":"","background-repeat":"repeat","background-position":"center center","background-size":"auto","background-attachment":"scroll","background-type":"","background-media":"","overlay-type":"","overlay-color":"","overlay-opacity":"","overlay-gradient":""},"tablet":{"background-color":"var(--ast-global-color-4)","background-image":"","background-repeat":"repeat","background-position":"center center","background-size":"auto","background-attachment":"scroll","background-type":"","background-media":"","overlay-type":"","overlay-color":"","overlay-opacity":"","overlay-gradient":""},"mobile":{"background-color":"var(--ast-global-color-4)","background-image":"","background-repeat":"repeat","background-position":"center center","background-size":"auto","background-attachment":"scroll","background-type":"","background-media":"","overlay-type":"","overlay-color":"","overlay-opacity":"","overlay-gradient":""}}},"product_brand":[],"product_cat":[34],"product_tag":[],"class_list":{"0":"post-4970","1":"product","2":"type-product","3":"status-publish","4":"has-post-thumbnail","6":"product_cat-balti-pianinai","7":"desktop-align-center","8":"tablet-align-left","9":"mobile-align-left","10":"ast-product-gallery-layout-first-image-large","11":"ast-product-tabs-layout-horizontal","13":"first","14":"outofstock","15":"shipping-taxable","16":"purchasable","17":"product-type-simple"},"_links":{"self":[{"href":"https:\/\/pianinai.com\/lv\/wp-json\/wp\/v2\/product\/4970","targetHints":{"allow":["GET"]}}],"collection":[{"href":"https:\/\/pianinai.com\/lv\/wp-json\/wp\/v2\/product"}],"about":[{"href":"https:\/\/pianinai.com\/lv\/wp-json\/wp\/v2\/types\/product"}],"version-history":[{"count":9,"href":"https:\/\/pianinai.com\/lv\/wp-json\/wp\/v2\/product\/4970\/revisions"}],"predecessor-version":[{"id":5013,"href":"https:\/\/pianinai.com\/lv\/wp-json\/wp\/v2\/product\/4970\/revisions\/5013"}],"wp:featuredmedia":[{"embeddable":true,"href":"https:\/\/pianinai.com\/lv\/wp-json\/wp\/v2\/media\/4005"}],"wp:attachment":[{"href":"https:\/\/pianinai.com\/lv\/wp-json\/wp\/v2\/media?parent=4970"}],"wp:term":[{"taxonomy":"product_brand","embeddable":true,"href":"https:\/\/pianinai.com\/lv\/wp-json\/wp\/v2\/product_brand?post=4970"},{"taxonomy":"product_cat","embeddable":true,"href":"https:\/\/pianinai.com\/lv\/wp-json\/wp\/v2\/product_cat?post=4970"},{"taxonomy":"product_tag","embeddable":true,"href":"https:\/\/pianinai.com\/lv\/wp-json\/wp\/v2\/product_tag?post=4970"}],"curies":[{"name":"wp","href":"https:\/\/api.w.org\/{rel}","templated":true}]}}