{"id":4980,"date":"2025-06-05T13:01:21","date_gmt":"2025-06-05T13:01:21","guid":{"rendered":"https:\/\/pianinai.com\/?post_type=product&#038;p=4980"},"modified":"2026-03-13T09:45:59","modified_gmt":"2026-03-13T09:45:59","slug":"pianinas-rameau","status":"publish","type":"product","link":"https:\/\/pianinai.com\/lv\/pianinai\/pianinas-rameau\/","title":{"rendered":"Klavieres &quot;Rameau&quot;"},"content":{"rendered":"<p>&nbsp;<\/p>\n<p><img fetchpriority=\"high\" decoding=\"async\" class=\"size-medium wp-image-4981 aligncenter\" src=\"https:\/\/pianinai.com\/wp-content\/uploads\/2025\/06\/9660AB4D-D3F9-4231-9456-6916F02F282E-300x169.png\" alt=\"Rameau\" width=\"300\" height=\"169\" srcset=\"https:\/\/pianinai.com\/wp-content\/uploads\/2025\/06\/9660AB4D-D3F9-4231-9456-6916F02F282E-300x169.png 300w, https:\/\/pianinai.com\/wp-content\/uploads\/2025\/06\/9660AB4D-D3F9-4231-9456-6916F02F282E-1024x576.png 1024w, https:\/\/pianinai.com\/wp-content\/uploads\/2025\/06\/9660AB4D-D3F9-4231-9456-6916F02F282E-768x432.png 768w, https:\/\/pianinai.com\/wp-content\/uploads\/2025\/06\/9660AB4D-D3F9-4231-9456-6916F02F282E-1536x864.png 1536w, https:\/\/pianinai.com\/wp-content\/uploads\/2025\/06\/9660AB4D-D3F9-4231-9456-6916F02F282E-2048x1152.png 2048w, https:\/\/pianinai.com\/wp-content\/uploads\/2025\/06\/9660AB4D-D3F9-4231-9456-6916F02F282E-18x10.png 18w, https:\/\/pianinai.com\/wp-content\/uploads\/2025\/06\/9660AB4D-D3F9-4231-9456-6916F02F282E-1000x562.png 1000w\" sizes=\"(max-width: 300px) 100vw, 300px\" \/><\/p>\n<h4 data-start=\"185\" data-end=\"245\"><\/h4>\n<h4 data-start=\"185\" data-end=\"245\"><\/h4>\n<h4 data-start=\"185\" data-end=\"245\"><strong data-start=\"189\" data-end=\"245\">Rameau klavieres \u2014 fran\u010du meistar\u012bbas mantojums<\/strong><\/h4>\n<p>&nbsp;<\/p>\n<p data-start=\"247\" data-end=\"539\"><strong data-start=\"247\" data-end=\"266\">Rameau klavieres<\/strong> \u2013 tas nav tikai instruments, bet ar\u012b fran\u010du klavieru m\u0101kslas v\u0113stures paraugs. Rameau klavieres, ko 20.\u00a0gs. 70.\u00a0gados rad\u012bja presti\u017eie meistari Pleyel, \u00c9rard un Gaveau, izce\u013cas ar eleganci, augst\u0101k\u0101s kvalit\u0101tes materi\u0101liem un nevainojamu ska\u0146u.<\/p>\n<h4 data-start=\"541\" data-end=\"570\"><\/h4>\n<h4 data-start=\"541\" data-end=\"570\"><strong data-start=\"546\" data-end=\"570\">Izcilas \u012bpa\u0161\u012bbas:<\/strong><\/h4>\n<p>&nbsp;<\/p>\n<ul data-start=\"571\" data-end=\"1140\">\n<li data-start=\"571\" data-end=\"709\">\n<p data-start=\"573\" data-end=\"709\"><strong data-start=\"573\" data-end=\"616\">Romantiska &quot;\u00e0 la fran\u00e7aise&quot; ska\u0146a:<\/strong> silts, dzidrs un maigs tonis, ko nov\u0113rt\u0113 gan profesion\u0101li m\u016bzi\u0137i, gan amatieri.<\/p>\n<\/li>\n<\/ul>\n<p>&nbsp;<\/p>\n<ul data-start=\"571\" data-end=\"1140\">\n<li data-start=\"710\" data-end=\"842\">\n<p data-start=\"712\" data-end=\"842\"><strong data-start=\"712\" data-end=\"742\">Augstas kvalit\u0101tes meh\u0101nika:<\/strong> V\u0101cu valoda tiek izmantota daudzos mode\u013cos <em data-start=\"777\" data-end=\"785\">Renners<\/em> sist\u0113ma, kas nodro\u0161ina vienm\u0113r\u012bgu un atsauc\u012bgu tausti\u0146u darb\u012bbu.<\/p>\n<\/li>\n<\/ul>\n<p>&nbsp;<\/p>\n<ul data-start=\"571\" data-end=\"1140\">\n<li data-start=\"843\" data-end=\"973\">\n<p data-start=\"845\" data-end=\"973\"><strong data-start=\"845\" data-end=\"879\">Autentiska fran\u010du produkcija:<\/strong> Klavieres tiek izgatavotas Ales\u0101, Francijas dienvidos, iev\u0113rojot tradicion\u0101los amatniec\u012bbas standartus.<\/p>\n<\/li>\n<\/ul>\n<p>&nbsp;<\/p>\n<ul data-start=\"571\" data-end=\"1140\">\n<li data-start=\"974\" data-end=\"1140\">\n<p data-start=\"976\" data-end=\"1140\"><strong data-start=\"976\" data-end=\"1001\">Ekskluz\u012bvs dizains:<\/strong> Smalks siluets, r\u016bp\u012bgs apdares darbs un izsmalcin\u0101ta est\u0113tisk\u0101 izj\u016bta padara \u0161\u012bs klavieres gan par muzik\u0101lu, gan vizu\u0101lu akcentu m\u0101j\u0101s.<\/p>\n<\/li>\n<\/ul>\n<p>&nbsp;<\/p>\n<h4 data-start=\"1142\" data-end=\"1178\"><strong data-start=\"1147\" data-end=\"1178\">K\u0101p\u0113c izv\u0113l\u0113ties Rameau?<\/strong><\/h4>\n<p>&nbsp;<\/p>\n<p data-start=\"1179\" data-end=\"1475\">Rameau klavieres ir ide\u0101la izv\u0113le tiem, kas mekl\u0113 <strong data-start=\"1232\" data-end=\"1283\">autentisks, muzik\u0101li l\u012bdzsvarots instruments<\/strong> ar v\u0113sturi. Lai gan \u0161\u012bs klavieres vairs netiek ra\u017eotas, to kvalit\u0101ti un ilgsto\u0161o v\u0113rt\u012bbu nov\u0113rt\u0113 kolekcion\u0101ri un pianisti vis\u0101 pasaul\u0113. T\u0101s ir \u2013 <strong data-start=\"1427\" data-end=\"1475\">instruments ar raksturu, dv\u0113seli un izcelsmi.<\/strong><\/p>\n<p><img fetchpriority=\"high\" decoding=\"async\" class=\"size-medium wp-image-4981 aligncenter\" src=\"https:\/\/pianinai.com\/wp-content\/uploads\/2025\/06\/9660AB4D-D3F9-4231-9456-6916F02F282E-300x169.png\" alt=\"Rameau\" width=\"300\" height=\"169\" srcset=\"https:\/\/pianinai.com\/wp-content\/uploads\/2025\/06\/9660AB4D-D3F9-4231-9456-6916F02F282E-300x169.png 300w, https:\/\/pianinai.com\/wp-content\/uploads\/2025\/06\/9660AB4D-D3F9-4231-9456-6916F02F282E-1024x576.png 1024w, https:\/\/pianinai.com\/wp-content\/uploads\/2025\/06\/9660AB4D-D3F9-4231-9456-6916F02F282E-768x432.png 768w, https:\/\/pianinai.com\/wp-content\/uploads\/2025\/06\/9660AB4D-D3F9-4231-9456-6916F02F282E-1536x864.png 1536w, https:\/\/pianinai.com\/wp-content\/uploads\/2025\/06\/9660AB4D-D3F9-4231-9456-6916F02F282E-2048x1152.png 2048w, https:\/\/pianinai.com\/wp-content\/uploads\/2025\/06\/9660AB4D-D3F9-4231-9456-6916F02F282E-18x10.png 18w, https:\/\/pianinai.com\/wp-content\/uploads\/2025\/06\/9660AB4D-D3F9-4231-9456-6916F02F282E-1000x562.png 1000w\" sizes=\"(max-width: 300px) 100vw, 300px\" \/><\/p>\n<p>&nbsp;<\/p>","protected":false},"excerpt":{"rendered":"<p>S\u0113rijas numurs \u2013 59044<\/p>\n<p>Francij\u0101 ra\u017eotas klavieres<\/p>\n<p>Kr\u0101sa \u2013 balta, sp\u012bd\u012bga<\/p>\n<p>Meh\u0101ni\u0137i \u2013 \u201cRENNER\u201d v\u0101cietis<\/p>\n<p>St\u0101voklis \u2013 Lietots<\/p>","protected":false},"featured_media":3996,"template":"","meta":{"site-sidebar-layout":"default","site-content-layout":"","ast-site-content-layout":"default","site-content-style":"default","site-sidebar-style":"default","ast-global-header-display":"","ast-banner-title-visibility":"","ast-main-header-display":"","ast-hfb-above-header-display":"","ast-hfb-below-header-display":"","ast-hfb-mobile-header-display":"","site-post-title":"","ast-breadcrumbs-content":"","ast-featured-img":"","footer-sml-layout":"","theme-transparent-header-meta":"default","adv-header-id-meta":"","stick-header-meta":"","header-above-stick-meta":"","header-main-stick-meta":"","header-below-stick-meta":"","astra-migrate-meta-layouts":"set","ast-page-background-enabled":"default","ast-page-background-meta":{"desktop":{"background-color":"var(--ast-global-color-5)","background-image":"","background-repeat":"repeat","background-position":"center center","background-size":"auto","background-attachment":"scroll","background-type":"","background-media":"","overlay-type":"","overlay-color":"","overlay-opacity":"","overlay-gradient":""},"tablet":{"background-color":"","background-image":"","background-repeat":"repeat","background-position":"center center","background-size":"auto","background-attachment":"scroll","background-type":"","background-media":"","overlay-type":"","overlay-color":"","overlay-opacity":"","overlay-gradient":""},"mobile":{"background-color":"","background-image":"","background-repeat":"repeat","background-position":"center center","background-size":"auto","background-attachment":"scroll","background-type":"","background-media":"","overlay-type":"","overlay-color":"","overlay-opacity":"","overlay-gradient":""}},"ast-content-background-meta":{"desktop":{"background-color":"var(--ast-global-color-4)","background-image":"","background-repeat":"repeat","background-position":"center center","background-size":"auto","background-attachment":"scroll","background-type":"","background-media":"","overlay-type":"","overlay-color":"","overlay-opacity":"","overlay-gradient":""},"tablet":{"background-color":"var(--ast-global-color-4)","background-image":"","background-repeat":"repeat","background-position":"center center","background-size":"auto","background-attachment":"scroll","background-type":"","background-media":"","overlay-type":"","overlay-color":"","overlay-opacity":"","overlay-gradient":""},"mobile":{"background-color":"var(--ast-global-color-4)","background-image":"","background-repeat":"repeat","background-position":"center center","background-size":"auto","background-attachment":"scroll","background-type":"","background-media":"","overlay-type":"","overlay-color":"","overlay-opacity":"","overlay-gradient":""}}},"product_brand":[],"product_cat":[34],"product_tag":[],"class_list":{"0":"post-4980","1":"product","2":"type-product","3":"status-publish","4":"has-post-thumbnail","6":"product_cat-balti-pianinai","7":"desktop-align-center","8":"tablet-align-left","9":"mobile-align-left","10":"ast-product-gallery-layout-first-image-large","11":"ast-product-tabs-layout-horizontal","13":"first","14":"outofstock","15":"shipping-taxable","16":"purchasable","17":"product-type-simple"},"_links":{"self":[{"href":"https:\/\/pianinai.com\/lv\/wp-json\/wp\/v2\/product\/4980","targetHints":{"allow":["GET"]}}],"collection":[{"href":"https:\/\/pianinai.com\/lv\/wp-json\/wp\/v2\/product"}],"about":[{"href":"https:\/\/pianinai.com\/lv\/wp-json\/wp\/v2\/types\/product"}],"version-history":[{"count":5,"href":"https:\/\/pianinai.com\/lv\/wp-json\/wp\/v2\/product\/4980\/revisions"}],"predecessor-version":[{"id":5012,"href":"https:\/\/pianinai.com\/lv\/wp-json\/wp\/v2\/product\/4980\/revisions\/5012"}],"wp:featuredmedia":[{"embeddable":true,"href":"https:\/\/pianinai.com\/lv\/wp-json\/wp\/v2\/media\/3996"}],"wp:attachment":[{"href":"https:\/\/pianinai.com\/lv\/wp-json\/wp\/v2\/media?parent=4980"}],"wp:term":[{"taxonomy":"product_brand","embeddable":true,"href":"https:\/\/pianinai.com\/lv\/wp-json\/wp\/v2\/product_brand?post=4980"},{"taxonomy":"product_cat","embeddable":true,"href":"https:\/\/pianinai.com\/lv\/wp-json\/wp\/v2\/product_cat?post=4980"},{"taxonomy":"product_tag","embeddable":true,"href":"https:\/\/pianinai.com\/lv\/wp-json\/wp\/v2\/product_tag?post=4980"}],"curies":[{"name":"wp","href":"https:\/\/api.w.org\/{rel}","templated":true}]}}