{"id":4989,"date":"2025-06-06T10:21:12","date_gmt":"2025-06-06T10:21:12","guid":{"rendered":"https:\/\/pianinai.com\/?post_type=product&#038;p=4989"},"modified":"2025-08-04T08:35:00","modified_gmt":"2025-08-04T08:35:00","slug":"pianinas-grotrian-steinweg-3","status":"publish","type":"product","link":"https:\/\/pianinai.com\/lv\/pianinai\/pianinas-grotrian-steinweg-3\/","title":{"rendered":"Klavieres &quot;Grotrian Steinweg&quot;"},"content":{"rendered":"<hr \/>\n<p><img fetchpriority=\"high\" decoding=\"async\" class=\"wp-image-3678 aligncenter\" src=\"https:\/\/pianinai.com\/wp-content\/uploads\/2024\/11\/892D11F0-6C56-4BDA-BECE-8336E21B5724-300x169.jpeg\" alt=\"\" width=\"500\" height=\"281\" srcset=\"https:\/\/pianinai.com\/wp-content\/uploads\/2024\/11\/892D11F0-6C56-4BDA-BECE-8336E21B5724-300x169.jpeg 300w, https:\/\/pianinai.com\/wp-content\/uploads\/2024\/11\/892D11F0-6C56-4BDA-BECE-8336E21B5724-scaled-1000x563.jpeg 1000w, https:\/\/pianinai.com\/wp-content\/uploads\/2024\/11\/892D11F0-6C56-4BDA-BECE-8336E21B5724-1024x576.jpeg 1024w, https:\/\/pianinai.com\/wp-content\/uploads\/2024\/11\/892D11F0-6C56-4BDA-BECE-8336E21B5724-768x432.jpeg 768w, https:\/\/pianinai.com\/wp-content\/uploads\/2024\/11\/892D11F0-6C56-4BDA-BECE-8336E21B5724-1536x864.jpeg 1536w, https:\/\/pianinai.com\/wp-content\/uploads\/2024\/11\/892D11F0-6C56-4BDA-BECE-8336E21B5724-2048x1152.jpeg 2048w, https:\/\/pianinai.com\/wp-content\/uploads\/2024\/11\/892D11F0-6C56-4BDA-BECE-8336E21B5724-18x10.jpeg 18w\" sizes=\"(max-width: 500px) 100vw, 500px\" \/><\/p>\n<div><\/div>\n<h6>Grotrian Steinweg klavieres ir v\u0101cu meistar\u012bbas \u0161edevrs, kas slavens ar izcilo ska\u0146as kvalit\u0101ti, prec\u012bzo in\u017eenieriju un m\u016b\u017e\u012bgo eleganci. Kop\u0161 1830. gada V\u0101cij\u0101 tiek ra\u017eotas ar rok\u0101m darin\u0101tas klavieres, un t\u0101s vis\u0101 pasaul\u0113 tiek nov\u0113rt\u0113tas to bag\u0101t\u012bg\u0101 to\u0146a rakstura un nevainojam\u0101s konstrukcijas d\u0113\u013c, padarot t\u0101s par pirmo izv\u0113li pras\u012bgiem m\u016bzi\u0137iem un profesion\u0101\u013ciem.<\/h6>\n<p>&nbsp;<\/p>\n<h6 style=\"text-align: left;\"><\/h6>\n<h6 style=\"text-align: left;\"><\/h6>\n<h6><\/h6>\n<h6>Galven\u0101s iez\u012bmes:<\/h6>\n<p>&nbsp;<\/p>\n<ul>\n<li>Nep\u0101rsp\u0113jama ska\u0146as kvalit\u0101te: Grotrian Steinweg klavier\u0113m ir &quot;dziedo\u0161s tonis&quot;, kas apvieno ilgsto\u0161as augst\u0101s notis, sp\u0113c\u012bgu basu un bag\u0101t\u012bgu vid\u0113jo diapazonu. Ton\u0101lais balanss nodro\u0161ina izteiksm\u012bgu un dinamisku sp\u0113les pieredzi.<\/li>\n<\/ul>\n<p>&nbsp;<\/p>\n<ul>\n<li>Augst\u0101k\u0101s kvalit\u0101tes materi\u0101li: Klavieres ir izgatavotas no r\u016bp\u012bgi atlas\u012btiem materi\u0101liem, piem\u0113ram, Alpu egles ska\u0146u pl\u0101ksn\u0113m, lamin\u0113t\u0101m di\u017esk\u0101bar\u017ea stiprin\u0101juma pl\u0101ksn\u0113m, \u0100bela \u0101muriem un R\u00f6slau st\u012bg\u0101m. Katra deta\u013ca ir izstr\u0101d\u0101ta, lai uzlabotu gan iztur\u012bbu, gan akustisko veiktsp\u0113ju.<\/li>\n<\/ul>\n<p>&nbsp;<\/p>\n<ul>\n<li>Elegants dizains: pieejams ar sp\u012bd\u012bgu melnu laku, mat\u0113tu vai piel\u0101gotu apdari. Grotrian Steinweg klavier\u0113m ir eleganti korpusi ar augstas kvalit\u0101tes apdari, kas pie\u0161\u0137ir grezn\u012bbu jebkuram interjeram.<\/li>\n<\/ul>\n<p>&nbsp;<\/p>\n<ul>\n<li>Izcila meh\u0101nika: Klavier\u0113s uzst\u0101d\u012bt\u0101 Rennera meh\u0101nika nodro\u0161ina prec\u012bzu piesk\u0101rienu un nevainojamu no\u0161u atk\u0101rto\u0161anu. Tausti\u0146i nodro\u0161ina dabisku saj\u016btu, \u013caujot viegli sp\u0113l\u0113t pat vissare\u017e\u0123\u012bt\u0101kos ska\u0146darbus.<\/li>\n<\/ul>\n<p>&nbsp;<\/p>\n<ul>\n<li>Iztur\u012bba un uzticam\u012bba: \u0160\u012bs klavieres, kas rad\u012btas, lai kalpotu paaudz\u0113m ilgi, ir patiess ieguld\u012bjums muzik\u0101laj\u0101 izcil\u012bb\u0101. Iztur\u012bg\u0101 konstrukcija garant\u0113 nemain\u012bgu veiktsp\u0113ju daudzu gadu garum\u0101.<\/li>\n<\/ul>\n<p>&nbsp;<\/p>\n<h6>K\u0101p\u0113c izv\u0113l\u0113ties Grotrian Steinweg?<\/h6>\n<p>&nbsp;<\/p>\n<h6>Grotriana \u0160teinvega klavieres ir vair\u0101k nek\u0101 tikai instruments; tas ir m\u0101kslas darbs. T\u0101 nep\u0101rsp\u0113jamais skan\u0113jums, prec\u012bz\u0101 izgatavo\u0161ana un greznais dizains padara to par ide\u0101lu izv\u0113li pianistiem, kuri mekl\u0113 gan augst\u0101ko snieguma l\u012bmeni, gan vizu\u0101lo skaistumu. Neatkar\u012bgi no t\u0101, vai esat profesion\u0101ls m\u016bzi\u0137is vai pieredz\u0113jis students, Grotrian Steinweg klavieres ir apliecin\u0101jums j\u016bsu aizraut\u012bbai ar m\u016bziku.<\/h6>\n<h6>Atkl\u0101jiet Grotrian Steinweg burv\u012bbu \u2013 kur trad\u012bcijas satiekas ar inov\u0101cij\u0101m katr\u0101 not\u012b.<\/h6>\n<div><img fetchpriority=\"high\" decoding=\"async\" class=\"wp-image-3678 aligncenter\" src=\"https:\/\/pianinai.com\/wp-content\/uploads\/2024\/11\/892D11F0-6C56-4BDA-BECE-8336E21B5724-300x169.jpeg\" alt=\"\" width=\"500\" height=\"281\" srcset=\"https:\/\/pianinai.com\/wp-content\/uploads\/2024\/11\/892D11F0-6C56-4BDA-BECE-8336E21B5724-300x169.jpeg 300w, https:\/\/pianinai.com\/wp-content\/uploads\/2024\/11\/892D11F0-6C56-4BDA-BECE-8336E21B5724-scaled-1000x563.jpeg 1000w, https:\/\/pianinai.com\/wp-content\/uploads\/2024\/11\/892D11F0-6C56-4BDA-BECE-8336E21B5724-1024x576.jpeg 1024w, https:\/\/pianinai.com\/wp-content\/uploads\/2024\/11\/892D11F0-6C56-4BDA-BECE-8336E21B5724-768x432.jpeg 768w, https:\/\/pianinai.com\/wp-content\/uploads\/2024\/11\/892D11F0-6C56-4BDA-BECE-8336E21B5724-1536x864.jpeg 1536w, https:\/\/pianinai.com\/wp-content\/uploads\/2024\/11\/892D11F0-6C56-4BDA-BECE-8336E21B5724-2048x1152.jpeg 2048w, https:\/\/pianinai.com\/wp-content\/uploads\/2024\/11\/892D11F0-6C56-4BDA-BECE-8336E21B5724-18x10.jpeg 18w\" sizes=\"(max-width: 500px) 100vw, 500px\" \/><\/div>","protected":false},"excerpt":{"rendered":"<p>S\u0113rijas numurs \u2013 98539<\/p>\n<p>V\u0101cij\u0101 ra\u017eotas klavieres<\/p>\n<p>Kr\u0101sa \u2013 balta, mat\u0113ta<\/p>\n<p>Meh\u0101ni\u0137i \u2014 Renners, v\u0101cietis<\/p>\n<p>St\u0101voklis \u2013 Lietots<\/p>","protected":false},"featured_media":4897,"template":"","meta":{"site-sidebar-layout":"default","site-content-layout":"","ast-site-content-layout":"default","site-content-style":"default","site-sidebar-style":"default","ast-global-header-display":"","ast-banner-title-visibility":"","ast-main-header-display":"","ast-hfb-above-header-display":"","ast-hfb-below-header-display":"","ast-hfb-mobile-header-display":"","site-post-title":"","ast-breadcrumbs-content":"","ast-featured-img":"","footer-sml-layout":"","theme-transparent-header-meta":"default","adv-header-id-meta":"","stick-header-meta":"","header-above-stick-meta":"","header-main-stick-meta":"","header-below-stick-meta":"","astra-migrate-meta-layouts":"set","ast-page-background-enabled":"default","ast-page-background-meta":{"desktop":{"background-color":"var(--ast-global-color-5)","background-image":"","background-repeat":"repeat","background-position":"center center","background-size":"auto","background-attachment":"scroll","background-type":"","background-media":"","overlay-type":"","overlay-color":"","overlay-opacity":"","overlay-gradient":""},"tablet":{"background-color":"","background-image":"","background-repeat":"repeat","background-position":"center center","background-size":"auto","background-attachment":"scroll","background-type":"","background-media":"","overlay-type":"","overlay-color":"","overlay-opacity":"","overlay-gradient":""},"mobile":{"background-color":"","background-image":"","background-repeat":"repeat","background-position":"center center","background-size":"auto","background-attachment":"scroll","background-type":"","background-media":"","overlay-type":"","overlay-color":"","overlay-opacity":"","overlay-gradient":""}},"ast-content-background-meta":{"desktop":{"background-color":"var(--ast-global-color-4)","background-image":"","background-repeat":"repeat","background-position":"center center","background-size":"auto","background-attachment":"scroll","background-type":"","background-media":"","overlay-type":"","overlay-color":"","overlay-opacity":"","overlay-gradient":""},"tablet":{"background-color":"var(--ast-global-color-4)","background-image":"","background-repeat":"repeat","background-position":"center center","background-size":"auto","background-attachment":"scroll","background-type":"","background-media":"","overlay-type":"","overlay-color":"","overlay-opacity":"","overlay-gradient":""},"mobile":{"background-color":"var(--ast-global-color-4)","background-image":"","background-repeat":"repeat","background-position":"center center","background-size":"auto","background-attachment":"scroll","background-type":"","background-media":"","overlay-type":"","overlay-color":"","overlay-opacity":"","overlay-gradient":""}}},"product_brand":[],"product_cat":[34],"product_tag":[],"class_list":{"0":"post-4989","1":"product","2":"type-product","3":"status-publish","4":"has-post-thumbnail","6":"product_cat-balti-pianinai","7":"desktop-align-center","8":"tablet-align-left","9":"mobile-align-left","10":"ast-product-gallery-layout-first-image-large","11":"ast-product-tabs-layout-horizontal","13":"first","14":"instock","15":"shipping-taxable","16":"purchasable","17":"product-type-simple"},"_links":{"self":[{"href":"https:\/\/pianinai.com\/lv\/wp-json\/wp\/v2\/product\/4989","targetHints":{"allow":["GET"]}}],"collection":[{"href":"https:\/\/pianinai.com\/lv\/wp-json\/wp\/v2\/product"}],"about":[{"href":"https:\/\/pianinai.com\/lv\/wp-json\/wp\/v2\/types\/product"}],"version-history":[{"count":2,"href":"https:\/\/pianinai.com\/lv\/wp-json\/wp\/v2\/product\/4989\/revisions"}],"predecessor-version":[{"id":5010,"href":"https:\/\/pianinai.com\/lv\/wp-json\/wp\/v2\/product\/4989\/revisions\/5010"}],"wp:featuredmedia":[{"embeddable":true,"href":"https:\/\/pianinai.com\/lv\/wp-json\/wp\/v2\/media\/4897"}],"wp:attachment":[{"href":"https:\/\/pianinai.com\/lv\/wp-json\/wp\/v2\/media?parent=4989"}],"wp:term":[{"taxonomy":"product_brand","embeddable":true,"href":"https:\/\/pianinai.com\/lv\/wp-json\/wp\/v2\/product_brand?post=4989"},{"taxonomy":"product_cat","embeddable":true,"href":"https:\/\/pianinai.com\/lv\/wp-json\/wp\/v2\/product_cat?post=4989"},{"taxonomy":"product_tag","embeddable":true,"href":"https:\/\/pianinai.com\/lv\/wp-json\/wp\/v2\/product_tag?post=4989"}],"curies":[{"name":"wp","href":"https:\/\/api.w.org\/{rel}","templated":true}]}}