{"id":4996,"date":"2025-06-06T10:33:04","date_gmt":"2025-06-06T10:33:04","guid":{"rendered":"https:\/\/pianinai.com\/?post_type=product&#038;p=4996"},"modified":"2025-09-25T06:28:51","modified_gmt":"2025-09-25T06:28:51","slug":"pianinas-kawai-4","status":"publish","type":"product","link":"https:\/\/pianinai.com\/lv\/pianinai\/pianinas-kawai-4\/","title":{"rendered":"Klavieres &quot;Kawaii&quot;"},"content":{"rendered":"<p>&nbsp;<\/p>\n<p><img fetchpriority=\"high\" decoding=\"async\" class=\"size-medium wp-image-3038 aligncenter\" src=\"https:\/\/pianinai.com\/wp-content\/uploads\/2025\/02\/8CC29C55-755B-486E-88D1-9237705D91B9-300x169.jpeg\" alt=\"Kawai\" width=\"300\" height=\"169\" srcset=\"https:\/\/pianinai.com\/wp-content\/uploads\/2025\/02\/8CC29C55-755B-486E-88D1-9237705D91B9-300x169.jpeg 300w, https:\/\/pianinai.com\/wp-content\/uploads\/2025\/02\/8CC29C55-755B-486E-88D1-9237705D91B9-scaled-1000x563.jpeg 1000w, https:\/\/pianinai.com\/wp-content\/uploads\/2025\/02\/8CC29C55-755B-486E-88D1-9237705D91B9-1024x576.jpeg 1024w, https:\/\/pianinai.com\/wp-content\/uploads\/2025\/02\/8CC29C55-755B-486E-88D1-9237705D91B9-768x432.jpeg 768w, https:\/\/pianinai.com\/wp-content\/uploads\/2025\/02\/8CC29C55-755B-486E-88D1-9237705D91B9-1536x864.jpeg 1536w, https:\/\/pianinai.com\/wp-content\/uploads\/2025\/02\/8CC29C55-755B-486E-88D1-9237705D91B9-2048x1152.jpeg 2048w, https:\/\/pianinai.com\/wp-content\/uploads\/2025\/02\/8CC29C55-755B-486E-88D1-9237705D91B9-18x10.jpeg 18w\" sizes=\"(max-width: 300px) 100vw, 300px\" \/><\/p>\n<h2 data-sourcepos=\"5:1-5:52\"><\/h2>\n<h5 data-sourcepos=\"5:1-5:52\">Kawai klavieres: meistar\u012bbas un inov\u0101cijas apvienojums<\/h5>\n<p>&nbsp;<\/p>\n<p data-sourcepos=\"7:1-7:403\">Kawai ir v\u0101rds, kas vair\u0101k nek\u0101 90 gadus tiek saist\u012bts ar izcil\u0101m klavieru izgatavo\u0161anas trad\u012bcij\u0101m un nep\u0101rtraukt\u0101m inov\u0101cij\u0101m. Katras Kawai klavieres ir r\u016bp\u012bgi izstr\u0101d\u0101ts instruments, kas atspogu\u013co dzi\u013cas zin\u0101\u0161anas, aizraut\u012bbu ar m\u016bziku un tieksmi p\u0113c piln\u012bbas. Izv\u0113loties Kawai, j\u016bs izv\u0113laties ne tikai instrumentu, bet ar\u012b pieredzes, uzticam\u012bbas un iedvesmojo\u0161as ska\u0146as mantojumu, kas j\u016bs priec\u0113s v\u0113l gadiem ilgi.<\/p>\n<h5 data-sourcepos=\"9:1-9:48\">K\u0101p\u0113c izv\u0113l\u0113ties Kawai?<\/h5>\n<p>&nbsp;<\/p>\n<p>&nbsp;<\/p>\n<ul data-sourcepos=\"11:1-22:0\">\n<li data-sourcepos=\"11:1-12:0\">\n<p data-sourcepos=\"11:3-11:391\"><strong>Nevainojama ska\u0146a un akustika:<\/strong> Kawai klavieres ir paz\u012bstamas ar savu bag\u0101t\u012bgo, silto un rezon\u0113jo\u0161o ska\u0146u. R\u016bp\u012bgi atlas\u012bti koki, prec\u012bzi konstru\u0113tas ska\u0146as pl\u0101ksnes un unik\u0101las akustisk\u0101s tehnolo\u0123ijas nodro\u0161ina izcilu tembru un izteiksm\u012bbas diapazonu. No maig\u0101kaj\u0101m nians\u0113m l\u012bdz vissp\u0113c\u012bg\u0101kajiem akordiem, Kawai klavieres \u013caus jums izpaust visu muzik\u0101lo emociju gammu.<\/p>\n<\/li>\n<\/ul>\n<p>&nbsp;<\/p>\n<ul data-sourcepos=\"11:1-22:0\">\n<li data-sourcepos=\"13:1-14:0\">\n<p data-sourcepos=\"13:3-13:552\"><strong>Augst\u0101k\u0101s kvalit\u0101tes meh\u0101nismi:<\/strong> Kawai ir l\u012bderis meh\u0101nismu inov\u0101ciju jom\u0101. Daudz\u0101s Kawai klavier\u0113s tiek izmantotas modernas tehnolo\u0123ijas. <strong>T\u016bksto\u0161gade III<\/strong> vai <strong>\u012apa\u0161i atsauc\u012bgs<\/strong> meh\u0101nismi, kas izgatavoti no oglek\u013ca \u0161\u0137iedras un ABS-oglek\u013ca kompoz\u012btmateri\u0101liem. \u0160ie materi\u0101li ir \u0101rk\u0101rt\u012bgi viegli, iztur\u012bgi un iztur\u012bgi pret mitruma izmai\u0146\u0101m, nodro\u0161inot neticamu tausti\u0146u reakciju, stabilit\u0101ti un iztur\u012bbu. Tas noz\u012bm\u0113 \u0101tr\u0101ku m\u0113\u0123in\u0101jumu laiku, liel\u0101ku precizit\u0101ti un viegl\u0101ku dinamisko kontroli, kas ir \u012bpa\u0161i svar\u012bgi gan ies\u0101c\u0113jiem, gan profesion\u0101\u013ciem.<\/p>\n<\/li>\n<\/ul>\n<p>&nbsp;<\/p>\n<ul data-sourcepos=\"11:1-22:0\">\n<li data-sourcepos=\"15:1-16:0\">\n<p data-sourcepos=\"15:3-15:408\"><strong>Prec\u012bza tausti\u0146u saj\u016bta:<\/strong> Kawai piev\u0113r\u0161 \u012bpa\u0161u uzman\u012bbu tausti\u0146u jut\u012bgumam un atsauc\u012bbai, cen\u0161oties p\u0113c iesp\u0113jas prec\u012bz\u0101k atveidot akustisko klavieru saj\u016btu. Tausti\u0146i ir r\u016bp\u012bgi nosv\u0113rti un l\u012bdzsvaroti, nodro\u0161inot autentisku piesk\u0101rienu, kas \u013cauj pianistam piln\u012bb\u0101 kontrol\u0113t ska\u0146u. Tas jo \u012bpa\u0161i attiecas uz digit\u0101laj\u0101m klavier\u0113m, ar kur\u0101m Kawai veiksm\u012bgi atveido akustisk\u0101 instrumenta sp\u0113les pieredzi.<\/p>\n<\/li>\n<\/ul>\n<p>&nbsp;<\/p>\n<ul data-sourcepos=\"11:1-22:0\">\n<li data-sourcepos=\"17:1-18:0\">\n<p data-sourcepos=\"17:3-17:303\"><strong>Uzticam\u012bba un iztur\u012bba:<\/strong> Kawai klavieres ir rad\u012btas ilgam kalpo\u0161anas laikam. Augst\u0101k\u0101s kvalit\u0101tes materi\u0101lu izmanto\u0161ana un stingra ra\u017eo\u0161anas kontrole nodro\u0161ina, ka katrs instruments ir uzticams un iztur\u0113s laika p\u0101rbaudi. Tas ir lielisks ieguld\u012bjums muzik\u0101laj\u0101 izgl\u012bt\u012bb\u0101 un ilgtermi\u0146a baud\u012bjum\u0101.<\/p>\n<\/li>\n<\/ul>\n<p>&nbsp;<\/p>\n<ul data-sourcepos=\"11:1-22:0\">\n<li data-sourcepos=\"19:1-20:0\">\n<p data-sourcepos=\"19:3-19:413\"><strong>Inov\u0101cijas un tehnolo\u0123ijas:<\/strong> Kawai past\u0101v\u012bgi ievie\u0161 jaunin\u0101jumus, lai uzlabotu sp\u0113l\u0113\u0161anas pieredzi. Tas ietver ne tikai meh\u0101nismu uzlabojumus, bet ar\u012b digit\u0101lo klavieru tehnolo\u0123ijas, piem\u0113ram, uzlabotas ska\u0146as paraugu \u0146em\u0161anas sist\u0113mas, virtu\u0101l\u0101 tehni\u0137a funkcijas, kas \u013cauj piel\u0101got ska\u0146as parametrus j\u016bsu individu\u0101laj\u0101m vajadz\u012bb\u0101m, un Bluetooth savienojumu, kas pied\u0101v\u0101 vair\u0101k iesp\u0113ju m\u0101c\u012bb\u0101m un rad\u012b\u0161anai.<\/p>\n<\/li>\n<\/ul>\n<p>&nbsp;<\/p>\n<ul data-sourcepos=\"11:1-22:0\">\n<li data-sourcepos=\"21:1-22:0\">\n<p data-sourcepos=\"21:3-21:348\"><strong>Pla\u0161s mode\u013cu kl\u0101sts:<\/strong> No ies\u0101c\u0113ja l\u012bme\u0146a digit\u0101laj\u0101m klavier\u0113m l\u012bdz profesion\u0101liem koncertfl\u012b\u0123e\u013ciem, Kawai pied\u0101v\u0101 pla\u0161u mode\u013cu kl\u0101stu, kas atbilst katra pianista vajadz\u012bb\u0101m un bud\u017eetam. Neatkar\u012bgi no t\u0101, vai mekl\u0113jat kompaktu instrumentu m\u0101j\u0101m vai jaud\u012bgas skatuves klavieres, Kawai pied\u0101v\u0101 jums piem\u0113rotu variantu.<\/p>\n<\/li>\n<\/ul>\n<p>&nbsp;<\/p>\n<h5><\/h5>\n<h5>Kawai klavieru ieg\u0101de ir ieguld\u012bjums kvalit\u0101t\u0113, iztur\u012bb\u0101 un nenov\u0113rt\u0113jam\u0101 muzik\u0101l\u0101 pieredz\u0113. Izv\u0113lieties Kawai un \u013caujiet m\u016bzikai skan\u0113t!<\/h5>\n<p>&nbsp;<\/p>\n<p><img fetchpriority=\"high\" decoding=\"async\" class=\"size-medium wp-image-3038 aligncenter\" src=\"https:\/\/pianinai.com\/wp-content\/uploads\/2025\/02\/8CC29C55-755B-486E-88D1-9237705D91B9-300x169.jpeg\" alt=\"Kawai\" width=\"300\" height=\"169\" srcset=\"https:\/\/pianinai.com\/wp-content\/uploads\/2025\/02\/8CC29C55-755B-486E-88D1-9237705D91B9-300x169.jpeg 300w, https:\/\/pianinai.com\/wp-content\/uploads\/2025\/02\/8CC29C55-755B-486E-88D1-9237705D91B9-scaled-1000x563.jpeg 1000w, https:\/\/pianinai.com\/wp-content\/uploads\/2025\/02\/8CC29C55-755B-486E-88D1-9237705D91B9-1024x576.jpeg 1024w, https:\/\/pianinai.com\/wp-content\/uploads\/2025\/02\/8CC29C55-755B-486E-88D1-9237705D91B9-768x432.jpeg 768w, https:\/\/pianinai.com\/wp-content\/uploads\/2025\/02\/8CC29C55-755B-486E-88D1-9237705D91B9-1536x864.jpeg 1536w, https:\/\/pianinai.com\/wp-content\/uploads\/2025\/02\/8CC29C55-755B-486E-88D1-9237705D91B9-2048x1152.jpeg 2048w, https:\/\/pianinai.com\/wp-content\/uploads\/2025\/02\/8CC29C55-755B-486E-88D1-9237705D91B9-18x10.jpeg 18w\" sizes=\"(max-width: 300px) 100vw, 300px\" \/><\/p>\n<p>&nbsp;<\/p>","protected":false},"excerpt":{"rendered":"<p>S\u0113rijas numurs \u2013 M1490967<\/p>\n<p>Modelis \u2013 CX-4<\/p>\n<p>Ra\u017eots Jap\u0101n\u0101<\/p>\n<p>Kr\u0101sa - melna, sp\u012bd\u012bga<\/p>\n<p>Meh\u0101ni\u0137i \u2013 jap\u0101\u0146u \u201cKawai\u201d<\/p>\n<p>St\u0101voklis \u2013 Lietots<\/p>","protected":false},"featured_media":4000,"template":"","meta":{"site-sidebar-layout":"default","site-content-layout":"","ast-site-content-layout":"default","site-content-style":"default","site-sidebar-style":"default","ast-global-header-display":"","ast-banner-title-visibility":"","ast-main-header-display":"","ast-hfb-above-header-display":"","ast-hfb-below-header-display":"","ast-hfb-mobile-header-display":"","site-post-title":"","ast-breadcrumbs-content":"","ast-featured-img":"","footer-sml-layout":"","theme-transparent-header-meta":"default","adv-header-id-meta":"","stick-header-meta":"","header-above-stick-meta":"","header-main-stick-meta":"","header-below-stick-meta":"","astra-migrate-meta-layouts":"set","ast-page-background-enabled":"default","ast-page-background-meta":{"desktop":{"background-color":"var(--ast-global-color-5)","background-image":"","background-repeat":"repeat","background-position":"center center","background-size":"auto","background-attachment":"scroll","background-type":"","background-media":"","overlay-type":"","overlay-color":"","overlay-opacity":"","overlay-gradient":""},"tablet":{"background-color":"","background-image":"","background-repeat":"repeat","background-position":"center center","background-size":"auto","background-attachment":"scroll","background-type":"","background-media":"","overlay-type":"","overlay-color":"","overlay-opacity":"","overlay-gradient":""},"mobile":{"background-color":"","background-image":"","background-repeat":"repeat","background-position":"center center","background-size":"auto","background-attachment":"scroll","background-type":"","background-media":"","overlay-type":"","overlay-color":"","overlay-opacity":"","overlay-gradient":""}},"ast-content-background-meta":{"desktop":{"background-color":"var(--ast-global-color-4)","background-image":"","background-repeat":"repeat","background-position":"center center","background-size":"auto","background-attachment":"scroll","background-type":"","background-media":"","overlay-type":"","overlay-color":"","overlay-opacity":"","overlay-gradient":""},"tablet":{"background-color":"var(--ast-global-color-4)","background-image":"","background-repeat":"repeat","background-position":"center center","background-size":"auto","background-attachment":"scroll","background-type":"","background-media":"","overlay-type":"","overlay-color":"","overlay-opacity":"","overlay-gradient":""},"mobile":{"background-color":"var(--ast-global-color-4)","background-image":"","background-repeat":"repeat","background-position":"center center","background-size":"auto","background-attachment":"scroll","background-type":"","background-media":"","overlay-type":"","overlay-color":"","overlay-opacity":"","overlay-gradient":""}}},"product_brand":[],"product_cat":[35],"product_tag":[],"class_list":{"0":"post-4996","1":"product","2":"type-product","3":"status-publish","4":"has-post-thumbnail","6":"product_cat-juodi-pianinai","7":"desktop-align-center","8":"tablet-align-left","9":"mobile-align-left","10":"ast-product-gallery-layout-first-image-large","11":"ast-product-tabs-layout-horizontal","13":"first","14":"outofstock","15":"shipping-taxable","16":"purchasable","17":"product-type-simple"},"_links":{"self":[{"href":"https:\/\/pianinai.com\/lv\/wp-json\/wp\/v2\/product\/4996","targetHints":{"allow":["GET"]}}],"collection":[{"href":"https:\/\/pianinai.com\/lv\/wp-json\/wp\/v2\/product"}],"about":[{"href":"https:\/\/pianinai.com\/lv\/wp-json\/wp\/v2\/types\/product"}],"version-history":[{"count":6,"href":"https:\/\/pianinai.com\/lv\/wp-json\/wp\/v2\/product\/4996\/revisions"}],"predecessor-version":[{"id":5180,"href":"https:\/\/pianinai.com\/lv\/wp-json\/wp\/v2\/product\/4996\/revisions\/5180"}],"wp:featuredmedia":[{"embeddable":true,"href":"https:\/\/pianinai.com\/lv\/wp-json\/wp\/v2\/media\/4000"}],"wp:attachment":[{"href":"https:\/\/pianinai.com\/lv\/wp-json\/wp\/v2\/media?parent=4996"}],"wp:term":[{"taxonomy":"product_brand","embeddable":true,"href":"https:\/\/pianinai.com\/lv\/wp-json\/wp\/v2\/product_brand?post=4996"},{"taxonomy":"product_cat","embeddable":true,"href":"https:\/\/pianinai.com\/lv\/wp-json\/wp\/v2\/product_cat?post=4996"},{"taxonomy":"product_tag","embeddable":true,"href":"https:\/\/pianinai.com\/lv\/wp-json\/wp\/v2\/product_tag?post=4996"}],"curies":[{"name":"wp","href":"https:\/\/api.w.org\/{rel}","templated":true}]}}