{"id":5262,"date":"2026-03-13T09:56:47","date_gmt":"2026-03-13T09:56:47","guid":{"rendered":"https:\/\/pianinai.com\/?post_type=product&#038;p=5262"},"modified":"2026-04-10T07:44:58","modified_gmt":"2026-04-10T07:44:58","slug":"pianinas-schimmel-4","status":"publish","type":"product","link":"https:\/\/pianinai.com\/lv\/pianinai\/pianinas-schimmel-4\/","title":{"rendered":"Klavieres &quot;Schimmel&quot;"},"content":{"rendered":"<p>Schimmel 112 klavieres. \u0160is ir elegants, klasiska izskata v\u0101cu instruments, kas tiek augstu v\u0113rt\u0113ts par pat\u012bkamo tembru, atsauc\u012bgo klaviat\u016bru un silto, muzik\u0101lo skan\u0113jumu.<br \/>\n\u0160\u012bm klavier\u0113m ir Renner meh\u0101nisms \u2014 viena no atz\u012bt\u0101kajiem v\u0101cu klavieru meh\u0101nismu ra\u017eot\u0101jiem produkts. Renner meh\u0101nisms tiek augstu v\u0113rt\u0113ts t\u0101 precizit\u0101tes, jut\u012bg\u0101s tausti\u0146u reakcijas, lab\u0101s dinamisk\u0101s kontroles un uzticam\u012bbas d\u0113\u013c, padarot instrumentu par pat\u012bkamu un \u0113rtu sp\u0113l\u0113\u0161anas pieredzi gan ies\u0101c\u0113jiem, gan pieredz\u0113ju\u0161iem sp\u0113l\u0113t\u0101jiem.<br \/>\nKlavieres ir ide\u0101li piem\u0113rotas gan ies\u0101c\u0113jiem, gan pieredz\u0113ju\u0161iem m\u016bzi\u0137iem, k\u0101 ar\u012b m\u016bzikas skolai vai m\u0101j\u0101m.<\/p>\n<p>Priek\u0161roc\u012bbas:<\/p>\n<p>Pat\u012bkama, silta un bag\u0101t\u012bga ska\u0146a<br \/>\n\u0112rta, gluda un atsauc\u012bga tastat\u016bra<br \/>\nIeb\u016bv\u0113ta augstas kvalit\u0101tes Rennera meh\u0101nika<br \/>\nPrec\u012bza tausti\u0146u reakcija un lab\u0101ka dinamisk\u0101 kontrole<br \/>\nUzticams un iztur\u012bgs meh\u0101nisms<br \/>\nKlasisks, elegants dizains<br \/>\nPiem\u0113rots m\u0101c\u012bb\u0101m un ikdienas sp\u0113l\u0113m<br \/>\nKvalitat\u012bvs v\u0101cu instruments<\/p>\n<p>Veiktais darbs:<\/p>\n<p>Piel\u0101gota meh\u0101nika<br \/>\nNot\u012br\u012bta un nopul\u0113ta tastat\u016bra<br \/>\nKoordin\u0113ts<br \/>\nSakopts izskats<br \/>\nGatavs lieto\u0161anai<\/p>","protected":false},"excerpt":{"rendered":"<p>S\u0113rijas numurs \u2013 167478<\/p>\n<p>Ra\u017eots V\u0101cij\u0101<\/p>\n<p>Kr\u0101sa \u2013 br\u016bna, mat\u0113ta<\/p>\n<p>Meh\u0101ni\u0137i \u2014 Renners, v\u0101cietis<\/p>\n<p>St\u0101voklis \u2013 Lietots<\/p>","protected":false},"featured_media":5246,"template":"","meta":{"site-sidebar-layout":"default","site-content-layout":"","ast-site-content-layout":"default","site-content-style":"default","site-sidebar-style":"default","ast-global-header-display":"","ast-banner-title-visibility":"","ast-main-header-display":"","ast-hfb-above-header-display":"","ast-hfb-below-header-display":"","ast-hfb-mobile-header-display":"","site-post-title":"","ast-breadcrumbs-content":"","ast-featured-img":"","footer-sml-layout":"","theme-transparent-header-meta":"default","adv-header-id-meta":"","stick-header-meta":"","header-above-stick-meta":"","header-main-stick-meta":"","header-below-stick-meta":"","astra-migrate-meta-layouts":"set","ast-page-background-enabled":"default","ast-page-background-meta":{"desktop":{"background-color":"var(--ast-global-color-5)","background-image":"","background-repeat":"repeat","background-position":"center center","background-size":"auto","background-attachment":"scroll","background-type":"","background-media":"","overlay-type":"","overlay-color":"","overlay-opacity":"","overlay-gradient":""},"tablet":{"background-color":"","background-image":"","background-repeat":"repeat","background-position":"center center","background-size":"auto","background-attachment":"scroll","background-type":"","background-media":"","overlay-type":"","overlay-color":"","overlay-opacity":"","overlay-gradient":""},"mobile":{"background-color":"","background-image":"","background-repeat":"repeat","background-position":"center center","background-size":"auto","background-attachment":"scroll","background-type":"","background-media":"","overlay-type":"","overlay-color":"","overlay-opacity":"","overlay-gradient":""}},"ast-content-background-meta":{"desktop":{"background-color":"var(--ast-global-color-4)","background-image":"","background-repeat":"repeat","background-position":"center center","background-size":"auto","background-attachment":"scroll","background-type":"","background-media":"","overlay-type":"","overlay-color":"","overlay-opacity":"","overlay-gradient":""},"tablet":{"background-color":"var(--ast-global-color-4)","background-image":"","background-repeat":"repeat","background-position":"center center","background-size":"auto","background-attachment":"scroll","background-type":"","background-media":"","overlay-type":"","overlay-color":"","overlay-opacity":"","overlay-gradient":""},"mobile":{"background-color":"var(--ast-global-color-4)","background-image":"","background-repeat":"repeat","background-position":"center center","background-size":"auto","background-attachment":"scroll","background-type":"","background-media":"","overlay-type":"","overlay-color":"","overlay-opacity":"","overlay-gradient":""}}},"product_brand":[],"product_cat":[31],"product_tag":[],"class_list":{"0":"post-5262","1":"product","2":"type-product","3":"status-publish","4":"has-post-thumbnail","6":"product_cat-rudi-pianinai","7":"desktop-align-center","8":"tablet-align-left","9":"mobile-align-left","10":"ast-product-gallery-layout-first-image-large","11":"ast-product-tabs-layout-horizontal","13":"first","14":"instock","15":"shipping-taxable","16":"purchasable","17":"product-type-simple"},"_links":{"self":[{"href":"https:\/\/pianinai.com\/lv\/wp-json\/wp\/v2\/product\/5262","targetHints":{"allow":["GET"]}}],"collection":[{"href":"https:\/\/pianinai.com\/lv\/wp-json\/wp\/v2\/product"}],"about":[{"href":"https:\/\/pianinai.com\/lv\/wp-json\/wp\/v2\/types\/product"}],"version-history":[{"count":3,"href":"https:\/\/pianinai.com\/lv\/wp-json\/wp\/v2\/product\/5262\/revisions"}],"predecessor-version":[{"id":5301,"href":"https:\/\/pianinai.com\/lv\/wp-json\/wp\/v2\/product\/5262\/revisions\/5301"}],"wp:featuredmedia":[{"embeddable":true,"href":"https:\/\/pianinai.com\/lv\/wp-json\/wp\/v2\/media\/5246"}],"wp:attachment":[{"href":"https:\/\/pianinai.com\/lv\/wp-json\/wp\/v2\/media?parent=5262"}],"wp:term":[{"taxonomy":"product_brand","embeddable":true,"href":"https:\/\/pianinai.com\/lv\/wp-json\/wp\/v2\/product_brand?post=5262"},{"taxonomy":"product_cat","embeddable":true,"href":"https:\/\/pianinai.com\/lv\/wp-json\/wp\/v2\/product_cat?post=5262"},{"taxonomy":"product_tag","embeddable":true,"href":"https:\/\/pianinai.com\/lv\/wp-json\/wp\/v2\/product_tag?post=5262"}],"curies":[{"name":"wp","href":"https:\/\/api.w.org\/{rel}","templated":true}]}}