{"id":5271,"date":"2026-03-13T10:17:13","date_gmt":"2026-03-13T10:17:13","guid":{"rendered":"https:\/\/pianinai.com\/?post_type=product&#038;p=5271"},"modified":"2026-04-10T07:42:57","modified_gmt":"2026-04-10T07:42:57","slug":"pianinas-yamaha-yus","status":"publish","type":"product","link":"https:\/\/pianinai.com\/lv\/pianinai\/pianinas-yamaha-yus\/","title":{"rendered":"Klavieres &quot;Yamaha&quot; YUS"},"content":{"rendered":"<p>Yamaha YUS klavieres. \u0160is ir augstas klases jap\u0101\u0146u instruments, kas tiek augstu v\u0113rt\u0113ts t\u0101 bag\u0101t\u012bg\u0101s, skaidr\u0101s un izteiksm\u012bg\u0101s ska\u0146as, prec\u012bz\u0101s meh\u0101nikas un \u0101rk\u0101rt\u012bgi pat\u012bkam\u0101s sp\u0113les saj\u016btas d\u0113\u013c.<br \/>\nYamaha YUS s\u0113rija izce\u013cas ar augst\u0101ku kvalit\u0101ti, jut\u012bg\u0101ku tausti\u0146u reakciju un smalk\u0101ku dinamisko kontroli, padarot \u0161\u012bs klavieres \u012bpa\u0161i iecien\u012btas m\u016bzi\u0137u vid\u016b, kas mekl\u0113 ne tikai uzticamu, bet ar\u012b muzik\u0101li nobriedu\u0161\u0101ku instrumentu. T\u0101s ir klavieres, kas ir ide\u0101li piem\u0113rotas gan nopietn\u0101m m\u0101c\u012bb\u0101m, gan ikdienas sp\u0113l\u0113\u0161anai m\u0101j\u0101s vai m\u016bzikas skol\u0101.<\/p>\n<p>Priek\u0161roc\u012bbas:<\/p>\n<p>Bag\u0101t\u012bga, skaidra un izteiksm\u012bga Yamaha ska\u0146a<br \/>\nPrec\u012bza, atsauc\u012bga un \u0113rta tastat\u016bra<br \/>\nAugstas klases Yamaha YUS s\u0113rijas instruments<br \/>\nLieliska dinamisk\u0101 vad\u012bba un \u0113rta sp\u0113l\u0113\u0161ana<br \/>\nUzticama, stabila un iztur\u012bga meh\u0101nika<br \/>\nElegants, sol\u012bds klasisks dizains<br \/>\nPiem\u0113rots gan m\u0101c\u012bb\u0101m, gan nopietn\u0101kam muzik\u0101lam darbam<br \/>\nAugstas kvalit\u0101tes jap\u0101\u0146u instruments tiem, kas nov\u0113rt\u0113 augst\u0101ku klasi<\/p>\n<p>Veiktais darbs:<\/p>\n<p>Piel\u0101gota meh\u0101nika<br \/>\nNot\u012br\u012bta un nopul\u0113ta tastat\u016bra<br \/>\nKoordin\u0113ts<br \/>\nSakopts izskats<br \/>\nGatavs lieto\u0161anai<\/p>","protected":false},"excerpt":{"rendered":"<p>S\u0113rijas numurs \u2013 3662827<\/p>\n<p>Ra\u017eots Jap\u0101n\u0101<\/p>\n<p>Kr\u0101sa - melna, sp\u012bd\u012bga<\/p>\n<p>Meh\u0101ni\u0137i \u2013 jap\u0101\u0146u \u201cYamaha\u201d<\/p>\n<p>St\u0101voklis \u2013 Lietots<\/p>","protected":false},"featured_media":5251,"template":"","meta":{"site-sidebar-layout":"default","site-content-layout":"","ast-site-content-layout":"default","site-content-style":"default","site-sidebar-style":"default","ast-global-header-display":"","ast-banner-title-visibility":"","ast-main-header-display":"","ast-hfb-above-header-display":"","ast-hfb-below-header-display":"","ast-hfb-mobile-header-display":"","site-post-title":"","ast-breadcrumbs-content":"","ast-featured-img":"","footer-sml-layout":"","theme-transparent-header-meta":"default","adv-header-id-meta":"","stick-header-meta":"","header-above-stick-meta":"","header-main-stick-meta":"","header-below-stick-meta":"","astra-migrate-meta-layouts":"set","ast-page-background-enabled":"default","ast-page-background-meta":{"desktop":{"background-color":"var(--ast-global-color-5)","background-image":"","background-repeat":"repeat","background-position":"center center","background-size":"auto","background-attachment":"scroll","background-type":"","background-media":"","overlay-type":"","overlay-color":"","overlay-opacity":"","overlay-gradient":""},"tablet":{"background-color":"","background-image":"","background-repeat":"repeat","background-position":"center center","background-size":"auto","background-attachment":"scroll","background-type":"","background-media":"","overlay-type":"","overlay-color":"","overlay-opacity":"","overlay-gradient":""},"mobile":{"background-color":"","background-image":"","background-repeat":"repeat","background-position":"center center","background-size":"auto","background-attachment":"scroll","background-type":"","background-media":"","overlay-type":"","overlay-color":"","overlay-opacity":"","overlay-gradient":""}},"ast-content-background-meta":{"desktop":{"background-color":"var(--ast-global-color-4)","background-image":"","background-repeat":"repeat","background-position":"center center","background-size":"auto","background-attachment":"scroll","background-type":"","background-media":"","overlay-type":"","overlay-color":"","overlay-opacity":"","overlay-gradient":""},"tablet":{"background-color":"var(--ast-global-color-4)","background-image":"","background-repeat":"repeat","background-position":"center center","background-size":"auto","background-attachment":"scroll","background-type":"","background-media":"","overlay-type":"","overlay-color":"","overlay-opacity":"","overlay-gradient":""},"mobile":{"background-color":"var(--ast-global-color-4)","background-image":"","background-repeat":"repeat","background-position":"center center","background-size":"auto","background-attachment":"scroll","background-type":"","background-media":"","overlay-type":"","overlay-color":"","overlay-opacity":"","overlay-gradient":""}}},"product_brand":[],"product_cat":[35],"product_tag":[],"class_list":{"0":"post-5271","1":"product","2":"type-product","3":"status-publish","4":"has-post-thumbnail","6":"product_cat-juodi-pianinai","7":"desktop-align-center","8":"tablet-align-left","9":"mobile-align-left","10":"ast-product-gallery-layout-first-image-large","11":"ast-product-tabs-layout-horizontal","13":"first","14":"instock","15":"shipping-taxable","16":"purchasable","17":"product-type-simple"},"_links":{"self":[{"href":"https:\/\/pianinai.com\/lv\/wp-json\/wp\/v2\/product\/5271","targetHints":{"allow":["GET"]}}],"collection":[{"href":"https:\/\/pianinai.com\/lv\/wp-json\/wp\/v2\/product"}],"about":[{"href":"https:\/\/pianinai.com\/lv\/wp-json\/wp\/v2\/types\/product"}],"version-history":[{"count":3,"href":"https:\/\/pianinai.com\/lv\/wp-json\/wp\/v2\/product\/5271\/revisions"}],"predecessor-version":[{"id":5299,"href":"https:\/\/pianinai.com\/lv\/wp-json\/wp\/v2\/product\/5271\/revisions\/5299"}],"wp:featuredmedia":[{"embeddable":true,"href":"https:\/\/pianinai.com\/lv\/wp-json\/wp\/v2\/media\/5251"}],"wp:attachment":[{"href":"https:\/\/pianinai.com\/lv\/wp-json\/wp\/v2\/media?parent=5271"}],"wp:term":[{"taxonomy":"product_brand","embeddable":true,"href":"https:\/\/pianinai.com\/lv\/wp-json\/wp\/v2\/product_brand?post=5271"},{"taxonomy":"product_cat","embeddable":true,"href":"https:\/\/pianinai.com\/lv\/wp-json\/wp\/v2\/product_cat?post=5271"},{"taxonomy":"product_tag","embeddable":true,"href":"https:\/\/pianinai.com\/lv\/wp-json\/wp\/v2\/product_tag?post=5271"}],"curies":[{"name":"wp","href":"https:\/\/api.w.org\/{rel}","templated":true}]}}