{"id":5273,"date":"2026-03-13T10:20:51","date_gmt":"2026-03-13T10:20:51","guid":{"rendered":"https:\/\/pianinai.com\/?post_type=product&#038;p=5273"},"modified":"2026-04-10T07:33:59","modified_gmt":"2026-04-10T07:33:59","slug":"pianinas-petrof-p131","status":"publish","type":"product","link":"https:\/\/pianinai.com\/lv\/pianinai\/pianinas-petrof-p131\/","title":{"rendered":"Klavieres &quot;Petrof&quot; P131"},"content":{"rendered":"<p>P\u0101rdodu praktiski jaunas Petrof P131 klavieres. Tas ir augstas klases, klasiska izskata instruments, kas tiek augstu v\u0113rt\u0113ts t\u0101 bag\u0101t\u012bg\u0101s, silt\u0101s un muzik\u0101l\u0101s ska\u0146as, jut\u012bg\u0101s klaviat\u016bras un \u0113rt\u0101s sp\u0113l\u0113\u0161anas saj\u016btas d\u0113\u013c.<br \/>\n\u0160\u012bm klavier\u0113m ir augsti nov\u0113rt\u0113t\u0101 Rennera darb\u012bba, kas ir paz\u012bstama ar savu precizit\u0101ti, atsauc\u012bgo tausti\u0146u reakciju, labo dinamisko kontroli un uzticam\u012bbu. Tas padara t\u0101s par ide\u0101lu instrumentu gan nopietniem ies\u0101c\u0113jiem, gan pieredz\u0113ju\u0161iem pianistiem, kuri mekl\u0113 kvalitat\u012bvu muzik\u0101lu instrumentu ikdienas sp\u0113l\u0113\u0161anai.<br \/>\nKlavier\u0113m ir ar\u012b Technics SM-ZS30 Silent sist\u0113ma, kas \u013cauj sp\u0113l\u0113t ar austi\u0146\u0101m, netrauc\u0113jot citus. Tas ir \u013coti \u0113rts risin\u0101jums sp\u0113l\u0113\u0161anai vakar\u0101, agri no r\u012bta vai dz\u012bvojot dz\u012bvokl\u012b, kad v\u0113laties saglab\u0101t akustisko klavieru saj\u016btu, bet ar\u012b iesp\u0113ju sp\u0113l\u0113t klusi.<br \/>\nKlavieres ir ide\u0101li piem\u0113rotas m\u0101j\u0101m, m\u016bzikas skolai vai pras\u012bg\u0101kam m\u016bzi\u0137im.<\/p>\n<p>Priek\u0161roc\u012bbas:<\/p>\n<p>Pat\u012bkama, silta un bag\u0101t\u012bga &quot;Petrof&quot; ska\u0146a<br \/>\n\u0112rta, gluda un atsauc\u012bga tastat\u016bra<br \/>\nIeb\u016bv\u0113ta augstas kvalit\u0101tes Rennera meh\u0101nika<br \/>\nPrec\u012bza tausti\u0146u reakcija un laba dinamisk\u0101 vad\u012bba<br \/>\nUzst\u0101d\u012bta Technics SM-ZS30 klusuma sist\u0113ma<br \/>\nSp\u0113ja sp\u0113l\u0113t ar austi\u0146\u0101m, netrauc\u0113jot citus<br \/>\nElegants, sol\u012bds klasisks dizains<\/p>\n<p>Veiktais darbs:<\/p>\n<p>Piel\u0101gota meh\u0101nika<br \/>\nNot\u012br\u012bta un nopul\u0113ta tastat\u016bra<br \/>\nKoordin\u0113ts<br \/>\nSakopts izskats<br \/>\nP\u0101rbaud\u012bta klus\u0101s sist\u0113mas veiktsp\u0113ja<br \/>\nGatavs lieto\u0161anai<\/p>","protected":false},"excerpt":{"rendered":"<p>S\u0113rijas numurs \u2013 594090<\/p>\n<p>Modelis \u2013 Petrof P131<\/p>\n<p>\u010cehij\u0101 ra\u017eotas klavieres<\/p>\n<p>Kr\u0101sa - melna, sp\u012bd\u012bga<\/p>\n<p>Meh\u0101ni\u0137i \u2013 \u201cRenerr\u201d, v\u0101cu val.<\/p>\n<p>St\u0101voklis \u2013 Lietots<\/p>","protected":false},"featured_media":5250,"template":"","meta":{"site-sidebar-layout":"default","site-content-layout":"","ast-site-content-layout":"default","site-content-style":"default","site-sidebar-style":"default","ast-global-header-display":"","ast-banner-title-visibility":"","ast-main-header-display":"","ast-hfb-above-header-display":"","ast-hfb-below-header-display":"","ast-hfb-mobile-header-display":"","site-post-title":"","ast-breadcrumbs-content":"","ast-featured-img":"","footer-sml-layout":"","theme-transparent-header-meta":"default","adv-header-id-meta":"","stick-header-meta":"","header-above-stick-meta":"","header-main-stick-meta":"","header-below-stick-meta":"","astra-migrate-meta-layouts":"set","ast-page-background-enabled":"default","ast-page-background-meta":{"desktop":{"background-color":"var(--ast-global-color-5)","background-image":"","background-repeat":"repeat","background-position":"center center","background-size":"auto","background-attachment":"scroll","background-type":"","background-media":"","overlay-type":"","overlay-color":"","overlay-opacity":"","overlay-gradient":""},"tablet":{"background-color":"","background-image":"","background-repeat":"repeat","background-position":"center center","background-size":"auto","background-attachment":"scroll","background-type":"","background-media":"","overlay-type":"","overlay-color":"","overlay-opacity":"","overlay-gradient":""},"mobile":{"background-color":"","background-image":"","background-repeat":"repeat","background-position":"center center","background-size":"auto","background-attachment":"scroll","background-type":"","background-media":"","overlay-type":"","overlay-color":"","overlay-opacity":"","overlay-gradient":""}},"ast-content-background-meta":{"desktop":{"background-color":"var(--ast-global-color-4)","background-image":"","background-repeat":"repeat","background-position":"center center","background-size":"auto","background-attachment":"scroll","background-type":"","background-media":"","overlay-type":"","overlay-color":"","overlay-opacity":"","overlay-gradient":""},"tablet":{"background-color":"var(--ast-global-color-4)","background-image":"","background-repeat":"repeat","background-position":"center center","background-size":"auto","background-attachment":"scroll","background-type":"","background-media":"","overlay-type":"","overlay-color":"","overlay-opacity":"","overlay-gradient":""},"mobile":{"background-color":"var(--ast-global-color-4)","background-image":"","background-repeat":"repeat","background-position":"center center","background-size":"auto","background-attachment":"scroll","background-type":"","background-media":"","overlay-type":"","overlay-color":"","overlay-opacity":"","overlay-gradient":""}}},"product_brand":[],"product_cat":[35],"product_tag":[],"class_list":{"0":"post-5273","1":"product","2":"type-product","3":"status-publish","4":"has-post-thumbnail","6":"product_cat-juodi-pianinai","7":"desktop-align-center","8":"tablet-align-left","9":"mobile-align-left","10":"ast-product-gallery-layout-first-image-large","11":"ast-product-tabs-layout-horizontal","13":"first","14":"instock","15":"shipping-taxable","16":"purchasable","17":"product-type-simple"},"_links":{"self":[{"href":"https:\/\/pianinai.com\/lv\/wp-json\/wp\/v2\/product\/5273","targetHints":{"allow":["GET"]}}],"collection":[{"href":"https:\/\/pianinai.com\/lv\/wp-json\/wp\/v2\/product"}],"about":[{"href":"https:\/\/pianinai.com\/lv\/wp-json\/wp\/v2\/types\/product"}],"version-history":[{"count":5,"href":"https:\/\/pianinai.com\/lv\/wp-json\/wp\/v2\/product\/5273\/revisions"}],"predecessor-version":[{"id":5295,"href":"https:\/\/pianinai.com\/lv\/wp-json\/wp\/v2\/product\/5273\/revisions\/5295"}],"wp:featuredmedia":[{"embeddable":true,"href":"https:\/\/pianinai.com\/lv\/wp-json\/wp\/v2\/media\/5250"}],"wp:attachment":[{"href":"https:\/\/pianinai.com\/lv\/wp-json\/wp\/v2\/media?parent=5273"}],"wp:term":[{"taxonomy":"product_brand","embeddable":true,"href":"https:\/\/pianinai.com\/lv\/wp-json\/wp\/v2\/product_brand?post=5273"},{"taxonomy":"product_cat","embeddable":true,"href":"https:\/\/pianinai.com\/lv\/wp-json\/wp\/v2\/product_cat?post=5273"},{"taxonomy":"product_tag","embeddable":true,"href":"https:\/\/pianinai.com\/lv\/wp-json\/wp\/v2\/product_tag?post=5273"}],"curies":[{"name":"wp","href":"https:\/\/api.w.org\/{rel}","templated":true}]}}