{"id":5278,"date":"2026-03-13T10:24:35","date_gmt":"2026-03-13T10:24:35","guid":{"rendered":"https:\/\/pianinai.com\/?post_type=product&#038;p=5278"},"modified":"2026-04-10T07:40:38","modified_gmt":"2026-04-10T07:40:38","slug":"pianinas-schimmel-128t","status":"publish","type":"product","link":"https:\/\/pianinai.com\/lv\/pianinai\/pianinas-schimmel-128t\/","title":{"rendered":"Klavieres &quot;Schimmel&quot; 128T"},"content":{"rendered":"<p>P\u0101rdodu v\u0101cu akustisk\u0101s klavieres Schimmel 128T, sp\u012bd\u012bgi melnas. Schimmel ir viens no slaven\u0101kajiem v\u0101cu klavieru ra\u017eot\u0101jiem, kas slavens ar savu kvalitat\u012bvo produkciju un uzticamo ska\u0146u.<br \/>\nKlavieres ar Rennera meh\u0101niku - tausti\u0146i darbojas prec\u012bzi un jut\u012bgi. Skan skaisti vis\u0101 re\u0123istr\u0101, bass ir dzi\u013c\u0161 un sp\u0113c\u012bgs. \u0100r\u0113ji ir nevainojam\u0101 st\u0101vokl\u012b. Instruments ir piln\u012bb\u0101 gatavs lieto\u0161anai uzreiz - piem\u0113rots gan ies\u0101c\u0113jiem, gan pieredz\u0113ju\u0161iem pianistiem.<\/p>\n<p>Modelis: Schimmel 128T<br \/>\nAugums: 128 cm<br \/>\nTausti\u0146i: 88<br \/>\nPed\u0101\u013ci: 3<br \/>\nKr\u0101sa: melna, sp\u012bd\u012bga<br \/>\nIzcelsme: V\u0101cija<\/p>\n<p>Tiek sniegta garantija.<\/p>\n<p>Pieg\u0101de iesp\u0113jama vis\u0101 Lietuv\u0101.<\/p>","protected":false},"excerpt":{"rendered":"<p>S\u0113rijas numurs \u2013 269203<\/p>\n<p>Ra\u017eots V\u0101cij\u0101<\/p>\n<p>Kr\u0101sa - melna, sp\u012bd\u012bga<\/p>\n<p>Meh\u0101ni\u0137i \u2013 \u201cRENNER\u201d v\u0101cietis<\/p>\n<p>St\u0101voklis \u2013 Lietots<\/p>","protected":false},"featured_media":5254,"template":"","meta":{"site-sidebar-layout":"default","site-content-layout":"","ast-site-content-layout":"default","site-content-style":"default","site-sidebar-style":"default","ast-global-header-display":"","ast-banner-title-visibility":"","ast-main-header-display":"","ast-hfb-above-header-display":"","ast-hfb-below-header-display":"","ast-hfb-mobile-header-display":"","site-post-title":"","ast-breadcrumbs-content":"","ast-featured-img":"","footer-sml-layout":"","theme-transparent-header-meta":"default","adv-header-id-meta":"","stick-header-meta":"","header-above-stick-meta":"","header-main-stick-meta":"","header-below-stick-meta":"","astra-migrate-meta-layouts":"set","ast-page-background-enabled":"default","ast-page-background-meta":{"desktop":{"background-color":"var(--ast-global-color-5)","background-image":"","background-repeat":"repeat","background-position":"center center","background-size":"auto","background-attachment":"scroll","background-type":"","background-media":"","overlay-type":"","overlay-color":"","overlay-opacity":"","overlay-gradient":""},"tablet":{"background-color":"","background-image":"","background-repeat":"repeat","background-position":"center center","background-size":"auto","background-attachment":"scroll","background-type":"","background-media":"","overlay-type":"","overlay-color":"","overlay-opacity":"","overlay-gradient":""},"mobile":{"background-color":"","background-image":"","background-repeat":"repeat","background-position":"center center","background-size":"auto","background-attachment":"scroll","background-type":"","background-media":"","overlay-type":"","overlay-color":"","overlay-opacity":"","overlay-gradient":""}},"ast-content-background-meta":{"desktop":{"background-color":"var(--ast-global-color-4)","background-image":"","background-repeat":"repeat","background-position":"center center","background-size":"auto","background-attachment":"scroll","background-type":"","background-media":"","overlay-type":"","overlay-color":"","overlay-opacity":"","overlay-gradient":""},"tablet":{"background-color":"var(--ast-global-color-4)","background-image":"","background-repeat":"repeat","background-position":"center center","background-size":"auto","background-attachment":"scroll","background-type":"","background-media":"","overlay-type":"","overlay-color":"","overlay-opacity":"","overlay-gradient":""},"mobile":{"background-color":"var(--ast-global-color-4)","background-image":"","background-repeat":"repeat","background-position":"center center","background-size":"auto","background-attachment":"scroll","background-type":"","background-media":"","overlay-type":"","overlay-color":"","overlay-opacity":"","overlay-gradient":""}}},"product_brand":[],"product_cat":[35],"product_tag":[],"class_list":{"0":"post-5278","1":"product","2":"type-product","3":"status-publish","4":"has-post-thumbnail","6":"product_cat-juodi-pianinai","7":"desktop-align-center","8":"tablet-align-left","9":"mobile-align-left","10":"ast-product-gallery-layout-first-image-large","11":"ast-product-tabs-layout-horizontal","13":"first","14":"instock","15":"shipping-taxable","16":"purchasable","17":"product-type-simple"},"_links":{"self":[{"href":"https:\/\/pianinai.com\/lv\/wp-json\/wp\/v2\/product\/5278","targetHints":{"allow":["GET"]}}],"collection":[{"href":"https:\/\/pianinai.com\/lv\/wp-json\/wp\/v2\/product"}],"about":[{"href":"https:\/\/pianinai.com\/lv\/wp-json\/wp\/v2\/types\/product"}],"version-history":[{"count":3,"href":"https:\/\/pianinai.com\/lv\/wp-json\/wp\/v2\/product\/5278\/revisions"}],"predecessor-version":[{"id":5297,"href":"https:\/\/pianinai.com\/lv\/wp-json\/wp\/v2\/product\/5278\/revisions\/5297"}],"wp:featuredmedia":[{"embeddable":true,"href":"https:\/\/pianinai.com\/lv\/wp-json\/wp\/v2\/media\/5254"}],"wp:attachment":[{"href":"https:\/\/pianinai.com\/lv\/wp-json\/wp\/v2\/media?parent=5278"}],"wp:term":[{"taxonomy":"product_brand","embeddable":true,"href":"https:\/\/pianinai.com\/lv\/wp-json\/wp\/v2\/product_brand?post=5278"},{"taxonomy":"product_cat","embeddable":true,"href":"https:\/\/pianinai.com\/lv\/wp-json\/wp\/v2\/product_cat?post=5278"},{"taxonomy":"product_tag","embeddable":true,"href":"https:\/\/pianinai.com\/lv\/wp-json\/wp\/v2\/product_tag?post=5278"}],"curies":[{"name":"wp","href":"https:\/\/api.w.org\/{rel}","templated":true}]}}