{"id":1578,"date":"2024-06-03T12:10:31","date_gmt":"2024-06-03T12:10:31","guid":{"rendered":"https:\/\/pianinai-com-174019.hostingersite.com\/?post_type=product&#038;p=1578"},"modified":"2025-06-09T08:34:46","modified_gmt":"2025-06-09T08:34:46","slug":"pianinas-august-forster-5","status":"publish","type":"product","link":"https:\/\/pianinai.com\/pl\/pianinai\/pianinas-august-forster-5\/","title":{"rendered":"Fortepian &quot;August Forster&quot;"},"content":{"rendered":"<div>\n<p><img fetchpriority=\"high\" decoding=\"async\" class=\"wp-image-3039 aligncenter\" src=\"https:\/\/pianinai.com\/wp-content\/uploads\/2025\/02\/7B1BCF5D-0B35-48A1-9701-D728CBB74F07-300x169.jpeg\" alt=\"Petrof\" width=\"367\" height=\"207\" srcset=\"https:\/\/pianinai.com\/wp-content\/uploads\/2025\/02\/7B1BCF5D-0B35-48A1-9701-D728CBB74F07-300x169.jpeg 300w, https:\/\/pianinai.com\/wp-content\/uploads\/2025\/02\/7B1BCF5D-0B35-48A1-9701-D728CBB74F07-scaled-1000x563.jpeg 1000w, https:\/\/pianinai.com\/wp-content\/uploads\/2025\/02\/7B1BCF5D-0B35-48A1-9701-D728CBB74F07-1024x576.jpeg 1024w, https:\/\/pianinai.com\/wp-content\/uploads\/2025\/02\/7B1BCF5D-0B35-48A1-9701-D728CBB74F07-768x432.jpeg 768w, https:\/\/pianinai.com\/wp-content\/uploads\/2025\/02\/7B1BCF5D-0B35-48A1-9701-D728CBB74F07-1536x864.jpeg 1536w, https:\/\/pianinai.com\/wp-content\/uploads\/2025\/02\/7B1BCF5D-0B35-48A1-9701-D728CBB74F07-2048x1152.jpeg 2048w, https:\/\/pianinai.com\/wp-content\/uploads\/2025\/02\/7B1BCF5D-0B35-48A1-9701-D728CBB74F07-18x10.jpeg 18w\" sizes=\"(max-width: 367px) 100vw, 367px\" \/><\/p>\n<p>Petrof jest jednym z najs\u0142ynniejszych europejskich producent\u00f3w fortepian\u00f3w, znanym z wyj\u0105tkowego kunsztu, bogatej historii i niepowtarzalnego brzmienia. Za\u0142o\u017cona w 1864 roku przez Anton\u00edna Petrofa w Hradec Kr\u00e1lov\u00e9 w Czechach, firma sta\u0142a si\u0119 symbolem europejskiej doskona\u0142o\u015bci w produkcji fortepian\u00f3w. Poni\u017cej znajduje si\u0119 szczeg\u00f3\u0142owa historia i osi\u0105gni\u0119cia marki.<\/p>\n<\/div>\n<div>Za\u0142o\u017cenie i wczesny rozw\u00f3j<\/div>\n<div>\u2022Anton\u00edn Petrof za\u0142o\u017cy\u0142 firm\u0119 po nauce u s\u0142ynnych wiede\u0144skich producent\u00f3w fortepian\u00f3w, takich jak Friedrich Ehrbar i Schweighofer. W 1864 roku powr\u00f3ci\u0142 do Czech i zbudowa\u0142 sw\u00f3j pierwszy fortepian w warsztacie ojca.<\/div>\n<div>\u2022W 1883 roku Petrof rozpocz\u0105\u0142 produkcj\u0119 fortepian\u00f3w (typu pionowego), co poszerzy\u0142o jego asortyment.<\/div>\n<div>\u2022W 1880 roku firma zosta\u0142a oficjalnie zarejestrowana i szybko zyska\u0142a uznanie za swoje wysokiej jako\u015bci instrumenty.<\/div>\n<div>Rozw\u00f3j na rynku globalnym<\/div>\n<div>\u2022Na pocz\u0105tku XX wieku Petrof zacz\u0105\u0142 eksportowa\u0107 fortepiany do Europy, Japonii, Chin, Australii i Ameryki Po\u0142udniowej. Marka zas\u0142yn\u0119\u0142a ciep\u0142ym, romantycznym brzmieniem i nienagann\u0105 jako\u015bci\u0105.<\/div>\n<div>\u2022W 1924 roku Petrof uzyska\u0142 status oficjalnego dostawcy dworu cesarskiego Austro-W\u0119gier, co potwierdzi\u0142o presti\u017c marki.<\/div>\n<div>\u2022Podczas Wystawy \u015awiatowej w Brukseli w 1934 r. fortepiany Petrof zosta\u0142y nagrodzone z\u0142otym medalem za wyj\u0105tkow\u0105 jako\u015b\u0107.<\/div>\n<div>Wyzwania XX wieku<\/div>\n<div>\u2022Po komunistycznym zamachu stanu w Czechos\u0142owacji w 1948 r. Petrof zosta\u0142 znacjonalizowany. Mimo to firma kontynuowa\u0142a produkcj\u0119 wysokiej jako\u015bci fortepian\u00f3w w okresie rz\u0105d\u00f3w pa\u0144stwowych.<\/div>\n<div>\u2022W 1991 r., po upadku komunizmu, firma wr\u00f3ci\u0142a do rodziny Petrof. Obecnie jest zarz\u0105dzana przez pi\u0105te pokolenie rodziny Petrof.<\/div>\n<div>Okres nowo\u017cytny i innowacje<\/div>\n<div>\u2022Petrof pozostaje najwi\u0119kszym producentem pianin akustycznych i pianin w Europie, eksportuj\u0105cym swoje produkty do ponad 65 kraj\u00f3w.<\/div>\n<div>\u2022Od momentu za\u0142o\u017cenia firma wyprodukowa\u0142a oko\u0142o 635 000 instrument\u00f3w.<\/div>\n<div>\u2022Firma znana jest z takich innowacji jak systemy magnetyczne s\u0142u\u017c\u0105ce do regulacji mechaniki i punkt\u00f3w nacisku.<\/div>\n<div>\u2022Wi\u0119kszo\u015b\u0107 (oko\u0142o 80 sztuk %) ka\u017cdego instrumentu jest wykonywana r\u0119cznie, przy u\u017cyciu tradycyjnych metod.<\/div>\n<div>Wybitne cechy<\/div>\n<div>1. D\u017awi\u0119k: Pianina Petrof s\u0105 znane ze swojego mi\u0119kkiego, delikatnego i okr\u0105g\u0142ego brzmienia, cz\u0119sto okre\u015blanego jako romantyczne. Jest to szczeg\u00f3lnie odpowiednie do muzyki klasycznej i wyst\u0119p\u00f3w emocjonalnych.<\/div>\n<div>2. Materia\u0142y: Pianina s\u0105 wykonane z wysokiej jako\u015bci europejskich materia\u0142\u00f3w, takich jak \u015bwierk i klon. Materia\u0142y te s\u0105 starannie wybierane i przetwarzane, aby zapewni\u0107 najlepsz\u0105 jako\u015b\u0107 d\u017awi\u0119ku.<\/div>\n<div>3. Rzemios\u0142o: Wykonanie ka\u017cdego fortepianu koncertowego zajmuje od 9 do 12 miesi\u0119cy. Wszyscy rzemie\u015blnicy pracuj\u0105cy nad instrumentem zostawiaj\u0105 swoje nazwiska jako znak jako\u015bci.<\/div>\n<div>4. Design: Petrof oferuje r\u00f3\u017cnorodne opcje wyko\u0144czenia zar\u00f3wno fortepian\u00f3w koncertowych, jak i pianin \u2013 od stylu klasycznego po nowoczesny.<\/div>\n<div>Nagrody i uznanie<\/div>\n<div>\u2022Na przestrzeni swojej historii Petrof zdoby\u0142 wiele nagr\u00f3d, w tym medale na mi\u0119dzynarodowych wystawach w Pary\u017cu, Barcelonie, Brukseli i Londynie.<\/div>\n<div>\u2022W 2007 roku firma zosta\u0142a wyr\u00f3\u017cniona Europejskim Certyfikatem Doskona\u0142o\u015bci za wysoki standard materia\u0142\u00f3w produkcyjnych i wykonania.<\/div>\n<div>\u2022W 2019 roku Petrof zdoby\u0142 nagrod\u0119 Superbrands za nienagann\u0105 reputacj\u0119.<\/div>\n<div>Dziedzictwo<\/div>\n<div>Dziedzictwo Petrof opiera si\u0119 na ponad 160 latach po\u015bwi\u0119cenia rzemios\u0142u fortepianowemu. Instrumenty te s\u0105 cenione przez muzyk\u00f3w na ca\u0142ym \u015bwiecie za ich wyj\u0105tkowe brzmienie i nienagann\u0105 jako\u015b\u0107. Jako firma rodzinna w sz\u00f3stym pokoleniu, Petrof nadal piel\u0119gnuje tradycj\u0119 i wprowadza innowacje, aby inspirowa\u0107 pianist\u00f3w jutra.<\/div>\n<div><\/div>\n<div><img fetchpriority=\"high\" decoding=\"async\" class=\"wp-image-3039 aligncenter\" src=\"https:\/\/pianinai.com\/wp-content\/uploads\/2025\/02\/7B1BCF5D-0B35-48A1-9701-D728CBB74F07-300x169.jpeg\" alt=\"Petrof\" width=\"367\" height=\"207\" srcset=\"https:\/\/pianinai.com\/wp-content\/uploads\/2025\/02\/7B1BCF5D-0B35-48A1-9701-D728CBB74F07-300x169.jpeg 300w, https:\/\/pianinai.com\/wp-content\/uploads\/2025\/02\/7B1BCF5D-0B35-48A1-9701-D728CBB74F07-scaled-1000x563.jpeg 1000w, https:\/\/pianinai.com\/wp-content\/uploads\/2025\/02\/7B1BCF5D-0B35-48A1-9701-D728CBB74F07-1024x576.jpeg 1024w, https:\/\/pianinai.com\/wp-content\/uploads\/2025\/02\/7B1BCF5D-0B35-48A1-9701-D728CBB74F07-768x432.jpeg 768w, https:\/\/pianinai.com\/wp-content\/uploads\/2025\/02\/7B1BCF5D-0B35-48A1-9701-D728CBB74F07-1536x864.jpeg 1536w, https:\/\/pianinai.com\/wp-content\/uploads\/2025\/02\/7B1BCF5D-0B35-48A1-9701-D728CBB74F07-2048x1152.jpeg 2048w, https:\/\/pianinai.com\/wp-content\/uploads\/2025\/02\/7B1BCF5D-0B35-48A1-9701-D728CBB74F07-18x10.jpeg 18w\" sizes=\"(max-width: 367px) 100vw, 367px\" \/><\/div>\n<div><\/div>\n<div><\/div>\n<div><\/div>\n<div><\/div>","protected":false},"excerpt":{"rendered":"<p>Numer seryjny \u2013 221395<\/p>\n<p>Wyprodukowano w \u2013 Czechach<\/p>\n<p>Kolor \u2013 bia\u0142y, b\u0142yszcz\u0105cy<\/p>\n<p>Mechanika \u2013 \u201ePETROF\u201d, Czechy<\/p>\n<p>Stan \u2013 u\u017cywany<\/p>","protected":false},"featured_media":1550,"template":"","meta":{"site-sidebar-layout":"default","site-content-layout":"","ast-site-content-layout":"default","site-content-style":"default","site-sidebar-style":"default","ast-global-header-display":"","ast-banner-title-visibility":"","ast-main-header-display":"","ast-hfb-above-header-display":"","ast-hfb-below-header-display":"","ast-hfb-mobile-header-display":"","site-post-title":"","ast-breadcrumbs-content":"","ast-featured-img":"","footer-sml-layout":"","theme-transparent-header-meta":"default","adv-header-id-meta":"","stick-header-meta":"default","header-above-stick-meta":"","header-main-stick-meta":"","header-below-stick-meta":"","astra-migrate-meta-layouts":"set","ast-page-background-enabled":"default","ast-page-background-meta":{"desktop":{"background-color":"var(--ast-global-color-5)","background-image":"","background-repeat":"repeat","background-position":"center center","background-size":"auto","background-attachment":"scroll","background-type":"","background-media":"","overlay-type":"","overlay-color":"","overlay-opacity":"","overlay-gradient":""},"tablet":{"background-color":"","background-image":"","background-repeat":"repeat","background-position":"center center","background-size":"auto","background-attachment":"scroll","background-type":"","background-media":"","overlay-type":"","overlay-color":"","overlay-opacity":"","overlay-gradient":""},"mobile":{"background-color":"","background-image":"","background-repeat":"repeat","background-position":"center center","background-size":"auto","background-attachment":"scroll","background-type":"","background-media":"","overlay-type":"","overlay-color":"","overlay-opacity":"","overlay-gradient":""}},"ast-content-background-meta":{"desktop":{"background-color":"var(--ast-global-color-4)","background-image":"","background-repeat":"repeat","background-position":"center center","background-size":"auto","background-attachment":"scroll","background-type":"","background-media":"","overlay-type":"","overlay-color":"","overlay-opacity":"","overlay-gradient":""},"tablet":{"background-color":"var(--ast-global-color-4)","background-image":"","background-repeat":"repeat","background-position":"center center","background-size":"auto","background-attachment":"scroll","background-type":"","background-media":"","overlay-type":"","overlay-color":"","overlay-opacity":"","overlay-gradient":""},"mobile":{"background-color":"var(--ast-global-color-4)","background-image":"","background-repeat":"repeat","background-position":"center center","background-size":"auto","background-attachment":"scroll","background-type":"","background-media":"","overlay-type":"","overlay-color":"","overlay-opacity":"","overlay-gradient":""}}},"product_brand":[],"product_cat":[34],"product_tag":[32,42],"class_list":{"0":"post-1578","1":"product","2":"type-product","3":"status-publish","4":"has-post-thumbnail","6":"product_cat-balti-pianinai","7":"product_tag-pianinai","8":"product_tag-pianinas","9":"desktop-align-center","10":"tablet-align-left","11":"mobile-align-left","12":"ast-product-gallery-layout-first-image-large","13":"ast-product-tabs-layout-horizontal","15":"first","16":"outofstock","17":"shipping-taxable","18":"purchasable","19":"product-type-simple"},"_links":{"self":[{"href":"https:\/\/pianinai.com\/pl\/wp-json\/wp\/v2\/product\/1578","targetHints":{"allow":["GET"]}}],"collection":[{"href":"https:\/\/pianinai.com\/pl\/wp-json\/wp\/v2\/product"}],"about":[{"href":"https:\/\/pianinai.com\/pl\/wp-json\/wp\/v2\/types\/product"}],"version-history":[{"count":1,"href":"https:\/\/pianinai.com\/pl\/wp-json\/wp\/v2\/product\/1578\/revisions"}],"predecessor-version":[{"id":4919,"href":"https:\/\/pianinai.com\/pl\/wp-json\/wp\/v2\/product\/1578\/revisions\/4919"}],"wp:featuredmedia":[{"embeddable":true,"href":"https:\/\/pianinai.com\/pl\/wp-json\/wp\/v2\/media\/1550"}],"wp:attachment":[{"href":"https:\/\/pianinai.com\/pl\/wp-json\/wp\/v2\/media?parent=1578"}],"wp:term":[{"taxonomy":"product_brand","embeddable":true,"href":"https:\/\/pianinai.com\/pl\/wp-json\/wp\/v2\/product_brand?post=1578"},{"taxonomy":"product_cat","embeddable":true,"href":"https:\/\/pianinai.com\/pl\/wp-json\/wp\/v2\/product_cat?post=1578"},{"taxonomy":"product_tag","embeddable":true,"href":"https:\/\/pianinai.com\/pl\/wp-json\/wp\/v2\/product_tag?post=1578"}],"curies":[{"name":"wp","href":"https:\/\/api.w.org\/{rel}","templated":true}]}}