{"id":2040,"date":"2024-10-24T11:25:35","date_gmt":"2024-10-24T11:25:35","guid":{"rendered":"https:\/\/pianinai.com\/?post_type=product&#038;p=2040"},"modified":"2025-06-05T12:09:46","modified_gmt":"2025-06-05T12:09:46","slug":"pianinas-ed-seiler","status":"publish","type":"product","link":"https:\/\/pianinai.com\/pl\/pianinai\/pianinas-ed-seiler\/","title":{"rendered":"Fortepian &quot;Ed. Seiler&quot;"},"content":{"rendered":"<p><img fetchpriority=\"high\" decoding=\"async\" class=\"size-medium wp-image-3081 aligncenter\" src=\"https:\/\/pianinai.com\/wp-content\/uploads\/2025\/02\/E3B20ED0-1D6B-4749-AB25-1D8C9AD3D0FF-300x169.jpeg\" alt=\"Seiler\" width=\"300\" height=\"169\" srcset=\"https:\/\/pianinai.com\/wp-content\/uploads\/2025\/02\/E3B20ED0-1D6B-4749-AB25-1D8C9AD3D0FF-300x169.jpeg 300w, https:\/\/pianinai.com\/wp-content\/uploads\/2025\/02\/E3B20ED0-1D6B-4749-AB25-1D8C9AD3D0FF-scaled-1000x563.jpeg 1000w, https:\/\/pianinai.com\/wp-content\/uploads\/2025\/02\/E3B20ED0-1D6B-4749-AB25-1D8C9AD3D0FF-1024x576.jpeg 1024w, https:\/\/pianinai.com\/wp-content\/uploads\/2025\/02\/E3B20ED0-1D6B-4749-AB25-1D8C9AD3D0FF-768x432.jpeg 768w, https:\/\/pianinai.com\/wp-content\/uploads\/2025\/02\/E3B20ED0-1D6B-4749-AB25-1D8C9AD3D0FF-1536x864.jpeg 1536w, https:\/\/pianinai.com\/wp-content\/uploads\/2025\/02\/E3B20ED0-1D6B-4749-AB25-1D8C9AD3D0FF-2048x1152.jpeg 2048w, https:\/\/pianinai.com\/wp-content\/uploads\/2025\/02\/E3B20ED0-1D6B-4749-AB25-1D8C9AD3D0FF-18x10.jpeg 18w\" sizes=\"(max-width: 300px) 100vw, 300px\" \/><\/p>\n<p>&nbsp;<\/p>\n<p class=\"whitespace-normal break-words\"><strong>Ed. Seiler Piano \u2013 niemiecka jako\u015b\u0107 i muzyczna perfekcja<\/strong><\/p>\n<p>&nbsp;<\/p>\n<p class=\"whitespace-normal break-words\">Ed. Seiler to presti\u017cowy niemiecki producent fortepian\u00f3w z ponad 160-letni\u0105 tradycj\u0105, kt\u00f3rego instrumenty ciesz\u0105 si\u0119 uznaniem profesjonalnych muzyk\u00f3w i amator\u00f3w na ca\u0142ym \u015bwiecie.<\/p>\n<p>&nbsp;<\/p>\n<p class=\"whitespace-normal break-words\"><strong>Historia marki:<\/strong> Za\u0142o\u017cona w 1849 roku w Liegnitz, Ed. Seiler sta\u0142a si\u0119 jednym z wiod\u0105cych producent\u00f3w fortepian\u00f3w w Europie. Rodzinna firma przekazuje kunszt swoich rzemie\u015blnik\u00f3w z pokolenia na pokolenie, utrzymuj\u0105c najwy\u017csze standardy jako\u015bci.<\/p>\n<p>&nbsp;<\/p>\n<p class=\"whitespace-normal break-words\"><strong>Charakterystyka produktu:<\/strong><\/p>\n<p>&nbsp;<\/p>\n<ul class=\"[&amp;:not(:last-child)_ul]:pb-1 [&amp;:not(:last-child)_ol]:pb-1 list-disc space-y-1.5 pl-7\">\n<li class=\"whitespace-normal break-words\"><strong>Wyj\u0105tkowy d\u017awi\u0119k<\/strong>:Fortepiany Seilera maj\u0105 ciep\u0142e, g\u0142\u0119bokie i harmonijne brzmienie<\/li>\n<\/ul>\n<p>&nbsp;<\/p>\n<ul class=\"[&amp;:not(:last-child)_ul]:pb-1 [&amp;:not(:last-child)_ol]:pb-1 list-disc space-y-1.5 pl-7\">\n<li class=\"whitespace-normal break-words\"><strong>Niemiecka jako\u015b\u0107<\/strong>:Ka\u017cdy instrument jest wykonany zgodnie z tradycyjnymi niemieckimi zasadami rzemios\u0142a<\/li>\n<\/ul>\n<p>&nbsp;<\/p>\n<ul class=\"[&amp;:not(:last-child)_ul]:pb-1 [&amp;:not(:last-child)_ol]:pb-1 list-disc space-y-1.5 pl-7\">\n<li class=\"whitespace-normal break-words\"><strong>Trwa\u0142o\u015b\u0107<\/strong>:Wysokiej jako\u015bci materia\u0142y i precyzyjny monta\u017c gwarantuj\u0105 trwa\u0142o\u015b\u0107<\/li>\n<\/ul>\n<p>&nbsp;<\/p>\n<ul class=\"[&amp;:not(:last-child)_ul]:pb-1 [&amp;:not(:last-child)_ol]:pb-1 list-disc space-y-1.5 pl-7\">\n<li class=\"whitespace-normal break-words\"><strong>Projekt<\/strong>:Elegancki i klasyczny wygl\u0105d, kt\u00f3ry idealnie wpasuje si\u0119 w ka\u017cde wn\u0119trze<\/li>\n<\/ul>\n<p>&nbsp;<\/p>\n<p class=\"whitespace-normal break-words\"><strong>Dlaczego warto wybra\u0107 Ed. Seilera:<\/strong><\/p>\n<p>&nbsp;<\/p>\n<ul class=\"[&amp;:not(:last-child)_ul]:pb-1 [&amp;:not(:last-child)_ol]:pb-1 list-disc space-y-1.5 pl-7\">\n<li class=\"whitespace-normal break-words\">Uznany przez edukator\u00f3w muzycznych i profesjonalist\u00f3w<\/li>\n<\/ul>\n<p>&nbsp;<\/p>\n<ul class=\"[&amp;:not(:last-child)_ul]:pb-1 [&amp;:not(:last-child)_ol]:pb-1 list-disc space-y-1.5 pl-7\">\n<li>Warto\u015b\u0107 zatrzymana w ci\u0105gu roku<\/li>\n<\/ul>\n<p>&nbsp;<\/p>\n<ul class=\"[&amp;:not(:last-child)_ul]:pb-1 [&amp;:not(:last-child)_ol]:pb-1 list-disc space-y-1.5 pl-7\">\n<li class=\"whitespace-normal break-words\">Doskona\u0142a czu\u0142o\u015b\u0107 klawiszy i zakres dynamiki<\/li>\n<\/ul>\n<p>&nbsp;<\/p>\n<p class=\"whitespace-normal break-words\"><strong>Nadaje si\u0119 do:<\/strong><\/p>\n<p>&nbsp;<\/p>\n<ul class=\"[&amp;:not(:last-child)_ul]:pb-1 [&amp;:not(:last-child)_ol]:pb-1 list-disc space-y-1.5 pl-7\">\n<li class=\"whitespace-normal break-words\">Dla pocz\u0105tkuj\u0105cych muzyk\u00f3w poszukuj\u0105cych jako\u015bci<\/li>\n<\/ul>\n<p>&nbsp;<\/p>\n<ul class=\"[&amp;:not(:last-child)_ul]:pb-1 [&amp;:not(:last-child)_ol]:pb-1 list-disc space-y-1.5 pl-7\">\n<li class=\"whitespace-normal break-words\">Dla zaawansowanych pianist\u00f3w i nauczycieli muzyki<\/li>\n<\/ul>\n<p>&nbsp;<\/p>\n<ul class=\"[&amp;:not(:last-child)_ul]:pb-1 [&amp;:not(:last-child)_ol]:pb-1 list-disc space-y-1.5 pl-7\">\n<li class=\"whitespace-normal break-words\">Dla szk\u00f3\u0142 muzycznych i konserwatori\u00f3w<\/li>\n<\/ul>\n<p>&nbsp;<\/p>\n<ul class=\"[&amp;:not(:last-child)_ul]:pb-1 [&amp;:not(:last-child)_ol]:pb-1 list-disc space-y-1.5 pl-7\">\n<li class=\"whitespace-normal break-words\">Do dekoracji wn\u0119trz domowych z funkcjonalno\u015bci\u0105<\/li>\n<\/ul>\n<p>&nbsp;<\/p>\n<p class=\"whitespace-normal break-words\"><strong>Fortepian Ed. Seilera to inwestycja w rado\u015b\u0107 muzyki, kt\u00f3ra przetrwa pokolenia i zainspiruje do wspania\u0142ej muzycznej podr\u00f3\u017cy.<\/strong><\/p>\n<p>&nbsp;<\/p>\n<p class=\"whitespace-normal break-words\"><img fetchpriority=\"high\" decoding=\"async\" class=\"size-medium wp-image-3081 aligncenter\" src=\"https:\/\/pianinai.com\/wp-content\/uploads\/2025\/02\/E3B20ED0-1D6B-4749-AB25-1D8C9AD3D0FF-300x169.jpeg\" alt=\"Seiler\" width=\"300\" height=\"169\" srcset=\"https:\/\/pianinai.com\/wp-content\/uploads\/2025\/02\/E3B20ED0-1D6B-4749-AB25-1D8C9AD3D0FF-300x169.jpeg 300w, https:\/\/pianinai.com\/wp-content\/uploads\/2025\/02\/E3B20ED0-1D6B-4749-AB25-1D8C9AD3D0FF-scaled-1000x563.jpeg 1000w, https:\/\/pianinai.com\/wp-content\/uploads\/2025\/02\/E3B20ED0-1D6B-4749-AB25-1D8C9AD3D0FF-1024x576.jpeg 1024w, https:\/\/pianinai.com\/wp-content\/uploads\/2025\/02\/E3B20ED0-1D6B-4749-AB25-1D8C9AD3D0FF-768x432.jpeg 768w, https:\/\/pianinai.com\/wp-content\/uploads\/2025\/02\/E3B20ED0-1D6B-4749-AB25-1D8C9AD3D0FF-1536x864.jpeg 1536w, https:\/\/pianinai.com\/wp-content\/uploads\/2025\/02\/E3B20ED0-1D6B-4749-AB25-1D8C9AD3D0FF-2048x1152.jpeg 2048w, https:\/\/pianinai.com\/wp-content\/uploads\/2025\/02\/E3B20ED0-1D6B-4749-AB25-1D8C9AD3D0FF-18x10.jpeg 18w\" sizes=\"(max-width: 300px) 100vw, 300px\" \/><\/p>\n<p>&nbsp;<\/p>","protected":false},"excerpt":{"rendered":"<p>Pianino wyprodukowane w Niemczech<\/p>\n<p>Kolor \u2013 bia\u0142y, matowy<\/p>\n<p>Mechanika \u2013 \u201eRENNER\u201d, niemiecki<\/p>\n<p>Stan \u2013 u\u017cywany<\/p>","protected":false},"featured_media":2030,"template":"","meta":{"site-sidebar-layout":"default","site-content-layout":"","ast-site-content-layout":"default","site-content-style":"default","site-sidebar-style":"default","ast-global-header-display":"","ast-banner-title-visibility":"","ast-main-header-display":"","ast-hfb-above-header-display":"","ast-hfb-below-header-display":"","ast-hfb-mobile-header-display":"","site-post-title":"","ast-breadcrumbs-content":"","ast-featured-img":"","footer-sml-layout":"","theme-transparent-header-meta":"default","adv-header-id-meta":"","stick-header-meta":"","header-above-stick-meta":"","header-main-stick-meta":"","header-below-stick-meta":"","astra-migrate-meta-layouts":"set","ast-page-background-enabled":"default","ast-page-background-meta":{"desktop":{"background-color":"var(--ast-global-color-5)","background-image":"","background-repeat":"repeat","background-position":"center center","background-size":"auto","background-attachment":"scroll","background-type":"","background-media":"","overlay-type":"","overlay-color":"","overlay-opacity":"","overlay-gradient":""},"tablet":{"background-color":"","background-image":"","background-repeat":"repeat","background-position":"center center","background-size":"auto","background-attachment":"scroll","background-type":"","background-media":"","overlay-type":"","overlay-color":"","overlay-opacity":"","overlay-gradient":""},"mobile":{"background-color":"","background-image":"","background-repeat":"repeat","background-position":"center center","background-size":"auto","background-attachment":"scroll","background-type":"","background-media":"","overlay-type":"","overlay-color":"","overlay-opacity":"","overlay-gradient":""}},"ast-content-background-meta":{"desktop":{"background-color":"var(--ast-global-color-4)","background-image":"","background-repeat":"repeat","background-position":"center center","background-size":"auto","background-attachment":"scroll","background-type":"","background-media":"","overlay-type":"","overlay-color":"","overlay-opacity":"","overlay-gradient":""},"tablet":{"background-color":"var(--ast-global-color-4)","background-image":"","background-repeat":"repeat","background-position":"center center","background-size":"auto","background-attachment":"scroll","background-type":"","background-media":"","overlay-type":"","overlay-color":"","overlay-opacity":"","overlay-gradient":""},"mobile":{"background-color":"var(--ast-global-color-4)","background-image":"","background-repeat":"repeat","background-position":"center center","background-size":"auto","background-attachment":"scroll","background-type":"","background-media":"","overlay-type":"","overlay-color":"","overlay-opacity":"","overlay-gradient":""}}},"product_brand":[],"product_cat":[34],"product_tag":[],"class_list":{"0":"post-2040","1":"product","2":"type-product","3":"status-publish","4":"has-post-thumbnail","6":"product_cat-balti-pianinai","7":"desktop-align-center","8":"tablet-align-left","9":"mobile-align-left","10":"ast-product-gallery-layout-first-image-large","11":"ast-product-tabs-layout-horizontal","13":"first","14":"instock","15":"shipping-taxable","16":"purchasable","17":"product-type-simple"},"_links":{"self":[{"href":"https:\/\/pianinai.com\/pl\/wp-json\/wp\/v2\/product\/2040","targetHints":{"allow":["GET"]}}],"collection":[{"href":"https:\/\/pianinai.com\/pl\/wp-json\/wp\/v2\/product"}],"about":[{"href":"https:\/\/pianinai.com\/pl\/wp-json\/wp\/v2\/types\/product"}],"version-history":[{"count":4,"href":"https:\/\/pianinai.com\/pl\/wp-json\/wp\/v2\/product\/2040\/revisions"}],"predecessor-version":[{"id":4956,"href":"https:\/\/pianinai.com\/pl\/wp-json\/wp\/v2\/product\/2040\/revisions\/4956"}],"wp:featuredmedia":[{"embeddable":true,"href":"https:\/\/pianinai.com\/pl\/wp-json\/wp\/v2\/media\/2030"}],"wp:attachment":[{"href":"https:\/\/pianinai.com\/pl\/wp-json\/wp\/v2\/media?parent=2040"}],"wp:term":[{"taxonomy":"product_brand","embeddable":true,"href":"https:\/\/pianinai.com\/pl\/wp-json\/wp\/v2\/product_brand?post=2040"},{"taxonomy":"product_cat","embeddable":true,"href":"https:\/\/pianinai.com\/pl\/wp-json\/wp\/v2\/product_cat?post=2040"},{"taxonomy":"product_tag","embeddable":true,"href":"https:\/\/pianinai.com\/pl\/wp-json\/wp\/v2\/product_tag?post=2040"}],"curies":[{"name":"wp","href":"https:\/\/api.w.org\/{rel}","templated":true}]}}