{"id":347,"date":"2026-01-14T12:35:02","date_gmt":"2026-01-14T12:35:02","guid":{"rendered":"https:\/\/pianinai-com-174019.hostingersite.com\/?post_type=product&#038;p=347"},"modified":"2026-04-17T08:03:58","modified_gmt":"2026-04-17T08:03:58","slug":"c-bechstein","status":"publish","type":"product","link":"https:\/\/pianinai.com\/pl\/pianinai\/c-bechstein\/","title":{"rendered":"Fortepian &quot;C. Bechstein&quot;"},"content":{"rendered":"<div>\n<p><img fetchpriority=\"high\" decoding=\"async\" class=\"size-medium wp-image-3034\" src=\"https:\/\/pianinai.com\/wp-content\/uploads\/2025\/02\/3432F31B-7605-4001-9B84-D83F397F217C-300x169.jpeg\" alt=\"Bechstein\" width=\"300\" height=\"169\" srcset=\"https:\/\/pianinai.com\/wp-content\/uploads\/2025\/02\/3432F31B-7605-4001-9B84-D83F397F217C-300x169.jpeg 300w, https:\/\/pianinai.com\/wp-content\/uploads\/2025\/02\/3432F31B-7605-4001-9B84-D83F397F217C-scaled-1000x563.jpeg 1000w, https:\/\/pianinai.com\/wp-content\/uploads\/2025\/02\/3432F31B-7605-4001-9B84-D83F397F217C-1024x576.jpeg 1024w, https:\/\/pianinai.com\/wp-content\/uploads\/2025\/02\/3432F31B-7605-4001-9B84-D83F397F217C-768x432.jpeg 768w, https:\/\/pianinai.com\/wp-content\/uploads\/2025\/02\/3432F31B-7605-4001-9B84-D83F397F217C-1536x864.jpeg 1536w, https:\/\/pianinai.com\/wp-content\/uploads\/2025\/02\/3432F31B-7605-4001-9B84-D83F397F217C-2048x1152.jpeg 2048w, https:\/\/pianinai.com\/wp-content\/uploads\/2025\/02\/3432F31B-7605-4001-9B84-D83F397F217C-18x10.jpeg 18w\" sizes=\"(max-width: 300px) 100vw, 300px\" \/><\/p>\n<p>C. Bechstein jest jednym z najbardziej presti\u017cowych producent\u00f3w fortepian\u00f3w na \u015bwiecie, znanym ze swojej wyj\u0105tkowej historii, kunsztu i niezr\u00f3wnanego brzmienia. Za\u0142o\u017cona w 1853 roku w Berlinie, w Niemczech, firma sta\u0142a si\u0119 synonimem fortepian\u00f3w najwy\u017cszej jako\u015bci. Poni\u017cej znajduje si\u0119 szczeg\u00f3\u0142owa historia tej marki i jej g\u0142\u00f3wne zalety.<\/p>\n<\/div>\n<div>Historia<\/div>\n<div>\u2022Za\u0142o\u017cenie: Carl Bechstein za\u0142o\u017cy\u0142 C. Bechstein w 1853 r. z zamiarem tworzenia fortepian\u00f3w, kt\u00f3re mog\u0142yby sprosta\u0107 wymaganiom \u00f3wczesnych wirtuoz\u00f3w, takich jak Franz Liszt. Pierwszy publiczny wyst\u0119p z fortepianem Bechsteina mia\u0142 miejsce w 1857 r., kiedy Hans von B\u00fclow wykona\u0142 \u201eSonat\u0119 h-moll\u201d Liszta.<\/div>\n<div>\u2022Wzrost: Do 1870 roku fortepiany Bechsteina sta\u0142y si\u0119 powszechne w salach koncertowych i prywatnych rezydencjach. Uznano je za jako\u015b\u0107 i otrzyma\u0142y rekomendacje od takich mistrz\u00f3w jak Liszt i von B\u00fclow.<\/div>\n<div>\u2022Mecenat kr\u00f3lewski: W 1881 r. Bechstein zacz\u0105\u0142 dostarcza\u0107 fortepiany na dw\u00f3r kr\u00f3lowej Wiktorii. Ich instrumenty sta\u0142y si\u0119 p\u00f3\u017aniej popularne w\u015br\u00f3d europejskich rodzin kr\u00f3lewskich, w tym rosyjskich car\u00f3w i hiszpa\u0144skich monarch\u00f3w.<\/div>\n<div>\u2022Wyzwania XX wieku: Pierwsza i druga wojna \u015bwiatowa powa\u017cnie nadwyr\u0119\u017cy\u0142y firm\u0119, jednak uda\u0142o si\u0119 jej si\u0119 odrodzi\u0107 i utrzyma\u0107 reputacj\u0119.<\/div>\n<div>\u2022Modernizacja: Po II wojnie \u015bwiatowej firma zosta\u0142a zreorganizowana, a w 1986 roku zosta\u0142a przej\u0119ta przez Karla Schulze, kt\u00f3ry zmodernizowa\u0142 produkcj\u0119 i wzmocni\u0142 mark\u0119.<\/div>\n<div>Zalety<\/div>\n<div>1. Bezkonkurencyjny d\u017awi\u0119k:<\/div>\n<div>\u2022Fortepiany Bechstein s\u0142yn\u0105 z ciep\u0142ego, bogatego i harmonijnie zr\u00f3wnowa\u017conego brzmienia.<\/div>\n<div>\u2022Brzmienie okre\u015blane jest jako \u201eromantyczne\u201d, co sprawia, \u017ce instrumenty te szczeg\u00f3lnie nadaj\u0105 si\u0119 do muzyki klasycznej.<\/div>\n<div>\u2022Do produkcji u\u017cywane s\u0105 materia\u0142y najwy\u017cszej jako\u015bci, takie jak \u015bwierk czerwony z doliny Val di Fiemme (to samo drewno, z kt\u00f3rego wykonuje si\u0119 skrzypce Stradivariusa).<\/div>\n<div>2. Rzemios\u0142o i innowacja:<\/div>\n<div>\u2022Fortepiany wykonywane s\u0105 r\u0119cznie, tradycyjnymi metodami, ale tak\u017ce z wykorzystaniem nowoczesnych technologii.<\/div>\n<div>\u2022 Firma sama produkuje m\u0142otki, co gwarantuje ich nienagann\u0105 jako\u015b\u0107.<\/div>\n<div>\u2022Ka\u017cdy instrument jest wyj\u0105tkowy, poniewa\u017c zosta\u0142 udoskonalony przez do\u015bwiadczonych rzemie\u015blnik\u00f3w.<\/div>\n<div>3. Szeroki zakres dynamiki:<\/div>\n<div>\u2022Fortepiany Bechstein pozwalaj\u0105 wykonawcom na delikatn\u0105 kontrol\u0119 d\u017awi\u0119ku \u2013 od najdelikatniejszych niuans\u00f3w po pot\u0119\u017cne akordy.<\/div>\n<div>\u2022 Klawiatura zapewnia doskona\u0142\u0105 r\u00f3wnowag\u0119 mi\u0119dzy czu\u0142o\u015bci\u0105 i kontrol\u0105.<\/div>\n<div>4.Projekt i estetyka:<\/div>\n<div>\u2022Pianina charakteryzuj\u0105 si\u0119 eleganckim designem, kt\u00f3ry pasuje zar\u00f3wno do klasycznych wn\u0119trz, jak i nowoczesnych dom\u00f3w.<\/div>\n<div>\u2022 Modele oferowane s\u0105 w r\u00f3\u017cnych rozmiarach \u2013 od pianin kompaktowych po fortepiany koncertowe.<\/div>\n<div>5. Niezawodno\u015b\u0107 i trwa\u0142o\u015b\u0107:<\/div>\n<div>\u2022Najwy\u017cszej jako\u015bci materia\u0142y i precyzyjne wykonanie gwarantuj\u0105 d\u0142ug\u0105 \u017cywotno\u015b\u0107 urz\u0105dzenia.<\/div>\n<div>\u2022 Projekt obejmuje wzmocnione po\u0142\u0105czenia i specjalne ramy w celu redukcji wibracji.<\/div>\n<div>6. Wyb\u00f3r legendarnych pianist\u00f3w:<\/div>\n<div>\u2022Mistrzowie tacy jak Claude Debussy, Franz Liszt, Artur Schnabel i Vladimir Ashkenazy wybrali Bechsteina ze wzgl\u0119du na jego niezr\u00f3wnane brzmienie i wra\u017cliwo\u015b\u0107.<\/div>\n<div>Dziedzictwo<\/div>\n<div>Pianina C. Bechstein to nie tylko instrumenty - to dzie\u0142a sztuki, kt\u00f3re \u0142\u0105cz\u0105 tradycj\u0119 z nowoczesno\u015bci\u0105. Te pianina nie tylko spe\u0142niaj\u0105 potrzeby profesjonalnych pianist\u00f3w, ale s\u0105 r\u00f3wnie\u017c doskona\u0142ym wyborem dla mi\u0142o\u015bnik\u00f3w muzyki i instytucji na ca\u0142ym \u015bwiecie. Ich wyj\u0105tkowa jako\u015b\u0107 zapewnia im miejsce w\u015br\u00f3d najlepszych producent\u00f3w pianin na \u015bwiecie.<\/div>\n<div><\/div>\n<div><\/div>\n<div>\n<p><img decoding=\"async\" class=\"size-medium wp-image-3034 alignright\" src=\"https:\/\/pianinai.com\/wp-content\/uploads\/2025\/02\/3432F31B-7605-4001-9B84-D83F397F217C-300x169.jpeg\" alt=\"Bechstein\" width=\"300\" height=\"169\" srcset=\"https:\/\/pianinai.com\/wp-content\/uploads\/2025\/02\/3432F31B-7605-4001-9B84-D83F397F217C-300x169.jpeg 300w, https:\/\/pianinai.com\/wp-content\/uploads\/2025\/02\/3432F31B-7605-4001-9B84-D83F397F217C-scaled-1000x563.jpeg 1000w, https:\/\/pianinai.com\/wp-content\/uploads\/2025\/02\/3432F31B-7605-4001-9B84-D83F397F217C-1024x576.jpeg 1024w, https:\/\/pianinai.com\/wp-content\/uploads\/2025\/02\/3432F31B-7605-4001-9B84-D83F397F217C-768x432.jpeg 768w, https:\/\/pianinai.com\/wp-content\/uploads\/2025\/02\/3432F31B-7605-4001-9B84-D83F397F217C-1536x864.jpeg 1536w, https:\/\/pianinai.com\/wp-content\/uploads\/2025\/02\/3432F31B-7605-4001-9B84-D83F397F217C-2048x1152.jpeg 2048w, https:\/\/pianinai.com\/wp-content\/uploads\/2025\/02\/3432F31B-7605-4001-9B84-D83F397F217C-18x10.jpeg 18w\" sizes=\"(max-width: 300px) 100vw, 300px\" \/><\/p>\n<\/div>","protected":false},"excerpt":{"rendered":"<p>Numer seryjny \u2013 38150<\/p>\n<p>Wyprodukowano w Niemczech<\/p>\n<p>Kolor \u2013 Maho\u0144<\/p>\n<p>Mechanizm \u2013 niemiecki \u201eC.Bechstein\u201d.<\/p>\n<p>Stan \u2013 u\u017cywany<\/p>","protected":false},"featured_media":834,"template":"","meta":{"site-sidebar-layout":"default","site-content-layout":"","ast-site-content-layout":"default","site-content-style":"default","site-sidebar-style":"default","ast-global-header-display":"","ast-banner-title-visibility":"","ast-main-header-display":"","ast-hfb-above-header-display":"","ast-hfb-below-header-display":"","ast-hfb-mobile-header-display":"","site-post-title":"","ast-breadcrumbs-content":"","ast-featured-img":"","footer-sml-layout":"","theme-transparent-header-meta":"default","adv-header-id-meta":"","stick-header-meta":"default","header-above-stick-meta":"","header-main-stick-meta":"","header-below-stick-meta":"","astra-migrate-meta-layouts":"set","ast-page-background-enabled":"default","ast-page-background-meta":{"desktop":{"background-color":"var(--ast-global-color-5)","background-image":"","background-repeat":"repeat","background-position":"center center","background-size":"auto","background-attachment":"scroll","background-type":"","background-media":"","overlay-type":"","overlay-color":"","overlay-opacity":"","overlay-gradient":""},"tablet":{"background-color":"","background-image":"","background-repeat":"repeat","background-position":"center center","background-size":"auto","background-attachment":"scroll","background-type":"","background-media":"","overlay-type":"","overlay-color":"","overlay-opacity":"","overlay-gradient":""},"mobile":{"background-color":"","background-image":"","background-repeat":"repeat","background-position":"center center","background-size":"auto","background-attachment":"scroll","background-type":"","background-media":"","overlay-type":"","overlay-color":"","overlay-opacity":"","overlay-gradient":""}},"ast-content-background-meta":{"desktop":{"background-color":"var(--ast-global-color-4)","background-image":"","background-repeat":"repeat","background-position":"center center","background-size":"auto","background-attachment":"scroll","background-type":"","background-media":"","overlay-type":"","overlay-color":"","overlay-opacity":"","overlay-gradient":""},"tablet":{"background-color":"var(--ast-global-color-4)","background-image":"","background-repeat":"repeat","background-position":"center center","background-size":"auto","background-attachment":"scroll","background-type":"","background-media":"","overlay-type":"","overlay-color":"","overlay-opacity":"","overlay-gradient":""},"mobile":{"background-color":"var(--ast-global-color-4)","background-image":"","background-repeat":"repeat","background-position":"center center","background-size":"auto","background-attachment":"scroll","background-type":"","background-media":"","overlay-type":"","overlay-color":"","overlay-opacity":"","overlay-gradient":""}}},"product_brand":[],"product_cat":[31],"product_tag":[],"class_list":{"0":"post-347","1":"product","2":"type-product","3":"status-publish","4":"has-post-thumbnail","6":"product_cat-rudi-pianinai","7":"desktop-align-center","8":"tablet-align-left","9":"mobile-align-left","10":"ast-product-gallery-layout-first-image-large","11":"ast-product-tabs-layout-horizontal","13":"first","14":"instock","15":"shipping-taxable","16":"purchasable","17":"product-type-simple"},"_links":{"self":[{"href":"https:\/\/pianinai.com\/pl\/wp-json\/wp\/v2\/product\/347","targetHints":{"allow":["GET"]}}],"collection":[{"href":"https:\/\/pianinai.com\/pl\/wp-json\/wp\/v2\/product"}],"about":[{"href":"https:\/\/pianinai.com\/pl\/wp-json\/wp\/v2\/types\/product"}],"version-history":[{"count":1,"href":"https:\/\/pianinai.com\/pl\/wp-json\/wp\/v2\/product\/347\/revisions"}],"predecessor-version":[{"id":5304,"href":"https:\/\/pianinai.com\/pl\/wp-json\/wp\/v2\/product\/347\/revisions\/5304"}],"wp:featuredmedia":[{"embeddable":true,"href":"https:\/\/pianinai.com\/pl\/wp-json\/wp\/v2\/media\/834"}],"wp:attachment":[{"href":"https:\/\/pianinai.com\/pl\/wp-json\/wp\/v2\/media?parent=347"}],"wp:term":[{"taxonomy":"product_brand","embeddable":true,"href":"https:\/\/pianinai.com\/pl\/wp-json\/wp\/v2\/product_brand?post=347"},{"taxonomy":"product_cat","embeddable":true,"href":"https:\/\/pianinai.com\/pl\/wp-json\/wp\/v2\/product_cat?post=347"},{"taxonomy":"product_tag","embeddable":true,"href":"https:\/\/pianinai.com\/pl\/wp-json\/wp\/v2\/product_tag?post=347"}],"curies":[{"name":"wp","href":"https:\/\/api.w.org\/{rel}","templated":true}]}}