{"id":368,"date":"2021-10-14T13:08:12","date_gmt":"2021-10-14T13:08:12","guid":{"rendered":"https:\/\/pianinai-com-174019.hostingersite.com\/?post_type=product&#038;p=368"},"modified":"2025-06-05T10:45:56","modified_gmt":"2025-06-05T10:45:56","slug":"yamaha-u300s","status":"publish","type":"product","link":"https:\/\/pianinai.com\/pl\/pianinai\/yamaha-u300s\/","title":{"rendered":"Pianino &quot;Yamaha U300S&quot;"},"content":{"rendered":"<p><img fetchpriority=\"high\" decoding=\"async\" class=\"wp-image-3040 aligncenter\" src=\"https:\/\/pianinai.com\/wp-content\/uploads\/2025\/02\/3FC4177C-992A-49FF-ADDD-45E66DA7FA35-300x169.jpeg\" alt=\"Yamaha\" width=\"367\" height=\"207\" srcset=\"https:\/\/pianinai.com\/wp-content\/uploads\/2025\/02\/3FC4177C-992A-49FF-ADDD-45E66DA7FA35-300x169.jpeg 300w, https:\/\/pianinai.com\/wp-content\/uploads\/2025\/02\/3FC4177C-992A-49FF-ADDD-45E66DA7FA35-scaled-1000x563.jpeg 1000w, https:\/\/pianinai.com\/wp-content\/uploads\/2025\/02\/3FC4177C-992A-49FF-ADDD-45E66DA7FA35-1024x576.jpeg 1024w, https:\/\/pianinai.com\/wp-content\/uploads\/2025\/02\/3FC4177C-992A-49FF-ADDD-45E66DA7FA35-768x432.jpeg 768w, https:\/\/pianinai.com\/wp-content\/uploads\/2025\/02\/3FC4177C-992A-49FF-ADDD-45E66DA7FA35-1536x864.jpeg 1536w, https:\/\/pianinai.com\/wp-content\/uploads\/2025\/02\/3FC4177C-992A-49FF-ADDD-45E66DA7FA35-2048x1152.jpeg 2048w, https:\/\/pianinai.com\/wp-content\/uploads\/2025\/02\/3FC4177C-992A-49FF-ADDD-45E66DA7FA35-18x10.jpeg 18w\" sizes=\"(max-width: 367px) 100vw, 367px\" \/><\/p>\n<p>&nbsp;<\/p>\n<h5>Yamaha U300S Silent to wysokiej klasy pianino akustyczne, kt\u00f3re \u0142\u0105czy bogate brzmienie akustyczne z zaawansowan\u0105 technologi\u0105 Silent. Ten model pozwala cieszy\u0107 si\u0119 tradycyjnym brzmieniem pianina, a w razie potrzeby gra\u0107 cicho, u\u017cywaj\u0105c s\u0142uchawek, nie przeszkadzaj\u0105c innym. \u015awietny wyb\u00f3r dla ambitnych pianist\u00f3w poszukuj\u0105cych jako\u015bci i wszechstronno\u015bci.<\/h5>\n<h5><\/h5>\n<p>&nbsp;<\/p>\n<h5><\/h5>\n<h5>G\u0142\u00f3wne cechy:<\/h5>\n<p>&nbsp;<\/p>\n<p>&nbsp;<\/p>\n<p>&nbsp;<\/p>\n<ul>\n<li>\n<h6>Bogate brzmienie akustyczne: korpus o wysoko\u015bci 131 cm z d\u0142u\u017cszymi strunami basowymi zapewnia g\u0142\u0119boki, dono\u015bny d\u017awi\u0119k por\u00f3wnywalny z brzmieniem ma\u0142ych fortepian\u00f3w.<\/h6>\n<\/li>\n<\/ul>\n<h6><\/h6>\n<h6><\/h6>\n<ul>\n<li>\n<h6>Cicha technologia: W trybie cichym ruchy klawiszy s\u0105 rejestrowane przez czujniki optyczne, a d\u017awi\u0119k jest odtwarzany przez s\u0142uchawki przy u\u017cyciu wysokiej jako\u015bci pr\u00f3bek cyfrowych z fortepianu koncertowego Yamaha CFX. Dzi\u0119ki temu mo\u017cesz gra\u0107 w dowolnym momencie, nie przeszkadzaj\u0105c innym.<\/h6>\n<\/li>\n<\/ul>\n<h6><\/h6>\n<h6><\/h6>\n<ul>\n<li>\n<h6>D\u017awi\u0119k binauralny: Technologia d\u017awi\u0119ku binauralnego wykorzystywana w trybie cichym zapewnia naturalny i przestrzenny d\u017awi\u0119k, kt\u00f3ry wydaje si\u0119 pochodzi\u0107 bezpo\u015brednio z fortepianu.<\/h6>\n<\/li>\n<\/ul>\n<h6><\/h6>\n<h6><\/h6>\n<ul>\n<li>\n<h6>Solidna konstrukcja: Pianino wykonane jest z materia\u0142\u00f3w najwy\u017cszej jako\u015bci, w tym pud\u0142a rezonansowe z drewna \u015bwierkowego, elementy mostka z drewna klonowego i \u017celiwna rama V-Pro, co gwarantuje trwa\u0142o\u015b\u0107 i stabilne brzmienie.<\/h6>\n<\/li>\n<\/ul>\n<h6><\/h6>\n<h6><\/h6>\n<ul>\n<li>\n<h6>Komfortowa mechanika: opatentowana przez Yamah\u0119 aluminiowa mechanika gwarantuje stabiln\u0105 reakcj\u0119 klawiszy bez wzgl\u0119du na warunki pogodowe.<\/h6>\n<\/li>\n<\/ul>\n<p>&nbsp;<\/p>\n<h5>Do czego s\u0142u\u017cy Yamaha U300S Silent?<\/h5>\n<p>&nbsp;<\/p>\n<h6>Ten model jest idealny zar\u00f3wno dla profesjonalnych wykonawc\u00f3w, jak i zaawansowanych pianist\u00f3w (poziom 8 i wy\u017cej). Funkcja Silent pozwala \u0107wiczy\u0107 w dowolnym momencie bez ha\u0142asu, co czyni go idealnym wyborem dla os\u00f3b mieszkaj\u0105cych w budynkach mieszkalnych lub tych, kt\u00f3rzy maj\u0105 ograniczony czas na gr\u0119 w ci\u0105gu dnia.<\/h6>\n<p>&nbsp;<\/p>\n<h5>Dlaczego warto wybra\u0107 gitar\u0119 Yamaha U300S Silent?<\/h5>\n<p>&nbsp;<\/p>\n<h6>Yamaha U300S Silent to instrument bez kompromis\u00f3w. \u0141\u0105czy bogate brzmienie akustyczne z nowoczesn\u0105 technologi\u0105, kt\u00f3ra pozwala gra\u0107 cicho, nie trac\u0105c naturalnego brzmienia. To pianino to inwestycja w jako\u015b\u0107 i wszechstronno\u015b\u0107, kt\u00f3ra przetrwa lata.<\/h6>\n<p>&nbsp;<\/p>\n<h6>Odkryj Yamaha U300S Silent - pianino, kt\u00f3re dopasowuje si\u0119 do Twojego stylu \u017cycia!<\/h6>\n<p>&nbsp;<\/p>\n<p><img fetchpriority=\"high\" decoding=\"async\" class=\"wp-image-3040 aligncenter\" src=\"https:\/\/pianinai.com\/wp-content\/uploads\/2025\/02\/3FC4177C-992A-49FF-ADDD-45E66DA7FA35-300x169.jpeg\" alt=\"Yamaha\" width=\"367\" height=\"207\" srcset=\"https:\/\/pianinai.com\/wp-content\/uploads\/2025\/02\/3FC4177C-992A-49FF-ADDD-45E66DA7FA35-300x169.jpeg 300w, https:\/\/pianinai.com\/wp-content\/uploads\/2025\/02\/3FC4177C-992A-49FF-ADDD-45E66DA7FA35-scaled-1000x563.jpeg 1000w, https:\/\/pianinai.com\/wp-content\/uploads\/2025\/02\/3FC4177C-992A-49FF-ADDD-45E66DA7FA35-1024x576.jpeg 1024w, https:\/\/pianinai.com\/wp-content\/uploads\/2025\/02\/3FC4177C-992A-49FF-ADDD-45E66DA7FA35-768x432.jpeg 768w, https:\/\/pianinai.com\/wp-content\/uploads\/2025\/02\/3FC4177C-992A-49FF-ADDD-45E66DA7FA35-1536x864.jpeg 1536w, https:\/\/pianinai.com\/wp-content\/uploads\/2025\/02\/3FC4177C-992A-49FF-ADDD-45E66DA7FA35-2048x1152.jpeg 2048w, https:\/\/pianinai.com\/wp-content\/uploads\/2025\/02\/3FC4177C-992A-49FF-ADDD-45E66DA7FA35-18x10.jpeg 18w\" sizes=\"(max-width: 367px) 100vw, 367px\" \/><\/p>","protected":false},"excerpt":{"rendered":"<p>Numer seryjny \u2013 5362514<\/p>\n<p>Wyprodukowano w \u2013 Japonii<\/p>\n<p>Kolor \u2013 czarny, b\u0142yszcz\u0105cy<\/p>\n<p>Mechanika \u2013 \u201eYamaha\u201d japo\u0144ska<\/p>\n<p>Stan \u2013 u\u017cywany<\/p>","protected":false},"featured_media":875,"template":"","meta":{"site-sidebar-layout":"default","site-content-layout":"","ast-site-content-layout":"default","site-content-style":"default","site-sidebar-style":"default","ast-global-header-display":"","ast-banner-title-visibility":"","ast-main-header-display":"","ast-hfb-above-header-display":"","ast-hfb-below-header-display":"","ast-hfb-mobile-header-display":"","site-post-title":"","ast-breadcrumbs-content":"","ast-featured-img":"","footer-sml-layout":"","theme-transparent-header-meta":"default","adv-header-id-meta":"","stick-header-meta":"","header-above-stick-meta":"","header-main-stick-meta":"","header-below-stick-meta":"","astra-migrate-meta-layouts":"set","ast-page-background-enabled":"default","ast-page-background-meta":{"desktop":{"background-color":"var(--ast-global-color-5)","background-image":"","background-repeat":"repeat","background-position":"center center","background-size":"auto","background-attachment":"scroll","background-type":"","background-media":"","overlay-type":"","overlay-color":"","overlay-opacity":"","overlay-gradient":""},"tablet":{"background-color":"","background-image":"","background-repeat":"repeat","background-position":"center center","background-size":"auto","background-attachment":"scroll","background-type":"","background-media":"","overlay-type":"","overlay-color":"","overlay-opacity":"","overlay-gradient":""},"mobile":{"background-color":"","background-image":"","background-repeat":"repeat","background-position":"center center","background-size":"auto","background-attachment":"scroll","background-type":"","background-media":"","overlay-type":"","overlay-color":"","overlay-opacity":"","overlay-gradient":""}},"ast-content-background-meta":{"desktop":{"background-color":"var(--ast-global-color-4)","background-image":"","background-repeat":"repeat","background-position":"center center","background-size":"auto","background-attachment":"scroll","background-type":"","background-media":"","overlay-type":"","overlay-color":"","overlay-opacity":"","overlay-gradient":""},"tablet":{"background-color":"var(--ast-global-color-4)","background-image":"","background-repeat":"repeat","background-position":"center center","background-size":"auto","background-attachment":"scroll","background-type":"","background-media":"","overlay-type":"","overlay-color":"","overlay-opacity":"","overlay-gradient":""},"mobile":{"background-color":"var(--ast-global-color-4)","background-image":"","background-repeat":"repeat","background-position":"center center","background-size":"auto","background-attachment":"scroll","background-type":"","background-media":"","overlay-type":"","overlay-color":"","overlay-opacity":"","overlay-gradient":""}}},"product_brand":[],"product_cat":[35],"product_tag":[],"class_list":{"0":"post-368","1":"product","2":"type-product","3":"status-publish","4":"has-post-thumbnail","6":"product_cat-juodi-pianinai","7":"desktop-align-center","8":"tablet-align-left","9":"mobile-align-left","10":"ast-product-gallery-layout-first-image-large","11":"ast-product-tabs-layout-horizontal","13":"first","14":"instock","15":"shipping-taxable","16":"purchasable","17":"product-type-simple"},"_links":{"self":[{"href":"https:\/\/pianinai.com\/pl\/wp-json\/wp\/v2\/product\/368","targetHints":{"allow":["GET"]}}],"collection":[{"href":"https:\/\/pianinai.com\/pl\/wp-json\/wp\/v2\/product"}],"about":[{"href":"https:\/\/pianinai.com\/pl\/wp-json\/wp\/v2\/types\/product"}],"version-history":[{"count":5,"href":"https:\/\/pianinai.com\/pl\/wp-json\/wp\/v2\/product\/368\/revisions"}],"predecessor-version":[{"id":4595,"href":"https:\/\/pianinai.com\/pl\/wp-json\/wp\/v2\/product\/368\/revisions\/4595"}],"wp:featuredmedia":[{"embeddable":true,"href":"https:\/\/pianinai.com\/pl\/wp-json\/wp\/v2\/media\/875"}],"wp:attachment":[{"href":"https:\/\/pianinai.com\/pl\/wp-json\/wp\/v2\/media?parent=368"}],"wp:term":[{"taxonomy":"product_brand","embeddable":true,"href":"https:\/\/pianinai.com\/pl\/wp-json\/wp\/v2\/product_brand?post=368"},{"taxonomy":"product_cat","embeddable":true,"href":"https:\/\/pianinai.com\/pl\/wp-json\/wp\/v2\/product_cat?post=368"},{"taxonomy":"product_tag","embeddable":true,"href":"https:\/\/pianinai.com\/pl\/wp-json\/wp\/v2\/product_tag?post=368"}],"curies":[{"name":"wp","href":"https:\/\/api.w.org\/{rel}","templated":true}]}}