{"id":396,"date":"2021-10-14T13:31:48","date_gmt":"2021-10-14T13:31:48","guid":{"rendered":"https:\/\/pianinai-com-174019.hostingersite.com\/?post_type=product&#038;p=396"},"modified":"2025-11-13T09:29:08","modified_gmt":"2025-11-13T09:29:08","slug":"fortepijonas-grotrian-steinweg-190","status":"publish","type":"product","link":"https:\/\/pianinai.com\/pl\/pianinai\/fortepijonas-grotrian-steinweg-190\/","title":{"rendered":"Fortepian \u201eGrotrian Steinweg\u201d 190 cm"},"content":{"rendered":"<hr \/>\n<p><img fetchpriority=\"high\" decoding=\"async\" class=\"wp-image-3678 aligncenter\" src=\"https:\/\/pianinai.com\/wp-content\/uploads\/2024\/11\/892D11F0-6C56-4BDA-BECE-8336E21B5724-300x169.jpeg\" alt=\"\" width=\"500\" height=\"281\" srcset=\"https:\/\/pianinai.com\/wp-content\/uploads\/2024\/11\/892D11F0-6C56-4BDA-BECE-8336E21B5724-300x169.jpeg 300w, https:\/\/pianinai.com\/wp-content\/uploads\/2024\/11\/892D11F0-6C56-4BDA-BECE-8336E21B5724-scaled-1000x563.jpeg 1000w, https:\/\/pianinai.com\/wp-content\/uploads\/2024\/11\/892D11F0-6C56-4BDA-BECE-8336E21B5724-1024x576.jpeg 1024w, https:\/\/pianinai.com\/wp-content\/uploads\/2024\/11\/892D11F0-6C56-4BDA-BECE-8336E21B5724-768x432.jpeg 768w, https:\/\/pianinai.com\/wp-content\/uploads\/2024\/11\/892D11F0-6C56-4BDA-BECE-8336E21B5724-1536x864.jpeg 1536w, https:\/\/pianinai.com\/wp-content\/uploads\/2024\/11\/892D11F0-6C56-4BDA-BECE-8336E21B5724-2048x1152.jpeg 2048w, https:\/\/pianinai.com\/wp-content\/uploads\/2024\/11\/892D11F0-6C56-4BDA-BECE-8336E21B5724-18x10.jpeg 18w\" sizes=\"(max-width: 500px) 100vw, 500px\" \/><\/p>\n<div><\/div>\n<h6>Fortepian Grotrian Steinweg to arcydzie\u0142o niemieckiego rzemios\u0142a, znane z wyj\u0105tkowej jako\u015bci d\u017awi\u0119ku, precyzyjnej in\u017cynierii i ponadczasowej elegancji. R\u0119cznie wytwarzane w Niemczech od 1830 roku, fortepiany s\u0105 znane na ca\u0142ym \u015bwiecie ze swojego bogatego charakteru tonalnego i nienagannej konstrukcji, co czyni je pierwszym wyborem dla wymagaj\u0105cych muzyk\u00f3w i profesjonalist\u00f3w.<\/h6>\n<p>&nbsp;<\/p>\n<h6 style=\"text-align: left;\"><\/h6>\n<h6 style=\"text-align: left;\"><\/h6>\n<h6><\/h6>\n<h6>G\u0142\u00f3wne cechy:<\/h6>\n<p>&nbsp;<\/p>\n<ul>\n<li>\n<h6>Niezr\u00f3wnana jako\u015b\u0107 d\u017awi\u0119ku: fortepiany Grotrian Steinweg charakteryzuj\u0105 si\u0119 \u201e\u015bpiewaj\u0105cym tonem\u201d, kt\u00f3ry \u0142\u0105czy w sobie d\u0142ugotrwa\u0142e wysokie nuty, mocny bas i bogaty \u015bredni zakres. R\u00f3wnowaga tonalna zapewnia ekspresyjne i dynamiczne wra\u017cenia z gry.<\/h6>\n<\/li>\n<\/ul>\n<p>&nbsp;<\/p>\n<ul>\n<li>\n<h6>Materia\u0142y Premium: Pianina s\u0105 wykonane ze starannie dobranych materia\u0142\u00f3w, takich jak p\u0142yty rezonansowe z alpejskiego \u015bwierku, laminowane p\u0142yty wi\u0105\u017c\u0105ce z buku, m\u0142otki Abel i struny R\u00f6slau. Ka\u017cdy szczeg\u00f3\u0142 jest zaprojektowany tak, aby poprawi\u0107 zar\u00f3wno trwa\u0142o\u015b\u0107, jak i parametry akustyczne.<\/h6>\n<\/li>\n<\/ul>\n<p>&nbsp;<\/p>\n<ul>\n<li>\n<h6>Elegancki design: Pianina Grotrian Steinweg dost\u0119pne s\u0105 w b\u0142yszcz\u0105cym czarnym lakierze, macie lub w wyko\u0144czeniu na zam\u00f3wienie. Charakteryzuj\u0105 si\u0119 eleganckimi obudowami z wysokiej jako\u015bci wyko\u0144czeniami, kt\u00f3re dodadz\u0105 luksusu ka\u017cdemu wn\u0119trzu.<\/h6>\n<\/li>\n<\/ul>\n<p>&nbsp;<\/p>\n<ul>\n<li>\n<h6>Wyj\u0105tkowa akcja: Pianina posiadaj\u0105 akcj\u0119 Renner, kt\u00f3ra zapewnia precyzyjny dotyk i bezb\u0142\u0119dne odtwarzanie nut. Klawisze zapewniaj\u0105 naturalne wyczucie, kt\u00f3re pozwala na \u0142atwe granie nawet najbardziej z\u0142o\u017conych utwor\u00f3w.<\/h6>\n<\/li>\n<\/ul>\n<p>&nbsp;<\/p>\n<ul>\n<li>\n<h6>Trwa\u0142o\u015b\u0107 i niezawodno\u015b\u0107: Zbudowane, aby przetrwa\u0107 pokolenia, te pianina s\u0105 prawdziw\u0105 inwestycj\u0105 w muzyczn\u0105 doskona\u0142o\u015b\u0107. Solidna konstrukcja gwarantuje sta\u0142\u0105 wydajno\u015b\u0107 przez wiele lat.<\/h6>\n<\/li>\n<\/ul>\n<p>&nbsp;<\/p>\n<h6>Dlaczego warto wybra\u0107 Grotrian Steinweg?<\/h6>\n<p>&nbsp;<\/p>\n<h6>Fortepian Grotrian Steinweg to co\u015b wi\u0119cej ni\u017c instrument; to dzie\u0142o sztuki. Jego niezr\u00f3wnany ton, precyzyjne wykonanie i luksusowy design sprawiaj\u0105, \u017ce jest to idealny wyb\u00f3r dla pianist\u00f3w, kt\u00f3rzy szukaj\u0105 zar\u00f3wno najwy\u017cszego poziomu wykonania, jak i pi\u0119kna wizualnego. Niezale\u017cnie od tego, czy jeste\u015b profesjonalnym muzykiem, czy zaawansowanym uczniem, fortepian Grotrian Steinweg jest dowodem Twojej pasji do muzyki.<\/h6>\n<h6>Odkryj magi\u0119 Grotrian Steinweg \u2013 gdzie tradycja spotyka si\u0119 z innowacj\u0105 w ka\u017cdej nucie.<\/h6>\n<div><img fetchpriority=\"high\" decoding=\"async\" class=\"wp-image-3678 aligncenter\" src=\"https:\/\/pianinai.com\/wp-content\/uploads\/2024\/11\/892D11F0-6C56-4BDA-BECE-8336E21B5724-300x169.jpeg\" alt=\"\" width=\"500\" height=\"281\" srcset=\"https:\/\/pianinai.com\/wp-content\/uploads\/2024\/11\/892D11F0-6C56-4BDA-BECE-8336E21B5724-300x169.jpeg 300w, https:\/\/pianinai.com\/wp-content\/uploads\/2024\/11\/892D11F0-6C56-4BDA-BECE-8336E21B5724-scaled-1000x563.jpeg 1000w, https:\/\/pianinai.com\/wp-content\/uploads\/2024\/11\/892D11F0-6C56-4BDA-BECE-8336E21B5724-1024x576.jpeg 1024w, https:\/\/pianinai.com\/wp-content\/uploads\/2024\/11\/892D11F0-6C56-4BDA-BECE-8336E21B5724-768x432.jpeg 768w, https:\/\/pianinai.com\/wp-content\/uploads\/2024\/11\/892D11F0-6C56-4BDA-BECE-8336E21B5724-1536x864.jpeg 1536w, https:\/\/pianinai.com\/wp-content\/uploads\/2024\/11\/892D11F0-6C56-4BDA-BECE-8336E21B5724-2048x1152.jpeg 2048w, https:\/\/pianinai.com\/wp-content\/uploads\/2024\/11\/892D11F0-6C56-4BDA-BECE-8336E21B5724-18x10.jpeg 18w\" sizes=\"(max-width: 500px) 100vw, 500px\" \/><\/div>","protected":false},"excerpt":{"rendered":"<p>Numer seryjny \u2013 125558<\/p>\n<p>Pianino wyprodukowane w Niemczech<\/p>\n<p>Kolor \u2013 czarny, b\u0142yszcz\u0105cy<\/p>\n<p>Mechanika \u2013 \u201eRENNER\u201d niemiecki<\/p>\n<p>Stan \u2013 ca\u0142kowicie odnowiony<\/p>","protected":false},"featured_media":820,"template":"","meta":{"site-sidebar-layout":"default","site-content-layout":"","ast-site-content-layout":"default","site-content-style":"default","site-sidebar-style":"default","ast-global-header-display":"","ast-banner-title-visibility":"","ast-main-header-display":"","ast-hfb-above-header-display":"","ast-hfb-below-header-display":"","ast-hfb-mobile-header-display":"","site-post-title":"","ast-breadcrumbs-content":"","ast-featured-img":"","footer-sml-layout":"","theme-transparent-header-meta":"default","adv-header-id-meta":"","stick-header-meta":"default","header-above-stick-meta":"","header-main-stick-meta":"","header-below-stick-meta":"","astra-migrate-meta-layouts":"set","ast-page-background-enabled":"default","ast-page-background-meta":{"desktop":{"background-color":"var(--ast-global-color-5)","background-image":"","background-repeat":"repeat","background-position":"center center","background-size":"auto","background-attachment":"scroll","background-type":"","background-media":"","overlay-type":"","overlay-color":"","overlay-opacity":"","overlay-gradient":""},"tablet":{"background-color":"","background-image":"","background-repeat":"repeat","background-position":"center center","background-size":"auto","background-attachment":"scroll","background-type":"","background-media":"","overlay-type":"","overlay-color":"","overlay-opacity":"","overlay-gradient":""},"mobile":{"background-color":"","background-image":"","background-repeat":"repeat","background-position":"center center","background-size":"auto","background-attachment":"scroll","background-type":"","background-media":"","overlay-type":"","overlay-color":"","overlay-opacity":"","overlay-gradient":""}},"ast-content-background-meta":{"desktop":{"background-color":"var(--ast-global-color-4)","background-image":"","background-repeat":"repeat","background-position":"center center","background-size":"auto","background-attachment":"scroll","background-type":"","background-media":"","overlay-type":"","overlay-color":"","overlay-opacity":"","overlay-gradient":""},"tablet":{"background-color":"var(--ast-global-color-4)","background-image":"","background-repeat":"repeat","background-position":"center center","background-size":"auto","background-attachment":"scroll","background-type":"","background-media":"","overlay-type":"","overlay-color":"","overlay-opacity":"","overlay-gradient":""},"mobile":{"background-color":"var(--ast-global-color-4)","background-image":"","background-repeat":"repeat","background-position":"center center","background-size":"auto","background-attachment":"scroll","background-type":"","background-media":"","overlay-type":"","overlay-color":"","overlay-opacity":"","overlay-gradient":""}}},"product_brand":[],"product_cat":[18],"product_tag":[],"class_list":{"0":"post-396","1":"product","2":"type-product","3":"status-publish","4":"has-post-thumbnail","6":"product_cat-fortepijonai","7":"desktop-align-center","8":"tablet-align-left","9":"mobile-align-left","10":"ast-product-gallery-layout-first-image-large","11":"ast-product-tabs-layout-horizontal","13":"first","14":"outofstock","15":"shipping-taxable","16":"purchasable","17":"product-type-simple"},"_links":{"self":[{"href":"https:\/\/pianinai.com\/pl\/wp-json\/wp\/v2\/product\/396","targetHints":{"allow":["GET"]}}],"collection":[{"href":"https:\/\/pianinai.com\/pl\/wp-json\/wp\/v2\/product"}],"about":[{"href":"https:\/\/pianinai.com\/pl\/wp-json\/wp\/v2\/types\/product"}],"version-history":[{"count":10,"href":"https:\/\/pianinai.com\/pl\/wp-json\/wp\/v2\/product\/396\/revisions"}],"predecessor-version":[{"id":4561,"href":"https:\/\/pianinai.com\/pl\/wp-json\/wp\/v2\/product\/396\/revisions\/4561"}],"wp:featuredmedia":[{"embeddable":true,"href":"https:\/\/pianinai.com\/pl\/wp-json\/wp\/v2\/media\/820"}],"wp:attachment":[{"href":"https:\/\/pianinai.com\/pl\/wp-json\/wp\/v2\/media?parent=396"}],"wp:term":[{"taxonomy":"product_brand","embeddable":true,"href":"https:\/\/pianinai.com\/pl\/wp-json\/wp\/v2\/product_brand?post=396"},{"taxonomy":"product_cat","embeddable":true,"href":"https:\/\/pianinai.com\/pl\/wp-json\/wp\/v2\/product_cat?post=396"},{"taxonomy":"product_tag","embeddable":true,"href":"https:\/\/pianinai.com\/pl\/wp-json\/wp\/v2\/product_tag?post=396"}],"curies":[{"name":"wp","href":"https:\/\/api.w.org\/{rel}","templated":true}]}}