{"id":4931,"date":"2025-06-05T11:28:30","date_gmt":"2025-06-05T11:28:30","guid":{"rendered":"https:\/\/pianinai.com\/?post_type=product&#038;p=4931"},"modified":"2025-09-25T06:32:55","modified_gmt":"2025-09-25T06:32:55","slug":"pianinas-ibach-4","status":"publish","type":"product","link":"https:\/\/pianinai.com\/pl\/pianinai\/pianinas-ibach-4\/","title":{"rendered":"Fortepian &quot;Ibach&quot;"},"content":{"rendered":"<p>&nbsp;<\/p>\n<p><img fetchpriority=\"high\" decoding=\"async\" class=\"size-medium wp-image-4932 aligncenter\" src=\"https:\/\/pianinai.com\/wp-content\/uploads\/2025\/06\/01E23D52-9E74-4C42-A3AC-2C7D273ACD4A-300x169.png\" alt=\"Ibach\" width=\"300\" height=\"169\" srcset=\"https:\/\/pianinai.com\/wp-content\/uploads\/2025\/06\/01E23D52-9E74-4C42-A3AC-2C7D273ACD4A-300x169.png 300w, https:\/\/pianinai.com\/wp-content\/uploads\/2025\/06\/01E23D52-9E74-4C42-A3AC-2C7D273ACD4A-1024x576.png 1024w, https:\/\/pianinai.com\/wp-content\/uploads\/2025\/06\/01E23D52-9E74-4C42-A3AC-2C7D273ACD4A-768x432.png 768w, https:\/\/pianinai.com\/wp-content\/uploads\/2025\/06\/01E23D52-9E74-4C42-A3AC-2C7D273ACD4A-1536x864.png 1536w, https:\/\/pianinai.com\/wp-content\/uploads\/2025\/06\/01E23D52-9E74-4C42-A3AC-2C7D273ACD4A-2048x1152.png 2048w, https:\/\/pianinai.com\/wp-content\/uploads\/2025\/06\/01E23D52-9E74-4C42-A3AC-2C7D273ACD4A-18x10.png 18w, https:\/\/pianinai.com\/wp-content\/uploads\/2025\/06\/01E23D52-9E74-4C42-A3AC-2C7D273ACD4A-1000x562.png 1000w\" sizes=\"(max-width: 300px) 100vw, 300px\" \/><\/p>\n<hr data-sourcepos=\"1:1-1:3\" \/>\n<h5 data-sourcepos=\"2:1-2:62\">Fortepiany Ibach: ponadczasowa jako\u015b\u0107 i nieskazitelny d\u017awi\u0119k<\/h5>\n<p>&nbsp;<\/p>\n<p data-sourcepos=\"4:1-4:295\">Pianina Ibach to nie tylko instrumenty muzyczne, ale tak\u017ce symbol presti\u017cowej niemieckiej tradycji, starannego wykonania i wyj\u0105tkowej jako\u015bci. Za\u0142o\u017cona w 1794 roku firma Ibach jest <strong>Najstarszy niemiecki producent fortepian\u00f3w<\/strong>, kt\u00f3ry zyska\u0142 \u015bwiatow\u0105 renom\u0119 dzi\u0119ki swojej trwa\u0142o\u015bci i \u015bwietnemu brzmieniu.<\/p>\n<h5 data-sourcepos=\"6:1-6:154\">Ka\u017cdy fortepian Ibach jest starannie wykonany, aby zapewni\u0107 najwy\u017csze standardy. Dlatego fortepiany Ibach s\u0105 cenione na ca\u0142ym \u015bwiecie:<\/h5>\n<p>&nbsp;<\/p>\n<p>&nbsp;<\/p>\n<ul data-sourcepos=\"8:1-12:0\">\n<li data-sourcepos=\"8:1-8:229\"><strong>D\u0142ugoletnia tradycja i do\u015bwiadczenie:<\/strong> Jako najstarszy producent w Niemczech, Ibach wykorzystuje setki lat do\u015bwiadczenia w produkcji ka\u017cdego instrumentu, gwarantuj\u0105c niezawodno\u015b\u0107, trwa\u0142o\u015b\u0107 i kunszt przekazywany z pokolenia na pokolenie.<\/li>\n<\/ul>\n<p>&nbsp;<\/p>\n<ul data-sourcepos=\"8:1-12:0\">\n<li data-sourcepos=\"9:1-9:312\"><strong>Precyzja mechaniczna Rennera:<\/strong> Fortepiany Ibach charakteryzuj\u0105 si\u0119 s\u0142ynnym <strong>Mechanika Rennera<\/strong>, kt\u00f3ry jest uznawany za jeden z najlepszych na \u015bwiecie. Mechanizm ten zapewnia precyzyjn\u0105 akcj\u0119 klawiszy, wyj\u0105tkow\u0105 czu\u0142o\u015b\u0107 d\u017awi\u0119ku i pozwala pianistom osi\u0105gn\u0105\u0107 szeroki zakres dynamiki i doskona\u0142\u0105 kontrol\u0119 d\u017awi\u0119ku.<\/li>\n<\/ul>\n<p>&nbsp;<\/p>\n<ul data-sourcepos=\"8:1-12:0\">\n<li data-sourcepos=\"10:1-10:269\"><strong>Utrzymanie warto\u015bci:<\/strong> Fortepiany Ibach s\u0142yn\u0105 ze swojej jako\u015bci <strong>utrzyma\u0107 warto\u015b\u0107<\/strong> z czasem. To \u015bwietna inwestycja nie tylko w do\u015bwiadczenie muzyczne, ale tak\u017ce w aktywa d\u0142ugoterminowe, poniewa\u017c instrumenty te s\u0105 po\u017c\u0105dane i cenione na rynku wt\u00f3rnym za jako\u015b\u0107 i niezawodno\u015b\u0107.<\/li>\n<\/ul>\n<p>&nbsp;<\/p>\n<ul data-sourcepos=\"8:1-12:0\">\n<li data-sourcepos=\"11:1-12:0\"><strong>\u015awietny d\u017awi\u0119k:<\/strong> Dzi\u0119ki starannemu doborowi materia\u0142\u00f3w, szczeg\u00f3\u0142owemu monta\u017cowi i zaawansowanym procesom produkcyjnym, fortepiany Ibach wyr\u00f3\u017cniaj\u0105 si\u0119 <strong>z charakterystycznym d\u017awi\u0119kiem<\/strong>Ich paleta d\u017awi\u0119k\u00f3w jest bogata, ciep\u0142a i rezonansowa, co pozwala gra\u0107 muzyk\u0119 r\u00f3\u017cnych gatunk\u00f3w z maksymaln\u0105 ekspresj\u0105. Od najdelikatniejszych niuans\u00f3w do najpot\u0119\u017cniejszych akord\u00f3w - fortepian Ibach ujawni ca\u0142e pi\u0119kno muzyki.<\/li>\n<\/ul>\n<p>&nbsp;<\/p>\n<h5 data-sourcepos=\"13:1-14:3\"><\/h5>\n<h5 data-sourcepos=\"13:1-14:3\">Wybieraj\u0105c fortepian Ibach, wybierasz nie tylko instrument, ale tak\u017ce niemieckie dziedzictwo jako\u015bci, trwa\u0142o\u015bci i nieskazitelnego brzmienia.<\/h5>\n<p>&nbsp;<\/p>\n<p><img fetchpriority=\"high\" decoding=\"async\" class=\"size-medium wp-image-4932 aligncenter\" src=\"https:\/\/pianinai.com\/wp-content\/uploads\/2025\/06\/01E23D52-9E74-4C42-A3AC-2C7D273ACD4A-300x169.png\" alt=\"Ibach\" width=\"300\" height=\"169\" srcset=\"https:\/\/pianinai.com\/wp-content\/uploads\/2025\/06\/01E23D52-9E74-4C42-A3AC-2C7D273ACD4A-300x169.png 300w, https:\/\/pianinai.com\/wp-content\/uploads\/2025\/06\/01E23D52-9E74-4C42-A3AC-2C7D273ACD4A-1024x576.png 1024w, https:\/\/pianinai.com\/wp-content\/uploads\/2025\/06\/01E23D52-9E74-4C42-A3AC-2C7D273ACD4A-768x432.png 768w, https:\/\/pianinai.com\/wp-content\/uploads\/2025\/06\/01E23D52-9E74-4C42-A3AC-2C7D273ACD4A-1536x864.png 1536w, https:\/\/pianinai.com\/wp-content\/uploads\/2025\/06\/01E23D52-9E74-4C42-A3AC-2C7D273ACD4A-2048x1152.png 2048w, https:\/\/pianinai.com\/wp-content\/uploads\/2025\/06\/01E23D52-9E74-4C42-A3AC-2C7D273ACD4A-18x10.png 18w, https:\/\/pianinai.com\/wp-content\/uploads\/2025\/06\/01E23D52-9E74-4C42-A3AC-2C7D273ACD4A-1000x562.png 1000w\" sizes=\"(max-width: 300px) 100vw, 300px\" \/><\/p>\n<p>&nbsp;<\/p>","protected":false},"excerpt":{"rendered":"<p>Numer seryjny \u2013 125683<\/p>\n<p>Pianino wyprodukowane w Niemczech<\/p>\n<p>Kolor \u2013 czarny, matowy<\/p>\n<p>Mechanika \u2013 \u201eRENNER\u201d niemiecki<\/p>\n<p>Stan \u2013 u\u017cywany<\/p>","protected":false},"featured_media":4883,"template":"","meta":{"site-sidebar-layout":"default","site-content-layout":"","ast-site-content-layout":"default","site-content-style":"default","site-sidebar-style":"default","ast-global-header-display":"","ast-banner-title-visibility":"","ast-main-header-display":"","ast-hfb-above-header-display":"","ast-hfb-below-header-display":"","ast-hfb-mobile-header-display":"","site-post-title":"","ast-breadcrumbs-content":"","ast-featured-img":"","footer-sml-layout":"","theme-transparent-header-meta":"default","adv-header-id-meta":"","stick-header-meta":"","header-above-stick-meta":"","header-main-stick-meta":"","header-below-stick-meta":"","astra-migrate-meta-layouts":"set","ast-page-background-enabled":"default","ast-page-background-meta":{"desktop":{"background-color":"var(--ast-global-color-5)","background-image":"","background-repeat":"repeat","background-position":"center center","background-size":"auto","background-attachment":"scroll","background-type":"","background-media":"","overlay-type":"","overlay-color":"","overlay-opacity":"","overlay-gradient":""},"tablet":{"background-color":"","background-image":"","background-repeat":"repeat","background-position":"center center","background-size":"auto","background-attachment":"scroll","background-type":"","background-media":"","overlay-type":"","overlay-color":"","overlay-opacity":"","overlay-gradient":""},"mobile":{"background-color":"","background-image":"","background-repeat":"repeat","background-position":"center center","background-size":"auto","background-attachment":"scroll","background-type":"","background-media":"","overlay-type":"","overlay-color":"","overlay-opacity":"","overlay-gradient":""}},"ast-content-background-meta":{"desktop":{"background-color":"var(--ast-global-color-4)","background-image":"","background-repeat":"repeat","background-position":"center center","background-size":"auto","background-attachment":"scroll","background-type":"","background-media":"","overlay-type":"","overlay-color":"","overlay-opacity":"","overlay-gradient":""},"tablet":{"background-color":"var(--ast-global-color-4)","background-image":"","background-repeat":"repeat","background-position":"center center","background-size":"auto","background-attachment":"scroll","background-type":"","background-media":"","overlay-type":"","overlay-color":"","overlay-opacity":"","overlay-gradient":""},"mobile":{"background-color":"var(--ast-global-color-4)","background-image":"","background-repeat":"repeat","background-position":"center center","background-size":"auto","background-attachment":"scroll","background-type":"","background-media":"","overlay-type":"","overlay-color":"","overlay-opacity":"","overlay-gradient":""}}},"product_brand":[],"product_cat":[35],"product_tag":[],"class_list":{"0":"post-4931","1":"product","2":"type-product","3":"status-publish","4":"has-post-thumbnail","6":"product_cat-juodi-pianinai","7":"desktop-align-center","8":"tablet-align-left","9":"mobile-align-left","10":"ast-product-gallery-layout-first-image-large","11":"ast-product-tabs-layout-horizontal","13":"first","14":"instock","15":"shipping-taxable","16":"purchasable","17":"product-type-simple"},"_links":{"self":[{"href":"https:\/\/pianinai.com\/pl\/wp-json\/wp\/v2\/product\/4931","targetHints":{"allow":["GET"]}}],"collection":[{"href":"https:\/\/pianinai.com\/pl\/wp-json\/wp\/v2\/product"}],"about":[{"href":"https:\/\/pianinai.com\/pl\/wp-json\/wp\/v2\/types\/product"}],"version-history":[{"count":11,"href":"https:\/\/pianinai.com\/pl\/wp-json\/wp\/v2\/product\/4931\/revisions"}],"predecessor-version":[{"id":5016,"href":"https:\/\/pianinai.com\/pl\/wp-json\/wp\/v2\/product\/4931\/revisions\/5016"}],"wp:featuredmedia":[{"embeddable":true,"href":"https:\/\/pianinai.com\/pl\/wp-json\/wp\/v2\/media\/4883"}],"wp:attachment":[{"href":"https:\/\/pianinai.com\/pl\/wp-json\/wp\/v2\/media?parent=4931"}],"wp:term":[{"taxonomy":"product_brand","embeddable":true,"href":"https:\/\/pianinai.com\/pl\/wp-json\/wp\/v2\/product_brand?post=4931"},{"taxonomy":"product_cat","embeddable":true,"href":"https:\/\/pianinai.com\/pl\/wp-json\/wp\/v2\/product_cat?post=4931"},{"taxonomy":"product_tag","embeddable":true,"href":"https:\/\/pianinai.com\/pl\/wp-json\/wp\/v2\/product_tag?post=4931"}],"curies":[{"name":"wp","href":"https:\/\/api.w.org\/{rel}","templated":true}]}}