{"id":4942,"date":"2025-06-05T11:44:32","date_gmt":"2025-06-05T11:44:32","guid":{"rendered":"https:\/\/pianinai.com\/?post_type=product&#038;p=4942"},"modified":"2025-10-31T08:43:19","modified_gmt":"2025-10-31T08:43:19","slug":"pianinas-sauter","status":"publish","type":"product","link":"https:\/\/pianinai.com\/pl\/pianinai\/pianinas-sauter\/","title":{"rendered":"Fortepian &quot;Sauter&quot;"},"content":{"rendered":"<p><img fetchpriority=\"high\" decoding=\"async\" class=\"size-medium wp-image-4943 aligncenter\" src=\"https:\/\/pianinai.com\/wp-content\/uploads\/2025\/06\/D5D58357-72E0-4669-8619-A5BC7E2E343D-300x169.png\" alt=\"Sauter \" width=\"300\" height=\"169\" srcset=\"https:\/\/pianinai.com\/wp-content\/uploads\/2025\/06\/D5D58357-72E0-4669-8619-A5BC7E2E343D-300x169.png 300w, https:\/\/pianinai.com\/wp-content\/uploads\/2025\/06\/D5D58357-72E0-4669-8619-A5BC7E2E343D-1024x576.png 1024w, https:\/\/pianinai.com\/wp-content\/uploads\/2025\/06\/D5D58357-72E0-4669-8619-A5BC7E2E343D-768x432.png 768w, https:\/\/pianinai.com\/wp-content\/uploads\/2025\/06\/D5D58357-72E0-4669-8619-A5BC7E2E343D-1536x864.png 1536w, https:\/\/pianinai.com\/wp-content\/uploads\/2025\/06\/D5D58357-72E0-4669-8619-A5BC7E2E343D-2048x1152.png 2048w, https:\/\/pianinai.com\/wp-content\/uploads\/2025\/06\/D5D58357-72E0-4669-8619-A5BC7E2E343D-18x10.png 18w, https:\/\/pianinai.com\/wp-content\/uploads\/2025\/06\/D5D58357-72E0-4669-8619-A5BC7E2E343D-1000x562.png 1000w\" sizes=\"(max-width: 300px) 100vw, 300px\" \/><\/p>\n<p>&nbsp;<\/p>\n<h5 data-sourcepos=\"2:1-2:70\">Sauter Pianos: luksus, innowacja i wyj\u0105tkowa kompaktowo\u015b\u0107<\/h5>\n<p>&nbsp;<\/p>\n<p data-sourcepos=\"4:1-4:322\"><strong>Pianina Sauter to nie tylko instrumenty muzyczne, to synteza niemieckiej innowacji, luksusu i nieskazitelnego brzmienia. Od momentu za\u0142o\u017cenia w 1819 r. Sauter d\u0105\u017cy\u0142 do perfekcji, tworz\u0105c instrumenty, kt\u00f3re spe\u0142niaj\u0105 najwy\u017csze standardy i zachwycaj\u0105 nawet najbardziej wymagaj\u0105cych pianist\u00f3w. Oto, co wyr\u00f3\u017cnia pianina Sauter:<\/strong><\/p>\n<p>&nbsp;<\/p>\n<ul data-sourcepos=\"6:1-15:0\">\n<li data-sourcepos=\"6:1-7:0\">\n<p data-sourcepos=\"6:3-6:323\"><strong>D\u0142ugoletnia tradycja i rzemios\u0142o:<\/strong> Chocia\u017c nie jest najstarszym producentem w Niemczech, Sauter ma prawie dwa wieki zgromadzonego do\u015bwiadczenia i wiedzy przekazywanej z pokolenia na pokolenie. Ka\u017cdy fortepian jest starannie budowany r\u0119cznie przy u\u017cyciu wy\u0142\u0105cznie materia\u0142\u00f3w najwy\u017cszej jako\u015bci, co zapewnia trwa\u0142o\u015b\u0107 i niezawodno\u015b\u0107.<\/p>\n<\/li>\n<\/ul>\n<p>&nbsp;<\/p>\n<ul data-sourcepos=\"6:1-15:0\">\n<li data-sourcepos=\"8:1-9:0\">\n<p data-sourcepos=\"8:3-8:338\"><strong>Renner Mechanics \u2013 Precyzja i niezawodno\u015b\u0107:<\/strong> Pianina Sauter s\u0105 wyposa\u017cone w uznan\u0105 technologi\u0119 <strong>Mechanika Rennera<\/strong>, kt\u00f3ry jest punktem odniesienia w produkcji fortepian\u00f3w. Mechanizm ten gwarantuje niezwykle precyzyjn\u0105 akcj\u0119 klawiszy, optymaln\u0105 czu\u0142o\u015b\u0107 i reakcj\u0119, pozwalaj\u0105c pianistom osi\u0105gn\u0105\u0107 szeroki zakres dynamiki i kontrolowa\u0107 d\u017awi\u0119k z maksymaln\u0105 precyzj\u0105.<\/p>\n<\/li>\n<\/ul>\n<p>&nbsp;<\/p>\n<ul data-sourcepos=\"6:1-15:0\">\n<li data-sourcepos=\"10:1-11:0\">\n<p data-sourcepos=\"10:3-10:482\"><strong>Innowacyjna akcja podw\u00f3jnego powt\u00f3rzenia R2:<\/strong> Jedn\u0105 z unikalnych innowacji Sautera jest <strong>opatentowana funkcja podw\u00f3jnego powt\u00f3rzenia R2<\/strong>Ten mechanizm, wyst\u0119puj\u0105cy w wielu modelach Sauter, zapewnia instrumentom niezwyk\u0142\u0105 pr\u0119dko\u015b\u0107 powrotu klawisza i pozwala na powtarzanie nut bez ca\u0142kowitego puszczania klawisza, co jest por\u00f3wnywalne z mo\u017cliwo\u015bciami fortepianu koncertowego. Pozwala to pianistom wykonywa\u0107 najbardziej z\u0142o\u017cone partie z niezwyk\u0142\u0105 precyzj\u0105 i wirtuozeri\u0105.<\/p>\n<\/li>\n<\/ul>\n<p>&nbsp;<\/p>\n<ul data-sourcepos=\"6:1-15:0\">\n<li data-sourcepos=\"12:1-13:0\">\n<p data-sourcepos=\"12:3-12:331\"><strong>Kompaktowa konstrukcja:<\/strong> Sauter doskonale rozumie potrzeby nowoczesnych przestrzeni, dlatego oferuje eleganckie i <strong>kompaktowe modele fortepian\u00f3w<\/strong>, kt\u00f3re idealnie nadaj\u0105 si\u0119 do mniejszych pomieszcze\u0144 lub nowoczesnych wn\u0119trz. Pomimo kompaktowych rozmiar\u00f3w, te pianina zachowuj\u0105 ca\u0142\u0105 jako\u015b\u0107 d\u017awi\u0119ku i precyzj\u0119 mechaniczn\u0105, z kt\u00f3rej s\u0142ynie Sauter.<\/p>\n<\/li>\n<\/ul>\n<p>&nbsp;<\/p>\n<ul data-sourcepos=\"6:1-15:0\">\n<li data-sourcepos=\"14:1-15:0\">\n<p data-sourcepos=\"14:3-14:449\"><strong>Unikalna barwa d\u017awi\u0119ku \u2013 bogaty i czysty d\u017awi\u0119k:<\/strong> Fortepiany Sauter charakteryzuj\u0105 si\u0119 charakterystyczn\u0105 i \u0142atwo rozpoznawaln\u0105 stylistyk\u0105 <strong>tembr<\/strong>. Ich d\u017awi\u0119k jest bogaty, ciep\u0142y, g\u0142\u0119boki i pe\u0142en niuans\u00f3w. Bas rezonuje pot\u0119\u017cnie, a wysokie nuty emanuj\u0105 przejrzysto\u015bci\u0105 i d\u0142ugowieczno\u015bci\u0105. Dzi\u0119ki rezonansowej p\u0142ycie rezonansowej \u201eSpherical Concavity\u201d i wyborowi materia\u0142\u00f3w najwy\u017cszej jako\u015bci, ka\u017cda nuta ujawnia swoje pi\u0119kno i harmoni\u0119, zapewniaj\u0105c niezapomniane wra\u017cenia muzyczne.<\/p>\n<\/li>\n<\/ul>\n<p>&nbsp;<\/p>\n<h5 data-sourcepos=\"16:1-17:3\"><\/h5>\n<h5 data-sourcepos=\"16:1-17:3\">Fortepian marki Sauter to nie tylko instrument, ale inwestycja w niemieck\u0105 precyzj\u0119, innowacyjno\u015b\u0107 i muzyczn\u0105 podr\u00f3\u017c, kt\u00f3ra b\u0119dzie Ci\u0119 zachwyca\u0107 przez wiele lat.<\/h5>\n<h5 data-sourcepos=\"16:1-17:3\"><\/h5>\n<h5 data-sourcepos=\"16:1-17:3\"><img fetchpriority=\"high\" decoding=\"async\" class=\"size-medium wp-image-4943 aligncenter\" src=\"https:\/\/pianinai.com\/wp-content\/uploads\/2025\/06\/D5D58357-72E0-4669-8619-A5BC7E2E343D-300x169.png\" alt=\"Sauter \" width=\"300\" height=\"169\" srcset=\"https:\/\/pianinai.com\/wp-content\/uploads\/2025\/06\/D5D58357-72E0-4669-8619-A5BC7E2E343D-300x169.png 300w, https:\/\/pianinai.com\/wp-content\/uploads\/2025\/06\/D5D58357-72E0-4669-8619-A5BC7E2E343D-1024x576.png 1024w, https:\/\/pianinai.com\/wp-content\/uploads\/2025\/06\/D5D58357-72E0-4669-8619-A5BC7E2E343D-768x432.png 768w, https:\/\/pianinai.com\/wp-content\/uploads\/2025\/06\/D5D58357-72E0-4669-8619-A5BC7E2E343D-1536x864.png 1536w, https:\/\/pianinai.com\/wp-content\/uploads\/2025\/06\/D5D58357-72E0-4669-8619-A5BC7E2E343D-2048x1152.png 2048w, https:\/\/pianinai.com\/wp-content\/uploads\/2025\/06\/D5D58357-72E0-4669-8619-A5BC7E2E343D-18x10.png 18w, https:\/\/pianinai.com\/wp-content\/uploads\/2025\/06\/D5D58357-72E0-4669-8619-A5BC7E2E343D-1000x562.png 1000w\" sizes=\"(max-width: 300px) 100vw, 300px\" \/><\/h5>\n<p>&nbsp;<\/p>","protected":false},"excerpt":{"rendered":"<p>Numer seryjny \u2013 57174<\/p>\n<p>Wyprodukowano w Niemczech<\/p>\n<p>Kolor \u2013 czarny, matowy<\/p>\n<p>Mechanika \u2013 \u201eRENNER\u201d niemiecki<\/p>\n<p>Stan \u2013 u\u017cywany<\/p>","protected":false},"featured_media":4891,"template":"","meta":{"site-sidebar-layout":"default","site-content-layout":"","ast-site-content-layout":"default","site-content-style":"default","site-sidebar-style":"default","ast-global-header-display":"","ast-banner-title-visibility":"","ast-main-header-display":"","ast-hfb-above-header-display":"","ast-hfb-below-header-display":"","ast-hfb-mobile-header-display":"","site-post-title":"","ast-breadcrumbs-content":"","ast-featured-img":"","footer-sml-layout":"","theme-transparent-header-meta":"default","adv-header-id-meta":"","stick-header-meta":"","header-above-stick-meta":"","header-main-stick-meta":"","header-below-stick-meta":"","astra-migrate-meta-layouts":"set","ast-page-background-enabled":"default","ast-page-background-meta":{"desktop":{"background-color":"var(--ast-global-color-5)","background-image":"","background-repeat":"repeat","background-position":"center center","background-size":"auto","background-attachment":"scroll","background-type":"","background-media":"","overlay-type":"","overlay-color":"","overlay-opacity":"","overlay-gradient":""},"tablet":{"background-color":"","background-image":"","background-repeat":"repeat","background-position":"center center","background-size":"auto","background-attachment":"scroll","background-type":"","background-media":"","overlay-type":"","overlay-color":"","overlay-opacity":"","overlay-gradient":""},"mobile":{"background-color":"","background-image":"","background-repeat":"repeat","background-position":"center center","background-size":"auto","background-attachment":"scroll","background-type":"","background-media":"","overlay-type":"","overlay-color":"","overlay-opacity":"","overlay-gradient":""}},"ast-content-background-meta":{"desktop":{"background-color":"var(--ast-global-color-4)","background-image":"","background-repeat":"repeat","background-position":"center center","background-size":"auto","background-attachment":"scroll","background-type":"","background-media":"","overlay-type":"","overlay-color":"","overlay-opacity":"","overlay-gradient":""},"tablet":{"background-color":"var(--ast-global-color-4)","background-image":"","background-repeat":"repeat","background-position":"center center","background-size":"auto","background-attachment":"scroll","background-type":"","background-media":"","overlay-type":"","overlay-color":"","overlay-opacity":"","overlay-gradient":""},"mobile":{"background-color":"var(--ast-global-color-4)","background-image":"","background-repeat":"repeat","background-position":"center center","background-size":"auto","background-attachment":"scroll","background-type":"","background-media":"","overlay-type":"","overlay-color":"","overlay-opacity":"","overlay-gradient":""}}},"product_brand":[],"product_cat":[35],"product_tag":[],"class_list":{"0":"post-4942","1":"product","2":"type-product","3":"status-publish","4":"has-post-thumbnail","6":"product_cat-juodi-pianinai","7":"desktop-align-center","8":"tablet-align-left","9":"mobile-align-left","10":"ast-product-gallery-layout-first-image-large","11":"ast-product-tabs-layout-horizontal","13":"first","14":"outofstock","15":"shipping-taxable","16":"purchasable","17":"product-type-simple"},"_links":{"self":[{"href":"https:\/\/pianinai.com\/pl\/wp-json\/wp\/v2\/product\/4942","targetHints":{"allow":["GET"]}}],"collection":[{"href":"https:\/\/pianinai.com\/pl\/wp-json\/wp\/v2\/product"}],"about":[{"href":"https:\/\/pianinai.com\/pl\/wp-json\/wp\/v2\/types\/product"}],"version-history":[{"count":8,"href":"https:\/\/pianinai.com\/pl\/wp-json\/wp\/v2\/product\/4942\/revisions"}],"predecessor-version":[{"id":5015,"href":"https:\/\/pianinai.com\/pl\/wp-json\/wp\/v2\/product\/4942\/revisions\/5015"}],"wp:featuredmedia":[{"embeddable":true,"href":"https:\/\/pianinai.com\/pl\/wp-json\/wp\/v2\/media\/4891"}],"wp:attachment":[{"href":"https:\/\/pianinai.com\/pl\/wp-json\/wp\/v2\/media?parent=4942"}],"wp:term":[{"taxonomy":"product_brand","embeddable":true,"href":"https:\/\/pianinai.com\/pl\/wp-json\/wp\/v2\/product_brand?post=4942"},{"taxonomy":"product_cat","embeddable":true,"href":"https:\/\/pianinai.com\/pl\/wp-json\/wp\/v2\/product_cat?post=4942"},{"taxonomy":"product_tag","embeddable":true,"href":"https:\/\/pianinai.com\/pl\/wp-json\/wp\/v2\/product_tag?post=4942"}],"curies":[{"name":"wp","href":"https:\/\/api.w.org\/{rel}","templated":true}]}}