{"id":4951,"date":"2025-06-05T11:56:59","date_gmt":"2025-06-05T11:56:59","guid":{"rendered":"https:\/\/pianinai.com\/?post_type=product&#038;p=4951"},"modified":"2026-03-13T09:46:00","modified_gmt":"2026-03-13T09:46:00","slug":"pianinas-yamaha-4","status":"publish","type":"product","link":"https:\/\/pianinai.com\/pl\/pianinai\/pianinas-yamaha-4\/","title":{"rendered":"Fortepian \u201eYamaha\u201d"},"content":{"rendered":"<p><img fetchpriority=\"high\" decoding=\"async\" class=\"wp-image-3040 aligncenter\" src=\"https:\/\/pianinai.com\/wp-content\/uploads\/2025\/02\/3FC4177C-992A-49FF-ADDD-45E66DA7FA35-300x169.jpeg\" alt=\"Yamaha\" width=\"342\" height=\"193\" srcset=\"https:\/\/pianinai.com\/wp-content\/uploads\/2025\/02\/3FC4177C-992A-49FF-ADDD-45E66DA7FA35-300x169.jpeg 300w, https:\/\/pianinai.com\/wp-content\/uploads\/2025\/02\/3FC4177C-992A-49FF-ADDD-45E66DA7FA35-scaled-1000x563.jpeg 1000w, https:\/\/pianinai.com\/wp-content\/uploads\/2025\/02\/3FC4177C-992A-49FF-ADDD-45E66DA7FA35-1024x576.jpeg 1024w, https:\/\/pianinai.com\/wp-content\/uploads\/2025\/02\/3FC4177C-992A-49FF-ADDD-45E66DA7FA35-768x432.jpeg 768w, https:\/\/pianinai.com\/wp-content\/uploads\/2025\/02\/3FC4177C-992A-49FF-ADDD-45E66DA7FA35-1536x864.jpeg 1536w, https:\/\/pianinai.com\/wp-content\/uploads\/2025\/02\/3FC4177C-992A-49FF-ADDD-45E66DA7FA35-2048x1152.jpeg 2048w, https:\/\/pianinai.com\/wp-content\/uploads\/2025\/02\/3FC4177C-992A-49FF-ADDD-45E66DA7FA35-18x10.jpeg 18w\" sizes=\"(max-width: 342px) 100vw, 342px\" \/><\/p>\n<h6><\/h6>\n<h6>Pianina akustyczne Yamaha to \u015bwiatowej s\u0142awy instrumenty, znane ze swojej nienagannej jako\u015bci, bogatego brzmienia i eleganckiego wzornictwa. Od ponad wieku Yamaha tworzy pianina, kt\u00f3re \u0142\u0105cz\u0105 tradycj\u0119 z nowoczesn\u0105 technologi\u0105, zapewniaj\u0105c wyj\u0105tkowe wra\u017cenia z gry zar\u00f3wno pocz\u0105tkuj\u0105cym, jak i profesjonalistom. Instrumenty te s\u0105 idealnym wyborem dla tych, kt\u00f3rzy ceni\u0105 autentyczne brzmienie i trwa\u0142o\u015b\u0107 pianina akustycznego.<\/h6>\n<p>&nbsp;<\/p>\n<h6><\/h6>\n<h6>G\u0142\u00f3wne cechy:<\/h6>\n<h6><\/h6>\n<p>&nbsp;<\/p>\n<ul>\n<li>Wyj\u0105tkowa jako\u015b\u0107 d\u017awi\u0119ku: pianina akustyczne Yamaha zapewniaj\u0105 bogaty i zr\u00f3wnowa\u017cony d\u017awi\u0119k. Ka\u017cda nuta brzmi czysto i harmonijnie, zapewniaj\u0105c ekspresyjny wyst\u0119p muzyczny.<\/li>\n<\/ul>\n<p>&nbsp;<\/p>\n<ul>\n<li>Materia\u0142y najwy\u017cszej jako\u015bci: Do produkcji pianin u\u017cywa si\u0119 starannie dobranych materia\u0142\u00f3w, takich jak najwy\u017cszej jako\u015bci p\u0142yty rezonansowe ze \u015bwierku, solidne klawiatury i r\u0119cznie wykonane m\u0142otki. Materia\u0142y te zapewniaj\u0105 trwa\u0142o\u015b\u0107 i optymaln\u0105 jako\u015b\u0107 akustyczn\u0105.<\/li>\n<\/ul>\n<p>&nbsp;<\/p>\n<ul>\n<li>Precyzyjna mechanika: Fortepiany Yamaha s\u0142yn\u0105 z delikatnej i p\u0142ynnej mechaniki, kt\u00f3ra pozwala pianistom z \u0142atwo\u015bci\u0105 kontrolowa\u0107 dynamik\u0119 i wyra\u017ca\u0107 najsubtelniejsze emocje.<\/li>\n<\/ul>\n<p>&nbsp;<\/p>\n<ul>\n<li>Elegancki design: pianina akustyczne Yamaha wyst\u0119puj\u0105 w r\u00f3\u017cnych wyko\u0144czeniach, od klasycznego b\u0142yszcz\u0105cego czarnego lakieru po naturalne wyko\u0144czenia z drewna. Konstrukcja korpusu \u0142\u0105czy estetyk\u0119 z funkcjonalno\u015bci\u0105, dzi\u0119ki czemu pianino jest nie tylko instrumentem muzycznym, ale tak\u017ce elementem dekoracyjnym.<\/li>\n<\/ul>\n<h6><\/h6>\n<p>&nbsp;<\/p>\n<h6>Dlaczego warto wybra\u0107 pianino akustyczne Yamaha?<\/h6>\n<p>&nbsp;<\/p>\n<p><strong>Pianina akustyczne Yamaha to po\u0142\u0105czenie tradycji i innowacji. S\u0105 znane ze swojej nieskazitelnej jako\u015bci d\u017awi\u0119ku, precyzyjnej mechaniki i eleganckiego designu. Instrumenty te s\u0105 doskona\u0142ym wyborem zar\u00f3wno dla pocz\u0105tkuj\u0105cych pianist\u00f3w, jak i profesjonalist\u00f3w poszukuj\u0105cych niezawodnego i inspiruj\u0105cego instrumentu.<\/strong><\/p>\n<h6><\/h6>\n<h6><img fetchpriority=\"high\" decoding=\"async\" class=\"wp-image-3040 aligncenter\" src=\"https:\/\/pianinai.com\/wp-content\/uploads\/2025\/02\/3FC4177C-992A-49FF-ADDD-45E66DA7FA35-300x169.jpeg\" alt=\"Yamaha\" width=\"342\" height=\"193\" srcset=\"https:\/\/pianinai.com\/wp-content\/uploads\/2025\/02\/3FC4177C-992A-49FF-ADDD-45E66DA7FA35-300x169.jpeg 300w, https:\/\/pianinai.com\/wp-content\/uploads\/2025\/02\/3FC4177C-992A-49FF-ADDD-45E66DA7FA35-scaled-1000x563.jpeg 1000w, https:\/\/pianinai.com\/wp-content\/uploads\/2025\/02\/3FC4177C-992A-49FF-ADDD-45E66DA7FA35-1024x576.jpeg 1024w, https:\/\/pianinai.com\/wp-content\/uploads\/2025\/02\/3FC4177C-992A-49FF-ADDD-45E66DA7FA35-768x432.jpeg 768w, https:\/\/pianinai.com\/wp-content\/uploads\/2025\/02\/3FC4177C-992A-49FF-ADDD-45E66DA7FA35-1536x864.jpeg 1536w, https:\/\/pianinai.com\/wp-content\/uploads\/2025\/02\/3FC4177C-992A-49FF-ADDD-45E66DA7FA35-2048x1152.jpeg 2048w, https:\/\/pianinai.com\/wp-content\/uploads\/2025\/02\/3FC4177C-992A-49FF-ADDD-45E66DA7FA35-18x10.jpeg 18w\" sizes=\"(max-width: 342px) 100vw, 342px\" \/><\/h6>","protected":false},"excerpt":{"rendered":"<blockquote>\n<p style=\"text-align: left;\">Numer seryjny \u2013 1974817<\/p>\n<\/blockquote>\n<p>Wyprodukowano w \u2013 Japonii<\/p>\n<p>Kolor \u2013 czarny, matowy<\/p>\n<p>Mechanika \u2013 \u201eYamaha\u201d japo\u0144ska<\/p>\n<p>Stan \u2013 u\u017cywany<\/p>","protected":false},"featured_media":3997,"template":"","meta":{"site-sidebar-layout":"default","site-content-layout":"","ast-site-content-layout":"default","site-content-style":"default","site-sidebar-style":"default","ast-global-header-display":"","ast-banner-title-visibility":"","ast-main-header-display":"","ast-hfb-above-header-display":"","ast-hfb-below-header-display":"","ast-hfb-mobile-header-display":"","site-post-title":"","ast-breadcrumbs-content":"","ast-featured-img":"","footer-sml-layout":"","theme-transparent-header-meta":"default","adv-header-id-meta":"","stick-header-meta":"","header-above-stick-meta":"","header-main-stick-meta":"","header-below-stick-meta":"","astra-migrate-meta-layouts":"set","ast-page-background-enabled":"default","ast-page-background-meta":{"desktop":{"background-color":"var(--ast-global-color-5)","background-image":"","background-repeat":"repeat","background-position":"center center","background-size":"auto","background-attachment":"scroll","background-type":"","background-media":"","overlay-type":"","overlay-color":"","overlay-opacity":"","overlay-gradient":""},"tablet":{"background-color":"","background-image":"","background-repeat":"repeat","background-position":"center center","background-size":"auto","background-attachment":"scroll","background-type":"","background-media":"","overlay-type":"","overlay-color":"","overlay-opacity":"","overlay-gradient":""},"mobile":{"background-color":"","background-image":"","background-repeat":"repeat","background-position":"center center","background-size":"auto","background-attachment":"scroll","background-type":"","background-media":"","overlay-type":"","overlay-color":"","overlay-opacity":"","overlay-gradient":""}},"ast-content-background-meta":{"desktop":{"background-color":"var(--ast-global-color-4)","background-image":"","background-repeat":"repeat","background-position":"center center","background-size":"auto","background-attachment":"scroll","background-type":"","background-media":"","overlay-type":"","overlay-color":"","overlay-opacity":"","overlay-gradient":""},"tablet":{"background-color":"var(--ast-global-color-4)","background-image":"","background-repeat":"repeat","background-position":"center center","background-size":"auto","background-attachment":"scroll","background-type":"","background-media":"","overlay-type":"","overlay-color":"","overlay-opacity":"","overlay-gradient":""},"mobile":{"background-color":"var(--ast-global-color-4)","background-image":"","background-repeat":"repeat","background-position":"center center","background-size":"auto","background-attachment":"scroll","background-type":"","background-media":"","overlay-type":"","overlay-color":"","overlay-opacity":"","overlay-gradient":""}}},"product_brand":[],"product_cat":[35],"product_tag":[],"class_list":{"0":"post-4951","1":"product","2":"type-product","3":"status-publish","4":"has-post-thumbnail","6":"product_cat-juodi-pianinai","7":"desktop-align-center","8":"tablet-align-left","9":"mobile-align-left","10":"ast-product-gallery-layout-first-image-large","11":"ast-product-tabs-layout-horizontal","13":"first","14":"outofstock","15":"shipping-taxable","16":"purchasable","17":"product-type-simple"},"_links":{"self":[{"href":"https:\/\/pianinai.com\/pl\/wp-json\/wp\/v2\/product\/4951","targetHints":{"allow":["GET"]}}],"collection":[{"href":"https:\/\/pianinai.com\/pl\/wp-json\/wp\/v2\/product"}],"about":[{"href":"https:\/\/pianinai.com\/pl\/wp-json\/wp\/v2\/types\/product"}],"version-history":[{"count":11,"href":"https:\/\/pianinai.com\/pl\/wp-json\/wp\/v2\/product\/4951\/revisions"}],"predecessor-version":[{"id":5191,"href":"https:\/\/pianinai.com\/pl\/wp-json\/wp\/v2\/product\/4951\/revisions\/5191"}],"wp:featuredmedia":[{"embeddable":true,"href":"https:\/\/pianinai.com\/pl\/wp-json\/wp\/v2\/media\/3997"}],"wp:attachment":[{"href":"https:\/\/pianinai.com\/pl\/wp-json\/wp\/v2\/media?parent=4951"}],"wp:term":[{"taxonomy":"product_brand","embeddable":true,"href":"https:\/\/pianinai.com\/pl\/wp-json\/wp\/v2\/product_brand?post=4951"},{"taxonomy":"product_cat","embeddable":true,"href":"https:\/\/pianinai.com\/pl\/wp-json\/wp\/v2\/product_cat?post=4951"},{"taxonomy":"product_tag","embeddable":true,"href":"https:\/\/pianinai.com\/pl\/wp-json\/wp\/v2\/product_tag?post=4951"}],"curies":[{"name":"wp","href":"https:\/\/api.w.org\/{rel}","templated":true}]}}