{"id":4970,"date":"2025-06-05T12:38:19","date_gmt":"2025-06-05T12:38:19","guid":{"rendered":"https:\/\/pianinai.com\/?post_type=product&#038;p=4970"},"modified":"2025-09-25T06:30:08","modified_gmt":"2025-09-25T06:30:08","slug":"pianinas-gaveau-4","status":"publish","type":"product","link":"https:\/\/pianinai.com\/pl\/pianinai\/pianinas-gaveau-4\/","title":{"rendered":"Fortepian &quot;Gaveau&quot;"},"content":{"rendered":"<p>&nbsp;<\/p>\n<p><img fetchpriority=\"high\" decoding=\"async\" class=\"wp-image-4971 aligncenter\" src=\"https:\/\/pianinai.com\/wp-content\/uploads\/2025\/06\/FE1405DF-EE43-40E7-BE03-DFCCED8592E9-300x169.png\" alt=\"Gaveau\" width=\"426\" height=\"240\" srcset=\"https:\/\/pianinai.com\/wp-content\/uploads\/2025\/06\/FE1405DF-EE43-40E7-BE03-DFCCED8592E9-300x169.png 300w, https:\/\/pianinai.com\/wp-content\/uploads\/2025\/06\/FE1405DF-EE43-40E7-BE03-DFCCED8592E9-1024x576.png 1024w, https:\/\/pianinai.com\/wp-content\/uploads\/2025\/06\/FE1405DF-EE43-40E7-BE03-DFCCED8592E9-768x432.png 768w, https:\/\/pianinai.com\/wp-content\/uploads\/2025\/06\/FE1405DF-EE43-40E7-BE03-DFCCED8592E9-1536x864.png 1536w, https:\/\/pianinai.com\/wp-content\/uploads\/2025\/06\/FE1405DF-EE43-40E7-BE03-DFCCED8592E9-2048x1152.png 2048w, https:\/\/pianinai.com\/wp-content\/uploads\/2025\/06\/FE1405DF-EE43-40E7-BE03-DFCCED8592E9-18x10.png 18w, https:\/\/pianinai.com\/wp-content\/uploads\/2025\/06\/FE1405DF-EE43-40E7-BE03-DFCCED8592E9-1000x563.png 1000w\" sizes=\"(max-width: 426px) 100vw, 426px\" \/><\/p>\n<p>&nbsp;<\/p>\n<h5 data-sourcepos=\"2:1-2:74\"><\/h5>\n<h5 data-sourcepos=\"2:1-2:74\">Gaveau Pianos \u2013 Schimmel Manufacturing: Francuska dusza z niemieckim sercem<\/h5>\n<p>&nbsp;<\/p>\n<p data-sourcepos=\"4:1-4:385\">Od 1971 do 1994 roku s\u0142ynny francuski producent fortepian\u00f3w Gaveau (wraz z \u00c9rard i Pleyel) by\u0142 w\u0142asno\u015bci\u0105 i by\u0142 produkowany w Niemczech przez s\u0142ynny koncern Schimmel. Okres ten oznacza interesuj\u0105c\u0105 faz\u0119 w historii Gaveau, \u0142\u0105cz\u0105c elegancj\u0119 i charakterystyczn\u0105 barw\u0119 francuskiego designu z niemieck\u0105 precyzj\u0105 in\u017cynierii i wydajno\u015bci\u0105 produkcji, z kt\u00f3rych s\u0142ynie Schimmel.<\/p>\n<h5 data-sourcepos=\"8:1-8:56\"><\/h5>\n<h5 data-sourcepos=\"8:1-8:56\"><\/h5>\n<h5 data-sourcepos=\"8:1-8:56\">Charakterystyczne cechy fortepian\u00f3w Gaveau produkowanych przez firm\u0119 Schimmel:<\/h5>\n<p>&nbsp;<\/p>\n<ul data-sourcepos=\"10:1-19:0\">\n<li data-sourcepos=\"10:1-11:0\">\n<p data-sourcepos=\"10:3-10:426\"><strong>Niemiecka jako\u015b\u0107 i niezawodno\u015b\u0107:<\/strong> Co najwa\u017cniejsze, fortepiany Gaveau, produkowane w fabrykach Schimmel, odziedziczy\u0142y <strong>Charakterystyczna dla firmy Schimmel wysoka jako\u015b\u0107 produkcji<\/strong>Oznacza to, \u017ce instrumenty te s\u0105 solidne, trwa\u0142e i zbudowane tak, aby wytrzyma\u0107 intensywne u\u017cytkowanie. Niemiecka precyzja in\u017cynierii zapewni\u0142a wi\u0119ksz\u0105 stabilno\u015b\u0107 mechaniczn\u0105 i og\u00f3ln\u0105 niezawodno\u015b\u0107 w por\u00f3wnaniu z poprzednimi modelami Gaveau, zw\u0142aszcza po II wojnie \u015bwiatowej.<\/p>\n<\/li>\n<\/ul>\n<p>&nbsp;<\/p>\n<ul data-sourcepos=\"10:1-19:0\">\n<li data-sourcepos=\"12:1-13:0\">\n<p data-sourcepos=\"12:3-12:435\"><strong>Mechanika Rennera:<\/strong> Chocia\u017c Gaveau posiada\u0142 w\u0142asne, unikalne rozwi\u0105zania mechaniczne, fortepiany Gaveau produkowane przez firm\u0119 Schimmel integrowa\u0142y <strong>\u015bwiatowej s\u0142awy mechanicy Renner<\/strong>Jest to jedna z najlepszych klawiatur fortepianowych, gwarantuj\u0105ca wyj\u0105tkow\u0105 czu\u0142o\u015b\u0107 klawiszy, szybk\u0105 reakcj\u0119 i niezawodn\u0105 prac\u0119. Ta kombinacja da\u0142a fortepianom Gaveau nowy poziom wra\u017ce\u0144 z gry, pozwalaj\u0105c pianistom osi\u0105gn\u0105\u0107 wi\u0119ksz\u0105 ekspresj\u0119 i precyzj\u0119.<\/p>\n<\/li>\n<\/ul>\n<p>&nbsp;<\/p>\n<ul data-sourcepos=\"10:1-19:0\">\n<li data-sourcepos=\"14:1-15:0\">\n<p data-sourcepos=\"14:3-14:441\"><strong>Zachowanie oryginalnego temperu Gaveau (z wp\u0142ywami niemieckiej produkcji):<\/strong> Mimo \u017ce produkcja zosta\u0142a przeniesiona do Niemiec, Schimmel stara\u0142 si\u0119 j\u0105 utrzyma\u0107 <strong>charakterystyczna barwa g\u0142osu Gaveau<\/strong> \u2013 romantyczne, mi\u0119kkie i melodyjne, z ciep\u0142ym basem i czystymi tonami wysokimi. Jednak dzi\u0119ki niemieckim materia\u0142om i standardom produkcyjnym brzmienie tych fortepian\u00f3w Gaveau mog\u0142oby nabra\u0107 nieco wi\u0119kszej klarowno\u015bci i rezonansu, charakterystycznych dla instrument\u00f3w Schimmel, przy jednoczesnym zachowaniu ich francuskiej duszy.<\/p>\n<\/li>\n<\/ul>\n<p>&nbsp;<\/p>\n<ul data-sourcepos=\"10:1-19:0\">\n<li data-sourcepos=\"16:1-17:0\">\n<p data-sourcepos=\"16:3-16:321\"><strong>Kompaktowa konstrukcja:<\/strong> Zachowa\u0142o si\u0119 wiele modeli Gaveau wyprodukowanych przez firm\u0119 Schimmel <strong>elegancka i kompaktowa konstrukcja<\/strong>, kt\u00f3re cieszy\u0142y si\u0119 popularno\u015bci\u0105 w\u015br\u00f3d fan\u00f3w Gaveau. Dzi\u0119ki temu by\u0142y idealnymi instrumentami do mniejszych pomieszcze\u0144, mieszka\u0144 lub dla tych, kt\u00f3rzy cenili sobie minimalistyczn\u0105 estetyk\u0119, kt\u00f3ra nie wymaga\u0142a kompromis\u00f3w w kwestii jako\u015bci d\u017awi\u0119ku.<\/p>\n<\/li>\n<\/ul>\n<p>&nbsp;<\/p>\n<ul data-sourcepos=\"10:1-19:0\">\n<li data-sourcepos=\"18:1-19:0\">\n<p data-sourcepos=\"18:3-18:374\"><strong>Warto\u015b\u0107 kolekcjonerska:<\/strong> Te fortepiany Gaveau, wykonane przez Schimmel, s\u0105 interesuj\u0105cym i cennym elementem historii. Odzwierciedlaj\u0105 nie tylko po\u0142\u0105czenie francuskich i niemieckich tradycji produkcji fortepian\u00f3w, ale tak\u017ce innowacje tamtych czas\u00f3w. Dobrze zachowane lub odrestaurowane fortepiany Gaveau wykonane przez Schimmel mog\u0105 by\u0107 <strong>poszukiwane przez kolekcjoner\u00f3w<\/strong> i s\u0105 cenione za swoj\u0105 wyj\u0105tkow\u0105 histori\u0119 i jako\u015b\u0107.<\/p>\n<\/li>\n<\/ul>\n<p>&nbsp;<\/p>\n<p data-sourcepos=\"22:1-22:257\"><strong>Pianina Gaveau marki Schimmel to \u015bwietny wyb\u00f3r dla tych, kt\u00f3rzy szukaj\u0105 instrument\u00f3w \u0142\u0105cz\u0105cych ducha francuskiego romantyzmu z niemieck\u0105 precyzj\u0105 i niezawodno\u015bci\u0105. S\u0105 to cenne i trwa\u0142e instrumenty, kt\u00f3re mog\u0105 sta\u0107 si\u0119 cz\u0119\u015bci\u0105 Twojej muzycznej podr\u00f3\u017cy.<\/strong><\/p>\n<p>&nbsp;<\/p>\n<p><img fetchpriority=\"high\" decoding=\"async\" class=\"wp-image-4971 aligncenter\" src=\"https:\/\/pianinai.com\/wp-content\/uploads\/2025\/06\/FE1405DF-EE43-40E7-BE03-DFCCED8592E9-300x169.png\" alt=\"Gaveau\" width=\"426\" height=\"240\" srcset=\"https:\/\/pianinai.com\/wp-content\/uploads\/2025\/06\/FE1405DF-EE43-40E7-BE03-DFCCED8592E9-300x169.png 300w, https:\/\/pianinai.com\/wp-content\/uploads\/2025\/06\/FE1405DF-EE43-40E7-BE03-DFCCED8592E9-1024x576.png 1024w, https:\/\/pianinai.com\/wp-content\/uploads\/2025\/06\/FE1405DF-EE43-40E7-BE03-DFCCED8592E9-768x432.png 768w, https:\/\/pianinai.com\/wp-content\/uploads\/2025\/06\/FE1405DF-EE43-40E7-BE03-DFCCED8592E9-1536x864.png 1536w, https:\/\/pianinai.com\/wp-content\/uploads\/2025\/06\/FE1405DF-EE43-40E7-BE03-DFCCED8592E9-2048x1152.png 2048w, https:\/\/pianinai.com\/wp-content\/uploads\/2025\/06\/FE1405DF-EE43-40E7-BE03-DFCCED8592E9-18x10.png 18w, https:\/\/pianinai.com\/wp-content\/uploads\/2025\/06\/FE1405DF-EE43-40E7-BE03-DFCCED8592E9-1000x563.png 1000w\" sizes=\"(max-width: 426px) 100vw, 426px\" \/><\/p>\n<p>&nbsp;<\/p>","protected":false},"excerpt":{"rendered":"<div class=\"elementor-element elementor-element-4285c0e3 elementor-widget elementor-widget-woocommerce-product-short-description\" data-id=\"4285c0e3\" data-element_type=\"widget\" data-widget_type=\"woocommerce-product-short-description.default\">\n<div class=\"woocommerce-product-details__short-description\">\n<p>Numer seryjny \u2013 117349<\/p>\n<p>Wyprodukowano w Niemczech<\/p>\n<p>Kolor \u2013 bia\u0142y, b\u0142yszcz\u0105cy<\/p>\n<p>Mechanika \u2013 \u201eRenner\u201d niemiecki<\/p>\n<p>Stan \u2013 u\u017cywany<\/p>\n<\/div>\n<\/div>\n<div class=\"elementor-element elementor-element-8ba6cd6 elementor-widget elementor-widget-spacer\" data-id=\"8ba6cd6\" data-element_type=\"widget\" data-widget_type=\"spacer.default\">\n<div class=\"elementor-spacer\"><\/div>\n<\/div>","protected":false},"featured_media":4005,"template":"","meta":{"site-sidebar-layout":"default","site-content-layout":"","ast-site-content-layout":"default","site-content-style":"default","site-sidebar-style":"default","ast-global-header-display":"","ast-banner-title-visibility":"","ast-main-header-display":"","ast-hfb-above-header-display":"","ast-hfb-below-header-display":"","ast-hfb-mobile-header-display":"","site-post-title":"","ast-breadcrumbs-content":"","ast-featured-img":"","footer-sml-layout":"","theme-transparent-header-meta":"default","adv-header-id-meta":"","stick-header-meta":"","header-above-stick-meta":"","header-main-stick-meta":"","header-below-stick-meta":"","astra-migrate-meta-layouts":"set","ast-page-background-enabled":"default","ast-page-background-meta":{"desktop":{"background-color":"var(--ast-global-color-5)","background-image":"","background-repeat":"repeat","background-position":"center center","background-size":"auto","background-attachment":"scroll","background-type":"","background-media":"","overlay-type":"","overlay-color":"","overlay-opacity":"","overlay-gradient":""},"tablet":{"background-color":"","background-image":"","background-repeat":"repeat","background-position":"center center","background-size":"auto","background-attachment":"scroll","background-type":"","background-media":"","overlay-type":"","overlay-color":"","overlay-opacity":"","overlay-gradient":""},"mobile":{"background-color":"","background-image":"","background-repeat":"repeat","background-position":"center center","background-size":"auto","background-attachment":"scroll","background-type":"","background-media":"","overlay-type":"","overlay-color":"","overlay-opacity":"","overlay-gradient":""}},"ast-content-background-meta":{"desktop":{"background-color":"var(--ast-global-color-4)","background-image":"","background-repeat":"repeat","background-position":"center center","background-size":"auto","background-attachment":"scroll","background-type":"","background-media":"","overlay-type":"","overlay-color":"","overlay-opacity":"","overlay-gradient":""},"tablet":{"background-color":"var(--ast-global-color-4)","background-image":"","background-repeat":"repeat","background-position":"center center","background-size":"auto","background-attachment":"scroll","background-type":"","background-media":"","overlay-type":"","overlay-color":"","overlay-opacity":"","overlay-gradient":""},"mobile":{"background-color":"var(--ast-global-color-4)","background-image":"","background-repeat":"repeat","background-position":"center center","background-size":"auto","background-attachment":"scroll","background-type":"","background-media":"","overlay-type":"","overlay-color":"","overlay-opacity":"","overlay-gradient":""}}},"product_brand":[],"product_cat":[34],"product_tag":[],"class_list":{"0":"post-4970","1":"product","2":"type-product","3":"status-publish","4":"has-post-thumbnail","6":"product_cat-balti-pianinai","7":"desktop-align-center","8":"tablet-align-left","9":"mobile-align-left","10":"ast-product-gallery-layout-first-image-large","11":"ast-product-tabs-layout-horizontal","13":"first","14":"outofstock","15":"shipping-taxable","16":"purchasable","17":"product-type-simple"},"_links":{"self":[{"href":"https:\/\/pianinai.com\/pl\/wp-json\/wp\/v2\/product\/4970","targetHints":{"allow":["GET"]}}],"collection":[{"href":"https:\/\/pianinai.com\/pl\/wp-json\/wp\/v2\/product"}],"about":[{"href":"https:\/\/pianinai.com\/pl\/wp-json\/wp\/v2\/types\/product"}],"version-history":[{"count":9,"href":"https:\/\/pianinai.com\/pl\/wp-json\/wp\/v2\/product\/4970\/revisions"}],"predecessor-version":[{"id":5013,"href":"https:\/\/pianinai.com\/pl\/wp-json\/wp\/v2\/product\/4970\/revisions\/5013"}],"wp:featuredmedia":[{"embeddable":true,"href":"https:\/\/pianinai.com\/pl\/wp-json\/wp\/v2\/media\/4005"}],"wp:attachment":[{"href":"https:\/\/pianinai.com\/pl\/wp-json\/wp\/v2\/media?parent=4970"}],"wp:term":[{"taxonomy":"product_brand","embeddable":true,"href":"https:\/\/pianinai.com\/pl\/wp-json\/wp\/v2\/product_brand?post=4970"},{"taxonomy":"product_cat","embeddable":true,"href":"https:\/\/pianinai.com\/pl\/wp-json\/wp\/v2\/product_cat?post=4970"},{"taxonomy":"product_tag","embeddable":true,"href":"https:\/\/pianinai.com\/pl\/wp-json\/wp\/v2\/product_tag?post=4970"}],"curies":[{"name":"wp","href":"https:\/\/api.w.org\/{rel}","templated":true}]}}