{"id":4980,"date":"2025-06-05T13:01:21","date_gmt":"2025-06-05T13:01:21","guid":{"rendered":"https:\/\/pianinai.com\/?post_type=product&#038;p=4980"},"modified":"2026-03-13T09:45:59","modified_gmt":"2026-03-13T09:45:59","slug":"pianinas-rameau","status":"publish","type":"product","link":"https:\/\/pianinai.com\/pl\/pianinai\/pianinas-rameau\/","title":{"rendered":"Fortepian &quot;Rameau&quot;"},"content":{"rendered":"<p>&nbsp;<\/p>\n<p><img fetchpriority=\"high\" decoding=\"async\" class=\"size-medium wp-image-4981 aligncenter\" src=\"https:\/\/pianinai.com\/wp-content\/uploads\/2025\/06\/9660AB4D-D3F9-4231-9456-6916F02F282E-300x169.png\" alt=\"Rameau\" width=\"300\" height=\"169\" srcset=\"https:\/\/pianinai.com\/wp-content\/uploads\/2025\/06\/9660AB4D-D3F9-4231-9456-6916F02F282E-300x169.png 300w, https:\/\/pianinai.com\/wp-content\/uploads\/2025\/06\/9660AB4D-D3F9-4231-9456-6916F02F282E-1024x576.png 1024w, https:\/\/pianinai.com\/wp-content\/uploads\/2025\/06\/9660AB4D-D3F9-4231-9456-6916F02F282E-768x432.png 768w, https:\/\/pianinai.com\/wp-content\/uploads\/2025\/06\/9660AB4D-D3F9-4231-9456-6916F02F282E-1536x864.png 1536w, https:\/\/pianinai.com\/wp-content\/uploads\/2025\/06\/9660AB4D-D3F9-4231-9456-6916F02F282E-2048x1152.png 2048w, https:\/\/pianinai.com\/wp-content\/uploads\/2025\/06\/9660AB4D-D3F9-4231-9456-6916F02F282E-18x10.png 18w, https:\/\/pianinai.com\/wp-content\/uploads\/2025\/06\/9660AB4D-D3F9-4231-9456-6916F02F282E-1000x562.png 1000w\" sizes=\"(max-width: 300px) 100vw, 300px\" \/><\/p>\n<h4 data-start=\"185\" data-end=\"245\"><\/h4>\n<h4 data-start=\"185\" data-end=\"245\"><\/h4>\n<h4 data-start=\"185\" data-end=\"245\"><strong data-start=\"189\" data-end=\"245\">Fortepian Rameau \u2013 francuskie dziedzictwo rzemios\u0142a<\/strong><\/h4>\n<p>&nbsp;<\/p>\n<p data-start=\"247\" data-end=\"539\"><strong data-start=\"247\" data-end=\"266\">Fortepian Rameau<\/strong> \u2013 to nie tylko instrument, ale tak\u017ce cz\u0119\u015b\u0107 historii francuskiej sztuki fortepianowej. Stworzony w latach 70. przez presti\u017cowych mistrz\u00f3w Pleyela, \u00c9rarda i Gaveau fortepian Rameau wyr\u00f3\u017cnia si\u0119 elegancj\u0105, najwy\u017cszej jako\u015bci materia\u0142ami i nienagannym brzmieniem.<\/p>\n<h4 data-start=\"541\" data-end=\"570\"><\/h4>\n<h4 data-start=\"541\" data-end=\"570\"><strong data-start=\"546\" data-end=\"570\">Cechy wyr\u00f3\u017cniaj\u0105ce:<\/strong><\/h4>\n<p>&nbsp;<\/p>\n<ul data-start=\"571\" data-end=\"1140\">\n<li data-start=\"571\" data-end=\"709\">\n<p data-start=\"573\" data-end=\"709\"><strong data-start=\"573\" data-end=\"616\">Romantyczny d\u017awi\u0119k \u201e\u00e0 la fran\u00e7aise\u201d:<\/strong> ciep\u0142y, czysty i mi\u0119kki d\u017awi\u0119k, doceniany zar\u00f3wno przez profesjonalnych muzyk\u00f3w, jak i amator\u00f3w.<\/p>\n<\/li>\n<\/ul>\n<p>&nbsp;<\/p>\n<ul data-start=\"571\" data-end=\"1140\">\n<li data-start=\"710\" data-end=\"842\">\n<p data-start=\"712\" data-end=\"842\"><strong data-start=\"712\" data-end=\"742\">Wysokiej jako\u015bci mechanika:<\/strong> J\u0119zyk niemiecki u\u017cywany w wielu modelach <em data-start=\"777\" data-end=\"785\">Renner<\/em> system zapewniaj\u0105cy p\u0142ynn\u0105 i szybk\u0105 obs\u0142ug\u0119 klawiszy.<\/p>\n<\/li>\n<\/ul>\n<p>&nbsp;<\/p>\n<ul data-start=\"571\" data-end=\"1140\">\n<li data-start=\"843\" data-end=\"973\">\n<p data-start=\"845\" data-end=\"973\"><strong data-start=\"845\" data-end=\"879\">Autentyczna produkcja francuska:<\/strong> Fortepiany powstaj\u0105 w Al\u00e8s w po\u0142udniowej Francji, wed\u0142ug tradycyjnych standard\u00f3w rzemie\u015blniczych.<\/p>\n<\/li>\n<\/ul>\n<p>&nbsp;<\/p>\n<ul data-start=\"571\" data-end=\"1140\">\n<li data-start=\"974\" data-end=\"1140\">\n<p data-start=\"976\" data-end=\"1140\"><strong data-start=\"976\" data-end=\"1001\">Ekskluzywny design:<\/strong> Delikatna sylwetka, staranne wyko\u0144czenie i wyrafinowana wra\u017cliwo\u015b\u0107 estetyczna sprawiaj\u0105, \u017ce pianino to stanowi zar\u00f3wno muzyczny, jak i wizualny akcent w domu.<\/p>\n<\/li>\n<\/ul>\n<p>&nbsp;<\/p>\n<h4 data-start=\"1142\" data-end=\"1178\"><strong data-start=\"1147\" data-end=\"1178\">Dlaczego warto wybra\u0107 Rameau?<\/strong><\/h4>\n<p>&nbsp;<\/p>\n<p data-start=\"1179\" data-end=\"1475\">Pianino Rameau to idealny wyb\u00f3r dla os\u00f3b poszukuj\u0105cych <strong data-start=\"1232\" data-end=\"1283\">autentyczny, muzycznie zr\u00f3wnowa\u017cony instrument<\/strong> z histori\u0105. Chocia\u017c te fortepiany nie s\u0105 ju\u017c produkowane, ich jako\u015b\u0107 i trwa\u0142o\u015b\u0107 s\u0105 doceniane przez kolekcjoner\u00f3w i pianist\u00f3w na ca\u0142ym \u015bwiecie. S\u0105 to \u2013 <strong data-start=\"1427\" data-end=\"1475\">instrument z charakterem, dusz\u0105 i pochodzeniem.<\/strong><\/p>\n<p><img fetchpriority=\"high\" decoding=\"async\" class=\"size-medium wp-image-4981 aligncenter\" src=\"https:\/\/pianinai.com\/wp-content\/uploads\/2025\/06\/9660AB4D-D3F9-4231-9456-6916F02F282E-300x169.png\" alt=\"Rameau\" width=\"300\" height=\"169\" srcset=\"https:\/\/pianinai.com\/wp-content\/uploads\/2025\/06\/9660AB4D-D3F9-4231-9456-6916F02F282E-300x169.png 300w, https:\/\/pianinai.com\/wp-content\/uploads\/2025\/06\/9660AB4D-D3F9-4231-9456-6916F02F282E-1024x576.png 1024w, https:\/\/pianinai.com\/wp-content\/uploads\/2025\/06\/9660AB4D-D3F9-4231-9456-6916F02F282E-768x432.png 768w, https:\/\/pianinai.com\/wp-content\/uploads\/2025\/06\/9660AB4D-D3F9-4231-9456-6916F02F282E-1536x864.png 1536w, https:\/\/pianinai.com\/wp-content\/uploads\/2025\/06\/9660AB4D-D3F9-4231-9456-6916F02F282E-2048x1152.png 2048w, https:\/\/pianinai.com\/wp-content\/uploads\/2025\/06\/9660AB4D-D3F9-4231-9456-6916F02F282E-18x10.png 18w, https:\/\/pianinai.com\/wp-content\/uploads\/2025\/06\/9660AB4D-D3F9-4231-9456-6916F02F282E-1000x562.png 1000w\" sizes=\"(max-width: 300px) 100vw, 300px\" \/><\/p>\n<p>&nbsp;<\/p>","protected":false},"excerpt":{"rendered":"<p>Numer seryjny \u2013 59044<\/p>\n<p>Pianino wyprodukowane we Francji<\/p>\n<p>Kolor \u2013 bia\u0142y, b\u0142yszcz\u0105cy<\/p>\n<p>Mechanika \u2013 \u201eRENNER\u201d niemiecki<\/p>\n<p>Stan \u2013 u\u017cywany<\/p>","protected":false},"featured_media":3996,"template":"","meta":{"site-sidebar-layout":"default","site-content-layout":"","ast-site-content-layout":"default","site-content-style":"default","site-sidebar-style":"default","ast-global-header-display":"","ast-banner-title-visibility":"","ast-main-header-display":"","ast-hfb-above-header-display":"","ast-hfb-below-header-display":"","ast-hfb-mobile-header-display":"","site-post-title":"","ast-breadcrumbs-content":"","ast-featured-img":"","footer-sml-layout":"","theme-transparent-header-meta":"default","adv-header-id-meta":"","stick-header-meta":"","header-above-stick-meta":"","header-main-stick-meta":"","header-below-stick-meta":"","astra-migrate-meta-layouts":"set","ast-page-background-enabled":"default","ast-page-background-meta":{"desktop":{"background-color":"var(--ast-global-color-5)","background-image":"","background-repeat":"repeat","background-position":"center center","background-size":"auto","background-attachment":"scroll","background-type":"","background-media":"","overlay-type":"","overlay-color":"","overlay-opacity":"","overlay-gradient":""},"tablet":{"background-color":"","background-image":"","background-repeat":"repeat","background-position":"center center","background-size":"auto","background-attachment":"scroll","background-type":"","background-media":"","overlay-type":"","overlay-color":"","overlay-opacity":"","overlay-gradient":""},"mobile":{"background-color":"","background-image":"","background-repeat":"repeat","background-position":"center center","background-size":"auto","background-attachment":"scroll","background-type":"","background-media":"","overlay-type":"","overlay-color":"","overlay-opacity":"","overlay-gradient":""}},"ast-content-background-meta":{"desktop":{"background-color":"var(--ast-global-color-4)","background-image":"","background-repeat":"repeat","background-position":"center center","background-size":"auto","background-attachment":"scroll","background-type":"","background-media":"","overlay-type":"","overlay-color":"","overlay-opacity":"","overlay-gradient":""},"tablet":{"background-color":"var(--ast-global-color-4)","background-image":"","background-repeat":"repeat","background-position":"center center","background-size":"auto","background-attachment":"scroll","background-type":"","background-media":"","overlay-type":"","overlay-color":"","overlay-opacity":"","overlay-gradient":""},"mobile":{"background-color":"var(--ast-global-color-4)","background-image":"","background-repeat":"repeat","background-position":"center center","background-size":"auto","background-attachment":"scroll","background-type":"","background-media":"","overlay-type":"","overlay-color":"","overlay-opacity":"","overlay-gradient":""}}},"product_brand":[],"product_cat":[34],"product_tag":[],"class_list":{"0":"post-4980","1":"product","2":"type-product","3":"status-publish","4":"has-post-thumbnail","6":"product_cat-balti-pianinai","7":"desktop-align-center","8":"tablet-align-left","9":"mobile-align-left","10":"ast-product-gallery-layout-first-image-large","11":"ast-product-tabs-layout-horizontal","13":"first","14":"outofstock","15":"shipping-taxable","16":"purchasable","17":"product-type-simple"},"_links":{"self":[{"href":"https:\/\/pianinai.com\/pl\/wp-json\/wp\/v2\/product\/4980","targetHints":{"allow":["GET"]}}],"collection":[{"href":"https:\/\/pianinai.com\/pl\/wp-json\/wp\/v2\/product"}],"about":[{"href":"https:\/\/pianinai.com\/pl\/wp-json\/wp\/v2\/types\/product"}],"version-history":[{"count":5,"href":"https:\/\/pianinai.com\/pl\/wp-json\/wp\/v2\/product\/4980\/revisions"}],"predecessor-version":[{"id":5012,"href":"https:\/\/pianinai.com\/pl\/wp-json\/wp\/v2\/product\/4980\/revisions\/5012"}],"wp:featuredmedia":[{"embeddable":true,"href":"https:\/\/pianinai.com\/pl\/wp-json\/wp\/v2\/media\/3996"}],"wp:attachment":[{"href":"https:\/\/pianinai.com\/pl\/wp-json\/wp\/v2\/media?parent=4980"}],"wp:term":[{"taxonomy":"product_brand","embeddable":true,"href":"https:\/\/pianinai.com\/pl\/wp-json\/wp\/v2\/product_brand?post=4980"},{"taxonomy":"product_cat","embeddable":true,"href":"https:\/\/pianinai.com\/pl\/wp-json\/wp\/v2\/product_cat?post=4980"},{"taxonomy":"product_tag","embeddable":true,"href":"https:\/\/pianinai.com\/pl\/wp-json\/wp\/v2\/product_tag?post=4980"}],"curies":[{"name":"wp","href":"https:\/\/api.w.org\/{rel}","templated":true}]}}