{"id":4996,"date":"2025-06-06T10:33:04","date_gmt":"2025-06-06T10:33:04","guid":{"rendered":"https:\/\/pianinai.com\/?post_type=product&#038;p=4996"},"modified":"2025-09-25T06:28:51","modified_gmt":"2025-09-25T06:28:51","slug":"pianinas-kawai-4","status":"publish","type":"product","link":"https:\/\/pianinai.com\/pl\/pianinai\/pianinas-kawai-4\/","title":{"rendered":"Fortepian &quot;Kawaii&quot;"},"content":{"rendered":"<p>&nbsp;<\/p>\n<p><img fetchpriority=\"high\" decoding=\"async\" class=\"size-medium wp-image-3038 aligncenter\" src=\"https:\/\/pianinai.com\/wp-content\/uploads\/2025\/02\/8CC29C55-755B-486E-88D1-9237705D91B9-300x169.jpeg\" alt=\"Kawai\" width=\"300\" height=\"169\" srcset=\"https:\/\/pianinai.com\/wp-content\/uploads\/2025\/02\/8CC29C55-755B-486E-88D1-9237705D91B9-300x169.jpeg 300w, https:\/\/pianinai.com\/wp-content\/uploads\/2025\/02\/8CC29C55-755B-486E-88D1-9237705D91B9-scaled-1000x563.jpeg 1000w, https:\/\/pianinai.com\/wp-content\/uploads\/2025\/02\/8CC29C55-755B-486E-88D1-9237705D91B9-1024x576.jpeg 1024w, https:\/\/pianinai.com\/wp-content\/uploads\/2025\/02\/8CC29C55-755B-486E-88D1-9237705D91B9-768x432.jpeg 768w, https:\/\/pianinai.com\/wp-content\/uploads\/2025\/02\/8CC29C55-755B-486E-88D1-9237705D91B9-1536x864.jpeg 1536w, https:\/\/pianinai.com\/wp-content\/uploads\/2025\/02\/8CC29C55-755B-486E-88D1-9237705D91B9-2048x1152.jpeg 2048w, https:\/\/pianinai.com\/wp-content\/uploads\/2025\/02\/8CC29C55-755B-486E-88D1-9237705D91B9-18x10.jpeg 18w\" sizes=\"(max-width: 300px) 100vw, 300px\" \/><\/p>\n<h2 data-sourcepos=\"5:1-5:52\"><\/h2>\n<h5 data-sourcepos=\"5:1-5:52\">Pianina Kawai: po\u0142\u0105czenie rzemios\u0142a i innowacji<\/h5>\n<p>&nbsp;<\/p>\n<p data-sourcepos=\"7:1-7:403\">Kawai to nazwa, kt\u00f3ra od ponad 90 lat jest kojarzona z wyj\u0105tkow\u0105 tradycj\u0105 produkcji fortepian\u00f3w i ci\u0105g\u0142\u0105 innowacj\u0105. Ka\u017cdy fortepian Kawai to starannie wykonany instrument, kt\u00f3ry odzwierciedla g\u0142\u0119bok\u0105 wiedz\u0119, pasj\u0119 do muzyki i oddanie perfekcji. Wybieraj\u0105c Kawai, wybierasz nie tylko instrument, ale tak\u017ce dziedzictwo do\u015bwiadczenia, niezawodno\u015bci i inspiruj\u0105cego brzmienia, kt\u00f3re b\u0119dzie Ci\u0119 zachwyca\u0107 przez wiele lat.<\/p>\n<h5 data-sourcepos=\"9:1-9:48\">Dlaczego warto wybra\u0107 Kawai?<\/h5>\n<p>&nbsp;<\/p>\n<p>&nbsp;<\/p>\n<ul data-sourcepos=\"11:1-22:0\">\n<li data-sourcepos=\"11:1-12:0\">\n<p data-sourcepos=\"11:3-11:391\"><strong>Doskona\u0142y d\u017awi\u0119k i akustyka:<\/strong> Pianina Kawai s\u0142yn\u0105 z bogatego, ciep\u0142ego i rezonansowego brzmienia. Starannie dobrane drewno, precyzyjnie zaprojektowane p\u0142yty rezonansowe i unikalne technologie akustyczne zapewniaj\u0105 wyj\u0105tkowy zakres barwy i ekspresji. Od najdelikatniejszych niuans\u00f3w po najpot\u0119\u017cniejsze akordy, pianino Kawai pozwoli Ci wyrazi\u0107 pe\u0142n\u0105 gam\u0119 muzycznych emocji.<\/p>\n<\/li>\n<\/ul>\n<p>&nbsp;<\/p>\n<ul data-sourcepos=\"11:1-22:0\">\n<li data-sourcepos=\"13:1-14:0\">\n<p data-sourcepos=\"13:3-13:552\"><strong>Najwy\u017cszej jako\u015bci mechanizmy:<\/strong> Kawai jest liderem w dziedzinie innowacji mechanizm\u00f3w. Wiele pianin Kawai wykorzystuje zaawansowane <strong>Tysi\u0105clecie III<\/strong> Lub <strong>Ultra-responsywny<\/strong> mechanizmy wykonane z w\u0142\u00f3kna w\u0119glowego i materia\u0142\u00f3w kompozytowych ABS-Carbon. Materia\u0142y te s\u0105 niezwykle lekkie, wytrzyma\u0142e i odporne na zmiany wilgotno\u015bci, zapewniaj\u0105c niesamowit\u0105 reakcj\u0119 klawiszy, stabilno\u015b\u0107 i trwa\u0142o\u015b\u0107. Oznacza to szybsze czasy pr\u00f3b, wi\u0119ksz\u0105 dok\u0142adno\u015b\u0107 i \u0142atwiejsz\u0105 kontrol\u0119 dynamiki, co jest szczeg\u00f3lnie wa\u017cne zar\u00f3wno dla pocz\u0105tkuj\u0105cych, jak i profesjonalist\u00f3w.<\/p>\n<\/li>\n<\/ul>\n<p>&nbsp;<\/p>\n<ul data-sourcepos=\"11:1-22:0\">\n<li data-sourcepos=\"15:1-16:0\">\n<p data-sourcepos=\"15:3-15:408\"><strong>Precyzyjne czucie klawiszy:<\/strong> Kawai zwraca szczeg\u00f3ln\u0105 uwag\u0119 na czu\u0142o\u015b\u0107 i reakcj\u0119 klawiszy, staraj\u0105c si\u0119 odtworzy\u0107 wra\u017cenia z gry na pianinie akustycznym tak dok\u0142adnie, jak to mo\u017cliwe. Klawisze s\u0105 starannie wywa\u017cone i wywa\u017cone, zapewniaj\u0105c autentyczny dotyk, kt\u00f3ry pozwala piani\u015bcie poczu\u0107 pe\u0142n\u0105 kontrol\u0119 nad d\u017awi\u0119kiem. Jest to szczeg\u00f3lnie prawdziwe w przypadku pianin cyfrowych, za pomoc\u0105 kt\u00f3rych Kawai z powodzeniem odtwarza wra\u017cenia z gry na instrumencie akustycznym.<\/p>\n<\/li>\n<\/ul>\n<p>&nbsp;<\/p>\n<ul data-sourcepos=\"11:1-22:0\">\n<li data-sourcepos=\"17:1-18:0\">\n<p data-sourcepos=\"17:3-17:303\"><strong>Niezawodno\u015b\u0107 i trwa\u0142o\u015b\u0107:<\/strong> Pianina Kawai s\u0105 zbudowane tak, aby przetrwa\u0107. Zastosowanie materia\u0142\u00f3w najwy\u017cszej jako\u015bci i surowe kontrole produkcji zapewniaj\u0105, \u017ce ka\u017cdy instrument jest niezawodny i przetrwa pr\u00f3b\u0119 czasu. To \u015bwietna inwestycja w edukacj\u0119 muzyczn\u0105 i d\u0142ugoterminow\u0105 przyjemno\u015b\u0107.<\/p>\n<\/li>\n<\/ul>\n<p>&nbsp;<\/p>\n<ul data-sourcepos=\"11:1-22:0\">\n<li data-sourcepos=\"19:1-20:0\">\n<p data-sourcepos=\"19:3-19:413\"><strong>Innowacje i technologia:<\/strong> Kawai nieustannie wprowadza innowacje, aby ulepszy\u0107 wra\u017cenia z gry. Obejmuje to nie tylko ulepszenia mechanizm\u00f3w, ale tak\u017ce technologie pianina cyfrowego, takie jak zaawansowane systemy pr\u00f3bkowania d\u017awi\u0119ku, funkcje Virtual Technician, kt\u00f3re pozwalaj\u0105 dostosowa\u0107 parametry d\u017awi\u0119ku do indywidualnych potrzeb, oraz \u0142\u0105czno\u015b\u0107 Bluetooth, kt\u00f3ra oferuje wi\u0119cej mo\u017cliwo\u015bci nauki i tworzenia.<\/p>\n<\/li>\n<\/ul>\n<p>&nbsp;<\/p>\n<ul data-sourcepos=\"11:1-22:0\">\n<li data-sourcepos=\"21:1-22:0\">\n<p data-sourcepos=\"21:3-21:348\"><strong>Szeroka gama modeli:<\/strong> Od pianin cyfrowych dla pocz\u0105tkuj\u0105cych po profesjonalne fortepiany koncertowe, Kawai oferuje szerok\u0105 gam\u0119 modeli dostosowanych do potrzeb i bud\u017cetu ka\u017cdego pianisty. Niezale\u017cnie od tego, czy szukasz kompaktowego instrumentu do domu, czy pot\u0119\u017cnego fortepianu scenicznego, Kawai ma dla Ciebie odpowiedni\u0105 opcj\u0119.<\/p>\n<\/li>\n<\/ul>\n<p>&nbsp;<\/p>\n<h5><\/h5>\n<h5>Zakup pianina Kawai to inwestycja w jako\u015b\u0107, trwa\u0142o\u015b\u0107 i bezcenne do\u015bwiadczenie muzyczne. Wybierz Kawai i pozw\u00f3l muzyce gra\u0107!<\/h5>\n<p>&nbsp;<\/p>\n<p><img fetchpriority=\"high\" decoding=\"async\" class=\"size-medium wp-image-3038 aligncenter\" src=\"https:\/\/pianinai.com\/wp-content\/uploads\/2025\/02\/8CC29C55-755B-486E-88D1-9237705D91B9-300x169.jpeg\" alt=\"Kawai\" width=\"300\" height=\"169\" srcset=\"https:\/\/pianinai.com\/wp-content\/uploads\/2025\/02\/8CC29C55-755B-486E-88D1-9237705D91B9-300x169.jpeg 300w, https:\/\/pianinai.com\/wp-content\/uploads\/2025\/02\/8CC29C55-755B-486E-88D1-9237705D91B9-scaled-1000x563.jpeg 1000w, https:\/\/pianinai.com\/wp-content\/uploads\/2025\/02\/8CC29C55-755B-486E-88D1-9237705D91B9-1024x576.jpeg 1024w, https:\/\/pianinai.com\/wp-content\/uploads\/2025\/02\/8CC29C55-755B-486E-88D1-9237705D91B9-768x432.jpeg 768w, https:\/\/pianinai.com\/wp-content\/uploads\/2025\/02\/8CC29C55-755B-486E-88D1-9237705D91B9-1536x864.jpeg 1536w, https:\/\/pianinai.com\/wp-content\/uploads\/2025\/02\/8CC29C55-755B-486E-88D1-9237705D91B9-2048x1152.jpeg 2048w, https:\/\/pianinai.com\/wp-content\/uploads\/2025\/02\/8CC29C55-755B-486E-88D1-9237705D91B9-18x10.jpeg 18w\" sizes=\"(max-width: 300px) 100vw, 300px\" \/><\/p>\n<p>&nbsp;<\/p>","protected":false},"excerpt":{"rendered":"<p>Numer seryjny \u2013 M1490967<\/p>\n<p>Modele \u2013 CX-4<\/p>\n<p>Wyprodukowano w \u2013 Japonii<\/p>\n<p>Kolor \u2013 czarny, b\u0142yszcz\u0105cy<\/p>\n<p>Mechanika \u2013 \u201eKawai\u201d japo\u0144ski<\/p>\n<p>Stan \u2013 u\u017cywany<\/p>","protected":false},"featured_media":4000,"template":"","meta":{"site-sidebar-layout":"default","site-content-layout":"","ast-site-content-layout":"default","site-content-style":"default","site-sidebar-style":"default","ast-global-header-display":"","ast-banner-title-visibility":"","ast-main-header-display":"","ast-hfb-above-header-display":"","ast-hfb-below-header-display":"","ast-hfb-mobile-header-display":"","site-post-title":"","ast-breadcrumbs-content":"","ast-featured-img":"","footer-sml-layout":"","theme-transparent-header-meta":"default","adv-header-id-meta":"","stick-header-meta":"","header-above-stick-meta":"","header-main-stick-meta":"","header-below-stick-meta":"","astra-migrate-meta-layouts":"set","ast-page-background-enabled":"default","ast-page-background-meta":{"desktop":{"background-color":"var(--ast-global-color-5)","background-image":"","background-repeat":"repeat","background-position":"center center","background-size":"auto","background-attachment":"scroll","background-type":"","background-media":"","overlay-type":"","overlay-color":"","overlay-opacity":"","overlay-gradient":""},"tablet":{"background-color":"","background-image":"","background-repeat":"repeat","background-position":"center center","background-size":"auto","background-attachment":"scroll","background-type":"","background-media":"","overlay-type":"","overlay-color":"","overlay-opacity":"","overlay-gradient":""},"mobile":{"background-color":"","background-image":"","background-repeat":"repeat","background-position":"center center","background-size":"auto","background-attachment":"scroll","background-type":"","background-media":"","overlay-type":"","overlay-color":"","overlay-opacity":"","overlay-gradient":""}},"ast-content-background-meta":{"desktop":{"background-color":"var(--ast-global-color-4)","background-image":"","background-repeat":"repeat","background-position":"center center","background-size":"auto","background-attachment":"scroll","background-type":"","background-media":"","overlay-type":"","overlay-color":"","overlay-opacity":"","overlay-gradient":""},"tablet":{"background-color":"var(--ast-global-color-4)","background-image":"","background-repeat":"repeat","background-position":"center center","background-size":"auto","background-attachment":"scroll","background-type":"","background-media":"","overlay-type":"","overlay-color":"","overlay-opacity":"","overlay-gradient":""},"mobile":{"background-color":"var(--ast-global-color-4)","background-image":"","background-repeat":"repeat","background-position":"center center","background-size":"auto","background-attachment":"scroll","background-type":"","background-media":"","overlay-type":"","overlay-color":"","overlay-opacity":"","overlay-gradient":""}}},"product_brand":[],"product_cat":[35],"product_tag":[],"class_list":{"0":"post-4996","1":"product","2":"type-product","3":"status-publish","4":"has-post-thumbnail","6":"product_cat-juodi-pianinai","7":"desktop-align-center","8":"tablet-align-left","9":"mobile-align-left","10":"ast-product-gallery-layout-first-image-large","11":"ast-product-tabs-layout-horizontal","13":"first","14":"outofstock","15":"shipping-taxable","16":"purchasable","17":"product-type-simple"},"_links":{"self":[{"href":"https:\/\/pianinai.com\/pl\/wp-json\/wp\/v2\/product\/4996","targetHints":{"allow":["GET"]}}],"collection":[{"href":"https:\/\/pianinai.com\/pl\/wp-json\/wp\/v2\/product"}],"about":[{"href":"https:\/\/pianinai.com\/pl\/wp-json\/wp\/v2\/types\/product"}],"version-history":[{"count":6,"href":"https:\/\/pianinai.com\/pl\/wp-json\/wp\/v2\/product\/4996\/revisions"}],"predecessor-version":[{"id":5180,"href":"https:\/\/pianinai.com\/pl\/wp-json\/wp\/v2\/product\/4996\/revisions\/5180"}],"wp:featuredmedia":[{"embeddable":true,"href":"https:\/\/pianinai.com\/pl\/wp-json\/wp\/v2\/media\/4000"}],"wp:attachment":[{"href":"https:\/\/pianinai.com\/pl\/wp-json\/wp\/v2\/media?parent=4996"}],"wp:term":[{"taxonomy":"product_brand","embeddable":true,"href":"https:\/\/pianinai.com\/pl\/wp-json\/wp\/v2\/product_brand?post=4996"},{"taxonomy":"product_cat","embeddable":true,"href":"https:\/\/pianinai.com\/pl\/wp-json\/wp\/v2\/product_cat?post=4996"},{"taxonomy":"product_tag","embeddable":true,"href":"https:\/\/pianinai.com\/pl\/wp-json\/wp\/v2\/product_tag?post=4996"}],"curies":[{"name":"wp","href":"https:\/\/api.w.org\/{rel}","templated":true}]}}