{"id":5262,"date":"2026-03-13T09:56:47","date_gmt":"2026-03-13T09:56:47","guid":{"rendered":"https:\/\/pianinai.com\/?post_type=product&#038;p=5262"},"modified":"2026-04-10T07:44:58","modified_gmt":"2026-04-10T07:44:58","slug":"pianinas-schimmel-4","status":"publish","type":"product","link":"https:\/\/pianinai.com\/pl\/pianinai\/pianinas-schimmel-4\/","title":{"rendered":"Fortepian &quot;Schimmel&quot;"},"content":{"rendered":"<p>Pianino Schimmel 112. To elegancki, klasycznie wygl\u0105daj\u0105cy niemiecki instrument, ceniony za przyjemn\u0105 barw\u0119 d\u017awi\u0119ku, responsywn\u0105 klawiatur\u0119 i ciep\u0142e, muzykalne brzmienie.<br \/>\nW tym pianinie zastosowano mechanizm Renner, produkt jednego z najbardziej renomowanych niemieckich producent\u00f3w mechanizm\u00f3w fortepianowych. Mechanizm Renner jest ceniony za precyzj\u0119, czu\u0142\u0105 reakcj\u0119 klawiszy, dobr\u0105 kontrol\u0119 dynamiki i niezawodno\u015b\u0107, dzi\u0119ki czemu gra na instrumencie jest przyjemna i komfortowa zar\u00f3wno dla pocz\u0105tkuj\u0105cych, jak i zaawansowanych graczy.<br \/>\nPianino doskonale sprawdzi si\u0119 zar\u00f3wno dla pocz\u0105tkuj\u0105cych, jak i zaawansowanych muzyk\u00f3w, a tak\u017ce w szkole muzycznej lub w domu.<\/p>\n<p>Zalety:<\/p>\n<p>Przyjemny, ciep\u0142y i bogaty d\u017awi\u0119k<br \/>\nWygodna, p\u0142ynna i responsywna klawiatura<br \/>\nWbudowana wysokiej jako\u015bci mechanika Renner<br \/>\nPrecyzyjna reakcja klawiszy i lepsza kontrola dynamiki<br \/>\nNiezawodny i trwa\u0142y mechanizm<br \/>\nKlasyczny, elegancki design<br \/>\nNadaje si\u0119 do nauki i codziennej zabawy<br \/>\nWysokiej jako\u015bci niemiecki instrument<\/p>\n<p>Wykonana praca:<\/p>\n<p>Dostosowana mechanika<br \/>\nWyczyszczona i wypolerowana klawiatura<br \/>\nSkoordynowany<br \/>\nSchludny wygl\u0105d<br \/>\nGotowy do u\u017cycia<\/p>","protected":false},"excerpt":{"rendered":"<p>Numer seryjny \u2013 167478<\/p>\n<p>Wyprodukowano w Niemczech<\/p>\n<p>Kolor \u2013 Br\u0105zowy, matowy<\/p>\n<p>Mechanika \u2013 Renner, niemiecki<\/p>\n<p>Stan \u2013 u\u017cywany<\/p>","protected":false},"featured_media":5246,"template":"","meta":{"site-sidebar-layout":"default","site-content-layout":"","ast-site-content-layout":"default","site-content-style":"default","site-sidebar-style":"default","ast-global-header-display":"","ast-banner-title-visibility":"","ast-main-header-display":"","ast-hfb-above-header-display":"","ast-hfb-below-header-display":"","ast-hfb-mobile-header-display":"","site-post-title":"","ast-breadcrumbs-content":"","ast-featured-img":"","footer-sml-layout":"","theme-transparent-header-meta":"default","adv-header-id-meta":"","stick-header-meta":"","header-above-stick-meta":"","header-main-stick-meta":"","header-below-stick-meta":"","astra-migrate-meta-layouts":"set","ast-page-background-enabled":"default","ast-page-background-meta":{"desktop":{"background-color":"var(--ast-global-color-5)","background-image":"","background-repeat":"repeat","background-position":"center center","background-size":"auto","background-attachment":"scroll","background-type":"","background-media":"","overlay-type":"","overlay-color":"","overlay-opacity":"","overlay-gradient":""},"tablet":{"background-color":"","background-image":"","background-repeat":"repeat","background-position":"center center","background-size":"auto","background-attachment":"scroll","background-type":"","background-media":"","overlay-type":"","overlay-color":"","overlay-opacity":"","overlay-gradient":""},"mobile":{"background-color":"","background-image":"","background-repeat":"repeat","background-position":"center center","background-size":"auto","background-attachment":"scroll","background-type":"","background-media":"","overlay-type":"","overlay-color":"","overlay-opacity":"","overlay-gradient":""}},"ast-content-background-meta":{"desktop":{"background-color":"var(--ast-global-color-4)","background-image":"","background-repeat":"repeat","background-position":"center center","background-size":"auto","background-attachment":"scroll","background-type":"","background-media":"","overlay-type":"","overlay-color":"","overlay-opacity":"","overlay-gradient":""},"tablet":{"background-color":"var(--ast-global-color-4)","background-image":"","background-repeat":"repeat","background-position":"center center","background-size":"auto","background-attachment":"scroll","background-type":"","background-media":"","overlay-type":"","overlay-color":"","overlay-opacity":"","overlay-gradient":""},"mobile":{"background-color":"var(--ast-global-color-4)","background-image":"","background-repeat":"repeat","background-position":"center center","background-size":"auto","background-attachment":"scroll","background-type":"","background-media":"","overlay-type":"","overlay-color":"","overlay-opacity":"","overlay-gradient":""}}},"product_brand":[],"product_cat":[31],"product_tag":[],"class_list":{"0":"post-5262","1":"product","2":"type-product","3":"status-publish","4":"has-post-thumbnail","6":"product_cat-rudi-pianinai","7":"desktop-align-center","8":"tablet-align-left","9":"mobile-align-left","10":"ast-product-gallery-layout-first-image-large","11":"ast-product-tabs-layout-horizontal","13":"first","14":"instock","15":"shipping-taxable","16":"purchasable","17":"product-type-simple"},"_links":{"self":[{"href":"https:\/\/pianinai.com\/pl\/wp-json\/wp\/v2\/product\/5262","targetHints":{"allow":["GET"]}}],"collection":[{"href":"https:\/\/pianinai.com\/pl\/wp-json\/wp\/v2\/product"}],"about":[{"href":"https:\/\/pianinai.com\/pl\/wp-json\/wp\/v2\/types\/product"}],"version-history":[{"count":3,"href":"https:\/\/pianinai.com\/pl\/wp-json\/wp\/v2\/product\/5262\/revisions"}],"predecessor-version":[{"id":5301,"href":"https:\/\/pianinai.com\/pl\/wp-json\/wp\/v2\/product\/5262\/revisions\/5301"}],"wp:featuredmedia":[{"embeddable":true,"href":"https:\/\/pianinai.com\/pl\/wp-json\/wp\/v2\/media\/5246"}],"wp:attachment":[{"href":"https:\/\/pianinai.com\/pl\/wp-json\/wp\/v2\/media?parent=5262"}],"wp:term":[{"taxonomy":"product_brand","embeddable":true,"href":"https:\/\/pianinai.com\/pl\/wp-json\/wp\/v2\/product_brand?post=5262"},{"taxonomy":"product_cat","embeddable":true,"href":"https:\/\/pianinai.com\/pl\/wp-json\/wp\/v2\/product_cat?post=5262"},{"taxonomy":"product_tag","embeddable":true,"href":"https:\/\/pianinai.com\/pl\/wp-json\/wp\/v2\/product_tag?post=5262"}],"curies":[{"name":"wp","href":"https:\/\/api.w.org\/{rel}","templated":true}]}}