{"id":5271,"date":"2026-03-13T10:17:13","date_gmt":"2026-03-13T10:17:13","guid":{"rendered":"https:\/\/pianinai.com\/?post_type=product&#038;p=5271"},"modified":"2026-04-10T07:42:57","modified_gmt":"2026-04-10T07:42:57","slug":"pianinas-yamaha-yus","status":"publish","type":"product","link":"https:\/\/pianinai.com\/pl\/pianinai\/pianinas-yamaha-yus\/","title":{"rendered":"Fortepian &quot;Yamaha&quot; YUS"},"content":{"rendered":"<p>Fortepian Yamaha YUS. To wysokiej klasy japo\u0144ski instrument, ceniony za bogate, czyste i wyraziste brzmienie, precyzyjn\u0105 mechanik\u0119 i niezwykle przyjemn\u0105 gr\u0119.<br \/>\nSeria Yamaha YUS wyr\u00f3\u017cnia si\u0119 wy\u017csz\u0105 jako\u015bci\u0105, bardziej czu\u0142\u0105 reakcj\u0105 klawiszy i bardziej subteln\u0105 kontrol\u0105 dynamiki, co sprawia, \u017ce pianina te s\u0105 szczeg\u00f3lnie cenione przez muzyk\u00f3w poszukuj\u0105cych nie tylko niezawodnego, ale i bardziej dojrza\u0142ego muzycznie instrumentu. To pianino idealne zar\u00f3wno do powa\u017cnej nauki, jak i do codziennego grania w domu lub szkole muzycznej.<\/p>\n<p>Zalety:<\/p>\n<p>Bogaty, czysty i wyrazisty d\u017awi\u0119k Yamahy<br \/>\nDok\u0142adna, responsywna i wygodna klawiatura<br \/>\nInstrument Yamaha z serii YUS najwy\u017cszej klasy<br \/>\nDoskona\u0142a kontrola dynamiki i komfort gry<br \/>\nNiezawodna, stabilna i trwa\u0142a mechanika<br \/>\nElegancki, solidny klasyczny design<br \/>\nNadaje si\u0119 zar\u00f3wno do nauki, jak i powa\u017cniejszej pracy muzycznej<br \/>\nWysokiej jako\u015bci japo\u0144ski instrument dla tych, kt\u00f3rzy ceni\u0105 sobie wy\u017csz\u0105 klas\u0119<\/p>\n<p>Wykonana praca:<\/p>\n<p>Dostosowana mechanika<br \/>\nWyczyszczona i wypolerowana klawiatura<br \/>\nSkoordynowany<br \/>\nSchludny wygl\u0105d<br \/>\nGotowy do u\u017cycia<\/p>","protected":false},"excerpt":{"rendered":"<p>Numer seryjny \u2013 3662827<\/p>\n<p>Wyprodukowano w \u2013 Japonii<\/p>\n<p>Kolor \u2013 czarny, b\u0142yszcz\u0105cy<\/p>\n<p>Mechanika \u2013 \u201eYamaha\u201d japo\u0144ska<\/p>\n<p>Stan \u2013 u\u017cywany<\/p>","protected":false},"featured_media":5251,"template":"","meta":{"site-sidebar-layout":"default","site-content-layout":"","ast-site-content-layout":"default","site-content-style":"default","site-sidebar-style":"default","ast-global-header-display":"","ast-banner-title-visibility":"","ast-main-header-display":"","ast-hfb-above-header-display":"","ast-hfb-below-header-display":"","ast-hfb-mobile-header-display":"","site-post-title":"","ast-breadcrumbs-content":"","ast-featured-img":"","footer-sml-layout":"","theme-transparent-header-meta":"default","adv-header-id-meta":"","stick-header-meta":"","header-above-stick-meta":"","header-main-stick-meta":"","header-below-stick-meta":"","astra-migrate-meta-layouts":"set","ast-page-background-enabled":"default","ast-page-background-meta":{"desktop":{"background-color":"var(--ast-global-color-5)","background-image":"","background-repeat":"repeat","background-position":"center center","background-size":"auto","background-attachment":"scroll","background-type":"","background-media":"","overlay-type":"","overlay-color":"","overlay-opacity":"","overlay-gradient":""},"tablet":{"background-color":"","background-image":"","background-repeat":"repeat","background-position":"center center","background-size":"auto","background-attachment":"scroll","background-type":"","background-media":"","overlay-type":"","overlay-color":"","overlay-opacity":"","overlay-gradient":""},"mobile":{"background-color":"","background-image":"","background-repeat":"repeat","background-position":"center center","background-size":"auto","background-attachment":"scroll","background-type":"","background-media":"","overlay-type":"","overlay-color":"","overlay-opacity":"","overlay-gradient":""}},"ast-content-background-meta":{"desktop":{"background-color":"var(--ast-global-color-4)","background-image":"","background-repeat":"repeat","background-position":"center center","background-size":"auto","background-attachment":"scroll","background-type":"","background-media":"","overlay-type":"","overlay-color":"","overlay-opacity":"","overlay-gradient":""},"tablet":{"background-color":"var(--ast-global-color-4)","background-image":"","background-repeat":"repeat","background-position":"center center","background-size":"auto","background-attachment":"scroll","background-type":"","background-media":"","overlay-type":"","overlay-color":"","overlay-opacity":"","overlay-gradient":""},"mobile":{"background-color":"var(--ast-global-color-4)","background-image":"","background-repeat":"repeat","background-position":"center center","background-size":"auto","background-attachment":"scroll","background-type":"","background-media":"","overlay-type":"","overlay-color":"","overlay-opacity":"","overlay-gradient":""}}},"product_brand":[],"product_cat":[35],"product_tag":[],"class_list":{"0":"post-5271","1":"product","2":"type-product","3":"status-publish","4":"has-post-thumbnail","6":"product_cat-juodi-pianinai","7":"desktop-align-center","8":"tablet-align-left","9":"mobile-align-left","10":"ast-product-gallery-layout-first-image-large","11":"ast-product-tabs-layout-horizontal","13":"first","14":"instock","15":"shipping-taxable","16":"purchasable","17":"product-type-simple"},"_links":{"self":[{"href":"https:\/\/pianinai.com\/pl\/wp-json\/wp\/v2\/product\/5271","targetHints":{"allow":["GET"]}}],"collection":[{"href":"https:\/\/pianinai.com\/pl\/wp-json\/wp\/v2\/product"}],"about":[{"href":"https:\/\/pianinai.com\/pl\/wp-json\/wp\/v2\/types\/product"}],"version-history":[{"count":3,"href":"https:\/\/pianinai.com\/pl\/wp-json\/wp\/v2\/product\/5271\/revisions"}],"predecessor-version":[{"id":5299,"href":"https:\/\/pianinai.com\/pl\/wp-json\/wp\/v2\/product\/5271\/revisions\/5299"}],"wp:featuredmedia":[{"embeddable":true,"href":"https:\/\/pianinai.com\/pl\/wp-json\/wp\/v2\/media\/5251"}],"wp:attachment":[{"href":"https:\/\/pianinai.com\/pl\/wp-json\/wp\/v2\/media?parent=5271"}],"wp:term":[{"taxonomy":"product_brand","embeddable":true,"href":"https:\/\/pianinai.com\/pl\/wp-json\/wp\/v2\/product_brand?post=5271"},{"taxonomy":"product_cat","embeddable":true,"href":"https:\/\/pianinai.com\/pl\/wp-json\/wp\/v2\/product_cat?post=5271"},{"taxonomy":"product_tag","embeddable":true,"href":"https:\/\/pianinai.com\/pl\/wp-json\/wp\/v2\/product_tag?post=5271"}],"curies":[{"name":"wp","href":"https:\/\/api.w.org\/{rel}","templated":true}]}}