{"id":5273,"date":"2026-03-13T10:20:51","date_gmt":"2026-03-13T10:20:51","guid":{"rendered":"https:\/\/pianinai.com\/?post_type=product&#038;p=5273"},"modified":"2026-04-10T07:33:59","modified_gmt":"2026-04-10T07:33:59","slug":"pianinas-petrof-p131","status":"publish","type":"product","link":"https:\/\/pianinai.com\/pl\/pianinai\/pianinas-petrof-p131\/","title":{"rendered":"Fortepian &quot;Petrof&quot; P131"},"content":{"rendered":"<p>Na sprzeda\u017c praktycznie nowe pianino Petrof P131. To wysokiej klasy, klasycznie wygl\u0105daj\u0105cy instrument, ceniony za bogate, ciep\u0142e i muzykalne brzmienie, czu\u0142\u0105 klawiatur\u0119 i wygod\u0119 gry.<br \/>\nTo pianino posiada cenion\u0105 mechanik\u0119 Renner, znan\u0105 z precyzji, responsywnej reakcji klawiszy, dobrej kontroli dynamiki i niezawodno\u015bci. Dzi\u0119ki temu jest to idealny instrument zar\u00f3wno dla zaawansowanych pianist\u00f3w, jak i dla zaawansowanych, poszukuj\u0105cych wysokiej jako\u015bci instrumentu muzycznego do codziennej gry.<br \/>\nPianino posiada r\u00f3wnie\u017c system cichej gry Technics SM-ZS30 Silent System, kt\u00f3ry pozwala gra\u0107 na s\u0142uchawkach bez przeszkadzania innym. To bardzo wygodne rozwi\u0105zanie do gry wieczorem, wczesnym rankiem lub w mieszkaniu, gdy chcesz zachowa\u0107 brzmienie fortepianu akustycznego, ale jednocze\u015bnie mie\u0107 mo\u017cliwo\u015b\u0107 cichej gry.<br \/>\nPianino doskonale sprawdzi si\u0119 w domu, w szkole muzycznej lub dla bardziej wymagaj\u0105cego muzyka.<\/p>\n<p>Zalety:<\/p>\n<p>Przyjemne, ciep\u0142e i bogate brzmienie \u201ePetrof\u201d<br \/>\nWygodna, p\u0142ynna i responsywna klawiatura<br \/>\nWbudowana wysokiej jako\u015bci mechanika Renner<br \/>\nPrecyzyjna reakcja klawiszy i dobra kontrola dynamiki<br \/>\nZainstalowano system cichej pracy Technics SM-ZS30<br \/>\nMo\u017cliwo\u015b\u0107 grania na s\u0142uchawkach bez przeszkadzania innym<br \/>\nElegancki, solidny klasyczny design<\/p>\n<p>Wykonana praca:<\/p>\n<p>Dostosowana mechanika<br \/>\nWyczyszczona i wypolerowana klawiatura<br \/>\nSkoordynowany<br \/>\nSchludny wygl\u0105d<br \/>\nZweryfikowana wydajno\u015b\u0107 systemu Silent<br \/>\nGotowy do u\u017cycia<\/p>","protected":false},"excerpt":{"rendered":"<p>Numer seryjny \u2013 594090<\/p>\n<p>Model \u2013 Petrof P131<\/p>\n<p>Pianino wyprodukowane w Czechach<\/p>\n<p>Kolor \u2013 czarny, b\u0142yszcz\u0105cy<\/p>\n<p>Mechanika \u2013 \u201eRenerr\u201d, niemiecki<\/p>\n<p>Stan \u2013 u\u017cywany<\/p>","protected":false},"featured_media":5250,"template":"","meta":{"site-sidebar-layout":"default","site-content-layout":"","ast-site-content-layout":"default","site-content-style":"default","site-sidebar-style":"default","ast-global-header-display":"","ast-banner-title-visibility":"","ast-main-header-display":"","ast-hfb-above-header-display":"","ast-hfb-below-header-display":"","ast-hfb-mobile-header-display":"","site-post-title":"","ast-breadcrumbs-content":"","ast-featured-img":"","footer-sml-layout":"","theme-transparent-header-meta":"default","adv-header-id-meta":"","stick-header-meta":"","header-above-stick-meta":"","header-main-stick-meta":"","header-below-stick-meta":"","astra-migrate-meta-layouts":"set","ast-page-background-enabled":"default","ast-page-background-meta":{"desktop":{"background-color":"var(--ast-global-color-5)","background-image":"","background-repeat":"repeat","background-position":"center center","background-size":"auto","background-attachment":"scroll","background-type":"","background-media":"","overlay-type":"","overlay-color":"","overlay-opacity":"","overlay-gradient":""},"tablet":{"background-color":"","background-image":"","background-repeat":"repeat","background-position":"center center","background-size":"auto","background-attachment":"scroll","background-type":"","background-media":"","overlay-type":"","overlay-color":"","overlay-opacity":"","overlay-gradient":""},"mobile":{"background-color":"","background-image":"","background-repeat":"repeat","background-position":"center center","background-size":"auto","background-attachment":"scroll","background-type":"","background-media":"","overlay-type":"","overlay-color":"","overlay-opacity":"","overlay-gradient":""}},"ast-content-background-meta":{"desktop":{"background-color":"var(--ast-global-color-4)","background-image":"","background-repeat":"repeat","background-position":"center center","background-size":"auto","background-attachment":"scroll","background-type":"","background-media":"","overlay-type":"","overlay-color":"","overlay-opacity":"","overlay-gradient":""},"tablet":{"background-color":"var(--ast-global-color-4)","background-image":"","background-repeat":"repeat","background-position":"center center","background-size":"auto","background-attachment":"scroll","background-type":"","background-media":"","overlay-type":"","overlay-color":"","overlay-opacity":"","overlay-gradient":""},"mobile":{"background-color":"var(--ast-global-color-4)","background-image":"","background-repeat":"repeat","background-position":"center center","background-size":"auto","background-attachment":"scroll","background-type":"","background-media":"","overlay-type":"","overlay-color":"","overlay-opacity":"","overlay-gradient":""}}},"product_brand":[],"product_cat":[35],"product_tag":[],"class_list":{"0":"post-5273","1":"product","2":"type-product","3":"status-publish","4":"has-post-thumbnail","6":"product_cat-juodi-pianinai","7":"desktop-align-center","8":"tablet-align-left","9":"mobile-align-left","10":"ast-product-gallery-layout-first-image-large","11":"ast-product-tabs-layout-horizontal","13":"first","14":"instock","15":"shipping-taxable","16":"purchasable","17":"product-type-simple"},"_links":{"self":[{"href":"https:\/\/pianinai.com\/pl\/wp-json\/wp\/v2\/product\/5273","targetHints":{"allow":["GET"]}}],"collection":[{"href":"https:\/\/pianinai.com\/pl\/wp-json\/wp\/v2\/product"}],"about":[{"href":"https:\/\/pianinai.com\/pl\/wp-json\/wp\/v2\/types\/product"}],"version-history":[{"count":5,"href":"https:\/\/pianinai.com\/pl\/wp-json\/wp\/v2\/product\/5273\/revisions"}],"predecessor-version":[{"id":5295,"href":"https:\/\/pianinai.com\/pl\/wp-json\/wp\/v2\/product\/5273\/revisions\/5295"}],"wp:featuredmedia":[{"embeddable":true,"href":"https:\/\/pianinai.com\/pl\/wp-json\/wp\/v2\/media\/5250"}],"wp:attachment":[{"href":"https:\/\/pianinai.com\/pl\/wp-json\/wp\/v2\/media?parent=5273"}],"wp:term":[{"taxonomy":"product_brand","embeddable":true,"href":"https:\/\/pianinai.com\/pl\/wp-json\/wp\/v2\/product_brand?post=5273"},{"taxonomy":"product_cat","embeddable":true,"href":"https:\/\/pianinai.com\/pl\/wp-json\/wp\/v2\/product_cat?post=5273"},{"taxonomy":"product_tag","embeddable":true,"href":"https:\/\/pianinai.com\/pl\/wp-json\/wp\/v2\/product_tag?post=5273"}],"curies":[{"name":"wp","href":"https:\/\/api.w.org\/{rel}","templated":true}]}}