{"id":5278,"date":"2026-03-13T10:24:35","date_gmt":"2026-03-13T10:24:35","guid":{"rendered":"https:\/\/pianinai.com\/?post_type=product&#038;p=5278"},"modified":"2026-04-10T07:40:38","modified_gmt":"2026-04-10T07:40:38","slug":"pianinas-schimmel-128t","status":"publish","type":"product","link":"https:\/\/pianinai.com\/pl\/pianinai\/pianinas-schimmel-128t\/","title":{"rendered":"Fortepian &quot;Schimmel&quot; 128T"},"content":{"rendered":"<p>Na sprzeda\u017c niemieckie pianino akustyczne Schimmel 128T w kolorze czarnym, po\u0142yskuj\u0105cym. Schimmel to jeden z najs\u0142ynniejszych niemieckich producent\u00f3w pianin, s\u0142yn\u0105cy z wysokiej jako\u015bci produkcji i niezawodnego brzmienia.<br \/>\nFortepian z mechanik\u0105 Renner \u2013 klawisze pracuj\u0105 precyzyjnie i czule. Brzmi pi\u0119knie w ca\u0142ym rejestrze, bas jest g\u0142\u0119boki i mocny. Stan zewn\u0119trzny jest nienaganny. Instrument jest w pe\u0142ni gotowy do u\u017cycia \u2013 odpowiedni zar\u00f3wno dla pocz\u0105tkuj\u0105cych, jak i do\u015bwiadczonych pianist\u00f3w.<\/p>\n<p>Model: Schimmel 128T<br \/>\nWysoko\u015b\u0107: 128 cm<br \/>\nKlawisze: 88<br \/>\nPeda\u0142y: 3<br \/>\nKolor: czarny, b\u0142yszcz\u0105cy<br \/>\nPochodzenie: Niemcy<\/p>\n<p>Udzielona jest gwarancja.<\/p>\n<p>Dostawa jest mo\u017cliwa na terenie ca\u0142ej Litwy.<\/p>","protected":false},"excerpt":{"rendered":"<p>Numer seryjny \u2013 269203<\/p>\n<p>Wyprodukowano w Niemczech<\/p>\n<p>Kolor \u2013 czarny, b\u0142yszcz\u0105cy<\/p>\n<p>Mechanika \u2013 \u201eRENNER\u201d niemiecki<\/p>\n<p>Stan \u2013 u\u017cywany<\/p>","protected":false},"featured_media":5254,"template":"","meta":{"site-sidebar-layout":"default","site-content-layout":"","ast-site-content-layout":"default","site-content-style":"default","site-sidebar-style":"default","ast-global-header-display":"","ast-banner-title-visibility":"","ast-main-header-display":"","ast-hfb-above-header-display":"","ast-hfb-below-header-display":"","ast-hfb-mobile-header-display":"","site-post-title":"","ast-breadcrumbs-content":"","ast-featured-img":"","footer-sml-layout":"","theme-transparent-header-meta":"default","adv-header-id-meta":"","stick-header-meta":"","header-above-stick-meta":"","header-main-stick-meta":"","header-below-stick-meta":"","astra-migrate-meta-layouts":"set","ast-page-background-enabled":"default","ast-page-background-meta":{"desktop":{"background-color":"var(--ast-global-color-5)","background-image":"","background-repeat":"repeat","background-position":"center center","background-size":"auto","background-attachment":"scroll","background-type":"","background-media":"","overlay-type":"","overlay-color":"","overlay-opacity":"","overlay-gradient":""},"tablet":{"background-color":"","background-image":"","background-repeat":"repeat","background-position":"center center","background-size":"auto","background-attachment":"scroll","background-type":"","background-media":"","overlay-type":"","overlay-color":"","overlay-opacity":"","overlay-gradient":""},"mobile":{"background-color":"","background-image":"","background-repeat":"repeat","background-position":"center center","background-size":"auto","background-attachment":"scroll","background-type":"","background-media":"","overlay-type":"","overlay-color":"","overlay-opacity":"","overlay-gradient":""}},"ast-content-background-meta":{"desktop":{"background-color":"var(--ast-global-color-4)","background-image":"","background-repeat":"repeat","background-position":"center center","background-size":"auto","background-attachment":"scroll","background-type":"","background-media":"","overlay-type":"","overlay-color":"","overlay-opacity":"","overlay-gradient":""},"tablet":{"background-color":"var(--ast-global-color-4)","background-image":"","background-repeat":"repeat","background-position":"center center","background-size":"auto","background-attachment":"scroll","background-type":"","background-media":"","overlay-type":"","overlay-color":"","overlay-opacity":"","overlay-gradient":""},"mobile":{"background-color":"var(--ast-global-color-4)","background-image":"","background-repeat":"repeat","background-position":"center center","background-size":"auto","background-attachment":"scroll","background-type":"","background-media":"","overlay-type":"","overlay-color":"","overlay-opacity":"","overlay-gradient":""}}},"product_brand":[],"product_cat":[35],"product_tag":[],"class_list":{"0":"post-5278","1":"product","2":"type-product","3":"status-publish","4":"has-post-thumbnail","6":"product_cat-juodi-pianinai","7":"desktop-align-center","8":"tablet-align-left","9":"mobile-align-left","10":"ast-product-gallery-layout-first-image-large","11":"ast-product-tabs-layout-horizontal","13":"first","14":"instock","15":"shipping-taxable","16":"purchasable","17":"product-type-simple"},"_links":{"self":[{"href":"https:\/\/pianinai.com\/pl\/wp-json\/wp\/v2\/product\/5278","targetHints":{"allow":["GET"]}}],"collection":[{"href":"https:\/\/pianinai.com\/pl\/wp-json\/wp\/v2\/product"}],"about":[{"href":"https:\/\/pianinai.com\/pl\/wp-json\/wp\/v2\/types\/product"}],"version-history":[{"count":3,"href":"https:\/\/pianinai.com\/pl\/wp-json\/wp\/v2\/product\/5278\/revisions"}],"predecessor-version":[{"id":5297,"href":"https:\/\/pianinai.com\/pl\/wp-json\/wp\/v2\/product\/5278\/revisions\/5297"}],"wp:featuredmedia":[{"embeddable":true,"href":"https:\/\/pianinai.com\/pl\/wp-json\/wp\/v2\/media\/5254"}],"wp:attachment":[{"href":"https:\/\/pianinai.com\/pl\/wp-json\/wp\/v2\/media?parent=5278"}],"wp:term":[{"taxonomy":"product_brand","embeddable":true,"href":"https:\/\/pianinai.com\/pl\/wp-json\/wp\/v2\/product_brand?post=5278"},{"taxonomy":"product_cat","embeddable":true,"href":"https:\/\/pianinai.com\/pl\/wp-json\/wp\/v2\/product_cat?post=5278"},{"taxonomy":"product_tag","embeddable":true,"href":"https:\/\/pianinai.com\/pl\/wp-json\/wp\/v2\/product_tag?post=5278"}],"curies":[{"name":"wp","href":"https:\/\/api.w.org\/{rel}","templated":true}]}}