{"id":5288,"date":"2026-03-26T08:56:02","date_gmt":"2026-03-26T08:56:02","guid":{"rendered":"https:\/\/pianinai.com\/?post_type=product&#038;p=5288"},"modified":"2026-04-10T06:32:36","modified_gmt":"2026-04-10T06:32:36","slug":"pianinas-august-forster-11","status":"publish","type":"product","link":"https:\/\/pianinai.com\/pl\/pianinai\/pianinas-august-forster-11\/","title":{"rendered":"Fortepian &quot;August Forster&quot;"},"content":{"rendered":"<div>\n<p><img fetchpriority=\"high\" decoding=\"async\" class=\"wp-image-3039 aligncenter\" src=\"https:\/\/pianinai.com\/wp-content\/uploads\/2025\/02\/7B1BCF5D-0B35-48A1-9701-D728CBB74F07-300x169.jpeg\" alt=\"Petrof\" width=\"367\" height=\"207\" srcset=\"https:\/\/pianinai.com\/wp-content\/uploads\/2025\/02\/7B1BCF5D-0B35-48A1-9701-D728CBB74F07-300x169.jpeg 300w, https:\/\/pianinai.com\/wp-content\/uploads\/2025\/02\/7B1BCF5D-0B35-48A1-9701-D728CBB74F07-scaled-1000x563.jpeg 1000w, https:\/\/pianinai.com\/wp-content\/uploads\/2025\/02\/7B1BCF5D-0B35-48A1-9701-D728CBB74F07-1024x576.jpeg 1024w, https:\/\/pianinai.com\/wp-content\/uploads\/2025\/02\/7B1BCF5D-0B35-48A1-9701-D728CBB74F07-768x432.jpeg 768w, https:\/\/pianinai.com\/wp-content\/uploads\/2025\/02\/7B1BCF5D-0B35-48A1-9701-D728CBB74F07-1536x864.jpeg 1536w, https:\/\/pianinai.com\/wp-content\/uploads\/2025\/02\/7B1BCF5D-0B35-48A1-9701-D728CBB74F07-2048x1152.jpeg 2048w, https:\/\/pianinai.com\/wp-content\/uploads\/2025\/02\/7B1BCF5D-0B35-48A1-9701-D728CBB74F07-18x10.jpeg 18w\" sizes=\"(max-width: 367px) 100vw, 367px\" \/><\/p>\n<\/div>\n<div>\n<h6>August Forster (Petrof) to lider czeskiej produkcji fortepian\u00f3w, znany z wyj\u0105tkowego brzmienia, eleganckiego wzornictwa i d\u0142ugoletniej tradycji. Od 1864 roku r\u0119cznie robione fortepiany Petrof urzekaj\u0105 zar\u00f3wno profesjonalnych muzyk\u00f3w, jak i meloman\u00f3w na ca\u0142ym \u015bwiecie. Instrumenty te wyr\u00f3\u017cniaj\u0105 si\u0119 ciep\u0142ym, romantycznym brzmieniem i najwy\u017csz\u0105 jako\u015bci\u0105.<\/h6>\n<p>&nbsp;<\/p>\n<h6><\/h6>\n<h6><\/h6>\n<h6>G\u0142\u00f3wne cechy:<\/h6>\n<p>&nbsp;<\/p>\n<h6><\/h6>\n<\/div>\n<h6><\/h6>\n<ul>\n<li>Romantyczny d\u017awi\u0119k: Pianina Petrof maj\u0105 wyj\u0105tkowo ciep\u0142e i bogate brzmienie, idealne do muzyki klasycznej i utwor\u00f3w emocjonalnych. Basowe nuty s\u0105 g\u0142\u0119bokie i dono\u015bne, a wysokie nuty s\u0105 czyste i delikatne.<\/li>\n<\/ul>\n<p>&nbsp;<\/p>\n<ul>\n<li>Materia\u0142y wysokiej jako\u015bci: Ka\u017cdy fortepian wykonany jest ze starannie wyselekcjonowanych gatunk\u00f3w drewna, takich jak \u015bwierk i klon, kt\u00f3re zapewniaj\u0105 doskona\u0142y rezonans i trwa\u0142o\u015b\u0107.<\/li>\n<\/ul>\n<p>&nbsp;<\/p>\n<ul>\n<li>R\u0119czne wykonanie: Do 80% procesu produkcyjnego fortepianu % wykonuje si\u0119 r\u0119cznie, co sprawia, \u017ce ka\u017cdy fortepian Petrof jest wyj\u0105tkowy i spe\u0142nia najwy\u017csze standardy jako\u015bci.<\/li>\n<\/ul>\n<p>&nbsp;<\/p>\n<ul>\n<li>Wygodna klawiatura: Akcja pianina zosta\u0142a zaprojektowana tak, aby zapewni\u0107 p\u0142ynne i responsywne wra\u017cenia z gry. \u015arednio twarde klawisze pozwalaj\u0105 na \u0142atw\u0105 kontrol\u0119 dynamiki i wyra\u017canie najsubtelniejszych emocji.<\/li>\n<\/ul>\n<p>&nbsp;<\/p>\n<ul>\n<li>Estetyczny design: Petrof oferuje szerok\u0105 gam\u0119 wyko\u0144cze\u0144, od klasycznego czarnego po\u0142ysku po nowoczesne rozwi\u0105zania kolorystyczne. Obudowy s\u0105 nie tylko pi\u0119kne, ale i trwa\u0142e.<\/li>\n<\/ul>\n<p>&nbsp;<\/p>\n<h6><\/h6>\n<h5>Dlaczego warto wybra\u0107 Petrof?<\/h5>\n<p>&nbsp;<\/p>\n<h6><\/h6>\n<p>Pianina Petrof to nie tylko instrumenty, to dzie\u0142a sztuki. \u0141\u0105cz\u0105 d\u0142ugoletnie tradycje z nowoczesn\u0105 technologi\u0105, zapewniaj\u0105c niezr\u00f3wnan\u0105 jako\u015b\u0107 d\u017awi\u0119ku i estetyk\u0119. Te pianina to doskona\u0142y wyb\u00f3r zar\u00f3wno dla pocz\u0105tkuj\u0105cych pianist\u00f3w, jak i profesjonalist\u00f3w poszukuj\u0105cych niezawodnego i inspiruj\u0105cego instrumentu.<\/p>\n<h6><\/h6>\n<p>&nbsp;<\/p>\n<h6>Zanurz si\u0119 w \u015bwiecie muzyki z Petrofem \u2013 gdzie ka\u017cda nuta brzmi wyj\u0105tkowo!<\/h6>\n<div><img fetchpriority=\"high\" decoding=\"async\" class=\"wp-image-3039 aligncenter\" src=\"https:\/\/pianinai.com\/wp-content\/uploads\/2025\/02\/7B1BCF5D-0B35-48A1-9701-D728CBB74F07-300x169.jpeg\" alt=\"Petrof\" width=\"367\" height=\"207\" srcset=\"https:\/\/pianinai.com\/wp-content\/uploads\/2025\/02\/7B1BCF5D-0B35-48A1-9701-D728CBB74F07-300x169.jpeg 300w, https:\/\/pianinai.com\/wp-content\/uploads\/2025\/02\/7B1BCF5D-0B35-48A1-9701-D728CBB74F07-scaled-1000x563.jpeg 1000w, https:\/\/pianinai.com\/wp-content\/uploads\/2025\/02\/7B1BCF5D-0B35-48A1-9701-D728CBB74F07-1024x576.jpeg 1024w, https:\/\/pianinai.com\/wp-content\/uploads\/2025\/02\/7B1BCF5D-0B35-48A1-9701-D728CBB74F07-768x432.jpeg 768w, https:\/\/pianinai.com\/wp-content\/uploads\/2025\/02\/7B1BCF5D-0B35-48A1-9701-D728CBB74F07-1536x864.jpeg 1536w, https:\/\/pianinai.com\/wp-content\/uploads\/2025\/02\/7B1BCF5D-0B35-48A1-9701-D728CBB74F07-2048x1152.jpeg 2048w, https:\/\/pianinai.com\/wp-content\/uploads\/2025\/02\/7B1BCF5D-0B35-48A1-9701-D728CBB74F07-18x10.jpeg 18w\" sizes=\"(max-width: 367px) 100vw, 367px\" \/><\/div>","protected":false},"excerpt":{"rendered":"<p>Numer seryjny \u2013 260526<\/p>\n<p>Pianino wyprodukowane w Czechach<\/p>\n<p>Kolor \u2013 czarny, b\u0142yszcz\u0105cy<\/p>\n<p>Mechanicy \u2013 \u201ePETROF\u201d czeski, m\u0142oty \u201eRenner\u201d niemiecki<\/p>\n<p>Stan \u2013 u\u017cywany<\/p>","protected":false},"featured_media":5283,"template":"","meta":{"site-sidebar-layout":"default","site-content-layout":"","ast-site-content-layout":"default","site-content-style":"default","site-sidebar-style":"default","ast-global-header-display":"","ast-banner-title-visibility":"","ast-main-header-display":"","ast-hfb-above-header-display":"","ast-hfb-below-header-display":"","ast-hfb-mobile-header-display":"","site-post-title":"","ast-breadcrumbs-content":"","ast-featured-img":"","footer-sml-layout":"","theme-transparent-header-meta":"default","adv-header-id-meta":"","stick-header-meta":"","header-above-stick-meta":"","header-main-stick-meta":"","header-below-stick-meta":"","astra-migrate-meta-layouts":"set","ast-page-background-enabled":"default","ast-page-background-meta":{"desktop":{"background-color":"var(--ast-global-color-5)","background-image":"","background-repeat":"repeat","background-position":"center center","background-size":"auto","background-attachment":"scroll","background-type":"","background-media":"","overlay-type":"","overlay-color":"","overlay-opacity":"","overlay-gradient":""},"tablet":{"background-color":"","background-image":"","background-repeat":"repeat","background-position":"center center","background-size":"auto","background-attachment":"scroll","background-type":"","background-media":"","overlay-type":"","overlay-color":"","overlay-opacity":"","overlay-gradient":""},"mobile":{"background-color":"","background-image":"","background-repeat":"repeat","background-position":"center center","background-size":"auto","background-attachment":"scroll","background-type":"","background-media":"","overlay-type":"","overlay-color":"","overlay-opacity":"","overlay-gradient":""}},"ast-content-background-meta":{"desktop":{"background-color":"var(--ast-global-color-4)","background-image":"","background-repeat":"repeat","background-position":"center center","background-size":"auto","background-attachment":"scroll","background-type":"","background-media":"","overlay-type":"","overlay-color":"","overlay-opacity":"","overlay-gradient":""},"tablet":{"background-color":"var(--ast-global-color-4)","background-image":"","background-repeat":"repeat","background-position":"center center","background-size":"auto","background-attachment":"scroll","background-type":"","background-media":"","overlay-type":"","overlay-color":"","overlay-opacity":"","overlay-gradient":""},"mobile":{"background-color":"var(--ast-global-color-4)","background-image":"","background-repeat":"repeat","background-position":"center center","background-size":"auto","background-attachment":"scroll","background-type":"","background-media":"","overlay-type":"","overlay-color":"","overlay-opacity":"","overlay-gradient":""}}},"product_brand":[],"product_cat":[35],"product_tag":[],"class_list":{"0":"post-5288","1":"product","2":"type-product","3":"status-publish","4":"has-post-thumbnail","6":"product_cat-juodi-pianinai","7":"desktop-align-center","8":"tablet-align-left","9":"mobile-align-left","10":"ast-product-gallery-layout-first-image-large","11":"ast-product-tabs-layout-horizontal","13":"first","14":"instock","15":"shipping-taxable","16":"purchasable","17":"product-type-simple"},"_links":{"self":[{"href":"https:\/\/pianinai.com\/pl\/wp-json\/wp\/v2\/product\/5288","targetHints":{"allow":["GET"]}}],"collection":[{"href":"https:\/\/pianinai.com\/pl\/wp-json\/wp\/v2\/product"}],"about":[{"href":"https:\/\/pianinai.com\/pl\/wp-json\/wp\/v2\/types\/product"}],"version-history":[{"count":3,"href":"https:\/\/pianinai.com\/pl\/wp-json\/wp\/v2\/product\/5288\/revisions"}],"predecessor-version":[{"id":5293,"href":"https:\/\/pianinai.com\/pl\/wp-json\/wp\/v2\/product\/5288\/revisions\/5293"}],"wp:featuredmedia":[{"embeddable":true,"href":"https:\/\/pianinai.com\/pl\/wp-json\/wp\/v2\/media\/5283"}],"wp:attachment":[{"href":"https:\/\/pianinai.com\/pl\/wp-json\/wp\/v2\/media?parent=5288"}],"wp:term":[{"taxonomy":"product_brand","embeddable":true,"href":"https:\/\/pianinai.com\/pl\/wp-json\/wp\/v2\/product_brand?post=5288"},{"taxonomy":"product_cat","embeddable":true,"href":"https:\/\/pianinai.com\/pl\/wp-json\/wp\/v2\/product_cat?post=5288"},{"taxonomy":"product_tag","embeddable":true,"href":"https:\/\/pianinai.com\/pl\/wp-json\/wp\/v2\/product_tag?post=5288"}],"curies":[{"name":"wp","href":"https:\/\/api.w.org\/{rel}","templated":true}]}}