{"id":949,"date":"2022-03-04T16:33:14","date_gmt":"2022-03-04T16:33:14","guid":{"rendered":"https:\/\/pianinai-com-174019.hostingersite.com\/?post_type=product&#038;p=949"},"modified":"2025-06-09T08:34:51","modified_gmt":"2025-06-09T08:34:51","slug":"pianinas-schlogl","status":"publish","type":"product","link":"https:\/\/pianinai.com\/pl\/pianinai\/pianinas-schlogl\/","title":{"rendered":"Fortepian &quot;Schlogl&quot;"},"content":{"rendered":"","protected":false},"excerpt":{"rendered":"<p>Numer seryjny \u2013 55731<\/p>\n<p>Model \u2013 121 Klasyczny<\/p>\n<p>Wyprodukowano w \u2013 Czechach<\/p>\n<p>Kolor \u2013 bia\u0142y, b\u0142yszcz\u0105cy<\/p>\n<p>Mechanika \u2013 \u201eDetra\u201d Czech<\/p>\n<p>M\u0142oty \u2013 \u201eRenner\u201d niemiecki<\/p>\n<p>Stan \u2013 u\u017cywany<\/p>","protected":false},"featured_media":702,"template":"","meta":{"site-sidebar-layout":"default","site-content-layout":"","ast-site-content-layout":"","site-content-style":"default","site-sidebar-style":"default","ast-global-header-display":"","ast-banner-title-visibility":"","ast-main-header-display":"","ast-hfb-above-header-display":"","ast-hfb-below-header-display":"","ast-hfb-mobile-header-display":"","site-post-title":"","ast-breadcrumbs-content":"","ast-featured-img":"","footer-sml-layout":"","theme-transparent-header-meta":"","adv-header-id-meta":"","stick-header-meta":"","header-above-stick-meta":"","header-main-stick-meta":"","header-below-stick-meta":"","astra-migrate-meta-layouts":"default","ast-page-background-enabled":"default","ast-page-background-meta":{"desktop":{"background-color":"var(--ast-global-color-5)","background-image":"","background-repeat":"repeat","background-position":"center center","background-size":"auto","background-attachment":"scroll","background-type":"","background-media":"","overlay-type":"","overlay-color":"","overlay-opacity":"","overlay-gradient":""},"tablet":{"background-color":"","background-image":"","background-repeat":"repeat","background-position":"center center","background-size":"auto","background-attachment":"scroll","background-type":"","background-media":"","overlay-type":"","overlay-color":"","overlay-opacity":"","overlay-gradient":""},"mobile":{"background-color":"","background-image":"","background-repeat":"repeat","background-position":"center center","background-size":"auto","background-attachment":"scroll","background-type":"","background-media":"","overlay-type":"","overlay-color":"","overlay-opacity":"","overlay-gradient":""}},"ast-content-background-meta":{"desktop":{"background-color":"var(--ast-global-color-4)","background-image":"","background-repeat":"repeat","background-position":"center center","background-size":"auto","background-attachment":"scroll","background-type":"","background-media":"","overlay-type":"","overlay-color":"","overlay-opacity":"","overlay-gradient":""},"tablet":{"background-color":"var(--ast-global-color-4)","background-image":"","background-repeat":"repeat","background-position":"center center","background-size":"auto","background-attachment":"scroll","background-type":"","background-media":"","overlay-type":"","overlay-color":"","overlay-opacity":"","overlay-gradient":""},"mobile":{"background-color":"var(--ast-global-color-4)","background-image":"","background-repeat":"repeat","background-position":"center center","background-size":"auto","background-attachment":"scroll","background-type":"","background-media":"","overlay-type":"","overlay-color":"","overlay-opacity":"","overlay-gradient":""}}},"product_brand":[],"product_cat":[34],"product_tag":[],"class_list":{"0":"post-949","1":"product","2":"type-product","3":"status-publish","4":"has-post-thumbnail","6":"product_cat-balti-pianinai","7":"desktop-align-center","8":"tablet-align-left","9":"mobile-align-left","10":"ast-product-gallery-layout-first-image-large","11":"ast-product-tabs-layout-horizontal","13":"first","14":"outofstock","15":"shipping-taxable","16":"purchasable","17":"product-type-simple"},"_links":{"self":[{"href":"https:\/\/pianinai.com\/pl\/wp-json\/wp\/v2\/product\/949","targetHints":{"allow":["GET"]}}],"collection":[{"href":"https:\/\/pianinai.com\/pl\/wp-json\/wp\/v2\/product"}],"about":[{"href":"https:\/\/pianinai.com\/pl\/wp-json\/wp\/v2\/types\/product"}],"version-history":[{"count":1,"href":"https:\/\/pianinai.com\/pl\/wp-json\/wp\/v2\/product\/949\/revisions"}],"predecessor-version":[{"id":4924,"href":"https:\/\/pianinai.com\/pl\/wp-json\/wp\/v2\/product\/949\/revisions\/4924"}],"wp:featuredmedia":[{"embeddable":true,"href":"https:\/\/pianinai.com\/pl\/wp-json\/wp\/v2\/media\/702"}],"wp:attachment":[{"href":"https:\/\/pianinai.com\/pl\/wp-json\/wp\/v2\/media?parent=949"}],"wp:term":[{"taxonomy":"product_brand","embeddable":true,"href":"https:\/\/pianinai.com\/pl\/wp-json\/wp\/v2\/product_brand?post=949"},{"taxonomy":"product_cat","embeddable":true,"href":"https:\/\/pianinai.com\/pl\/wp-json\/wp\/v2\/product_cat?post=949"},{"taxonomy":"product_tag","embeddable":true,"href":"https:\/\/pianinai.com\/pl\/wp-json\/wp\/v2\/product_tag?post=949"}],"curies":[{"name":"wp","href":"https:\/\/api.w.org\/{rel}","templated":true}]}}