{"id":5262,"date":"2026-03-13T09:56:47","date_gmt":"2026-03-13T09:56:47","guid":{"rendered":"https:\/\/pianinai.com\/?post_type=product&#038;p=5262"},"modified":"2026-04-10T07:44:58","modified_gmt":"2026-04-10T07:44:58","slug":"pianinas-schimmel-4","status":"publish","type":"product","link":"https:\/\/pianinai.com\/ru\/pianinai\/pianinas-schimmel-4\/","title":{"rendered":"\u0424\u043e\u0440\u0442\u0435\u043f\u0438\u0430\u043d\u043e &quot;\u0428\u0438\u043c\u043c\u0435\u043b\u044c&quot;"},"content":{"rendered":"<p>Schimmel 112 pianinas. Tai eleganti\u0161kas, klasikin\u0117s i\u0161vaizdos voki\u0161kas instrumentas, vertinamas d\u0117l malonaus tembro, jautrios klaviat\u016bros ir \u0161ilto, muzikaus skambesio.<br \/>\n\u0160iame pianine \u012fmontuota \u201eRenner\u201c mechanika \u2013 vieno \u017einomiausi\u0173 Vokietijos fortepijon\u0173 mechanik\u0173 gamintoj\u0173 produkcija. \u201eRenner\u201c mechanika vertinama d\u0117l tikslumo, jautraus klavi\u0161o atsako, geros dinamin\u0117s kontrol\u0117s ir patikimumo, tod\u0117l instrumentas suteikia malon\u0173 bei komforti\u0161k\u0105 grojimo poj\u016bt\u012f tiek mokantis, tiek grojant pa\u017eengusiu lygiu.<br \/>\nPianinas puikiai tinka tiek pradedan\u010diajam, tiek pa\u017eengusiam muzikantui, taip pat muzikos mokyklai ar namams.<\/p>\n<p>\u041f\u0440\u0435\u0438\u043c\u0443\u0449\u0435\u0441\u0442\u0432\u0430:<\/p>\n<p>Malonus, \u0161iltas ir sodrus skambesys<br \/>\n\u0423\u0434\u043e\u0431\u043d\u0430\u044f, \u043f\u043b\u0430\u0432\u043d\u0430\u044f \u0438 \u043e\u0442\u0437\u044b\u0432\u0447\u0438\u0432\u0430\u044f \u043a\u043b\u0430\u0432\u0438\u0430\u0442\u0443\u0440\u0430<br \/>\n\u0412\u0441\u0442\u0440\u043e\u0435\u043d\u043d\u0430\u044f \u0432\u044b\u0441\u043e\u043a\u043e\u043a\u0430\u0447\u0435\u0441\u0442\u0432\u0435\u043d\u043d\u0430\u044f \u043c\u0435\u0445\u0430\u043d\u0438\u043a\u0430 Renner<br \/>\nTiksli klavi\u0161o reakcija ir geresn\u0117 dinamikos kontrol\u0117<br \/>\nPatikimas ir ilgaam\u017eis mechanizmas<br \/>\nKlasikinis, eleganti\u0161kas dizainas<br \/>\nTinkamas mokymuisi ir kasdieniam grojimui<br \/>\nKokybi\u0161kas voki\u0161kas instrumentas<\/p>\n<p>\u0412\u044b\u043f\u043e\u043b\u043d\u0435\u043d\u043d\u0430\u044f \u0440\u0430\u0431\u043e\u0442\u0430:<\/p>\n<p>\u0421\u043a\u043e\u0440\u0440\u0435\u043a\u0442\u0438\u0440\u043e\u0432\u0430\u043d\u043d\u0430\u044f \u043c\u0435\u0445\u0430\u043d\u0438\u043a\u0430<br \/>\n\u041a\u043b\u0430\u0432\u0438\u0430\u0442\u0443\u0440\u0430 \u043e\u0447\u0438\u0449\u0435\u043d\u0430 \u0438 \u043e\u0442\u043f\u043e\u043b\u0438\u0440\u043e\u0432\u0430\u043d\u0430.<br \/>\n\u0421\u043a\u043e\u043e\u0440\u0434\u0438\u043d\u0438\u0440\u043e\u0432\u0430\u043d\u043d\u044b\u0439<br \/>\n\u0410\u043a\u043a\u0443\u0440\u0430\u0442\u043d\u044b\u0439 \u0432\u043d\u0435\u0448\u043d\u0438\u0439 \u0432\u0438\u0434<br \/>\n\u0413\u043e\u0442\u043e\u0432 \u043a \u0438\u0441\u043f\u043e\u043b\u044c\u0437\u043e\u0432\u0430\u043d\u0438\u044e<\/p>","protected":false},"excerpt":{"rendered":"<p>\u0421\u0435\u0440\u0438\u0439\u043d\u044b\u0439 \u043d\u043e\u043c\u0435\u0440 \u2013 167478<\/p>\n<p>\u0421\u0434\u0435\u043b\u0430\u043d\u043e \u0432 \u0413\u0435\u0440\u043c\u0430\u043d\u0438\u0438<\/p>\n<p>\u0426\u0432\u0435\u0442 \u2013 \u041a\u043e\u0440\u0438\u0447\u043d\u0435\u0432\u044b\u0439, \u043c\u0430\u0442\u043e\u0432\u044b\u0439<\/p>\n<p>\u041c\u0435\u0445\u0430\u043d\u0438\u043a\u0430 \u2013 \u0420\u0435\u043d\u043d\u0435\u0440, \u0413\u0435\u0440\u043c\u0430\u043d<\/p>\n<p>\u0421\u043e\u0441\u0442\u043e\u044f\u043d\u0438\u0435 \u2013 \u0411\/\u0443<\/p>","protected":false},"featured_media":5246,"template":"","meta":{"site-sidebar-layout":"default","site-content-layout":"","ast-site-content-layout":"default","site-content-style":"default","site-sidebar-style":"default","ast-global-header-display":"","ast-banner-title-visibility":"","ast-main-header-display":"","ast-hfb-above-header-display":"","ast-hfb-below-header-display":"","ast-hfb-mobile-header-display":"","site-post-title":"","ast-breadcrumbs-content":"","ast-featured-img":"","footer-sml-layout":"","theme-transparent-header-meta":"default","adv-header-id-meta":"","stick-header-meta":"","header-above-stick-meta":"","header-main-stick-meta":"","header-below-stick-meta":"","astra-migrate-meta-layouts":"set","ast-page-background-enabled":"default","ast-page-background-meta":{"desktop":{"background-color":"var(--ast-global-color-5)","background-image":"","background-repeat":"repeat","background-position":"center center","background-size":"auto","background-attachment":"scroll","background-type":"","background-media":"","overlay-type":"","overlay-color":"","overlay-opacity":"","overlay-gradient":""},"tablet":{"background-color":"","background-image":"","background-repeat":"repeat","background-position":"center center","background-size":"auto","background-attachment":"scroll","background-type":"","background-media":"","overlay-type":"","overlay-color":"","overlay-opacity":"","overlay-gradient":""},"mobile":{"background-color":"","background-image":"","background-repeat":"repeat","background-position":"center center","background-size":"auto","background-attachment":"scroll","background-type":"","background-media":"","overlay-type":"","overlay-color":"","overlay-opacity":"","overlay-gradient":""}},"ast-content-background-meta":{"desktop":{"background-color":"var(--ast-global-color-4)","background-image":"","background-repeat":"repeat","background-position":"center center","background-size":"auto","background-attachment":"scroll","background-type":"","background-media":"","overlay-type":"","overlay-color":"","overlay-opacity":"","overlay-gradient":""},"tablet":{"background-color":"var(--ast-global-color-4)","background-image":"","background-repeat":"repeat","background-position":"center center","background-size":"auto","background-attachment":"scroll","background-type":"","background-media":"","overlay-type":"","overlay-color":"","overlay-opacity":"","overlay-gradient":""},"mobile":{"background-color":"var(--ast-global-color-4)","background-image":"","background-repeat":"repeat","background-position":"center center","background-size":"auto","background-attachment":"scroll","background-type":"","background-media":"","overlay-type":"","overlay-color":"","overlay-opacity":"","overlay-gradient":""}}},"product_brand":[],"product_cat":[31],"product_tag":[],"class_list":{"0":"post-5262","1":"product","2":"type-product","3":"status-publish","4":"has-post-thumbnail","6":"product_cat-rudi-pianinai","7":"desktop-align-center","8":"tablet-align-left","9":"mobile-align-left","10":"ast-product-gallery-layout-first-image-large","11":"ast-product-tabs-layout-horizontal","13":"first","14":"instock","15":"shipping-taxable","16":"purchasable","17":"product-type-simple"},"_links":{"self":[{"href":"https:\/\/pianinai.com\/ru\/wp-json\/wp\/v2\/product\/5262","targetHints":{"allow":["GET"]}}],"collection":[{"href":"https:\/\/pianinai.com\/ru\/wp-json\/wp\/v2\/product"}],"about":[{"href":"https:\/\/pianinai.com\/ru\/wp-json\/wp\/v2\/types\/product"}],"version-history":[{"count":3,"href":"https:\/\/pianinai.com\/ru\/wp-json\/wp\/v2\/product\/5262\/revisions"}],"predecessor-version":[{"id":5301,"href":"https:\/\/pianinai.com\/ru\/wp-json\/wp\/v2\/product\/5262\/revisions\/5301"}],"wp:featuredmedia":[{"embeddable":true,"href":"https:\/\/pianinai.com\/ru\/wp-json\/wp\/v2\/media\/5246"}],"wp:attachment":[{"href":"https:\/\/pianinai.com\/ru\/wp-json\/wp\/v2\/media?parent=5262"}],"wp:term":[{"taxonomy":"product_brand","embeddable":true,"href":"https:\/\/pianinai.com\/ru\/wp-json\/wp\/v2\/product_brand?post=5262"},{"taxonomy":"product_cat","embeddable":true,"href":"https:\/\/pianinai.com\/ru\/wp-json\/wp\/v2\/product_cat?post=5262"},{"taxonomy":"product_tag","embeddable":true,"href":"https:\/\/pianinai.com\/ru\/wp-json\/wp\/v2\/product_tag?post=5262"}],"curies":[{"name":"wp","href":"https:\/\/api.w.org\/{rel}","templated":true}]}}